{"id":111,"date":"2026-02-03T11:17:36","date_gmt":"2026-02-03T11:17:36","guid":{"rendered":"https:\/\/fjordhest.net\/NM2026\/?page_id=111"},"modified":"2026-02-14T22:41:43","modified_gmt":"2026-02-14T22:41:43","slug":"statutter-eldrebolgen","status":"publish","type":"page","link":"https:\/\/fjordhest.net\/NM2026\/index.php\/statutter-eldrebolgen\/","title":{"rendered":"Statutter: Eldreb\u00f8lgen"},"content":{"rendered":"\n<p><strong>Form\u00e5l: <\/strong><br><strong>Eldreb\u00f8lgen<\/strong> er en cup under NM fjordhest som har som form\u00e5l \u00e5 f\u00e5 tidligere deltagere av NM fjordhest til \u00e5 starte klasser under NM fjordhest igjen.&nbsp;<\/p>\n\n\n\n<p><strong>&nbsp;Deltagelse&nbsp;<\/strong><br>Cupen er \u00e5pen for ryttere som fyller minst 40 \u00e5r i l\u00f8pet av 2026. Rytteren kan ikke ha ikke ha startet under NM Fjordhest i perioden 2021\u20132025<\/p>\n\n\n\n<p>Ellers gjelder samme krav&nbsp; for hest og rytter som er spesifisert i statuttene for NM fjordhest.Ekvipasjen m\u00e5 f\u00f8lge kvalifisering som for \u00e5pne klasser.<\/p>\n\n\n\n<p><strong>Klasser&nbsp;<\/strong><br>Rytter konkurrerer i klasser p\u00e5 sitt niv\u00e5 i sprang, dressur og\/eller kj\u00f8ring.. Ekvipasjen anses som overkvalifisert for et niv\u00e5 dersom ekvipasjen har i l\u00f8pet av de siste 2 \u00e5rene:&nbsp;<\/p>\n\n\n\n<p>-startet dressur p\u00e5 niv\u00e5et over til over 60%<\/p>\n\n\n\n<p>-Ridd en feilfri grunnomgang 10 cm h\u00f8yere p\u00e5 stevne<\/p>\n\n\n\n<p>-Gjennomf\u00f8rt en full DMP p\u00e5 et niv\u00e5 h\u00f8yere&nbsp;<\/p>\n\n\n\n<p><strong>Poengberegning:<\/strong><br>Rytter\/kusk velger selv hvilke klasser som skal gjelde og m\u00e5 f\u00f8r start i f\u00f8rste klasse ha informert sekretariatet hvilke 3 klasser&nbsp; dette er.<\/p>\n\n\n\n<p>Ekvipasjen starter med alderspoeng som er samlet alder p\u00e5 ekvipasjen.<\/p>\n\n\n\n<p>Ekvipasjen f\u00e5r lagt til antall \u00e5r siden sist start p\u00e5 fjordhestNM som poeng.<\/p>\n\n\n\n<p>For dressurklassene legges oppn\u00e5dd prosent direkte til poengsummen<\/p>\n\n\n\n<p>For sprang gis 70 poeng for feilfri runde, 60 poeng for 4&nbsp; feil, 50 poeng for gjennomf\u00f8rt runde uten eliminering.<\/p>\n\n\n\n<p>For dressurkj\u00f8ring regnes poengene om til prosent.<\/p>\n\n\n\n<p>For presisjon gis 70 poeng for feilfri runde, 60 poeng for 3&nbsp; feil, 50 poeng for gjennomf\u00f8rt runde uten eliminering.<\/p>\n\n\n\n<p>For maraton gis 70 poeng ved plassering, 60 poeng for gjennomf\u00f8rt runde uten eliminering.<\/p>\n\n\n\n<p>I tillegg kan steward gi 40 poeng til maks&nbsp; 3 ekvipasjer som utmerker seg ved minimal konfliktatferd vist hos hest.<\/p>\n\n\n\n<figure class=\"wp-block-table\"><table class=\"has-fixed-layout\"><tbody><tr><td>Ekv. nr<\/td><td>Alder hest<\/td><td>Alder Rytter<\/td><td>Antall \u00e5r siden sist NM<\/td><td>Klasse 1<\/td><td>Klasse 2<\/td><td>Klasse 3<\/td><td>Steward-poeng<\/td><td>Totalt<\/td><\/tr><tr><td><\/td><td><\/td><td><\/td><td><\/td><td><\/td><td><\/td><td><\/td><td><\/td><td><\/td><\/tr><tr><td><\/td><td><\/td><td><\/td><td><\/td><td><\/td><td><\/td><td><\/td><td><\/td><td><\/td><\/tr><tr><td><\/td><td><\/td><td><\/td><td><\/td><td><\/td><td><\/td><td><\/td><td><\/td><td><\/td><\/tr><\/tbody><\/table><\/figure>\n\n\n\n<figure class=\"wp-block-image size-full\"><a href=\"https:\/\/fjordhest.net\/NM2026\/wp-content\/uploads\/2026\/02\/NM11-196-406.jpg\" target=\"_blank\" rel=\" noreferrer noopener\"><img loading=\"lazy\" decoding=\"async\" width=\"991\" height=\"637\" src=\"https:\/\/fjordhest.net\/NM2026\/wp-content\/uploads\/2026\/02\/NM11-196-406.jpg\" alt=\"\" class=\"wp-image-433\" srcset=\"https:\/\/fjordhest.net\/NM2026\/wp-content\/uploads\/2026\/02\/NM11-196-406.jpg 991w, https:\/\/fjordhest.net\/NM2026\/wp-content\/uploads\/2026\/02\/NM11-196-406-300x193.jpg 300w, https:\/\/fjordhest.net\/NM2026\/wp-content\/uploads\/2026\/02\/NM11-196-406-768x494.jpg 768w\" sizes=\"auto, (max-width: 991px) 100vw, 991px\" \/><\/a><figcaption class=\"wp-element-caption\">Erik Holmin<\/figcaption><\/figure>\n","protected":false},"excerpt":{"rendered":"<p>Form\u00e5l: Eldreb\u00f8lgen er en cup under NM fjordhest som har som form\u00e5l \u00e5 f\u00e5 tidligere deltagere av NM fjordhest til \u00e5 starte klasser under NM fjordhest igjen.&nbsp; &nbsp;Deltagelse&nbsp;Cupen er \u00e5pen for ryttere som fyller minst 40 \u00e5r i l\u00f8pet av 2026. Rytteren kan ikke ha ikke ha startet under NM Fjordhest i perioden 2021\u20132025 Ellers gjelder samme krav&nbsp; for hest og rytter som er spesifisert i statuttene for NM fjordhest.Ekvipasjen m\u00e5 f\u00f8lge kvalifisering som for \u00e5pne klasser. Klasser&nbsp;Rytter konkurrerer i klasser p\u00e5 sitt niv\u00e5 i sprang, dressur og\/eller kj\u00f8ring.. Ekvipasjen anses som overkvalifisert for et niv\u00e5 dersom ekvipasjen har i l\u00f8pet av de siste 2 \u00e5rene:&nbsp; -startet dressur p\u00e5 niv\u00e5et over til over 60% -Ridd en feilfri grunnomgang 10 cm h\u00f8yere p\u00e5 stevne -Gjennomf\u00f8rt en full DMP p\u00e5 et niv\u00e5 h\u00f8yere&nbsp; Poengberegning:Rytter\/kusk velger selv hvilke klasser som skal gjelde og m\u00e5 f\u00f8r start i f\u00f8rste klasse ha informert sekretariatet hvilke 3 klasser&nbsp; dette er. Ekvipasjen starter med alderspoeng som er samlet alder p\u00e5 ekvipasjen. Ekvipasjen f\u00e5r lagt til antall \u00e5r siden sist start p\u00e5 fjordhestNM som poeng. For dressurklassene legges oppn\u00e5dd prosent direkte til poengsummen For sprang gis 70 poeng for feilfri runde, 60 poeng for 4&nbsp; feil, 50 poeng for gjennomf\u00f8rt runde uten eliminering. For dressurkj\u00f8ring regnes poengene om til prosent. For presisjon gis 70 poeng for feilfri runde, 60 poeng for 3&nbsp; feil, 50 poeng for gjennomf\u00f8rt runde uten eliminering. For maraton gis 70 poeng ved plassering, 60 poeng for gjennomf\u00f8rt runde uten eliminering. I tillegg kan steward gi 40 poeng til maks&nbsp; 3 ekvipasjer som utmerker seg ved minimal konfliktatferd vist hos hest. Ekv. nr Alder hest Alder Rytter Antall \u00e5r siden sist NM Klasse 1 Klasse 2 Klasse 3 Steward-poeng Totalt<\/p>\n","protected":false},"author":1,"featured_media":0,"parent":0,"menu_order":0,"comment_status":"closed","ping_status":"closed","template":"","meta":{"_themeisle_gutenberg_block_has_review":false,"footnotes":""},"class_list":["post-111","page","type-page","status-publish","hentry"],"_links":{"self":[{"href":"https:\/\/fjordhest.net\/NM2026\/index.php\/wp-json\/wp\/v2\/pages\/111","targetHints":{"allow":["GET"]}}],"collection":[{"href":"https:\/\/fjordhest.net\/NM2026\/index.php\/wp-json\/wp\/v2\/pages"}],"about":[{"href":"https:\/\/fjordhest.net\/NM2026\/index.php\/wp-json\/wp\/v2\/types\/page"}],"author":[{"embeddable":true,"href":"https:\/\/fjordhest.net\/NM2026\/index.php\/wp-json\/wp\/v2\/users\/1"}],"replies":[{"embeddable":true,"href":"https:\/\/fjordhest.net\/NM2026\/index.php\/wp-json\/wp\/v2\/comments?post=111"}],"version-history":[{"count":2,"href":"https:\/\/fjordhest.net\/NM2026\/index.php\/wp-json\/wp\/v2\/pages\/111\/revisions"}],"predecessor-version":[{"id":434,"href":"https:\/\/fjordhest.net\/NM2026\/index.php\/wp-json\/wp\/v2\/pages\/111\/revisions\/434"}],"wp:attachment":[{"href":"https:\/\/fjordhest.net\/NM2026\/index.php\/wp-json\/wp\/v2\/media?parent=111"}],"curies":[{"name":"wp","href":"https:\/\/api.w.org\/{rel}","templated":true}]}}