{"id":113,"date":"2026-02-03T11:18:34","date_gmt":"2026-02-03T11:18:34","guid":{"rendered":"https:\/\/fjordhest.net\/NM2026\/?page_id=113"},"modified":"2026-02-14T22:59:48","modified_gmt":"2026-02-14T22:59:48","slug":"statutter-testo-cup","status":"publish","type":"page","link":"https:\/\/fjordhest.net\/NM2026\/index.php\/statutter-testo-cup\/","title":{"rendered":"Statutter: Guttas cup"},"content":{"rendered":"\n<p><strong>Form\u00e5l: Guttas cup<\/strong> er en cup under NM fjordhest som har som form\u00e5l \u00e5 f\u00e5 samlet aktive gutter og menn innen fjordhestmilj\u00f8et.<\/p>\n\n\n\n<p><strong>&nbsp;Deltagelse&nbsp;<\/strong><br>krav&nbsp; for hest og rytter er spesifisert i statuttene for NM fjordhest. Ekvipasjen m\u00e5 f\u00f8lge kvalifisering som for \u00e5pne klasser.<\/p>\n\n\n\n<p><strong>Klasser&nbsp;<\/strong><br>Ekvipasjen konkurrerer i klasser p\u00e5 sitt niv\u00e5 i sprang, dressur og\/eller kj\u00f8ring.. Ekvipasjen anses som overkvalifisert for et niv\u00e5 dersom hest og rytter\/ kusk sammen har har i l\u00f8pet av de siste 2 \u00e5rene:&nbsp;<\/p>\n\n\n\n<p>-startet dressur p\u00e5 niv\u00e5et over til over 60%<\/p>\n\n\n\n<p>-Ridd en feilfri grunnomgang 10 cm h\u00f8yere p\u00e5 stevne<\/p>\n\n\n\n<p>-Gjennomf\u00f8rt en full DMP p\u00e5 et niv\u00e5 h\u00f8yere&nbsp;<\/p>\n\n\n\n<p><strong>Poengberegning:<\/strong><br>Rytter\/kusk velger selv hvilke klasser som skal gjelde og m\u00e5 f\u00f8r start i f\u00f8rste klasse ha informert sekretariatet hvilke 3 klasser&nbsp; dette er.<\/p>\n\n\n\n<p>For dressurklassene legges oppn\u00e5dd prosent direkte til poengsummen<\/p>\n\n\n\n<p>For sprang gis 70 poeng for feilfri runde, 60 poeng for 4&nbsp; feil, 50 poeng for gjennomf\u00f8rt runde uten eliminering.<\/p>\n\n\n\n<p>For dressurkj\u00f8ring regnes poengene om til prosent.<\/p>\n\n\n\n<p>For presisjon gis 70 poeng for feilfri runde, 60 poeng for 3&nbsp; feil, 50 poeng for gjennomf\u00f8rt runde uten eliminering.<\/p>\n\n\n\n<p>For maraton gis 70 poeng ved plassering, 60 poeng for gjennomf\u00f8rt runde uten eliminering.<\/p>\n\n\n\n<p>I tillegg kan steward gi 40 poeng til maks&nbsp; 3 ekvipasjer som utmerker seg ved minimal konfliktatferd vist hos hest.<\/p>\n\n\n\n<p>Ryttere\/kusker p\u00e5 15 \u00e5r og yngre vil ogs\u00e5 f\u00e5 30 poeng i alderspoeng.<\/p>\n\n\n\n<figure class=\"wp-block-image size-full\"><img loading=\"lazy\" decoding=\"async\" width=\"1000\" height=\"667\" src=\"https:\/\/fjordhest.net\/NM2026\/wp-content\/uploads\/2026\/02\/05-NM-140-49.jpg\" alt=\"\" class=\"wp-image-441\" srcset=\"https:\/\/fjordhest.net\/NM2026\/wp-content\/uploads\/2026\/02\/05-NM-140-49.jpg 1000w, https:\/\/fjordhest.net\/NM2026\/wp-content\/uploads\/2026\/02\/05-NM-140-49-300x200.jpg 300w, https:\/\/fjordhest.net\/NM2026\/wp-content\/uploads\/2026\/02\/05-NM-140-49-768x512.jpg 768w\" sizes=\"auto, (max-width: 1000px) 100vw, 1000px\" \/><figcaption class=\"wp-element-caption\">Jon Lund og Hedda Gabler &#8211; NM2005<\/figcaption><\/figure>\n","protected":false},"excerpt":{"rendered":"<p>Form\u00e5l: Guttas cup er en cup under NM fjordhest som har som form\u00e5l \u00e5 f\u00e5 samlet aktive gutter og menn innen fjordhestmilj\u00f8et. &nbsp;Deltagelse&nbsp;krav&nbsp; for hest og rytter er spesifisert i statuttene for NM fjordhest. Ekvipasjen m\u00e5 f\u00f8lge kvalifisering som for \u00e5pne klasser. Klasser&nbsp;Ekvipasjen konkurrerer i klasser p\u00e5 sitt niv\u00e5 i sprang, dressur og\/eller kj\u00f8ring.. Ekvipasjen anses som overkvalifisert for et niv\u00e5 dersom hest og rytter\/ kusk sammen har har i l\u00f8pet av de siste 2 \u00e5rene:&nbsp; -startet dressur p\u00e5 niv\u00e5et over til over 60% -Ridd en feilfri grunnomgang 10 cm h\u00f8yere p\u00e5 stevne -Gjennomf\u00f8rt en full DMP p\u00e5 et niv\u00e5 h\u00f8yere&nbsp; Poengberegning:Rytter\/kusk velger selv hvilke klasser som skal gjelde og m\u00e5 f\u00f8r start i f\u00f8rste klasse ha informert sekretariatet hvilke 3 klasser&nbsp; dette er. For dressurklassene legges oppn\u00e5dd prosent direkte til poengsummen For sprang gis 70 poeng for feilfri runde, 60 poeng for 4&nbsp; feil, 50 poeng for gjennomf\u00f8rt runde uten eliminering. For dressurkj\u00f8ring regnes poengene om til prosent. For presisjon gis 70 poeng for feilfri runde, 60 poeng for 3&nbsp; feil, 50 poeng for gjennomf\u00f8rt runde uten eliminering. For maraton gis 70 poeng ved plassering, 60 poeng for gjennomf\u00f8rt runde uten eliminering. I tillegg kan steward gi 40 poeng til maks&nbsp; 3 ekvipasjer som utmerker seg ved minimal konfliktatferd vist hos hest. Ryttere\/kusker p\u00e5 15 \u00e5r og yngre vil ogs\u00e5 f\u00e5 30 poeng i alderspoeng.<\/p>\n","protected":false},"author":1,"featured_media":0,"parent":0,"menu_order":0,"comment_status":"closed","ping_status":"closed","template":"","meta":{"_themeisle_gutenberg_block_has_review":false,"footnotes":""},"class_list":["post-113","page","type-page","status-publish","hentry"],"_links":{"self":[{"href":"https:\/\/fjordhest.net\/NM2026\/index.php\/wp-json\/wp\/v2\/pages\/113","targetHints":{"allow":["GET"]}}],"collection":[{"href":"https:\/\/fjordhest.net\/NM2026\/index.php\/wp-json\/wp\/v2\/pages"}],"about":[{"href":"https:\/\/fjordhest.net\/NM2026\/index.php\/wp-json\/wp\/v2\/types\/page"}],"author":[{"embeddable":true,"href":"https:\/\/fjordhest.net\/NM2026\/index.php\/wp-json\/wp\/v2\/users\/1"}],"replies":[{"embeddable":true,"href":"https:\/\/fjordhest.net\/NM2026\/index.php\/wp-json\/wp\/v2\/comments?post=113"}],"version-history":[{"count":3,"href":"https:\/\/fjordhest.net\/NM2026\/index.php\/wp-json\/wp\/v2\/pages\/113\/revisions"}],"predecessor-version":[{"id":442,"href":"https:\/\/fjordhest.net\/NM2026\/index.php\/wp-json\/wp\/v2\/pages\/113\/revisions\/442"}],"wp:attachment":[{"href":"https:\/\/fjordhest.net\/NM2026\/index.php\/wp-json\/wp\/v2\/media?parent=113"}],"curies":[{"name":"wp","href":"https:\/\/api.w.org\/{rel}","templated":true}]}}