{"id":115,"date":"2026-02-08T09:56:36","date_gmt":"2026-02-08T09:56:36","guid":{"rendered":"https:\/\/fjordhest.net\/NM2026\/?page_id=115"},"modified":"2026-04-07T11:08:45","modified_gmt":"2026-04-07T11:08:45","slug":"overnatting","status":"publish","type":"page","link":"https:\/\/fjordhest.net\/NM2026\/index.php\/overnatting\/","title":{"rendered":"Informasjon"},"content":{"rendered":"\n<h2 class=\"wp-block-heading\"><strong>Overnatting<\/strong><\/h2>\n\n\n\n<p><\/p>\n\n\n\n<figure class=\"wp-block-table nm-table\"><table class=\"has-fixed-layout\"><thead><tr><th colspan=\"2\"><b>Priser mandag til l\u00f8rdag<\/b><\/th><\/tr><\/thead><tbody><tr><td>Lastebiler over 7,5 tonn kr. 1000,-<br>\nHengere, bobiler, telt etc. kr. 800,-<\/td><td>Uten str\u00f8m kr. 500,-<br>Ekstra d\u00f8gn er kr. 100,- per d\u00f8gn<\/td><\/tr><\/tbody><\/table><\/figure>\n\n\n<\/p>\n\n\n<p><blockquote style=\"margin-top:0;border-color: #424874;\">P\u00e5 grunn av begrenset plass til telt, er det f\u00f8rstemann til m\u00f8lla.<br>For sp\u00f8rsm\u00e5l om overnatting p\u00e5 stevneplassen, ta kontakt med <a href=\"mailto: sport@rork.no\">sport@rork.no<\/a>, merk henvendelsen med Fjordhest NM 2026<\/blockquote><\/p>\n\n\n<\/p>\n\n\n<p><strong>Utne Campingplass<\/strong><br>Ca 15 min kj\u00f8ring unna<br><a href=\"https:\/\/utnecamping.no\/nb-no\">https:\/\/utnecamping.no\/nb-no<\/a><\/p>\n\n\n\n<p><strong>Aktivitetsbyen<\/strong><br>Ca 10 min kj\u00f8ring unna<br><a href=\"https:\/\/aktivitetsbyen.no\/book-overnatting\/\">https:\/\/aktivitetsbyen.no\/book-overnatting\/<\/a><\/p>\n\n\n\n<p>Det finnes mange overnattingsalternativer i n\u00e6rheten, b\u00e5de i Fredrikstad og Sarpsborg.<\/p>\n\n\n\n<hr class=\"wp-block-separator has-alpha-channel-opacity\"\/>\n\n\n\n<h2 class=\"wp-block-heading\"><strong>H\u00f8y og flis<\/strong><\/h2>\n\n\n\n<p>Man kan kj\u00f8pe h\u00f8y og flis p\u00e5 stevneplassen. Priser kommer i p\u00e5meldingen n\u00e5r den er klar.<\/p>\n\n\n\n<hr class=\"wp-block-separator has-alpha-channel-opacity\"\/>\n\n\n\n<p><\/p>\n\n\n\n<div class=\"wp-block-columns is-layout-flex wp-container-core-columns-is-layout-9d6595d7 wp-block-columns-is-layout-flex\">\n<div class=\"wp-block-column is-layout-flow wp-block-column-is-layout-flow\" style=\"flex-basis:50%\"><\/div>\n<\/div>\n\n\n\n<p><\/p>\n\n\n\n<p><\/p>\n","protected":false},"excerpt":{"rendered":"<p>Overnatting Priser mandag til l\u00f8rdag Lastebiler over 7,5 tonn kr. 1000,- Hengere, bobiler, telt etc. kr. 800,- Uten str\u00f8m kr. 500,-Ekstra d\u00f8gn er kr. 100,- per d\u00f8gn P\u00e5 grunn av begrenset plass til telt, er det f\u00f8rstemann til m\u00f8lla.For sp\u00f8rsm\u00e5l om overnatting p\u00e5 stevneplassen, ta kontakt med sport@rork.no, merk henvendelsen med Fjordhest NM 2026 Utne CampingplassCa 15 min kj\u00f8ring unnahttps:\/\/utnecamping.no\/nb-no AktivitetsbyenCa 10 min kj\u00f8ring unnahttps:\/\/aktivitetsbyen.no\/book-overnatting\/ Det finnes mange overnattingsalternativer i n\u00e6rheten, b\u00e5de i Fredrikstad og Sarpsborg. H\u00f8y og flis Man kan kj\u00f8pe h\u00f8y og flis p\u00e5 stevneplassen. Priser kommer i p\u00e5meldingen n\u00e5r den er klar.<\/p>\n","protected":false},"author":1,"featured_media":0,"parent":0,"menu_order":0,"comment_status":"closed","ping_status":"closed","template":"","meta":{"_themeisle_gutenberg_block_has_review":false,"footnotes":""},"class_list":["post-115","page","type-page","status-publish","hentry"],"_links":{"self":[{"href":"https:\/\/fjordhest.net\/NM2026\/index.php\/wp-json\/wp\/v2\/pages\/115","targetHints":{"allow":["GET"]}}],"collection":[{"href":"https:\/\/fjordhest.net\/NM2026\/index.php\/wp-json\/wp\/v2\/pages"}],"about":[{"href":"https:\/\/fjordhest.net\/NM2026\/index.php\/wp-json\/wp\/v2\/types\/page"}],"author":[{"embeddable":true,"href":"https:\/\/fjordhest.net\/NM2026\/index.php\/wp-json\/wp\/v2\/users\/1"}],"replies":[{"embeddable":true,"href":"https:\/\/fjordhest.net\/NM2026\/index.php\/wp-json\/wp\/v2\/comments?post=115"}],"version-history":[{"count":39,"href":"https:\/\/fjordhest.net\/NM2026\/index.php\/wp-json\/wp\/v2\/pages\/115\/revisions"}],"predecessor-version":[{"id":901,"href":"https:\/\/fjordhest.net\/NM2026\/index.php\/wp-json\/wp\/v2\/pages\/115\/revisions\/901"}],"wp:attachment":[{"href":"https:\/\/fjordhest.net\/NM2026\/index.php\/wp-json\/wp\/v2\/media?parent=115"}],"curies":[{"name":"wp","href":"https:\/\/api.w.org\/{rel}","templated":true}]}}