{"id":122,"date":"2026-02-08T09:59:41","date_gmt":"2026-02-08T09:59:41","guid":{"rendered":"https:\/\/fjordhest.net\/NM2026\/?page_id=122"},"modified":"2026-03-28T19:44:39","modified_gmt":"2026-03-28T19:44:39","slug":"statutter-guletur","status":"publish","type":"page","link":"https:\/\/fjordhest.net\/NM2026\/index.php\/statutter-guletur\/","title":{"rendered":"Statutter: Guletur"},"content":{"rendered":"\n<p><strong>Form\u00e5l:<\/strong><strong><br><\/strong>Guletur er en publikumsvennlig dressurcup med showpreg under NM fjordhest.<br>Cupen har som m\u00e5l \u00e5 fremme fjordhesten som dressurhest og skal v\u00e6re et underholdende innslag for publikum.<\/p>\n\n\n\n<p><strong>Deltakelse:<\/strong><strong><br><\/strong> Guletur er \u00e5pen for ekvipasjer som deltar under NM fjordhest.<br>For \u00f8vrig gjelder gjeldende statutter for NM fjordhest.<\/p>\n\n\n\n<p><strong>Gjennomf\u00f8ring:<\/strong><strong><br><\/strong> Guletur gjennomf\u00f8res over to avdelinger:<\/p>\n\n\n\n<p>\u2013 <strong>1. avdeling:<\/strong> <a href=\"https:\/\/cdn.sanity.io\/files\/7mvt3yk3\/production\/e01795ac2363a19f3a6dbb5570378e3cc71446d2.pdf\/26%20MC%201%20NRYF%202015-23%20.pdf\" target=\"_blank\" rel=\"noreferrer noopener\">MC:1<\/a><br>\u2013 <strong>2. avdeling:<\/strong> <a href=\"https:\/\/fjordhest.net\/NM2026\/wp-content\/uploads\/2026\/03\/Kur-MC-NRYF-2026-Fjordhest.pdf\" target=\"_blank\" rel=\"noreferrer noopener\">MC k\u00fcr NRYF 2026 &#8211; Fjordhest<\/a><\/p>\n\n\n\n<p>Prosentene fra begge avdelinger legges sammen.<br>Sammenlagt vinner er ekvipasjen med h\u00f8yest samlet prosent.<\/p>\n\n\n\n<p>Ved poenglikhet rangeres ekvipasjen med h\u00f8yest prosent i k\u00fcrklassen f\u00f8rst.<\/p>\n\n\n\n<p><strong>Showpreg og presentasjon:<\/strong><strong><br><\/strong>Guletur er en klasse der helhet, harmoni og presentasjon vektlegges.<br>K\u00fcrprogrammet skal fremf\u00f8res med fokus p\u00e5 flyt, musikalsk tilpasning og positiv fremvisning av fjordhesten som allsidig og samarbeidende ridehest.<\/p>\n\n\n\n<p><strong>K\u00fcr og musikk:<br><\/strong>K\u00fcrklassen rides etter <a href=\"https:\/\/fjordhest.net\/NM2026\/wp-content\/uploads\/2026\/03\/Kur-MC-NRYF-2026-Fjordhest.pdf\">MC k\u00fcr NRYF 2026 &#8211; Fjordhest.<\/a><br>Rytter er selv ansvarlig for valg og levering av musikk i henhold til arrang\u00f8rens tekniske krav og frister.<\/p>\n\n\n\n<p><strong>Kvalifisering:<\/strong><strong><br><\/strong>For \u00e5 delta i Guletur kreves minimum 60 % oppn\u00e5dd \u00e9n gang i MC p\u00e5 D-stevne eller h\u00f8yere i l\u00f8pet av 2026.<\/p>\n\n\n\n<p><strong>Premiering:<\/strong><strong><br><\/strong>Det vil v\u00e6re ordin\u00e6r klassepremiering i MC:1.<br>I tillegg premieres de tre beste sammenlagt i Guletur med sl\u00f8yfe etter f\u00f8rste avdeling.<br>I k\u00fcrklassen vil det v\u00e6re ordin\u00e6r klassepremiering, samt sl\u00f8yfe til den som k\u00e5res som publikumsfavoritt.<\/p>\n\n\n\n<p>De tre beste sammenlagt i Guletur f\u00e5r sl\u00f8yfe og \u00e6respremie.<\/p>\n\n\n\n<p><strong>Forbehold:<\/strong><strong><br><\/strong>Arrang\u00f8r forbeholder seg retten til \u00e5 foreta n\u00f8dvendige justeringer i gjennomf\u00f8ring eller premiering ved for f\u00e5 deltakere eller andre uforutsette forhold.<\/p>\n\n\n\n<figure class=\"wp-block-image size-full\"><img loading=\"lazy\" decoding=\"async\" width=\"1000\" height=\"667\" src=\"https:\/\/fjordhest.net\/NM2026\/wp-content\/uploads\/2026\/02\/05-NM-212-TM.jpg\" alt=\"\" class=\"wp-image-443\" srcset=\"https:\/\/fjordhest.net\/NM2026\/wp-content\/uploads\/2026\/02\/05-NM-212-TM.jpg 1000w, https:\/\/fjordhest.net\/NM2026\/wp-content\/uploads\/2026\/02\/05-NM-212-TM-300x200.jpg 300w, https:\/\/fjordhest.net\/NM2026\/wp-content\/uploads\/2026\/02\/05-NM-212-TM-768x512.jpg 768w\" sizes=\"auto, (max-width: 1000px) 100vw, 1000px\" \/><figcaption class=\"wp-element-caption\">Tonje M\u00f8llerud og Rappen &#8211; NM2005<\/figcaption><\/figure>\n","protected":false},"excerpt":{"rendered":"<p>Form\u00e5l:Guletur er en publikumsvennlig dressurcup med showpreg under NM fjordhest.Cupen har som m\u00e5l \u00e5 fremme fjordhesten som dressurhest og skal v\u00e6re et underholdende innslag for publikum. Deltakelse: Guletur er \u00e5pen for ekvipasjer som deltar under NM fjordhest.For \u00f8vrig gjelder gjeldende statutter for NM fjordhest. Gjennomf\u00f8ring: Guletur gjennomf\u00f8res over to avdelinger: \u2013 1. avdeling: MC:1\u2013 2. avdeling: MC k\u00fcr NRYF 2026 &#8211; Fjordhest Prosentene fra begge avdelinger legges sammen.Sammenlagt vinner er ekvipasjen med h\u00f8yest samlet prosent. Ved poenglikhet rangeres ekvipasjen med h\u00f8yest prosent i k\u00fcrklassen f\u00f8rst. Showpreg og presentasjon:Guletur er en klasse der helhet, harmoni og presentasjon vektlegges.K\u00fcrprogrammet skal fremf\u00f8res med fokus p\u00e5 flyt, musikalsk tilpasning og positiv fremvisning av fjordhesten som allsidig og samarbeidende ridehest. K\u00fcr og musikk:K\u00fcrklassen rides etter MC k\u00fcr NRYF 2026 &#8211; Fjordhest.Rytter er selv ansvarlig for valg og levering av musikk i henhold til arrang\u00f8rens tekniske krav og frister. Kvalifisering:For \u00e5 delta i Guletur kreves minimum 60 % oppn\u00e5dd \u00e9n gang i MC p\u00e5 D-stevne eller h\u00f8yere i l\u00f8pet av 2026. Premiering:Det vil v\u00e6re ordin\u00e6r klassepremiering i MC:1.I tillegg premieres de tre beste sammenlagt i Guletur med sl\u00f8yfe etter f\u00f8rste avdeling.I k\u00fcrklassen vil det v\u00e6re ordin\u00e6r klassepremiering, samt sl\u00f8yfe til den som k\u00e5res som publikumsfavoritt. De tre beste sammenlagt i Guletur f\u00e5r sl\u00f8yfe og \u00e6respremie. Forbehold:Arrang\u00f8r forbeholder seg retten til \u00e5 foreta n\u00f8dvendige justeringer i gjennomf\u00f8ring eller premiering ved for f\u00e5 deltakere eller andre uforutsette forhold.<\/p>\n","protected":false},"author":1,"featured_media":0,"parent":0,"menu_order":0,"comment_status":"closed","ping_status":"closed","template":"","meta":{"_themeisle_gutenberg_block_has_review":false,"footnotes":""},"class_list":["post-122","page","type-page","status-publish","hentry"],"_links":{"self":[{"href":"https:\/\/fjordhest.net\/NM2026\/index.php\/wp-json\/wp\/v2\/pages\/122","targetHints":{"allow":["GET"]}}],"collection":[{"href":"https:\/\/fjordhest.net\/NM2026\/index.php\/wp-json\/wp\/v2\/pages"}],"about":[{"href":"https:\/\/fjordhest.net\/NM2026\/index.php\/wp-json\/wp\/v2\/types\/page"}],"author":[{"embeddable":true,"href":"https:\/\/fjordhest.net\/NM2026\/index.php\/wp-json\/wp\/v2\/users\/1"}],"replies":[{"embeddable":true,"href":"https:\/\/fjordhest.net\/NM2026\/index.php\/wp-json\/wp\/v2\/comments?post=122"}],"version-history":[{"count":4,"href":"https:\/\/fjordhest.net\/NM2026\/index.php\/wp-json\/wp\/v2\/pages\/122\/revisions"}],"predecessor-version":[{"id":869,"href":"https:\/\/fjordhest.net\/NM2026\/index.php\/wp-json\/wp\/v2\/pages\/122\/revisions\/869"}],"wp:attachment":[{"href":"https:\/\/fjordhest.net\/NM2026\/index.php\/wp-json\/wp\/v2\/media?parent=122"}],"curies":[{"name":"wp","href":"https:\/\/api.w.org\/{rel}","templated":true}]}}