{"id":374,"date":"2026-02-10T21:13:31","date_gmt":"2026-02-10T21:13:31","guid":{"rendered":"https:\/\/fjordhest.net\/NM2026\/?page_id=374"},"modified":"2026-02-13T20:04:01","modified_gmt":"2026-02-13T20:04:01","slug":"vedheng-til-ekvipasjer","status":"publish","type":"page","link":"https:\/\/fjordhest.net\/NM2026\/index.php\/vedheng-til-ekvipasjer\/","title":{"rendered":"Opplevelser"},"content":{"rendered":"\n<p>Er du med p\u00e5 Fjordhest\u2011NM som sj\u00e5f\u00f8r, st\u00f8tteapparat eller ren moralsk ryggrad \u2013 men egentlig ikke s\u00e5 gira p\u00e5 \u00e5 f\u00f8lge hvert eneste travsteg p\u00e5 stevneplassen? Eller har dere med barn som trenger litt annet enn hest, hest og mer hest? Eller kanskje du som ut\u00f8ver har gitt hesten en velfortjent hviledag og selv trenger en pause fra sand og gress?<\/p>\n\n\n\n<p>Da er du heldig. Rundt stevneplassen finnes det mer \u00e5 gj\u00f8re enn du rekker p\u00e5 \u00e9n uke. Og skulle alt annet feile: Sverige ligger bare 20 minutter unna. Handleland. Godteriland. Et lite mekka for slitne sj\u00e5f\u00f8rer og ut\u00e5lmodige barn.<\/p>\n\n\n\n<p><a href=\"https:\/\/visitfredrikstadhvaler.com\/\">Sjekk ut Visit Fredrikstad og Hvaler<\/a><\/p>\n\n\n\n<p><a href=\"https:\/\/www.visitoestfold.com\/sarpsborg\/\">Visit Sarpsborg<\/a><\/p>\n\n\n\n<figure class=\"wp-block-gallery has-nested-images columns-default is-cropped wp-block-gallery-1 is-layout-flex wp-block-gallery-is-layout-flex\">\n<figure class=\"wp-block-image size-large\"><img loading=\"lazy\" decoding=\"async\" width=\"933\" height=\"700\" data-id=\"375\" src=\"https:\/\/fjordhest.net\/NM2026\/wp-content\/uploads\/2026\/02\/22442AA4256CE9FC89ED792870DC46F8F17BD527.webp\" alt=\"\" class=\"wp-image-375\" srcset=\"https:\/\/fjordhest.net\/NM2026\/wp-content\/uploads\/2026\/02\/22442AA4256CE9FC89ED792870DC46F8F17BD527.webp 933w, https:\/\/fjordhest.net\/NM2026\/wp-content\/uploads\/2026\/02\/22442AA4256CE9FC89ED792870DC46F8F17BD527-300x225.webp 300w, https:\/\/fjordhest.net\/NM2026\/wp-content\/uploads\/2026\/02\/22442AA4256CE9FC89ED792870DC46F8F17BD527-768x576.webp 768w\" sizes=\"auto, (max-width: 933px) 100vw, 933px\" \/><\/figure>\n\n\n\n<figure class=\"wp-block-image size-large\"><img loading=\"lazy\" decoding=\"async\" width=\"1024\" height=\"683\" data-id=\"376\" src=\"https:\/\/fjordhest.net\/NM2026\/wp-content\/uploads\/2026\/02\/Hollungen_fotoSirnes_0239_1432663919-1024x683.webp\" alt=\"\" class=\"wp-image-376\" srcset=\"https:\/\/fjordhest.net\/NM2026\/wp-content\/uploads\/2026\/02\/Hollungen_fotoSirnes_0239_1432663919-1024x683.webp 1024w, https:\/\/fjordhest.net\/NM2026\/wp-content\/uploads\/2026\/02\/Hollungen_fotoSirnes_0239_1432663919-300x200.webp 300w, https:\/\/fjordhest.net\/NM2026\/wp-content\/uploads\/2026\/02\/Hollungen_fotoSirnes_0239_1432663919-768x512.webp 768w, https:\/\/fjordhest.net\/NM2026\/wp-content\/uploads\/2026\/02\/Hollungen_fotoSirnes_0239_1432663919.webp 1050w\" sizes=\"auto, (max-width: 1024px) 100vw, 1024px\" \/><\/figure>\n\n\n\n<figure class=\"wp-block-image size-large\"><img loading=\"lazy\" decoding=\"async\" width=\"1024\" height=\"683\" data-id=\"378\" src=\"https:\/\/fjordhest.net\/NM2026\/wp-content\/uploads\/2026\/02\/TA5_7428_lr_205894085-1024x683.webp\" alt=\"\" class=\"wp-image-378\" srcset=\"https:\/\/fjordhest.net\/NM2026\/wp-content\/uploads\/2026\/02\/TA5_7428_lr_205894085-1024x683.webp 1024w, https:\/\/fjordhest.net\/NM2026\/wp-content\/uploads\/2026\/02\/TA5_7428_lr_205894085-300x200.webp 300w, https:\/\/fjordhest.net\/NM2026\/wp-content\/uploads\/2026\/02\/TA5_7428_lr_205894085-768x512.webp 768w, https:\/\/fjordhest.net\/NM2026\/wp-content\/uploads\/2026\/02\/TA5_7428_lr_205894085.webp 1049w\" sizes=\"auto, (max-width: 1024px) 100vw, 1024px\" \/><\/figure>\n\n\n\n<figure class=\"wp-block-image size-large\"><img loading=\"lazy\" decoding=\"async\" width=\"1024\" height=\"617\" data-id=\"377\" src=\"https:\/\/fjordhest.net\/NM2026\/wp-content\/uploads\/2026\/02\/WS_Oldtidsruta_13_08_21_055_54_53_52_51_Sky7_50_-ACCF_Lev_Begby_1270x765_70__404724263-1024x617.webp\" alt=\"\" class=\"wp-image-377\" srcset=\"https:\/\/fjordhest.net\/NM2026\/wp-content\/uploads\/2026\/02\/WS_Oldtidsruta_13_08_21_055_54_53_52_51_Sky7_50_-ACCF_Lev_Begby_1270x765_70__404724263-1024x617.webp 1024w, https:\/\/fjordhest.net\/NM2026\/wp-content\/uploads\/2026\/02\/WS_Oldtidsruta_13_08_21_055_54_53_52_51_Sky7_50_-ACCF_Lev_Begby_1270x765_70__404724263-300x181.webp 300w, https:\/\/fjordhest.net\/NM2026\/wp-content\/uploads\/2026\/02\/WS_Oldtidsruta_13_08_21_055_54_53_52_51_Sky7_50_-ACCF_Lev_Begby_1270x765_70__404724263-768x463.webp 768w, https:\/\/fjordhest.net\/NM2026\/wp-content\/uploads\/2026\/02\/WS_Oldtidsruta_13_08_21_055_54_53_52_51_Sky7_50_-ACCF_Lev_Begby_1270x765_70__404724263-1140x687.webp 1140w, https:\/\/fjordhest.net\/NM2026\/wp-content\/uploads\/2026\/02\/WS_Oldtidsruta_13_08_21_055_54_53_52_51_Sky7_50_-ACCF_Lev_Begby_1270x765_70__404724263.webp 1162w\" sizes=\"auto, (max-width: 1024px) 100vw, 1024px\" \/><\/figure>\n<\/figure>\n","protected":false},"excerpt":{"rendered":"<p>Er du med p\u00e5 Fjordhest\u2011NM som sj\u00e5f\u00f8r, st\u00f8tteapparat eller ren moralsk ryggrad \u2013 men egentlig ikke s\u00e5 gira p\u00e5 \u00e5 f\u00f8lge hvert eneste travsteg p\u00e5 stevneplassen? Eller har dere med barn som trenger litt annet enn hest, hest og mer hest? Eller kanskje du som ut\u00f8ver har gitt hesten en velfortjent hviledag og selv trenger en pause fra sand og gress? Da er du heldig. Rundt stevneplassen finnes det mer \u00e5 gj\u00f8re enn du rekker p\u00e5 \u00e9n uke. Og skulle alt annet feile: Sverige ligger bare 20 minutter unna. Handleland. Godteriland. Et lite mekka for slitne sj\u00e5f\u00f8rer og ut\u00e5lmodige barn. Sjekk ut Visit Fredrikstad og Hvaler Visit Sarpsborg<\/p>\n","protected":false},"author":1,"featured_media":0,"parent":0,"menu_order":0,"comment_status":"closed","ping_status":"closed","template":"","meta":{"_themeisle_gutenberg_block_has_review":false,"footnotes":""},"class_list":["post-374","page","type-page","status-publish","hentry"],"_links":{"self":[{"href":"https:\/\/fjordhest.net\/NM2026\/index.php\/wp-json\/wp\/v2\/pages\/374","targetHints":{"allow":["GET"]}}],"collection":[{"href":"https:\/\/fjordhest.net\/NM2026\/index.php\/wp-json\/wp\/v2\/pages"}],"about":[{"href":"https:\/\/fjordhest.net\/NM2026\/index.php\/wp-json\/wp\/v2\/types\/page"}],"author":[{"embeddable":true,"href":"https:\/\/fjordhest.net\/NM2026\/index.php\/wp-json\/wp\/v2\/users\/1"}],"replies":[{"embeddable":true,"href":"https:\/\/fjordhest.net\/NM2026\/index.php\/wp-json\/wp\/v2\/comments?post=374"}],"version-history":[{"count":2,"href":"https:\/\/fjordhest.net\/NM2026\/index.php\/wp-json\/wp\/v2\/pages\/374\/revisions"}],"predecessor-version":[{"id":393,"href":"https:\/\/fjordhest.net\/NM2026\/index.php\/wp-json\/wp\/v2\/pages\/374\/revisions\/393"}],"wp:attachment":[{"href":"https:\/\/fjordhest.net\/NM2026\/index.php\/wp-json\/wp\/v2\/media?parent=374"}],"curies":[{"name":"wp","href":"https:\/\/api.w.org\/{rel}","templated":true}]}}