{"id":46,"date":"2025-12-25T16:40:07","date_gmt":"2025-12-25T16:40:07","guid":{"rendered":"https:\/\/fjordhest.net\/NM2026\/?page_id=46"},"modified":"2026-02-16T21:12:05","modified_gmt":"2026-02-16T21:12:05","slug":"statutter","status":"publish","type":"page","link":"https:\/\/fjordhest.net\/NM2026\/index.php\/statutter\/","title":{"rendered":"Statutter"},"content":{"rendered":"\n<h2 class=\"wp-block-heading\">Statutter og regler for NM for Fjordhest \u2013 forklart p\u00e5 en enkel m\u00e5te<\/h2>\n\n\n\n<p>Reglene for NM for Fjordhest (statuttene) er laget av Norges Fjordhestlag i samarbeid med Norges Rytterforbund. De bygger p\u00e5 regelverket i KR \u00a7 150.10. Hvert andre \u00e5r blir disse reglene g\u00e5tt gjennom og oppdatert innen 31. desember. N\u00e5r endringene er klare, blir de gjort tilgjengelige av Norges Fjordhestlag slik at alle kan holde seg oppdatert. Dagens statutter ble oppdatert 01.03.2025, og er gjeldende til 01.03.2027<\/p>\n\n\n\n<h2 class=\"wp-block-heading\">Hva er NM for Fjordhest?<\/h2>\n\n\n\n<p>NM for Fjordhest er en konkurranse som viser hvor allsidig fjordhesten er. Her deltar ekvipasjer i flere ulike ride- og kj\u00f8re\u00f8velser. \u00d8velsene er laget spesielt med tanke p\u00e5 fjordhestens styrker og egenskaper, slik at b\u00e5de hest og rytter\/kusk f\u00e5r vist fram bredden i det de kan.<\/p>\n\n\n\n<h2 class=\"wp-block-heading\">Grenmesterskap og BUF<\/h2>\n\n\n\n<p>I tillegg til hovedmesterskapet finnes det egne konkurranser for dem som er ekstra gode i \u00e9n bestemt gren, for eksempel kj\u00f8ring, sprang eller dressur. Disse kalles grenmesterskap. De regnes ikke som offisielle NM-klasser, men de f\u00f8lger de samme reglene som NM.<\/p>\n\n\n\n<p>Det finnes ogs\u00e5 en egne klasser som heter Beste unge fjordhest (BUF). Disse er for unghester som er 5, 6 eller 7 \u00e5r gamle. M\u00e5let med BUF er \u00e5 gi unge hester en god start i sporten, skape interesse for unghester og l\u00f8fte fram de mest lovende individene.<\/p>\n\n\n\n<h2 class=\"wp-block-heading\">Hvorfor er statuttene viktige?<\/h2>\n\n\n\n<p>Statuttene er selve regelboka for NM. De forklarer hvordan konkurransen skal gjennomf\u00f8res, hvilke krav som gjelder, og hva som forventes av b\u00e5de hest og rytter\/kusk. Hvis du skal delta, er det viktig at du leser gjennom statuttene p\u00e5 forh\u00e5nd. Da vet du hva som gjelder, og du stiller godt forberedt til start.<\/p>\n\n\n\n<p><a href=\"https:\/\/fjordhest.net\/blogg\/wp-content\/uploads\/2025\/03\/Statutter-for-NM-for-fjordhest-2025_med-synlige-endringer.pdf\" target=\"_blank\" rel=\"noreferrer noopener\">Statuttene for NM fjordhest finner du her<\/a><\/p>\n\n\n\n<p><a href=\"https:\/\/fjordhest.net\/blogg\/wp-content\/uploads\/2024\/12\/BUF-statuttar-2025.pdf\" target=\"_blank\" rel=\"noreferrer noopener\">Statuttene for Beste unge fjordhest (BUF) finner du her<\/a><\/p>\n\n\n\n<p>Lenkene ovenfor g\u00e5r til Norges Fjordhestlag sine nettsider, som alltid skal v\u00e6re oppdatert med siste versjon av statuttene.<\/p>\n\n\n\n<p><a href=\"https:\/\/www.rytter.no\/sport\/reglement\" target=\"_blank\" rel=\"noreferrer noopener\">Her finner du en lenke til Norges Rytterforbund sitt reglement (KR)<\/a><\/p>\n\n\n\n<p>Fjordhest NM 2026 byr p\u00e5 mange spennende cup-er du ogs\u00e5 kan delta p\u00e5. Her har du statuttene til alle cup-ene:<\/p>\n\n\n\n<figure class=\"wp-block-table nm-table\"><table class=\"has-fixed-layout\"><thead><tr><th><b>Statutter cup-er<\/b><\/th><\/tr><\/thead><tbody><tr><td><a href=\"https:\/\/fjordhest.net\/NM2026\/index.php\/statutter-juniorcup\/\">Juniorcup<\/a><\/td><\/tr><tr><td><a href=\"https:\/\/fjordhest.net\/NM2026\/index.php\/statutter-guletur\/\">Guletur<\/a><\/td><\/tr><tr><td><a href=\"https:\/\/fjordhest.net\/NM2026\/index.php\/statutter-eldrebolgen\/\">Eldreb\u00f8lgen<\/a><\/td><\/tr><tr><td><a href=\"https:\/\/fjordhest.net\/NM2026\/index.php\/statutter-testo-cup\/\">Guttas cup<\/a><\/td><\/tr><tr><td><a href=\"https:\/\/fjordhest.net\/NM2026\/index.php\/statutter-rideskole\/\">Rideskolecup<\/a><\/td><\/tr><tr><td><\/td><\/tr><tr><td><\/td><\/tr><\/tbody><\/table><\/figure>\n\n\n\n<figure class=\"wp-block-image size-large\"><img loading=\"lazy\" decoding=\"async\" width=\"1024\" height=\"776\" src=\"https:\/\/fjordhest.net\/NM2026\/wp-content\/uploads\/2026\/02\/IMG_4671-1024x776.jpg\" alt=\"\" class=\"wp-image-778\" srcset=\"https:\/\/fjordhest.net\/NM2026\/wp-content\/uploads\/2026\/02\/IMG_4671-1024x776.jpg 1024w, https:\/\/fjordhest.net\/NM2026\/wp-content\/uploads\/2026\/02\/IMG_4671-300x227.jpg 300w, https:\/\/fjordhest.net\/NM2026\/wp-content\/uploads\/2026\/02\/IMG_4671-768x582.jpg 768w, https:\/\/fjordhest.net\/NM2026\/wp-content\/uploads\/2026\/02\/IMG_4671-1536x1164.jpg 1536w, https:\/\/fjordhest.net\/NM2026\/wp-content\/uploads\/2026\/02\/IMG_4671-1140x864.jpg 1140w, https:\/\/fjordhest.net\/NM2026\/wp-content\/uploads\/2026\/02\/IMG_4671-500x380.jpg 500w, https:\/\/fjordhest.net\/NM2026\/wp-content\/uploads\/2026\/02\/IMG_4671.jpg 2000w\" sizes=\"auto, (max-width: 1024px) 100vw, 1024px\" \/><figcaption class=\"wp-element-caption\">Fra NM 2006, Nordfjordeid<\/figcaption><\/figure>\n","protected":false},"excerpt":{"rendered":"<p>Statutter og regler for NM for Fjordhest \u2013 forklart p\u00e5 en enkel m\u00e5te Reglene for NM for Fjordhest (statuttene) er laget av Norges Fjordhestlag i samarbeid med Norges Rytterforbund. De bygger p\u00e5 regelverket i KR \u00a7 150.10. Hvert andre \u00e5r blir disse reglene g\u00e5tt gjennom og oppdatert innen 31. desember. N\u00e5r endringene er klare, blir de gjort tilgjengelige av Norges Fjordhestlag slik at alle kan holde seg oppdatert. Dagens statutter ble oppdatert 01.03.2025, og er gjeldende til 01.03.2027 Hva er NM for Fjordhest? NM for Fjordhest er en konkurranse som viser hvor allsidig fjordhesten er. Her deltar ekvipasjer i flere ulike ride- og kj\u00f8re\u00f8velser. \u00d8velsene er laget spesielt med tanke p\u00e5 fjordhestens styrker og egenskaper, slik at b\u00e5de hest og rytter\/kusk f\u00e5r vist fram bredden i det de kan. Grenmesterskap og BUF I tillegg til hovedmesterskapet finnes det egne konkurranser for dem som er ekstra gode i \u00e9n bestemt gren, for eksempel kj\u00f8ring, sprang eller dressur. Disse kalles grenmesterskap. De regnes ikke som offisielle NM-klasser, men de f\u00f8lger de samme reglene som NM. Det finnes ogs\u00e5 en egne klasser som heter Beste unge fjordhest (BUF). Disse er for unghester som er 5, 6 eller 7 \u00e5r gamle. M\u00e5let med BUF er \u00e5 gi unge hester en god start i sporten, skape interesse for unghester og l\u00f8fte fram de mest lovende individene. Hvorfor er statuttene viktige? Statuttene er selve regelboka for NM. De forklarer hvordan konkurransen skal gjennomf\u00f8res, hvilke krav som gjelder, og hva som forventes av b\u00e5de hest og rytter\/kusk. Hvis du skal delta, er det viktig at du leser gjennom statuttene p\u00e5 forh\u00e5nd. Da vet du hva som gjelder, og du stiller godt forberedt til start. Statuttene for NM fjordhest finner du her Statuttene for Beste unge fjordhest (BUF) finner du her Lenkene ovenfor g\u00e5r til Norges Fjordhestlag sine nettsider, som alltid skal v\u00e6re oppdatert med siste versjon av statuttene. Her finner du en lenke til Norges Rytterforbund sitt reglement (KR) Fjordhest NM 2026 byr p\u00e5 mange spennende cup-er du ogs\u00e5 kan delta p\u00e5. Her har du statuttene til alle cup-ene: Statutter cup-er Juniorcup Guletur Eldreb\u00f8lgen Guttas cup Rideskolecup<\/p>\n","protected":false},"author":1,"featured_media":0,"parent":0,"menu_order":0,"comment_status":"closed","ping_status":"closed","template":"","meta":{"_themeisle_gutenberg_block_has_review":false,"footnotes":""},"class_list":["post-46","page","type-page","status-publish","hentry"],"_links":{"self":[{"href":"https:\/\/fjordhest.net\/NM2026\/index.php\/wp-json\/wp\/v2\/pages\/46","targetHints":{"allow":["GET"]}}],"collection":[{"href":"https:\/\/fjordhest.net\/NM2026\/index.php\/wp-json\/wp\/v2\/pages"}],"about":[{"href":"https:\/\/fjordhest.net\/NM2026\/index.php\/wp-json\/wp\/v2\/types\/page"}],"author":[{"embeddable":true,"href":"https:\/\/fjordhest.net\/NM2026\/index.php\/wp-json\/wp\/v2\/users\/1"}],"replies":[{"embeddable":true,"href":"https:\/\/fjordhest.net\/NM2026\/index.php\/wp-json\/wp\/v2\/comments?post=46"}],"version-history":[{"count":7,"href":"https:\/\/fjordhest.net\/NM2026\/index.php\/wp-json\/wp\/v2\/pages\/46\/revisions"}],"predecessor-version":[{"id":779,"href":"https:\/\/fjordhest.net\/NM2026\/index.php\/wp-json\/wp\/v2\/pages\/46\/revisions\/779"}],"wp:attachment":[{"href":"https:\/\/fjordhest.net\/NM2026\/index.php\/wp-json\/wp\/v2\/media?parent=46"}],"curies":[{"name":"wp","href":"https:\/\/api.w.org\/{rel}","templated":true}]}}