{"id":792,"date":"2026-02-22T10:31:34","date_gmt":"2026-02-22T10:31:34","guid":{"rendered":"https:\/\/fjordhest.net\/NM2026\/?page_id=792"},"modified":"2026-02-22T10:51:12","modified_gmt":"2026-02-22T10:51:12","slug":"uoffisiell-utstilling","status":"publish","type":"page","link":"https:\/\/fjordhest.net\/NM2026\/index.php\/uoffisiell-utstilling\/","title":{"rendered":"Uoffisiell utstilling"},"content":{"rendered":"\n<p>Onsdag arrangerer vi en uoffisiell utstilling, \u00e5pen for hingster, hopper og vallaker. Her f\u00e5r du muligheten til \u00e5 vise fram hesten din og f\u00e5 en faglig bed\u00f8mming \u2013 uten at resultatet registreres i noen offisielle registre.<\/p>\n\n\n\n<p>Dette er et tilbud til deg som:<\/p>\n\n\n\n<ul class=\"wp-block-list\">\n<li>\u00f8nsker \u00e5 trene f\u00f8r en offisiell utstilling,<\/li>\n\n\n\n<li>vil delta i en aktivitet som ikke belaster hesten med rytter eller vogn,<\/li>\n\n\n\n<li>eller rett og slett synes hesten din er verdens vakreste og gjerne vil vise den fram &lt;3<\/li>\n<\/ul>\n\n\n\n<p>Utstillingen passer ogs\u00e5 sv\u00e6rt godt som milj\u00f8trening for unge hester. Klassen bed\u00f8mmes av autoriserte dommere, slik at du f\u00e5r en realistisk pekepinn p\u00e5 om utstilling kan v\u00e6re noe \u00e5 satse mer p\u00e5 framover.<\/p>\n\n\n\n<p>Klassen koster kr. 150,- per hest, og det deles ut sl\u00f8yfer og gavepremier<\/p>\n\n\n\n<p><a href=\"https:\/\/img2.custompublish.com\/getfile.php\/4346844.2562.lbbpm77zni7sjz\/M%C3%B8nstring%2Bav%2Bhest.pdf?return=www.nhest.no\" target=\"_blank\" rel=\"noreferrer noopener\">Her finner du tips om hvordan man m\u00f8nstrer hest p\u00e5 utstilling<\/a>. Du finner ogs\u00e5 informasjon om hvordan man skal forberede hesten og hva man skal ha p\u00e5 seg som m\u00f8nstrer.<\/p>\n\n\n\n<figure class=\"wp-block-image size-large\"><img loading=\"lazy\" decoding=\"async\" width=\"1024\" height=\"742\" src=\"https:\/\/fjordhest.net\/NM2026\/wp-content\/uploads\/2026\/02\/556234566_10161322579877680_930413791275479038_n-1024x742.jpg\" alt=\"\" class=\"wp-image-793\" srcset=\"https:\/\/fjordhest.net\/NM2026\/wp-content\/uploads\/2026\/02\/556234566_10161322579877680_930413791275479038_n-1024x742.jpg 1024w, https:\/\/fjordhest.net\/NM2026\/wp-content\/uploads\/2026\/02\/556234566_10161322579877680_930413791275479038_n-300x217.jpg 300w, https:\/\/fjordhest.net\/NM2026\/wp-content\/uploads\/2026\/02\/556234566_10161322579877680_930413791275479038_n-768x556.jpg 768w, https:\/\/fjordhest.net\/NM2026\/wp-content\/uploads\/2026\/02\/556234566_10161322579877680_930413791275479038_n-1536x1112.jpg 1536w, https:\/\/fjordhest.net\/NM2026\/wp-content\/uploads\/2026\/02\/556234566_10161322579877680_930413791275479038_n-1140x825.jpg 1140w, https:\/\/fjordhest.net\/NM2026\/wp-content\/uploads\/2026\/02\/556234566_10161322579877680_930413791275479038_n.jpg 2048w\" sizes=\"auto, (max-width: 1024px) 100vw, 1024px\" \/><\/figure>\n\n\n\n<figure class=\"wp-block-image size-large\"><img loading=\"lazy\" decoding=\"async\" width=\"1024\" height=\"744\" src=\"https:\/\/fjordhest.net\/NM2026\/wp-content\/uploads\/2026\/02\/555474748_10161322581632680_8784001149889203490_n-1024x744.jpg\" alt=\"\" class=\"wp-image-794\" srcset=\"https:\/\/fjordhest.net\/NM2026\/wp-content\/uploads\/2026\/02\/555474748_10161322581632680_8784001149889203490_n-1024x744.jpg 1024w, https:\/\/fjordhest.net\/NM2026\/wp-content\/uploads\/2026\/02\/555474748_10161322581632680_8784001149889203490_n-300x218.jpg 300w, https:\/\/fjordhest.net\/NM2026\/wp-content\/uploads\/2026\/02\/555474748_10161322581632680_8784001149889203490_n-768x558.jpg 768w, https:\/\/fjordhest.net\/NM2026\/wp-content\/uploads\/2026\/02\/555474748_10161322581632680_8784001149889203490_n-1536x1117.jpg 1536w, https:\/\/fjordhest.net\/NM2026\/wp-content\/uploads\/2026\/02\/555474748_10161322581632680_8784001149889203490_n-1140x829.jpg 1140w, https:\/\/fjordhest.net\/NM2026\/wp-content\/uploads\/2026\/02\/555474748_10161322581632680_8784001149889203490_n.jpg 2000w\" sizes=\"auto, (max-width: 1024px) 100vw, 1024px\" \/><\/figure>\n","protected":false},"excerpt":{"rendered":"<p>Onsdag arrangerer vi en uoffisiell utstilling, \u00e5pen for hingster, hopper og vallaker. Her f\u00e5r du muligheten til \u00e5 vise fram hesten din og f\u00e5 en faglig bed\u00f8mming \u2013 uten at resultatet registreres i noen offisielle registre. Dette er et tilbud til deg som: Utstillingen passer ogs\u00e5 sv\u00e6rt godt som milj\u00f8trening for unge hester. Klassen bed\u00f8mmes av autoriserte dommere, slik at du f\u00e5r en realistisk pekepinn p\u00e5 om utstilling kan v\u00e6re noe \u00e5 satse mer p\u00e5 framover. Klassen koster kr. 150,- per hest, og det deles ut sl\u00f8yfer og gavepremier Her finner du tips om hvordan man m\u00f8nstrer hest p\u00e5 utstilling. Du finner ogs\u00e5 informasjon om hvordan man skal forberede hesten og hva man skal ha p\u00e5 seg som m\u00f8nstrer.<\/p>\n","protected":false},"author":1,"featured_media":0,"parent":0,"menu_order":0,"comment_status":"closed","ping_status":"closed","template":"","meta":{"_themeisle_gutenberg_block_has_review":false,"footnotes":""},"class_list":["post-792","page","type-page","status-publish","hentry"],"_links":{"self":[{"href":"https:\/\/fjordhest.net\/NM2026\/index.php\/wp-json\/wp\/v2\/pages\/792","targetHints":{"allow":["GET"]}}],"collection":[{"href":"https:\/\/fjordhest.net\/NM2026\/index.php\/wp-json\/wp\/v2\/pages"}],"about":[{"href":"https:\/\/fjordhest.net\/NM2026\/index.php\/wp-json\/wp\/v2\/types\/page"}],"author":[{"embeddable":true,"href":"https:\/\/fjordhest.net\/NM2026\/index.php\/wp-json\/wp\/v2\/users\/1"}],"replies":[{"embeddable":true,"href":"https:\/\/fjordhest.net\/NM2026\/index.php\/wp-json\/wp\/v2\/comments?post=792"}],"version-history":[{"count":2,"href":"https:\/\/fjordhest.net\/NM2026\/index.php\/wp-json\/wp\/v2\/pages\/792\/revisions"}],"predecessor-version":[{"id":801,"href":"https:\/\/fjordhest.net\/NM2026\/index.php\/wp-json\/wp\/v2\/pages\/792\/revisions\/801"}],"wp:attachment":[{"href":"https:\/\/fjordhest.net\/NM2026\/index.php\/wp-json\/wp\/v2\/media?parent=792"}],"curies":[{"name":"wp","href":"https:\/\/api.w.org\/{rel}","templated":true}]}}