{"id":802,"date":"2026-02-22T11:31:59","date_gmt":"2026-02-22T11:31:59","guid":{"rendered":"https:\/\/fjordhest.net\/NM2026\/?page_id=802"},"modified":"2026-02-22T11:34:47","modified_gmt":"2026-02-22T11:34:47","slug":"bedommelser-sprang-kr-ii-2025","status":"publish","type":"page","link":"https:\/\/fjordhest.net\/NM2026\/index.php\/bedommelser-sprang-kr-ii-2025\/","title":{"rendered":"Bed\u00f8mmelser sprang KR II 2025"},"content":{"rendered":"\n<p>Nedenfor er et utdrag fra sprang KR II, som forklarer bed\u00f8mmelsene som brukes i sprangklassene under NM. Med forbehold om feil, og <a href=\"https:\/\/cdn.sanity.io\/files\/7mvt3yk3\/production\/7b38fda5ddfa8cb2d41d796b55b96dd58ab76b78.pdf\/KR%20II%202025.pdf\">sjekk ALLTID kilden hos Norges Rytterforbund!<\/a><\/p>\n\n\n\n<p><strong>\u00a7 238 \u2013 Bed\u00f8mmelse A<\/strong><\/p>\n\n\n\n<p><strong>238.2.2<\/strong>&nbsp;&#8211; Grunnomgang og omhopping. De feilfrie\/eller de med f\u00e6rrest like antall feilpoeng rir omhopping etter alle har ridd grunnomgang.<\/p>\n\n\n\n<p><em>2.2 Ekvipasjer med minste like antall feilpoeng i grunnomgangen, skilles gjennom<br>en omhopping p\u00e5 tid. \u00d8vrige ekvipasjer blir plassert etter antall feilpoeng og tid i<br>grunnomgangen. <\/em><br><\/p>\n\n\n\n<p><strong>\u00a7 273 \u2013 Konkurranser over to omganger<\/strong><\/p>\n\n\n\n<p>Bed 273.3.3 Ekvipasjene blir plassert ut fra sammenlagt antall feilpoeng over<br>de to omgangene og tid i andre omgang.<\/p>\n\n\n\n<p><em>F\u00f8rste omgang:<\/em><br>P\u00e5 tid eller ikke p\u00e5 tid<br><br><em>Andre omgang:<\/em><br>P\u00e5 tid<br>Startrekkef\u00f8lge: Omvendt resultatrekkef\u00f8lge (feilpoeng og eventuelt tid fra f\u00f8rste omgang)<br><br><em>Omhopping:<\/em><br>Ingen omhopping<br><\/p>\n\n\n\n<p><strong>\u00a7 279 \u2013 Clear Round<\/strong><\/p>\n\n\n\n<p><em>Clear round er en konkurranseform uten rangering, der ekvipasjen i prinsippet<br>bed\u00f8mmes etter metode A. Hvis ekvipasjen gjennomf\u00f8rer rittet feilfritt, tildeles den<br>sl\u00f8yfe i hht KR I \u00a7 158.1. <\/em><\/p>\n\n\n\n<p><strong>\u00a7 280 \u2013 Feil og stil<\/strong><\/p>\n\n\n\n<p><em>Feil og stil er en konkurranseform som bed\u00f8mmes etter \u00a7 238.2.1, men hvor<br>stilpoeng erstatter tiden n\u00e5r det gjelder rangeringen<\/em>.<\/p>\n\n\n\n<p><em>Hensikten er \u00e5 vektlegge betydningen av en balansert og smidig sits, bruk av<br>riktig tempo og gode veier, samt korrekt og effektiv ridning og trening av hesten for<br>utviklingen av ferdigheter innen sprangridning.<\/em><\/p>\n\n\n\n<p><em>Det skal brukes autoriserte stildommere. Karakterene settes i henhold til skjema<br>fastsatt av NRYF. Det er ikke anledning til \u00e5 nedlegge protest mot stildommerens<br>karakterer.<\/em><\/p>\n\n\n\n<p><strong>\u00a7 270 \u2013  Jokerhopping<\/strong><\/p>\n\n\n\n<p><em><strong>Plassering<\/strong><br>Ekvipasjen med h\u00f8yest poengsum er vinner. Ved likt antall poeng plasseres ekvipasjen<br>med kortest tid f\u00f8rst. Er ogs\u00e5 tiden lik, erkl\u00e6res ekvipasjene likeplasserte.<\/em><\/p>\n\n\n\n<p><em><strong>Generelt<\/strong><br>1.1 P\u00e5 banen skal det v\u00e6re 10-12 enkelthinder (ikke kombinasjoner) med ulike<br>poengverdier fra 10 til 120 alt etter vanskelighetsgrad og konstruksjon. Alle hinder<br>skal bygges slik at de kan hoppes i begge retninger. Lengdehinder bygges med<br>sikkerhetsoppheng p\u00e5 begge toppbommer. Rytteren rir selvvalgt vei. Hindrene<br>hoppes i valgfri retning, hvert hinder inntil 2 ganger til sammen. Hopping av et<br>hinder 3. gang, eller hopping av et allerede nedsl\u00e5tt hinder, gir ikke eliminering,<br>men ekvipasjen f\u00e5r ikke poeng for dette sprang.<br>1.2 Hinder kan ha ulike poengverdier fra hver side. Samme poengverdi kan benyttes<br>p\u00e5 flere hinder.<\/em><\/p>\n\n\n\n<p><em><strong>Tid<\/strong><br>Tid for gjennomf\u00f8ring av rittet (45\u201390 sek) skal angis i stevneinvitasjonen. Start- og<br>m\u00e5llinje kan passeres i valgfri retning.<\/em><\/p>\n\n\n\n<p><em><strong>Bed\u00f8mmelse<\/strong><br>For hvert hinder som passeres uten nedslag, blir ekvipasjen godskrevet hinderets<br>poengverdi. Ved nedslag bygges hinderet ikke opp igjen, og ekvipasjen f\u00e5r 0 poeng.<br>Ved vegring eller utbryting kan rytteren velge et annet hinder uten \u00e5 tape poeng. Alle<br>ulydigheter medf\u00f8rer kun tidstap.<\/em><\/p>\n\n\n\n<p><em><strong>Joker<\/strong><br>Ett hinder kan betegnes \u00abjoker\u00bb og gir 200 poeng hver gang det overvinnes korrekt<br>(maks. 2 ganger). Riv av jokeren gir et fradrag p\u00e5 200 poeng.<\/em><\/p>\n\n\n\n<p><em>Signal gis ved utl\u00f8pt tid. Ekvipasjen skal derved passere m\u00e5llinjen for tidtaking.<br>Hvis ekvipasjen ikke passerer m\u00e5llinjen, plasseres den etter ekvipasjer med samme<br>poengsum som har passert m\u00e5llinjen. Hvis signal gis i det \u00f8yeblikk hesten er i ferd med<br>\u00e5 ta av p\u00e5 et hinder, inng\u00e5r dette hinderet i bed\u00f8mmelsen.<\/em><\/p>\n\n\n<div class=\"wp-block-image\">\n<figure class=\"aligncenter size-large\"><img loading=\"lazy\" decoding=\"async\" width=\"1024\" height=\"652\" src=\"https:\/\/fjordhest.net\/NM2026\/wp-content\/uploads\/2026\/02\/EI8A0047-1024x652.jpg\" alt=\"\" class=\"wp-image-803\" srcset=\"https:\/\/fjordhest.net\/NM2026\/wp-content\/uploads\/2026\/02\/EI8A0047-1024x652.jpg 1024w, https:\/\/fjordhest.net\/NM2026\/wp-content\/uploads\/2026\/02\/EI8A0047-300x191.jpg 300w, https:\/\/fjordhest.net\/NM2026\/wp-content\/uploads\/2026\/02\/EI8A0047-768x489.jpg 768w, https:\/\/fjordhest.net\/NM2026\/wp-content\/uploads\/2026\/02\/EI8A0047-1536x978.jpg 1536w, https:\/\/fjordhest.net\/NM2026\/wp-content\/uploads\/2026\/02\/EI8A0047-2048x1305.jpg 2048w, https:\/\/fjordhest.net\/NM2026\/wp-content\/uploads\/2026\/02\/EI8A0047-1140x726.jpg 1140w\" sizes=\"auto, (max-width: 1024px) 100vw, 1024px\" \/><figcaption class=\"wp-element-caption\">H\u00e5kon Gudjonsson og Nattens Dumle, NM 2025. <a href=\"https:\/\/www.facebook.com\/p\/Dyrebare-%C3%B8yeblikk-Fotograf-Maria-D-Guttormsen-100083017673208\/\">Bilde tatt av Maria Dias<\/a><\/figcaption><\/figure>\n<\/div>\n\n\n<p><\/p>\n","protected":false},"excerpt":{"rendered":"<p>Nedenfor er et utdrag fra sprang KR II, som forklarer bed\u00f8mmelsene som brukes i sprangklassene under NM. Med forbehold om feil, og sjekk ALLTID kilden hos Norges Rytterforbund! \u00a7 238 \u2013 Bed\u00f8mmelse A 238.2.2&nbsp;&#8211; Grunnomgang og omhopping. De feilfrie\/eller de med f\u00e6rrest like antall feilpoeng rir omhopping etter alle har ridd grunnomgang. 2.2 Ekvipasjer med minste like antall feilpoeng i grunnomgangen, skilles gjennomen omhopping p\u00e5 tid. \u00d8vrige ekvipasjer blir plassert etter antall feilpoeng og tid igrunnomgangen. \u00a7 273 \u2013 Konkurranser over to omganger Bed 273.3.3 Ekvipasjene blir plassert ut fra sammenlagt antall feilpoeng overde to omgangene og tid i andre omgang. F\u00f8rste omgang:P\u00e5 tid eller ikke p\u00e5 tid Andre omgang:P\u00e5 tidStartrekkef\u00f8lge: Omvendt resultatrekkef\u00f8lge (feilpoeng og eventuelt tid fra f\u00f8rste omgang) Omhopping:Ingen omhopping \u00a7 279 \u2013 Clear Round Clear round er en konkurranseform uten rangering, der ekvipasjen i prinsippetbed\u00f8mmes etter metode A. Hvis ekvipasjen gjennomf\u00f8rer rittet feilfritt, tildeles densl\u00f8yfe i hht KR I \u00a7 158.1. \u00a7 280 \u2013 Feil og stil Feil og stil er en konkurranseform som bed\u00f8mmes etter \u00a7 238.2.1, men hvorstilpoeng erstatter tiden n\u00e5r det gjelder rangeringen. Hensikten er \u00e5 vektlegge betydningen av en balansert og smidig sits, bruk avriktig tempo og gode veier, samt korrekt og effektiv ridning og trening av hesten forutviklingen av ferdigheter innen sprangridning. Det skal brukes autoriserte stildommere. Karakterene settes i henhold til skjemafastsatt av NRYF. Det er ikke anledning til \u00e5 nedlegge protest mot stildommerenskarakterer. \u00a7 270 \u2013 Jokerhopping PlasseringEkvipasjen med h\u00f8yest poengsum er vinner. Ved likt antall poeng plasseres ekvipasjenmed kortest tid f\u00f8rst. Er ogs\u00e5 tiden lik, erkl\u00e6res ekvipasjene likeplasserte. Generelt1.1 P\u00e5 banen skal det v\u00e6re 10-12 enkelthinder (ikke kombinasjoner) med ulikepoengverdier fra 10 til 120 alt etter vanskelighetsgrad og konstruksjon. Alle hinderskal bygges slik at de kan hoppes i begge retninger. Lengdehinder bygges medsikkerhetsoppheng p\u00e5 begge toppbommer. Rytteren rir selvvalgt vei. Hindrenehoppes i valgfri retning, hvert hinder inntil 2 ganger til sammen. Hopping av ethinder 3. gang, eller hopping av et allerede nedsl\u00e5tt hinder, gir ikke eliminering,men ekvipasjen f\u00e5r ikke poeng for dette sprang.1.2 Hinder kan ha ulike poengverdier fra hver side. Samme poengverdi kan benyttesp\u00e5 flere hinder. TidTid for gjennomf\u00f8ring av rittet (45\u201390 sek) skal angis i stevneinvitasjonen. Start- ogm\u00e5llinje kan passeres i valgfri retning. Bed\u00f8mmelseFor hvert hinder som passeres uten nedslag, blir ekvipasjen godskrevet hinderetspoengverdi. Ved nedslag bygges hinderet ikke opp igjen, og ekvipasjen f\u00e5r 0 poeng.Ved vegring eller utbryting kan rytteren velge et annet hinder uten \u00e5 tape poeng. Alleulydigheter medf\u00f8rer kun tidstap. JokerEtt hinder kan betegnes \u00abjoker\u00bb og gir 200 poeng hver gang det overvinnes korrekt(maks. 2 ganger). Riv av jokeren gir et fradrag p\u00e5 200 poeng. Signal gis ved utl\u00f8pt tid. Ekvipasjen skal derved passere m\u00e5llinjen for tidtaking.Hvis ekvipasjen ikke passerer m\u00e5llinjen, plasseres den etter ekvipasjer med sammepoengsum som har passert m\u00e5llinjen. Hvis signal gis i det \u00f8yeblikk hesten er i ferd med\u00e5 ta av p\u00e5 et hinder, inng\u00e5r dette hinderet i bed\u00f8mmelsen.<\/p>\n","protected":false},"author":1,"featured_media":0,"parent":0,"menu_order":0,"comment_status":"closed","ping_status":"closed","template":"","meta":{"_themeisle_gutenberg_block_has_review":false,"footnotes":""},"class_list":["post-802","page","type-page","status-publish","hentry"],"_links":{"self":[{"href":"https:\/\/fjordhest.net\/NM2026\/index.php\/wp-json\/wp\/v2\/pages\/802","targetHints":{"allow":["GET"]}}],"collection":[{"href":"https:\/\/fjordhest.net\/NM2026\/index.php\/wp-json\/wp\/v2\/pages"}],"about":[{"href":"https:\/\/fjordhest.net\/NM2026\/index.php\/wp-json\/wp\/v2\/types\/page"}],"author":[{"embeddable":true,"href":"https:\/\/fjordhest.net\/NM2026\/index.php\/wp-json\/wp\/v2\/users\/1"}],"replies":[{"embeddable":true,"href":"https:\/\/fjordhest.net\/NM2026\/index.php\/wp-json\/wp\/v2\/comments?post=802"}],"version-history":[{"count":3,"href":"https:\/\/fjordhest.net\/NM2026\/index.php\/wp-json\/wp\/v2\/pages\/802\/revisions"}],"predecessor-version":[{"id":807,"href":"https:\/\/fjordhest.net\/NM2026\/index.php\/wp-json\/wp\/v2\/pages\/802\/revisions\/807"}],"wp:attachment":[{"href":"https:\/\/fjordhest.net\/NM2026\/index.php\/wp-json\/wp\/v2\/media?parent=802"}],"curies":[{"name":"wp","href":"https:\/\/api.w.org\/{rel}","templated":true}]}}