{"id":1085,"date":"2015-12-02T15:39:25","date_gmt":"2015-12-02T14:39:25","guid":{"rendered":"http:\/\/fjordhest.net\/blogg\/?page_id=1085"},"modified":"2017-03-04T11:53:06","modified_gmt":"2017-03-04T10:53:06","slug":"semin-norsk-fjordhestsenter","status":"publish","type":"page","link":"https:\/\/fjordhest.net\/blogg\/norsk-fjordhestsenter\/semin-norsk-fjordhestsenter\/","title":{"rendered":"Semin &#8211; Norsk Fjordhestsenter"},"content":{"rendered":"<p>[et_pb_section admin_label=&raquo;section&raquo;][et_pb_row admin_label=&raquo;row&raquo;][et_pb_column type=&raquo;4_4&#8243;][et_pb_text admin_label=&raquo;Tekst&raquo; background_layout=&raquo;light&raquo; text_orientation=&raquo;left&raquo; use_border_color=&raquo;off&raquo; border_color=&raquo;#ffffff&raquo; border_style=&raquo;solid&raquo;]<\/p>\n<h2>Seminstasjon<\/h2>\n<p style=\"text-align: left;\">Fr\u00e5 byrjinga av mai er det aktiv seminstasjon ved Norsk Fjordhestsenter eit par m\u00e5nader. Gjennom \u00a0Rio-konvensjonen har Norge p\u00e5tatt seg eit s\u00e6rskilt ansvar for fjordhesten, d\u00e5 Norge er moderlandet. Nordfjordeid er eit samlingspunkt for fjordhest, og Vestlandet er kjerneomr\u00e5det for avlen. Det er fjordhest over heile landet, og avstandane er store til avlshingstar, samstundes som det er dyrt \u00e5 transportere hopper over langa avstandar.<\/p>\n<p style=\"text-align: left;\">Seminstasjonen p\u00e5 Nordfjordeid \u00f8nskjer \u00e5 gi\u00a0fjordhesteigarane eit stabilt og godt tilbod for bedekning av sine hopper. I utvalet av hingstar legg vi\u00a0vekt p\u00e5 stamme som ikkje er av dei mest brukte, eit godt rasepreg, lynne og gode brukspr\u00f8ver. Vi gir r\u00e5d om val av hingst.<\/p>\n<p style=\"text-align: left;\">Hoppeeigarar han f\u00e5 inseminert hoppene direkte p\u00e5 stasjonen, eller f\u00e5 sendt fersk s\u00e6d til mottaksstasjon. Vi har ogs\u00e5 eit lite utval forrossen s\u00e6d.\u00a0Seminstasjonen er EU-godkjend og kan sende fersks\u00e6d til\u00a0 Norden og Europa, og frossen s\u00e6d til Brasil, Chile, USA og Australia. Stasjonsveterin\u00e6r er Torbj\u00f8rn Nes Hjelle.<\/p>\n<p style=\"text-align: left;\">Ta kontakt med avlsansvarleg ved Norsk Fjordhestsenter Asle Espe (tlf 490 38 338) for meir informasjon og r\u00e5dgjeving\u00a0om kva hingst som passar for di hoppe.<\/p>\n<p style=\"text-align: left;\"><a href=\"http:\/\/fjordhest.net\/blogg\/seminhingstar-ved-norsk-fjordhestsenter-2017\">Oversikt over aktuelle seminhingstar fr\u00e5 mai 2017<\/a><\/p>\n<p><a href=\"http:\/\/fjordhest.net\/blogg\/norsk-fjordhestsenter\/semin-norsk-fjordhestsenter\/prisliste-seminhingstar-2017\">Prisar 2017<\/a><\/p>\n<p>&nbsp;<\/p>\n<p>[\/et_pb_text][et_pb_image admin_label=&raquo;Bilde&raquo; src=&raquo;http:\/\/www.fjordhest.no\/bilder\/070502_SEM_08_liten.JPG&raquo; show_in_lightbox=&raquo;off&raquo; url_new_window=&raquo;off&raquo; use_overlay=&raquo;off&raquo; animation=&raquo;left&raquo; sticky=&raquo;off&raquo; align=&raquo;left&raquo; force_fullwidth=&raquo;off&raquo; always_center_on_mobile=&raquo;on&raquo; use_border_color=&raquo;off&raquo; border_color=&raquo;#ffffff&raquo; border_style=&raquo;solid&raquo;] [\/et_pb_image][\/et_pb_column][\/et_pb_row][\/et_pb_section]<\/p>\n","protected":false},"excerpt":{"rendered":"<p>Semin &#8211; Norsk Fjordhestsenter<\/p>\n","protected":false},"author":4,"featured_media":0,"parent":274,"menu_order":0,"comment_status":"closed","ping_status":"closed","template":"","meta":{"_et_pb_use_builder":"on","_et_pb_old_content":"","_et_gb_content_width":"","_exactmetrics_skip_tracking":false,"_exactmetrics_sitenote_active":false,"_exactmetrics_sitenote_note":"","_exactmetrics_sitenote_category":0,"footnotes":""},"class_list":["post-1085","page","type-page","status-publish","hentry"],"_links":{"self":[{"href":"https:\/\/fjordhest.net\/blogg\/wp-json\/wp\/v2\/pages\/1085","targetHints":{"allow":["GET"]}}],"collection":[{"href":"https:\/\/fjordhest.net\/blogg\/wp-json\/wp\/v2\/pages"}],"about":[{"href":"https:\/\/fjordhest.net\/blogg\/wp-json\/wp\/v2\/types\/page"}],"author":[{"embeddable":true,"href":"https:\/\/fjordhest.net\/blogg\/wp-json\/wp\/v2\/users\/4"}],"replies":[{"embeddable":true,"href":"https:\/\/fjordhest.net\/blogg\/wp-json\/wp\/v2\/comments?post=1085"}],"version-history":[{"count":7,"href":"https:\/\/fjordhest.net\/blogg\/wp-json\/wp\/v2\/pages\/1085\/revisions"}],"predecessor-version":[{"id":2751,"href":"https:\/\/fjordhest.net\/blogg\/wp-json\/wp\/v2\/pages\/1085\/revisions\/2751"}],"up":[{"embeddable":true,"href":"https:\/\/fjordhest.net\/blogg\/wp-json\/wp\/v2\/pages\/274"}],"wp:attachment":[{"href":"https:\/\/fjordhest.net\/blogg\/wp-json\/wp\/v2\/media?parent=1085"}],"curies":[{"name":"wp","href":"https:\/\/api.w.org\/{rel}","templated":true}]}}