{"id":11218,"date":"2024-08-23T14:50:18","date_gmt":"2024-08-23T12:50:18","guid":{"rendered":"https:\/\/fjordhest.net\/blogg\/?page_id=11218"},"modified":"2025-08-12T20:23:05","modified_gmt":"2025-08-12T18:23:05","slug":"fjordhestcupen","status":"publish","type":"page","link":"https:\/\/fjordhest.net\/blogg\/fjordhestcupen\/","title":{"rendered":"Fjordhestcupen"},"content":{"rendered":"<p>[et_pb_section fb_built=&raquo;1&#8243; _builder_version=&raquo;4.16&#8243; _module_preset=&raquo;default&raquo; global_colors_info=&raquo;{}&raquo;][et_pb_row column_structure=&raquo;3_4,1_4&#8243; _builder_version=&raquo;4.17.1&#8243; background_size=&raquo;initial&raquo; background_position=&raquo;top_left&raquo; background_repeat=&raquo;repeat&raquo; width=&raquo;90.6%&raquo; global_colors_info=&raquo;{}&raquo;][et_pb_column type=&raquo;3_4&#8243; _builder_version=&raquo;4.16&#8243; custom_padding=&raquo;|||&raquo; global_colors_info=&raquo;{}&raquo; custom_padding__hover=&raquo;|||&raquo;][et_pb_text admin_label=&raquo;Text&raquo; _builder_version=&raquo;4.16&#8243; background_size=&raquo;initial&raquo; background_position=&raquo;top_left&raquo; background_repeat=&raquo;repeat&raquo; global_colors_info=&raquo;{}&raquo;][\/et_pb_text][et_pb_post_title meta=&raquo;off&raquo; featured_image=&raquo;off&raquo; _builder_version=&raquo;4.16&#8243; _module_preset=&raquo;default&raquo; global_colors_info=&raquo;{}&raquo;][\/et_pb_post_title][et_pb_text _builder_version=&raquo;4.27.0&#8243; _module_preset=&raquo;default&raquo; min_height=&raquo;196.8px&raquo; custom_margin=&raquo;||-181px|||&raquo; custom_padding=&raquo;0px||112px|||&raquo; global_colors_info=&raquo;{}&raquo;]<\/p>\n<p><span style=\"font-size: 14px;\">Fjordhestcupen best\u00e5r av fire delkonkurranser, en allroundcup som k\u00e5rer \u00e5rets fjordhest, en dressurcup som k\u00e5rer \u00e5rets dressurekvipasje, en kj\u00f8recup som k\u00e5rer \u00e5rets kj\u00f8reekvipasje og en sprangcup som k\u00e5rer \u00e5rets sprangekvipasje. Det er hesten som oppn\u00e5r poeng i allroundcupen og ekvipasjen som oppn\u00e5r poeng i de grenspesifikke cupene (dressur, sprang og kj\u00f8ring). Allroundcupen er i stor grad inspirert av d\u00f8lahestcupen og det er derfor store likheter mellom statuttene for de to cupene, mens de grenspesifikke cupene i stor grad er inspirert av danskenes FJ Trophy.<\/span><\/p>\n<p><strong>Generelle regler:<\/strong> Fjordhestcupen er \u00e5pent for fjordhest av ren rase. Norskf\u00f8dte hester skal ha r\u00f8dt eller bl\u00e5tt pass utstedt av Norsk Hestesenter. Hester med bl\u00e5tt pass skal ha k\u00e5ret far. Utenlandskf\u00f8dte hester skal ha pass fra f\u00f8delandet med opplysninger om rase og avstamning, alternativt pass fra Norsk Hestesenter, for\u00f8vrig gjelder regler som for norskf\u00f8dte hester.<\/p>\n<p>Hestens rytter\/kusk\/eier skal v\u00e6re medlem i Norges Fjordhestlag for at resultatene skal v\u00e6re gjeldende i cupen. For \u00e5 delta i fjordhestcupen m\u00e5 du melde p\u00e5 ved \u00e5 sende hestens navn og registreringsnummer, bekreftelse p\u00e5 betalt medlemsskap i Norges Fjordhestlag, samt hvilke(n) cup(er) du \u00f8nsker \u00e5 delta i til <a href=\"mailto:post@fjordhest.no\">post@fjordhest.no <\/a><strong>senest 1. september 2025.<\/strong><\/p>\n<p>Deltakeren er selv ansvarlig for \u00e5 sende inn oversikt og dokumentasjon p\u00e5 alle oppn\u00e5dde poeng. Resultater skal sendes til post@fjordhest.no senest 15.januar 2026. E-poster m\u00e5 merkes \u00abFjordhestcupen 2025\u00bb i emnefeltet. Innmeldte resultater vil bekreftes mottatt.<\/p>\n<p>Vedlagt innrapportering av resultat skal det v\u00e6re dokumentasjon p\u00e5 resultatene, enten som kopi av resultatliste eller link til resultatliste.\u00a0Som dokumentasjon av resultater som ikke er tilgjengelig p\u00e5 nryfstevne.no eller hesteskeid.no kreves bilde av resultatliste, eventuelt startliste attestert av arrang\u00f8r.<\/p>\n<p><a href=\"https:\/\/fjordhest.net\/blogg\/wp-content\/uploads\/2025\/03\/Statuttar-Fjordhestcupen-2025-ALLROUND.pdf\" rel=\"attachment wp-att-11458\">STATUTTAR FJORDHESTCUPEN 2025 ALLROUND<\/a><\/p>\n<p><a href=\"https:\/\/fjordhest.net\/blogg\/wp-content\/uploads\/2025\/03\/Statuttar-Fjordhestcupen-2025-DSK.pdf\" rel=\"attachment wp-att-11459\">STATUTTER FJORDHESTCUPEN 2025 DRESSUR, SPRANG OG KJ\u00d8RING<\/a><\/p>\n<p><a href=\"https:\/\/fjordhest.net\/blogg\/wp-content\/uploads\/2025\/03\/Rapporteringsskjema_Fjordhestcupen.docx\" rel=\"attachment wp-att-11457\">RAPPORTERINGSSKJEMA FOR RESULTATER<\/a><\/p>\n<h2><\/h2>\n<h2>Vinnere av Fjordhestcupen<\/h2>\n<p>2024:<\/p>\n<p>Allround: Soltuns Trym<\/p>\n<p>Dressur: Marthe Sk\u00e5rland og Sylvfaks<\/p>\n<p>Sprang: Hanne-Gro J. Pedersen og Aarnes Ask<\/p>\n<p>Kj\u00f8ring: Lise Kosmo Gylseth og Blikra Admiral Doffen<\/p>\n<p><img loading=\"lazy\" decoding=\"async\" src=\"https:\/\/fjordhest.net\/blogg\/wp-content\/uploads\/2025\/03\/IMG_7572-scaled.jpg\" width=\"2560\" height=\"1830\" alt=\"\" class=\"wp-image-11460 aligncenter size-full\" srcset=\"https:\/\/fjordhest.net\/blogg\/wp-content\/uploads\/2025\/03\/IMG_7572-scaled.jpg 2560w, https:\/\/fjordhest.net\/blogg\/wp-content\/uploads\/2025\/03\/IMG_7572-1280x915.jpg 1280w, https:\/\/fjordhest.net\/blogg\/wp-content\/uploads\/2025\/03\/IMG_7572-980x701.jpg 980w, https:\/\/fjordhest.net\/blogg\/wp-content\/uploads\/2025\/03\/IMG_7572-480x343.jpg 480w\" sizes=\"auto, (min-width: 0px) and (max-width: 480px) 480px, (min-width: 481px) and (max-width: 980px) 980px, (min-width: 981px) and (max-width: 1280px) 1280px, (min-width: 1281px) 2560px, 100vw\" \/><\/p>\n<p>[\/et_pb_text][\/et_pb_column][et_pb_column type=&raquo;1_4&#8243; _builder_version=&raquo;4.16&#8243; custom_padding=&raquo;|||&raquo; global_colors_info=&raquo;{}&raquo; custom_padding__hover=&raquo;|||&raquo;][et_pb_sidebar _builder_version=&raquo;4.27.0&#8243; _module_preset=&raquo;default&raquo; global_colors_info=&raquo;{}&raquo;][\/et_pb_sidebar][\/et_pb_column][\/et_pb_row][et_pb_row _builder_version=&raquo;4.16&#8243; _module_preset=&raquo;default&raquo; global_colors_info=&raquo;{}&raquo;][et_pb_column type=&raquo;4_4&#8243; _builder_version=&raquo;4.16&#8243; _module_preset=&raquo;default&raquo; global_colors_info=&raquo;{}&raquo;][et_pb_text _builder_version=&raquo;4.17.1&#8243; _module_preset=&raquo;default&raquo; custom_margin=&raquo;||-183px|||&raquo; custom_padding=&raquo;0px||210px|||&raquo; global_colors_info=&raquo;{}&raquo;][\/et_pb_text][\/et_pb_column][\/et_pb_row][\/et_pb_section]<\/p>\n","protected":false},"excerpt":{"rendered":"<p>Fjordhestcupen best\u00e5r av fire delkonkurranser, en allroundcup som k\u00e5rer \u00e5rets fjordhest, en dressurcup som k\u00e5rer \u00e5rets dressurekvipasje, en kj\u00f8recup som k\u00e5rer \u00e5rets kj\u00f8reekvipasje og en sprangcup som k\u00e5rer \u00e5rets sprangekvipasje. Det er hesten som oppn\u00e5r poeng i allroundcupen og ekvipasjen som oppn\u00e5r poeng i de grenspesifikke cupene (dressur, sprang og kj\u00f8ring). Allroundcupen er i stor [&hellip;]<\/p>\n","protected":false},"author":1,"featured_media":0,"parent":0,"menu_order":0,"comment_status":"closed","ping_status":"closed","template":"","meta":{"_et_pb_use_builder":"on","_et_pb_old_content":"","_et_gb_content_width":"","_exactmetrics_skip_tracking":false,"_exactmetrics_sitenote_active":false,"_exactmetrics_sitenote_note":"","_exactmetrics_sitenote_category":0,"footnotes":""},"class_list":["post-11218","page","type-page","status-publish","hentry"],"_links":{"self":[{"href":"https:\/\/fjordhest.net\/blogg\/wp-json\/wp\/v2\/pages\/11218","targetHints":{"allow":["GET"]}}],"collection":[{"href":"https:\/\/fjordhest.net\/blogg\/wp-json\/wp\/v2\/pages"}],"about":[{"href":"https:\/\/fjordhest.net\/blogg\/wp-json\/wp\/v2\/types\/page"}],"author":[{"embeddable":true,"href":"https:\/\/fjordhest.net\/blogg\/wp-json\/wp\/v2\/users\/1"}],"replies":[{"embeddable":true,"href":"https:\/\/fjordhest.net\/blogg\/wp-json\/wp\/v2\/comments?post=11218"}],"version-history":[{"count":11,"href":"https:\/\/fjordhest.net\/blogg\/wp-json\/wp\/v2\/pages\/11218\/revisions"}],"predecessor-version":[{"id":11845,"href":"https:\/\/fjordhest.net\/blogg\/wp-json\/wp\/v2\/pages\/11218\/revisions\/11845"}],"wp:attachment":[{"href":"https:\/\/fjordhest.net\/blogg\/wp-json\/wp\/v2\/media?parent=11218"}],"curies":[{"name":"wp","href":"https:\/\/api.w.org\/{rel}","templated":true}]}}