{"id":151,"date":"2014-03-27T15:02:40","date_gmt":"2014-03-27T14:02:40","guid":{"rendered":"http:\/\/fjordhest.net\/blogg\/?page_id=151"},"modified":"2025-12-05T18:52:54","modified_gmt":"2025-12-05T17:52:54","slug":"norges-fjordhestlag","status":"publish","type":"page","link":"https:\/\/fjordhest.net\/blogg\/norges-fjordhestlag\/","title":{"rendered":"Norges Fjordhestlag"},"content":{"rendered":"<p>[et_pb_section fb_built=&raquo;1&#8243; fullwidth=&raquo;on&raquo; custom_padding_last_edited=&raquo;on|desktop&raquo; admin_label=&raquo;section&raquo; _builder_version=&raquo;4.16&#8243; background_color=&raquo;#c9c09f&raquo; custom_padding_tablet=&raquo;50px|0|50px|0&#8243; custom_padding_phone=&raquo;&raquo; transparent_background=&raquo;off&raquo; padding_mobile=&raquo;off&raquo; make_fullwidth=&raquo;off&raquo; use_custom_width=&raquo;off&raquo; width_unit=&raquo;on&raquo; global_colors_info=&raquo;{}&raquo;][et_pb_fullwidth_menu menu_id=&raquo;11&#8243; admin_label=&raquo;Fullwidth Menu&raquo; _builder_version=&raquo;4.16&#8243; text_orientation=&raquo;center&raquo; global_colors_info=&raquo;{}&raquo;] [\/et_pb_fullwidth_menu][\/et_pb_section][et_pb_section fb_built=&raquo;1&#8243; admin_label=&raquo;section&raquo; _builder_version=&raquo;4.16&#8243; global_colors_info=&raquo;{}&raquo;][et_pb_row admin_label=&raquo;row&raquo; _builder_version=&raquo;4.16&#8243; background_size=&raquo;initial&raquo; background_position=&raquo;top_left&raquo; background_repeat=&raquo;repeat&raquo; global_colors_info=&raquo;{}&raquo; column_structure=&raquo;2_3,1_3&#8243;][et_pb_column type=&raquo;2_3&#8243; _builder_version=&raquo;4.16&#8243; custom_padding=&raquo;|||&raquo; global_colors_info=&raquo;{}&raquo; custom_padding__hover=&raquo;|||&raquo;][et_pb_text admin_label=&raquo;Text&raquo; _builder_version=&raquo;4.27.0&#8243; background_size=&raquo;initial&raquo; background_position=&raquo;top_left&raquo; background_repeat=&raquo;repeat&raquo; hover_enabled=&raquo;0&#8243; global_colors_info=&raquo;{}&raquo; sticky_enabled=&raquo;0&#8243;]<\/p>\n<h2 class=\"ecxMsoNormal\"><span lang=\"NO-NYN\">Norges Fjordhestlag<\/span><\/h2>\n<p class=\"ecxMsoNormal\"><span lang=\"NO-NYN\">Norges Fjordhestlag vart skipa i 1949, og er ein medlemsorganisasjon som arbeider for avl og bruk av fjordhest, samt \u00e5 styrke fjordhesten sin posisjon nasjonalt og internasjonalt. Laget er inndelt i fylkes-, distrikts- og lokallag, som arbeider for fjordhesten p\u00e5 lokalt plan.<\/span><\/p>\n<p class=\"ecxMsoNormal\"><span lang=\"NO-NYN\">Laget har eit styre, eit aktivitetsutval, eit avlsutval og eit marknadsf\u00f8ringsutval (sj\u00e5 eigne infosider under \u00abStyre og utvalg\u00bb). Utvala jobbar spesielt med oppg\u00e5ver innanfor deira felt. Laget har kontor og sekret\u00e6rteneste knytt til Norsk Fjordhestsenter p\u00e5 Nordfjordeid.<\/span><\/p>\n<h2 class=\"ecxMsoNormal\"><b><span lang=\"NO-NYN\"><br \/><\/span><\/b><span lang=\"NO-NYN\">Kva gjer Norges Fjordhestlag?<\/span><\/h2>\n<p class=\"ecxMsoNormal\"><span lang=\"NO-NYN\">Norges Fjordhestlag arbeider for \u00e5 fremje fjordhesten innan avl og bruk. Laget arbeider ogs\u00e5 opp mot styresmaktene for \u00e5 oppn\u00e5 s\u00e5 gode \u00f8konomiske og faglege rammer som r\u00e5d for det viktige nasjonale arbeidet for fjordhesten. I tillegg har\u00a0Norges Fjordhestlag mange andre oppg\u00e5ver:<\/span><\/p>\n<p class=\"ecxMsoNormal\"><span lang=\"NO-NYN\">\u00a0<\/span><\/p>\n<ul>\n<li><span lang=\"NO-NYN\">Arrangerer \u00e5rleg landsutstilling for fjordhingstar p\u00e5 Nordfjordeid<\/span><\/li>\n<li class=\"ecxMsoListParagraph\"><span lang=\"NO-NYN\">Oppnemner dommarar og k\u00e5ringsnemnd<\/span><\/li>\n<li class=\"ecxMsoListParagraph\"><span lang=\"NO-NYN\">Arbeider med utvikling av Avlsplan for fjordhest gjennom ein revideringsplan med fire\u00e5rsintervall<\/span><\/li>\n<li class=\"ecxMsoNormal\"><span lang=\"NO-NYN\">Samarbeider med dei andre nasjonale raseorganisasjonane i saker som fremjar felles interesser<\/span><\/li>\n<li class=\"ecxMsoNormal\"><span lang=\"NO-NYN\">Arrangerer \u00e5rleg Haustm\u00f8te \u2013 medlemsseminar for medlemmene i Norges Fjordhestlag. Annakvart \u00e5r er Haustm\u00f8tet felles mellom Norges Fjordhestlag, Landslaget for D\u00f8lahest og Landslaget for nordlandshest\/Lyngshest<\/span><\/li>\n<li class=\"ecxMsoNormal\"><span lang=\"NO-NYN\">Utformar statuttane til NM for Fjordhest og samarbeider med \u00f8vrige nordiske land om statuttar for Nordisk meisterskap og EM for Fjordhest<\/span><\/li>\n<li class=\"ecxMsoNormal\"><span lang=\"NO-NYN\">St\u00e5r for premiar til NM og Nordisk meisterskap for Fjordhest<\/span><\/li>\n<li class=\"ecxMsoNormal\"><span lang=\"NO-NYN\">Har utarbeidd regelverk for Skeid, dei nasjonale hesterasane sin sport og signaturaktivitet<\/span><\/li>\n<li class=\"ecxMsoNormal\">Gjennomf\u00f8rer styrem\u00f8te og m\u00f8te i avls-, aktivitets- og marknadsf\u00f8ringsutval<\/li>\n<li class=\"ecxMsoNormal\"><span lang=\"NO-NYN\">Arrangerer \u00e5rsm\u00f8te i organisasjonen i mai kvart \u00e5r<\/span><\/li>\n<li class=\"ecxMsoNormal\"><span lang=\"NO-NYN\">Har faste m\u00f8ter med dei andre nasjonale raseorganisasjonane jamnleg<\/span><\/li>\n<li class=\"ecxMsoNormal\"><span lang=\"NO-NYN\">Arrangerer oppvisningar p\u00e5 ulike sm\u00e5 og store hestesportsarrangement for \u00e5 promotere rasen<\/span><\/li>\n<li class=\"ecxMsoNormal\"><span lang=\"NO-NYN\">St\u00e5r for drift av nettsida <\/span><a href=\"http:\/\/www.fjordhest.no\/\" target=\"_blank\" rel=\"noopener noreferrer\"><span lang=\"NO-NYN\">fjordhest.no<\/span><\/a>, <span lang=\"NO-NYN\">Norges Fjordhestlag si Facebook-side og -gruppe og Instagram-konto<\/span><\/li>\n<li class=\"ecxMsoNormal\"><span lang=\"NO-NYN\">Gir ut medlemsbladet \u00abFjordhesten\u00bb fire gongar i \u00e5ret<\/span><\/li>\n<li class=\"ecxMsoNormal\"><span lang=\"NO-NYN\">Legg til rette for auka aktivitet med unghest, blant anna gjennom prosjektet \u00abFokus unghest\u00bb i samarbeid med dei andre nasjonale raseorganisasjonane<\/span><\/li>\n<li class=\"ecxMsoNormal\"><span lang=\"NO-NYN\">Arbeider for \u00e5 oppfylle m\u00e5la i \u00abHandlingsplan for dei nasjonale hesterasane\u00bb<\/span><\/li>\n<li class=\"ecxMsoNormal\"><span lang=\"NO-NYN\">Etablerer og s\u00f8kjer st\u00f8tte til ulike prosjekt gjennom \u00e5ret med sikte p\u00e5 avlsfagleg og organisatorisk utvikling<\/span><\/li>\n<\/ul>\n<p class=\"ecxMsoNormal\"><span lang=\"NO-NYN\">I tillegg f\u00f8reg\u00e5r det mykje arbeid og aktivitetar i dei forskjellige fylkes-, distrikts- og lokallaga. Arrangering av hoppe- og unghestutstillingar over heile landet er ein stor del av arbeidet, i tillegg til \u00e5 arrangere NM og Nordisk for Fjordhest. Lokallaga har ogs\u00e5 andre aktivitetar, retta mot alle som har eller er interessert i fjordhest.<\/span><\/p>\n<p>[\/et_pb_text][\/et_pb_column][et_pb_column type=&raquo;1_3&#8243; _builder_version=&raquo;4.16&#8243; custom_padding=&raquo;|||&raquo; global_colors_info=&raquo;{}&raquo; custom_padding__hover=&raquo;|||&raquo;][et_pb_sidebar orientation=&raquo;right&raquo; area=&raquo;sidebar-1&#8243; admin_label=&raquo;Sidespalte&raquo; _builder_version=&raquo;4.16&#8243; remove_border=&raquo;off&raquo; global_colors_info=&raquo;{}&raquo;] [\/et_pb_sidebar][\/et_pb_column][\/et_pb_row][\/et_pb_section]<\/p>\n","protected":false},"excerpt":{"rendered":"<p>Norges Fjordhestlag Norges Fjordhestlag vart skipa i 1949, og er ein medlemsorganisasjon som arbeider for avl og bruk av fjordhest, samt \u00e5 styrke fjordhesten sin posisjon nasjonalt og internasjonalt. Laget er inndelt i fylkes-, distrikts- og lokallag, som arbeider for fjordhesten p\u00e5 lokalt plan. Laget har eit styre, eit aktivitetsutval, eit avlsutval og eit marknadsf\u00f8ringsutval [&hellip;]<\/p>\n","protected":false},"author":1,"featured_media":0,"parent":0,"menu_order":0,"comment_status":"open","ping_status":"closed","template":"","meta":{"_et_pb_use_builder":"on","_et_pb_old_content":"","_et_gb_content_width":"","_exactmetrics_skip_tracking":false,"_exactmetrics_sitenote_active":false,"_exactmetrics_sitenote_note":"","_exactmetrics_sitenote_category":0,"footnotes":""},"class_list":["post-151","page","type-page","status-publish","hentry"],"_links":{"self":[{"href":"https:\/\/fjordhest.net\/blogg\/wp-json\/wp\/v2\/pages\/151","targetHints":{"allow":["GET"]}}],"collection":[{"href":"https:\/\/fjordhest.net\/blogg\/wp-json\/wp\/v2\/pages"}],"about":[{"href":"https:\/\/fjordhest.net\/blogg\/wp-json\/wp\/v2\/types\/page"}],"author":[{"embeddable":true,"href":"https:\/\/fjordhest.net\/blogg\/wp-json\/wp\/v2\/users\/1"}],"replies":[{"embeddable":true,"href":"https:\/\/fjordhest.net\/blogg\/wp-json\/wp\/v2\/comments?post=151"}],"version-history":[{"count":33,"href":"https:\/\/fjordhest.net\/blogg\/wp-json\/wp\/v2\/pages\/151\/revisions"}],"predecessor-version":[{"id":11900,"href":"https:\/\/fjordhest.net\/blogg\/wp-json\/wp\/v2\/pages\/151\/revisions\/11900"}],"wp:attachment":[{"href":"https:\/\/fjordhest.net\/blogg\/wp-json\/wp\/v2\/media?parent=151"}],"curies":[{"name":"wp","href":"https:\/\/api.w.org\/{rel}","templated":true}]}}