{"id":1642,"date":"2016-05-10T18:31:25","date_gmt":"2016-05-10T16:31:25","guid":{"rendered":"http:\/\/fjordhest.net\/blogg\/?page_id=1642"},"modified":"2017-03-04T11:52:02","modified_gmt":"2017-03-04T10:52:02","slug":"prisliste-seminhingstar-2017","status":"publish","type":"page","link":"https:\/\/fjordhest.net\/blogg\/norsk-fjordhestsenter\/semin-norsk-fjordhestsenter\/prisliste-seminhingstar-2017\/","title":{"rendered":"Prisliste seminhingstar 2017"},"content":{"rendered":"<p>[et_pb_section admin_label=&raquo;section&raquo;][et_pb_row admin_label=&raquo;row&raquo;][et_pb_column type=&raquo;4_4&#8243;][et_pb_text admin_label=&raquo;Tekst&raquo; background_layout=&raquo;light&raquo; text_orientation=&raquo;left&raquo; use_border_color=&raquo;off&raquo; border_color=&raquo;#ffffff&raquo; border_style=&raquo;solid&raquo;]<\/p>\n<p><strong>Prisar 2017<\/strong><strong><br \/>\nFastsetting av prisar:<\/strong><\/p>\n<p><strong>Fast pris per hoppe (3 brunstar) for avlssesongen 2017. Perioden vi har avlshingst er fr\u00e5 10.05 \u2013 15.07.2017<\/strong><\/p>\n<p><strong>S\u00e6davgift, tapping, fortynning, forpakning kr 2900,- + mva.<\/strong><br \/>\nSending etter faktisk kostnad.<br \/>\nPrisen inkluderer ei sending pr. brunst, ev. fleire sendingar p\u00e5 same brunst, men totalt\u00a03 sendingar inng\u00e5r i prisen.<\/p>\n<p><strong>Hopper som inseminerast p\u00e5 stasjonen med s\u00e6d fr\u00e5 stasjonshingstane skal oppstallast ved NFHS i insemineringsperioden:<\/strong><\/p>\n<p><strong>Generell gynekologisk unders\u00f8king med p\u00e5f\u00f8lgjande inseminering kr 3600,- + mva.<\/strong><strong>\u00a0<\/strong><br \/>\nPrisen inkluderer forbruksmateriell til ordin\u00e6r gynekologisk unders\u00f8king.<br \/>\nPrisen inkluderer bruk av ultralydapparat.<br \/>\nPrisen inkluderer unders\u00f8kingar for 3 brunstar.<br \/>\nEv.spesielle unders\u00f8kingar, behandlingar, operasjonar og medisinar kjem i tillegg\u00a0 og desse fakturerast av veterin\u00e6r.<\/p>\n<p>Hingstane vert tappa tre dagar for veka, m\u00e5ndag, onsdag og fredag. For bestilling av s\u00e6d m\u00e5 vi ha beskjed seinast kl. 09.00 same dagen som hingstane skal tappast.<\/p>\n<p><strong>Oppstalling kr. 125\/dag + mva.<\/strong><\/p>\n<p><strong>Stasjonsavgift andre raser: Kr 1.000,- + mva.<\/strong><\/p>\n<p>For n\u00e6rare informasjon ta kontakt med AS Norsk Fjordhestsenter, tlf. 57 86 48 00,<br \/>\nAsle Espe, tel. 480 38\u00a0338.<\/p>\n<p>&nbsp;<\/p>\n<p>[\/et_pb_text][\/et_pb_column][\/et_pb_row][\/et_pb_section]<\/p>\n","protected":false},"excerpt":{"rendered":"<p>Prisar 2017 Fastsetting av prisar: Fast pris per hoppe (3 brunstar) for avlssesongen 2017. Perioden vi har avlshingst er fr\u00e5 10.05 \u2013 15.07.2017 S\u00e6davgift, tapping, fortynning, forpakning kr 2900,- + mva. Sending etter faktisk kostnad. Prisen inkluderer ei sending pr. brunst, ev. fleire sendingar p\u00e5 same brunst, men totalt\u00a03 sendingar inng\u00e5r i prisen. Hopper som [&hellip;]<\/p>\n","protected":false},"author":4,"featured_media":0,"parent":1085,"menu_order":0,"comment_status":"closed","ping_status":"closed","template":"","meta":{"_et_pb_use_builder":"on","_et_pb_old_content":"<p><strong>Fast pris per hoppe (3 brunstar) for avlssesongen 2016.<br \/> <\/strong><em>Perioden vi har avlshingst er fr\u00e5 10.05 \u2013 10.07.2016<\/em><\/p><p><strong>S\u00e6davgift, tapping, fortynning, forpakning kr 2800,- + mva.<\/strong><br \/> Sending etter faktisk kostnad.<br \/> Prisen inkluderer ei sending pr. brunst, ev. fleire sendingar p\u00e5 same brunst, men totalt\u00a03 sendingar inng\u00e5r i prisen.<\/p><p><strong>Hopper som inseminerast p\u00e5 stasjonen med s\u00e6d fr\u00e5 stasjonshingstane skal oppstallast ved NFHS i insemineringsperioden:<\/strong><\/p><p><strong>Generell gynekologisk unders\u00f8king med p\u00e5f\u00f8lgjande inseminering kr 3500,- + mva.<\/strong><strong>\u00a0<\/strong><br \/> Prisen inkluderer forbruksmateriell til ordin\u00e6r gynekologisk unders\u00f8king.<br \/> Prisen inkluderer bruk av ultralydapparat.<br \/> Prisen inkluderer unders\u00f8kingar for 3 brunstar.<br \/> Ev.spesielle unders\u00f8kingar, behandlingar, operasjonar og medisinar kjem i tillegg\u00a0 og desse fakturerast av veterin\u00e6r.<\/p><p>Hingstane vert tappa tre dagar for veka, m\u00e5ndag, onsdag og fredag. For bestilling av s\u00e6d m\u00e5 vi ha beskjed seinast kl. 09.00 same dagen som hingstane skal tappast.<\/p><p><strong>Oppstalling kr. 100\/dag + mva.<\/strong><\/p><p><strong>Stasjonsavgift andre raser: Kr 1.000,- + mva.<br \/> <\/strong><\/p><p>For n\u00e6rare informasjon ta kontakt med AS Norsk Fjordhestsenter, tlf. 57 86 48 00,<br \/> Asle Espe, tel. 480 38\u00a0338.<\/p><p>\u00a0<\/p>","_et_gb_content_width":"","_exactmetrics_skip_tracking":false,"_exactmetrics_sitenote_active":false,"_exactmetrics_sitenote_note":"","_exactmetrics_sitenote_category":0,"footnotes":""},"class_list":["post-1642","page","type-page","status-publish","hentry"],"_links":{"self":[{"href":"https:\/\/fjordhest.net\/blogg\/wp-json\/wp\/v2\/pages\/1642","targetHints":{"allow":["GET"]}}],"collection":[{"href":"https:\/\/fjordhest.net\/blogg\/wp-json\/wp\/v2\/pages"}],"about":[{"href":"https:\/\/fjordhest.net\/blogg\/wp-json\/wp\/v2\/types\/page"}],"author":[{"embeddable":true,"href":"https:\/\/fjordhest.net\/blogg\/wp-json\/wp\/v2\/users\/4"}],"replies":[{"embeddable":true,"href":"https:\/\/fjordhest.net\/blogg\/wp-json\/wp\/v2\/comments?post=1642"}],"version-history":[{"count":4,"href":"https:\/\/fjordhest.net\/blogg\/wp-json\/wp\/v2\/pages\/1642\/revisions"}],"predecessor-version":[{"id":2749,"href":"https:\/\/fjordhest.net\/blogg\/wp-json\/wp\/v2\/pages\/1642\/revisions\/2749"}],"up":[{"embeddable":true,"href":"https:\/\/fjordhest.net\/blogg\/wp-json\/wp\/v2\/pages\/1085"}],"wp:attachment":[{"href":"https:\/\/fjordhest.net\/blogg\/wp-json\/wp\/v2\/media?parent=1642"}],"curies":[{"name":"wp","href":"https:\/\/api.w.org\/{rel}","templated":true}]}}