{"id":1644,"date":"2016-05-08T12:03:06","date_gmt":"2016-05-08T10:03:06","guid":{"rendered":"http:\/\/fjordhest.net\/blogg\/?page_id=1644"},"modified":"2017-05-16T17:16:32","modified_gmt":"2017-05-16T15:16:32","slug":"seminhingstar-ved-norsk-fjordhestsenter-2017","status":"publish","type":"page","link":"https:\/\/fjordhest.net\/blogg\/norsk-fjordhestsenter\/semin-norsk-fjordhestsenter\/seminhingstar-ved-norsk-fjordhestsenter-2017\/","title":{"rendered":"Seminhingstar ved Norsk Fjordhestsenter 2017"},"content":{"rendered":"<p>[et_social_share_media][\/et_social_share_media]<\/p>\n<p><strong>Heggnes Balder<\/strong><\/p>\n<p>Heggnes Balder er ein 3 \u00e5ring som var av dei beste nyk\u00e5ra hingstane p\u00e5 \u00e5rets utstilling. Han blir i v\u00e5rstasjon p\u00e5 seminstasjonen til over jonsok. Deretter skal han g\u00e5 i slepp p\u00e5 Nordm\u00f8re.<\/p>\n<p>Det er ein vakker lettbygd hingst med godt fjordhestpreg. P\u00e5 utstillinga viste han flotte r\u00f8rsler og av la ei god brukspr\u00f8ve . Lynne og handterbarheit er sv\u00e6rt godt, og han var einaste hingst som fekk 10 poeng fr\u00e5 veterin\u00e6r p\u00e5 det. Han er av ein stamme som er interessann, og der mange av individa er lite brukt.<\/p>\n<p><a href=\"http:\/\/www.nhest.no\/Andre-elementer\/Sok-etter-hestkusklop\/Sok-etter-hest\/?search=Heggnes+Balder\">Her finn du\u00a0info om stamme og bed\u00f8mming<\/a>.<\/p>\n<p><img loading=\"lazy\" decoding=\"async\" class=\"size-medium wp-image-3235 aligncenter\" src=\"http:\/\/fjordhest.net\/blogg\/wp-content\/uploads\/2016\/05\/Heggnes-Balder-2-500x334.jpg\" alt=\"\" width=\"500\" height=\"334\" srcset=\"https:\/\/fjordhest.net\/blogg\/wp-content\/uploads\/2016\/05\/Heggnes-Balder-2-500x334.jpg 500w, https:\/\/fjordhest.net\/blogg\/wp-content\/uploads\/2016\/05\/Heggnes-Balder-2-750x501.jpg 750w, https:\/\/fjordhest.net\/blogg\/wp-content\/uploads\/2016\/05\/Heggnes-Balder-2-610x407.jpg 610w, https:\/\/fjordhest.net\/blogg\/wp-content\/uploads\/2016\/05\/Heggnes-Balder-2-1080x721.jpg 1080w\" sizes=\"auto, (max-width: 500px) 100vw, 500px\" \/><\/p>\n<p><strong>Fjell Finn<\/strong><\/p>\n<p>Den andre hingsten v\u00e5r er seks \u00e5r gamle Fjell Finn. Den er etter Kuling og Nidarosa og vart spiss i klassa som utf\u00f8rte utvida brukspr\u00f8ve i 2016. Det er ein sv\u00e6rt rasetypisk hingst med fantastisk utstr\u00e5ling. Vakkert hovud. Eit godt eksteri\u00f8r og gode brukseigenskapar. Alle 9 \u00e5ringane etter han vart stilt i kvalitet p\u00e5 unghestskuet p\u00e5 Breim.<\/p>\n<p><a href=\"http:\/\/www.nhest.no\/Andre-elementer\/Sok-etter-hestkusklop\/Sok-etter-hest\/?modus=2&amp;rase=0&amp;search=fjell+finn\">Her finn du info om stamme og bed\u00f8mming<\/a>.<\/p>\n<p>Fjell Finn skal vere i v\u00e5rstasjon p\u00e5 seminstasjonen til i slutten av juni, og vil vere i slepp i Hallingdal etter det. Dette er trulig siste avlssesongen hans i Norge, d\u00e5 det er interesse fr\u00e5 utlandet p\u00e5 kj\u00f8p.<\/p>\n<p><img loading=\"lazy\" decoding=\"async\" class=\"aligncenter size-medium wp-image-2743\" src=\"http:\/\/fjordhest.net\/blogg\/wp-content\/uploads\/2016\/05\/Fjell-finn-premie-500x736.jpg\" alt=\"\" width=\"500\" height=\"736\" srcset=\"https:\/\/fjordhest.net\/blogg\/wp-content\/uploads\/2016\/05\/Fjell-finn-premie-500x736.jpg 500w, https:\/\/fjordhest.net\/blogg\/wp-content\/uploads\/2016\/05\/Fjell-finn-premie-610x898.jpg 610w, https:\/\/fjordhest.net\/blogg\/wp-content\/uploads\/2016\/05\/Fjell-finn-premie.jpg 652w\" sizes=\"auto, (max-width: 500px) 100vw, 500px\" \/><\/p>\n<p><img loading=\"lazy\" decoding=\"async\" class=\"aligncenter size-medium wp-image-1674\" src=\"http:\/\/fjordhest.net\/blogg\/wp-content\/uploads\/2016\/05\/IMG_1736-500x326.jpg\" alt=\"\" width=\"500\" height=\"326\" srcset=\"https:\/\/fjordhest.net\/blogg\/wp-content\/uploads\/2016\/05\/IMG_1736-500x326.jpg 500w, https:\/\/fjordhest.net\/blogg\/wp-content\/uploads\/2016\/05\/IMG_1736-768x501.jpg 768w, https:\/\/fjordhest.net\/blogg\/wp-content\/uploads\/2016\/05\/IMG_1736-1024x667.jpg 1024w, https:\/\/fjordhest.net\/blogg\/wp-content\/uploads\/2016\/05\/IMG_1736-610x398.jpg 610w, https:\/\/fjordhest.net\/blogg\/wp-content\/uploads\/2016\/05\/IMG_1736-1080x704.jpg 1080w\" sizes=\"auto, (max-width: 500px) 100vw, 500px\" \/><\/p>\n<p>&nbsp;<\/p>\n","protected":false},"excerpt":{"rendered":"<p>[et_social_share_media][\/et_social_share_media] Heggnes Balder Heggnes Balder er ein 3 \u00e5ring som var av dei beste nyk\u00e5ra hingstane p\u00e5 \u00e5rets utstilling. Han blir i v\u00e5rstasjon p\u00e5 seminstasjonen til over jonsok. Deretter skal han g\u00e5 i slepp p\u00e5 Nordm\u00f8re. Det er ein vakker lettbygd hingst med godt fjordhestpreg. P\u00e5 utstillinga viste han flotte r\u00f8rsler og av la ei [&hellip;]<\/p>\n","protected":false},"author":4,"featured_media":0,"parent":1085,"menu_order":0,"comment_status":"closed","ping_status":"closed","template":"","meta":{"_et_pb_use_builder":"","_et_pb_old_content":"","_et_gb_content_width":"","_exactmetrics_skip_tracking":false,"_exactmetrics_sitenote_active":false,"_exactmetrics_sitenote_note":"","_exactmetrics_sitenote_category":0,"footnotes":""},"class_list":["post-1644","page","type-page","status-publish","hentry"],"_links":{"self":[{"href":"https:\/\/fjordhest.net\/blogg\/wp-json\/wp\/v2\/pages\/1644","targetHints":{"allow":["GET"]}}],"collection":[{"href":"https:\/\/fjordhest.net\/blogg\/wp-json\/wp\/v2\/pages"}],"about":[{"href":"https:\/\/fjordhest.net\/blogg\/wp-json\/wp\/v2\/types\/page"}],"author":[{"embeddable":true,"href":"https:\/\/fjordhest.net\/blogg\/wp-json\/wp\/v2\/users\/4"}],"replies":[{"embeddable":true,"href":"https:\/\/fjordhest.net\/blogg\/wp-json\/wp\/v2\/comments?post=1644"}],"version-history":[{"count":11,"href":"https:\/\/fjordhest.net\/blogg\/wp-json\/wp\/v2\/pages\/1644\/revisions"}],"predecessor-version":[{"id":3238,"href":"https:\/\/fjordhest.net\/blogg\/wp-json\/wp\/v2\/pages\/1644\/revisions\/3238"}],"up":[{"embeddable":true,"href":"https:\/\/fjordhest.net\/blogg\/wp-json\/wp\/v2\/pages\/1085"}],"wp:attachment":[{"href":"https:\/\/fjordhest.net\/blogg\/wp-json\/wp\/v2\/media?parent=1644"}],"curies":[{"name":"wp","href":"https:\/\/api.w.org\/{rel}","templated":true}]}}