{"id":171,"date":"2014-03-27T15:08:04","date_gmt":"2014-03-27T14:08:04","guid":{"rendered":"http:\/\/fjordhest.net\/blogg\/?page_id=171"},"modified":"2016-10-24T11:18:29","modified_gmt":"2016-10-24T09:18:29","slug":"arsmeldinger","status":"publish","type":"page","link":"https:\/\/fjordhest.net\/blogg\/norges-fjordhestlag\/arsmeldinger\/","title":{"rendered":"\u00c5rsmeldinger"},"content":{"rendered":"<p>[et_pb_section admin_label=&raquo;section&raquo; fullwidth=&raquo;on&raquo; background_color=&raquo;#ddc8a6&#8243; inner_shadow=&raquo;off&raquo; parallax=&raquo;off&raquo; transparent_background=&raquo;off&raquo; parallax_method=&raquo;off&raquo;][et_pb_fullwidth_header admin_label=&raquo;Fullwidth Header&raquo; title=&raquo;Norges fjordhestlag&raquo; subhead=&raquo;- stiftet i 1949, og arbeider for avl og bruk av fjordhest. &raquo; background_layout=&raquo;dark&raquo; text_orientation=&raquo;center&raquo; header_fullscreen=&raquo;off&raquo; header_scroll_down=&raquo;off&raquo; parallax=&raquo;off&raquo; parallax_method=&raquo;off&raquo; content_orientation=&raquo;center&raquo; image_orientation=&raquo;center&raquo; custom_button_one=&raquo;off&raquo; button_one_letter_spacing=&raquo;0&#8243; button_one_use_icon=&raquo;default&raquo; button_one_icon_placement=&raquo;right&raquo; button_one_on_hover=&raquo;on&raquo; button_one_letter_spacing_hover=&raquo;0&#8243; custom_button_two=&raquo;off&raquo; button_two_letter_spacing=&raquo;0&#8243; button_two_use_icon=&raquo;default&raquo; button_two_icon_placement=&raquo;right&raquo; button_two_on_hover=&raquo;on&raquo; button_two_letter_spacing_hover=&raquo;0&#8243;]<\/p>\n<p>[\/et_pb_fullwidth_header][et_pb_fullwidth_menu admin_label=&raquo;Norges fjordhestlag meny&raquo; menu_id=&raquo;11&#8243; background_color=&raquo;#ffffff&raquo; background_layout=&raquo;light&raquo; text_orientation=&raquo;center&raquo; submenu_direction=&raquo;downwards&raquo; fullwidth_menu=&raquo;off&raquo; dropdown_menu_animation=&raquo;fade&raquo;]<\/p>\n<p>[\/et_pb_fullwidth_menu][\/et_pb_section][et_pb_section admin_label=&raquo;section&raquo;][et_pb_row admin_label=&raquo;row&raquo;][et_pb_column type=&raquo;3_4&#8243;][et_pb_text admin_label=&raquo;Text&raquo; background_layout=&raquo;light&raquo; text_orientation=&raquo;left&raquo;]<\/p>\n<table border=\"0\" cellspacing=\"5\" align=\"center\">\n<tbody>\n<tr>\n<td align=\"center\" valign=\"top\"><a href=\"http:\/\/www.fjordhest.no\/dokumenter\/12arsmeld.pdf\" target=\"_blank\"><img loading=\"lazy\" decoding=\"async\" src=\"http:\/\/www.fjordhest.no\/dokumenter\/12arsmeld.jpg\" alt=\"\" width=\"72\" height=\"102\" border=\"0\" \/><\/a><\/td>\n<td align=\"center\" valign=\"top\"><a href=\"http:\/\/www.fjordhest.no\/dokumenter\/11arsmeld.pdf\" target=\"_blank\"><img loading=\"lazy\" decoding=\"async\" src=\"http:\/\/www.fjordhest.no\/dokumenter\/11arsmeld.jpg\" alt=\"\" width=\"72\" height=\"102\" border=\"0\" \/><\/a><\/td>\n<td align=\"center\" valign=\"top\"><a href=\"http:\/\/www.fjordhest.no\/dokumenter\/10arsmeld.pdf\" target=\"_blank\"><img loading=\"lazy\" decoding=\"async\" src=\"http:\/\/www.fjordhest.no\/dokumenter\/10arsmeld.jpg\" alt=\"\" width=\"72\" height=\"102\" border=\"0\" \/><\/a><\/td>\n<td align=\"center\" valign=\"top\"><a href=\"http:\/\/www.fjordhest.no\/dokumenter\/09arsmeld.pdf\" target=\"_blank\"><img loading=\"lazy\" decoding=\"async\" src=\"http:\/\/www.fjordhest.no\/dokumenter\/09arsmeld.jpg\" alt=\"\" width=\"72\" height=\"102\" border=\"0\" \/><\/a><\/td>\n<\/tr>\n<tr>\n<td align=\"center\" valign=\"top\"><a href=\"http:\/\/www.fjordhest.no\/dokumenter\/12arsmeld.pdf\" target=\"_blank\">\u00c5rsmeldinga for 2012<br \/>\ni pdf-format<br \/>\n1,3 MB<\/a><\/td>\n<td align=\"center\" valign=\"top\"><a href=\"http:\/\/www.fjordhest.no\/dokumenter\/11arsmeld.pdf\" target=\"_blank\">\u00c5rsmeldinga for 2011<br \/>\ni pdf-format<br \/>\n1,6 MB<\/a><\/td>\n<td align=\"center\" valign=\"top\"><a href=\"http:\/\/www.fjordhest.no\/dokumenter\/10arsmeld.pdf\" target=\"_blank\">\u00c5rsmeldinga for 2010<br \/>\ni pdf-format<br \/>\n1,3 MB<\/a><\/td>\n<td align=\"center\" valign=\"top\"><a href=\"http:\/\/www.fjordhest.no\/dokumenter\/09arsmeld.pdf\" target=\"_blank\">\u00c5rsmeldinga for 2009<br \/>\ni pdf-format<br \/>\n1,3 MB<\/a><\/td>\n<\/tr>\n<tr>\n<td align=\"center\" valign=\"top\"><a href=\"http:\/\/www.fjordhest.no\/dokumenter\/08arsmeld.pdf\" target=\"_blank\"><img decoding=\"async\" src=\"http:\/\/www.fjordhest.no\/dokumenter\/08arsmeld.jpg\" alt=\"\" border=\"0\" \/><\/a><\/td>\n<td align=\"center\" valign=\"top\"><a href=\"http:\/\/www.fjordhest.no\/dokumenter\/07arsmeld.pdf\" target=\"_blank\"><img loading=\"lazy\" decoding=\"async\" src=\"http:\/\/www.fjordhest.no\/dokumenter\/07arsmeld.jpg\" alt=\"\" width=\"72\" height=\"102\" border=\"0\" \/><\/a><\/td>\n<td align=\"center\" valign=\"top\"><a href=\"http:\/\/www.fjordhest.no\/dokumenter\/06arsmeld.pdf\" target=\"_blank\"><img loading=\"lazy\" decoding=\"async\" src=\"http:\/\/www.fjordhest.no\/dokumenter\/06arsmeld.jpg\" alt=\"\" width=\"72\" height=\"102\" border=\"0\" \/><\/a><\/td>\n<td align=\"center\" valign=\"top\"><a href=\"http:\/\/www.fjordhest.no\/dokumenter\/05arsmeld.pdf\" target=\"_blank\"><img loading=\"lazy\" decoding=\"async\" src=\"http:\/\/www.fjordhest.no\/dokumenter\/05arsmeld.jpg\" alt=\"\" width=\"72\" height=\"102\" border=\"0\" \/><\/a><\/td>\n<\/tr>\n<tr>\n<td align=\"center\" valign=\"top\"><a href=\"http:\/\/www.fjordhest.no\/dokumenter\/08arsmeld.pdf\" target=\"_blank\">\u00c5rsmeldinga for 2008<br \/>\ni pdf-format<br \/>\n3,3 MB<\/a><\/td>\n<td align=\"center\" valign=\"top\"><a href=\"http:\/\/www.fjordhest.no\/dokumenter\/07arsmeld.pdf\" target=\"_blank\">\u00c5rsmeldinga for 2007<br \/>\ni pdf-format<br \/>\n2,2 MB<\/a><a href=\"http:\/\/www.fjordhest.no\/dokumenter\/06arsmeld.pdf\" target=\"_blank\"><br \/>\n<\/a><\/td>\n<td align=\"center\" valign=\"top\"><a href=\"http:\/\/www.fjordhest.no\/dokumenter\/06arsmeld.pdf\" target=\"_blank\">\u00c5rsmeldinga for 2006<br \/>\ni pdf-format<br \/>\n2,5 MB<\/a><a href=\"http:\/\/www.fjordhest.no\/dokumenter\/05arsmeld.pdf\" target=\"_blank\"><br \/>\n<\/a><\/td>\n<td align=\"center\" valign=\"top\"><a href=\"http:\/\/www.fjordhest.no\/dokumenter\/05arsmeld.pdf\" target=\"_blank\">\u00c5rsmeldinga for 2005<br \/>\ni pdf-format<br \/>\n2,6 MB<\/a><\/td>\n<\/tr>\n<tr>\n<td align=\"center\" valign=\"top\"><a href=\"http:\/\/www.fjordhest.no\/dokumenter\/04arsmeld.pdf\" target=\"_blank\"><img loading=\"lazy\" decoding=\"async\" src=\"http:\/\/www.fjordhest.no\/dokumenter\/04arsmeld.jpg\" alt=\"\" width=\"72\" height=\"102\" border=\"0\" \/><\/a><\/td>\n<td align=\"center\" valign=\"top\"><a href=\"http:\/\/www.fjordhest.no\/dokumenter\/03arsmeld.pdf\" target=\"_blank\"><img loading=\"lazy\" decoding=\"async\" src=\"http:\/\/www.fjordhest.no\/dokumenter\/03arsmeld.jpg\" alt=\"\" width=\"72\" height=\"102\" border=\"0\" \/><\/a><\/td>\n<td align=\"center\" valign=\"top\">\u00a0<a href=\"http:\/\/www.fjordhest.no\/dokumenter\/02arsmeld.pdf\" target=\"_blank\"><img loading=\"lazy\" decoding=\"async\" src=\"http:\/\/www.fjordhest.no\/dokumenter\/02arsmeld.jpg\" alt=\"\" width=\"73\" height=\"102\" border=\"0\" \/><\/a><\/td>\n<td align=\"center\" valign=\"top\">\u00a0<a href=\"http:\/\/www.fjordhest.no\/dokumenter\/01arsmeld.pdf\" target=\"_blank\"><img loading=\"lazy\" decoding=\"async\" src=\"http:\/\/www.fjordhest.no\/dokumenter\/01arsmeld.jpg\" alt=\"\" width=\"72\" height=\"102\" border=\"0\" \/><\/a><\/td>\n<\/tr>\n<tr>\n<td align=\"center\" valign=\"top\"><a href=\"http:\/\/www.fjordhest.no\/dokumenter\/04arsmeld.pdf\" target=\"_blank\">\u00c5rsmeldinga for 2004<br \/>\ni pdf-format<br \/>\n1,5 MB<\/a><\/td>\n<td align=\"center\" valign=\"top\"><a href=\"http:\/\/www.fjordhest.no\/dokumenter\/03arsmeld.pdf\" target=\"_blank\">\u00c5rsmeldinga for 2003<br \/>\ni pdf-format<br \/>\n1,6 MB<br \/>\n<\/a><\/td>\n<td align=\"center\" valign=\"top\"><a href=\"http:\/\/www.fjordhest.no\/dokumenter\/02arsmeld.pdf\" target=\"_blank\">\u00c5rsmeldinga for 2002<br \/>\ni pdf-format<br \/>\n1,9 MB<br \/>\n<\/a><\/td>\n<td align=\"center\" valign=\"top\"><a href=\"http:\/\/www.fjordhest.no\/dokumenter\/01arsmeld.pdf\" target=\"_blank\">\u00c5rsmeldinga for 2001<br \/>\ni pdf-format<br \/>\n893 kb<\/a><\/td>\n<\/tr>\n<\/tbody>\n<\/table>\n<p>&nbsp;<\/p>\n<p>[\/et_pb_text][\/et_pb_column][et_pb_column type=&raquo;1_4&#8243;][et_pb_sidebar admin_label=&raquo;Sidebar&raquo; orientation=&raquo;right&raquo; area=&raquo;sidebar-1&#8243; background_layout=&raquo;light&raquo; remove_border=&raquo;off&raquo;]<\/p>\n<p>[\/et_pb_sidebar][\/et_pb_column][\/et_pb_row][\/et_pb_section][et_pb_section admin_label=&raquo;section&raquo; fullwidth=&raquo;on&raquo; background_color=&raquo;#ddb67c&raquo; inner_shadow=&raquo;off&raquo; parallax=&raquo;off&raquo;][\/et_pb_section]<\/p>\n","protected":false},"excerpt":{"rendered":"<p>\u00c5rsmeldinga for 2012 i pdf-format 1,3 MB \u00c5rsmeldinga for 2011 i pdf-format 1,6 MB \u00c5rsmeldinga for 2010 i pdf-format 1,3 MB \u00c5rsmeldinga for 2009 i pdf-format 1,3 MB \u00c5rsmeldinga for 2008 i pdf-format 3,3 MB \u00c5rsmeldinga for 2007 i pdf-format 2,2 MB \u00c5rsmeldinga for 2006 i pdf-format 2,5 MB \u00c5rsmeldinga for 2005 i pdf-format 2,6 [&hellip;]<\/p>\n","protected":false},"author":1,"featured_media":0,"parent":151,"menu_order":0,"comment_status":"open","ping_status":"open","template":"","meta":{"_et_pb_use_builder":"on","_et_pb_old_content":"<table border=\"0\" cellspacing=\"5\" align=\"center\"><tbody><tr><td align=\"center\" valign=\"top\"><a href=\"http:\/\/www.fjordhest.no\/dokumenter\/12arsmeld.pdf\" target=\"_blank\"><img src=\"http:\/\/www.fjordhest.no\/dokumenter\/12arsmeld.jpg\" alt=\"\" width=\"72\" height=\"102\" border=\"0\" \/><\/a><\/td><td align=\"center\" valign=\"top\"><a href=\"http:\/\/www.fjordhest.no\/dokumenter\/11arsmeld.pdf\" target=\"_blank\"><img src=\"http:\/\/www.fjordhest.no\/dokumenter\/11arsmeld.jpg\" alt=\"\" width=\"72\" height=\"102\" border=\"0\" \/><\/a><\/td><td align=\"center\" valign=\"top\"><a href=\"http:\/\/www.fjordhest.no\/dokumenter\/10arsmeld.pdf\" target=\"_blank\"><img src=\"http:\/\/www.fjordhest.no\/dokumenter\/10arsmeld.jpg\" alt=\"\" width=\"72\" height=\"102\" border=\"0\" \/><\/a><\/td><td align=\"center\" valign=\"top\"><a href=\"http:\/\/www.fjordhest.no\/dokumenter\/09arsmeld.pdf\" target=\"_blank\"><img src=\"http:\/\/www.fjordhest.no\/dokumenter\/09arsmeld.jpg\" alt=\"\" width=\"72\" height=\"102\" border=\"0\" \/><\/a><\/td><\/tr><tr><td align=\"center\" valign=\"top\"><a href=\"http:\/\/www.fjordhest.no\/dokumenter\/12arsmeld.pdf\" target=\"_blank\">\u00c5rsmeldinga<br \/> for 2012<br \/> i pdf-format<br \/> 1,3 MB<\/a><\/td><td align=\"center\" valign=\"top\"><a href=\"http:\/\/www.fjordhest.no\/dokumenter\/11arsmeld.pdf\" target=\"_blank\">\u00c5rsmeldinga<br \/> for 2011<br \/> i pdf-format<br \/> 1,6 MB<\/a><\/td><td align=\"center\" valign=\"top\"><a href=\"http:\/\/www.fjordhest.no\/dokumenter\/10arsmeld.pdf\" target=\"_blank\">\u00c5rsmeldinga<br \/> for 2010<br \/> i pdf-format<br \/> 1,3 MB<\/a><\/td><td align=\"center\" valign=\"top\"><a href=\"http:\/\/www.fjordhest.no\/dokumenter\/09arsmeld.pdf\" target=\"_blank\">\u00c5rsmeldinga<br \/> for 2009<br \/> i pdf-format<br \/> 1,3 MB<\/a><\/td><\/tr><tr><td align=\"center\" valign=\"top\"><a href=\"http:\/\/www.fjordhest.no\/dokumenter\/08arsmeld.pdf\" target=\"_blank\"><img src=\"http:\/\/www.fjordhest.no\/dokumenter\/08arsmeld.jpg\" alt=\"\" border=\"0\" \/><\/a><\/td><td align=\"center\" valign=\"top\"><a href=\"http:\/\/www.fjordhest.no\/dokumenter\/07arsmeld.pdf\" target=\"_blank\"><img src=\"http:\/\/www.fjordhest.no\/dokumenter\/07arsmeld.jpg\" alt=\"\" width=\"72\" height=\"102\" border=\"0\" \/><\/a><\/td><td align=\"center\" valign=\"top\"><a href=\"http:\/\/www.fjordhest.no\/dokumenter\/06arsmeld.pdf\" target=\"_blank\"><img src=\"http:\/\/www.fjordhest.no\/dokumenter\/06arsmeld.jpg\" alt=\"\" width=\"72\" height=\"102\" border=\"0\" \/><\/a><\/td><td align=\"center\" valign=\"top\"><a href=\"http:\/\/www.fjordhest.no\/dokumenter\/05arsmeld.pdf\" target=\"_blank\"><img src=\"http:\/\/www.fjordhest.no\/dokumenter\/05arsmeld.jpg\" alt=\"\" width=\"72\" height=\"102\" border=\"0\" \/><\/a><\/td><\/tr><tr><td align=\"center\" valign=\"top\"><a href=\"http:\/\/www.fjordhest.no\/dokumenter\/08arsmeld.pdf\" target=\"_blank\">\u00c5rsmeldinga<br \/> for 2008<br \/> i pdf-format<br \/> 3,3 MB<\/a><\/td><td align=\"center\" valign=\"top\"><a href=\"http:\/\/www.fjordhest.no\/dokumenter\/07arsmeld.pdf\" target=\"_blank\">\u00c5rsmeldinga<br \/> for 2007<br \/> i pdf-format<br \/> 2,2 MB<\/a><div>\u00a0<\/div><\/td><td align=\"center\" valign=\"top\"><a href=\"http:\/\/www.fjordhest.no\/dokumenter\/06arsmeld.pdf\" target=\"_blank\">\u00c5rsmeldinga<br \/> for 2006<br \/> i pdf-format<br \/> 2,5 MB<\/a><div>\u00a0<\/div><\/td><td align=\"center\" valign=\"top\"><a href=\"http:\/\/www.fjordhest.no\/dokumenter\/05arsmeld.pdf\" target=\"_blank\">\u00c5rsmeldinga<br \/> for 2005<br \/> i pdf-format<br \/> 2,6 MB<\/a><\/td><\/tr><tr><td align=\"center\" valign=\"top\"><a href=\"http:\/\/www.fjordhest.no\/dokumenter\/04arsmeld.pdf\" target=\"_blank\"><img src=\"http:\/\/www.fjordhest.no\/dokumenter\/04arsmeld.jpg\" alt=\"\" width=\"72\" height=\"102\" border=\"0\" \/><\/a><\/td><td align=\"center\" valign=\"top\"><a href=\"http:\/\/www.fjordhest.no\/dokumenter\/03arsmeld.pdf\" target=\"_blank\"><img src=\"http:\/\/www.fjordhest.no\/dokumenter\/03arsmeld.jpg\" alt=\"\" width=\"72\" height=\"102\" border=\"0\" \/><\/a><\/td><td align=\"center\" valign=\"top\">\u00a0<a href=\"http:\/\/www.fjordhest.no\/dokumenter\/02arsmeld.pdf\" target=\"_blank\"><img src=\"http:\/\/www.fjordhest.no\/dokumenter\/02arsmeld.jpg\" alt=\"\" width=\"73\" height=\"102\" border=\"0\" \/><\/a><\/td><td align=\"center\" valign=\"top\">\u00a0<a href=\"http:\/\/www.fjordhest.no\/dokumenter\/01arsmeld.pdf\" target=\"_blank\"><img src=\"http:\/\/www.fjordhest.no\/dokumenter\/01arsmeld.jpg\" alt=\"\" width=\"72\" height=\"102\" border=\"0\" \/><\/a><\/td><\/tr><tr><td align=\"center\" valign=\"top\"><a href=\"http:\/\/www.fjordhest.no\/dokumenter\/04arsmeld.pdf\" target=\"_blank\">\u00c5rsmeldinga<br \/> for 2004<br \/> i pdf-format<br \/> 1,5 MB<\/a><\/td><td align=\"center\" valign=\"top\"><a href=\"http:\/\/www.fjordhest.no\/dokumenter\/03arsmeld.pdf\" target=\"_blank\">\u00c5rsmeldinga<br \/> for 2003<br \/> i pdf-format<br \/> 1,6 MB<\/a>\u00a0<\/td><td align=\"center\" valign=\"top\"><a href=\"http:\/\/www.fjordhest.no\/dokumenter\/02arsmeld.pdf\" target=\"_blank\">\u00c5rsmeldinga<br \/> for 2002<br \/> i pdf-format<br \/> 1,9 MB<\/a>\u00a0<\/td><td align=\"center\" valign=\"top\"><a href=\"http:\/\/www.fjordhest.no\/dokumenter\/01arsmeld.pdf\" target=\"_blank\">\u00c5rsmeldinga<br \/> for 2001<br \/> i pdf-format<br \/> 893 kb<\/a><\/td><\/tr><\/tbody><\/table><p>\u00a0<\/p>","_et_gb_content_width":"","_exactmetrics_skip_tracking":false,"_exactmetrics_sitenote_active":false,"_exactmetrics_sitenote_note":"","_exactmetrics_sitenote_category":0,"footnotes":""},"class_list":["post-171","page","type-page","status-publish","hentry"],"_links":{"self":[{"href":"https:\/\/fjordhest.net\/blogg\/wp-json\/wp\/v2\/pages\/171","targetHints":{"allow":["GET"]}}],"collection":[{"href":"https:\/\/fjordhest.net\/blogg\/wp-json\/wp\/v2\/pages"}],"about":[{"href":"https:\/\/fjordhest.net\/blogg\/wp-json\/wp\/v2\/types\/page"}],"author":[{"embeddable":true,"href":"https:\/\/fjordhest.net\/blogg\/wp-json\/wp\/v2\/users\/1"}],"replies":[{"embeddable":true,"href":"https:\/\/fjordhest.net\/blogg\/wp-json\/wp\/v2\/comments?post=171"}],"version-history":[{"count":10,"href":"https:\/\/fjordhest.net\/blogg\/wp-json\/wp\/v2\/pages\/171\/revisions"}],"predecessor-version":[{"id":367,"href":"https:\/\/fjordhest.net\/blogg\/wp-json\/wp\/v2\/pages\/171\/revisions\/367"}],"up":[{"embeddable":true,"href":"https:\/\/fjordhest.net\/blogg\/wp-json\/wp\/v2\/pages\/151"}],"wp:attachment":[{"href":"https:\/\/fjordhest.net\/blogg\/wp-json\/wp\/v2\/media?parent=171"}],"curies":[{"name":"wp","href":"https:\/\/api.w.org\/{rel}","templated":true}]}}