{"id":178,"date":"2014-03-27T15:14:50","date_gmt":"2014-03-27T14:14:50","guid":{"rendered":"http:\/\/fjordhest.net\/blogg\/?page_id=178"},"modified":"2024-03-16T19:26:35","modified_gmt":"2024-03-16T18:26:35","slug":"medlemsbladet","status":"publish","type":"page","link":"https:\/\/fjordhest.net\/blogg\/norges-fjordhestlag\/medlemsbladet\/","title":{"rendered":"Medlemsbladet"},"content":{"rendered":"<p>[et_pb_section fb_built=&raquo;1&#8243; fullwidth=&raquo;on&raquo; admin_label=&raquo;section&raquo; _builder_version=&raquo;4.16&#8243; background_color=&raquo;#ddc8a6&#8243; transparent_background=&raquo;off&raquo; global_colors_info=&raquo;{}&raquo;][\/et_pb_section][et_pb_section fb_built=&raquo;1&#8243; admin_label=&raquo;section&raquo; _builder_version=&raquo;4.16&#8243; global_colors_info=&raquo;{}&raquo;][et_pb_row column_structure=&raquo;3_4,1_4&#8243; admin_label=&raquo;row&raquo; _builder_version=&raquo;4.16&#8243; background_size=&raquo;initial&raquo; background_position=&raquo;top_left&raquo; background_repeat=&raquo;repeat&raquo; global_colors_info=&raquo;{}&raquo;][et_pb_column type=&raquo;3_4&#8243; _builder_version=&raquo;4.16&#8243; custom_padding=&raquo;|||&raquo; global_colors_info=&raquo;{}&raquo; custom_padding__hover=&raquo;|||&raquo;][et_pb_post_title meta=&raquo;off&raquo; _builder_version=&raquo;4.16&#8243; _module_preset=&raquo;default&raquo; global_colors_info=&raquo;{}&raquo;][\/et_pb_post_title][et_pb_text admin_label=&raquo;Text&raquo; _builder_version=&raquo;4.24.0&#8243; background_size=&raquo;initial&raquo; background_position=&raquo;top_left&raquo; background_repeat=&raquo;repeat&raquo; hover_enabled=&raquo;0&#8243; global_colors_info=&raquo;{}&raquo; sticky_enabled=&raquo;0&#8243;]<\/p>\n<p>\u201dFjordhesten\u201d er\u00a0medlemsbladet til Norges Fjordhestlag, og vert trykt i eit opplag p\u00e5 omlag 1200 eksemplar. Medlemsbladet har eksistert sidan 1976, og vert sendt ut til alle som har betalt medlemskontingent i Norges Fjordhestlag. Bladet kjem ut fire gongar i \u00e5ret.<\/p>\n<p>&laquo;Fjordhesten&raquo; skal vere ein informasjonskanal og eit kommunikasjonsmiddel for medlemmane v\u00e5re. I bladet finn du dei siste oppdateringane fr\u00e5 styret, aktivitets- og avlsutvalet. Vi trykkjer \u00e5rvisse reportasjar fr\u00e5 tradisjonsrike arrangement som hingsteutstillinga p\u00e5 Nordfjordeid, Noregsmeisterskapen for fjordhest og merrautstillingar og unghestsj\u00e5 fr\u00e5 heile landet. Bladet inneheld ogs\u00e5 reportasjer fr\u00e5 andre fjordhestarrangement verda over, i tillegg til fagleg stoff om hest generelt og fjordhest spesielt. Vi har ogs\u00e5 ei debattside i bladet, der du som medlem har h\u00f8ve til \u00e5 skrive innlegg om saker du brenn for<\/p>\n<p>Som fjordhestentusiast vil du garantert finne interessant stoff i medlemsbladet &laquo;Fjordhesten&raquo;, og dersom du ynskjer \u00e5 bidra til bladet med anten bilete, debattinnlegg eller andre tekstar kan du ta kontakt med redakt\u00f8ren.<\/p>\n<table border=\"0\" width=\"46%\">\n<tbody>\n<tr>\n<td width=\"29%\">Redakt\u00f8r:<\/td>\n<td width=\"71%\">\u00a0Ingvild Rydjord Hansen<\/td>\n<\/tr>\n<tr>\n<td valign=\"top\" width=\"29%\">E-post:<\/td>\n<td width=\"71%\">\u00a0ingvildrh@hotmail.com<\/td>\n<\/tr>\n<tr>\n<td valign=\"top\" width=\"29%\">Telefon:<\/td>\n<td width=\"71%\">95 92 51 28<\/td>\n<\/tr>\n<\/tbody>\n<\/table>\n<p>NB! Bladet Fjordhesten har redakt\u00f8rvikar for nummer 2-2024 og 3-2024. \u00c5se Ravndal kan kontaktast p\u00e5 e-post <a href=\"mailto:aaseravn@hotmail.com\">aaseravn@hotmail.com<\/a> eller tlf.: 47 51 01 56.<\/p>\n<p>Utgjevingsdatoar for Fjordhesten er 15. mars, 15. juni, 15. september og 15. desember. Innsendingsfrist for stoff og annonser er ein m\u00e5nad f\u00f8r utgjevingsdato.\u00a0<\/p>\n<p>[\/et_pb_text][\/et_pb_column][et_pb_column type=&raquo;1_4&#8243; _builder_version=&raquo;4.16&#8243; custom_padding=&raquo;|||&raquo; global_colors_info=&raquo;{}&raquo; custom_padding__hover=&raquo;|||&raquo;][et_pb_sidebar area=&raquo;sidebar-1&#8243; admin_label=&raquo;Sidebar&raquo; _builder_version=&raquo;4.16&#8243; remove_border=&raquo;off&raquo; global_colors_info=&raquo;{}&raquo;][\/et_pb_sidebar][\/et_pb_column][\/et_pb_row][\/et_pb_section][et_pb_section fb_built=&raquo;1&#8243; fullwidth=&raquo;on&raquo; admin_label=&raquo;section&raquo; _builder_version=&raquo;4.16&#8243; background_color=&raquo;#ddb67c&raquo; global_colors_info=&raquo;{}&raquo;][\/et_pb_section]<\/p>\n","protected":false},"excerpt":{"rendered":"<p>\u201dFjordhesten\u201d er\u00a0medlemsbladet til Norges Fjordhestlag, og vert trykt i eit opplag p\u00e5 omlag 1200 eksemplar. Medlemsbladet har eksistert sidan 1976, og vert sendt ut til alle som har betalt medlemskontingent i Norges Fjordhestlag. Bladet kjem ut fire gongar i \u00e5ret. &laquo;Fjordhesten&raquo; skal vere ein informasjonskanal og eit kommunikasjonsmiddel for medlemmane v\u00e5re. I bladet finn du [&hellip;]<\/p>\n","protected":false},"author":1,"featured_media":0,"parent":151,"menu_order":0,"comment_status":"open","ping_status":"open","template":"","meta":{"_et_pb_use_builder":"on","_et_pb_old_content":"<p>\u201dFjordhesten\u201d er\u00a0medlemsbladet til Norges Fjordhestlag, og blir pr. i dag trykt i eit\u00a0opplag p\u00e5 ca 1400 stk. Medlemsbladet blir automatisk sendt ut til alle\u00a0som har betalt medlemskontingen i Norges Fjordhestlag, og har eksistert\u00a0sidan 1976. Bladet har hatt ulike redakt\u00f8rar opp gjennom \u00e5ra. Pr. i dag\u00a0kjem bladet ut 4 gonger i \u00e5ret, m\u00e5let v\u00e5rt er \u00e5 lage eit blad som kjem\u00a0ut minimum 5, helst 6 gonger \u00e5rleg.<\/p><p>\u201dFjordhesten\u201d skal vere ein informasjonskanal og eit\u00a0kommunikasjonsmiddel for medlemmene v\u00e5re. I bladet finn du dei siste\u00a0oppdateringane fr\u00e5 Styret, aktivitets- og avlsutvalet. Du finn oversikt\u00a0over alle lokal-, distrikts- og fylkeslag tilslutta Norges\u00a0Fjordhestlag, og namn, adresse og telefonnummer p\u00e5 dei ulike\u00a0kontaktpersonane i desse laga.<\/p><p>I medlemsbladet \u201dFjordhesten\u201d har vi \u00e5rvisse reportasjar fr\u00e5\u00a0tradisjonsrike arrangement som Hingsteutstillinga p\u00e5 Nordfjordeid i\u00a0mai, merrautstillingar og unghestsj\u00e5 rundt om i landet og det\u00a0etterkvart velkjende NM for Fjordhest for \u00e5 nemne noko. I tillegg er\u00a0det reportasjar om sm\u00e5tt og stort som hender i Fjordhest-Norge i l\u00f8pet\u00a0av \u00e5ret. For dei som er yngre har vi ei fast spalte som heiter \u201dGult er\u00a0kult\u201d, vi har den popul\u00e6re Veterin\u00e6rspalta, \u201dGlimt fr\u00e5 Fjordhest-verda\u201d\u00a0og \u201dFr\u00e5 svunne tider\u201d.<\/p><p>Elles har vi ein eigen blankett for v\u00e5r \u201dFjordhest-butikk\u201d, der vi\u00a0blant anna sel ulike artiklar som klede, refleksvestar og\u00a0fjordhest-effektar. \u201dHesteb\u00f8rsen\u201d, der du finn fjordhestar for sal er\u00a0ogs\u00e5 eit popul\u00e6rt innslag, for ikkje \u00e5 gl\u00f8yme \u201dDebatt-sida\u201d der\u00a0medlemmer kan sende inn meiningsytringane sine for debatt blant andre\u00a0fjordhest-entusiastar over heile landet.<\/p><p>Medlemsbladet \u201dFjordhesten\u201d er eit blad som har noko \u00e5 bidra med for\u00a0alle aldersgrupper, du vil nok finne noko som interesserar nettopp deg\u00a0dersom du vel \u00e5 bli medlem i Norges Fjordhestlag!<\/p><p>\u00a0<\/p><table border=\"0\" width=\"46%\"><tbody><tr><td width=\"29%\">Redakt\u00f8r:<\/td><td width=\"71%\">\u00c5se Ravndal<\/td><\/tr><tr><td valign=\"top\" width=\"29%\">E-post:<\/td><td width=\"71%\"><a href=\"mailto:aaseravn@hotmail.com\">aaseravn@hotmail.com<\/a><\/td><\/tr><tr><td valign=\"top\" width=\"29%\">Redaksjonsadresse:<\/td><td width=\"71%\">Fjordhesten<br \/> v\/\u00c5se Ravndal<br \/> Kvitlyngvn. 26<br \/> 4332 Figgjo<\/td><\/tr><\/tbody><\/table><table border=\"0\"><tbody><tr><td><strong>2014:<\/strong><\/td><td>\u00a0<\/td><td>\u00a0<\/td><td>\u00a0<\/td><\/tr><tr><td><a href=\"http:\/\/www.fjordhest.no\/artikkel.asp?ID=488\"><img src=\"http:\/\/www.fjordhest.no\/images\/fh0114.png\" alt=\"\" width=\"106\" height=\"150\" border=\"1\" \/><\/a><\/td><td><a href=\"http:\/\/www.fjordhest.no\/artikkel.asp?ID=513\"><img src=\"http:\/\/www.fjordhest.no\/images\/fh0214.png\" alt=\"\" width=\"106\" height=\"150\" border=\"1\" \/><\/a><\/td><td><a href=\"http:\/\/www.fjordhest.no\/artikkel.asp?ID=514\"><img src=\"http:\/\/www.fjordhest.no\/images\/fh0314.png\" alt=\"\" width=\"106\" height=\"150\" border=\"1\" \/><\/a><\/td><td><a href=\"http:\/\/www.fjordhest.no\/artikkel.asp?ID=515\"><img src=\"http:\/\/www.fjordhest.no\/images\/fh0414.png\" alt=\"\" width=\"106\" height=\"150\" border=\"1\" \/><\/a><\/td><\/tr><tr><td><strong>2013:<\/strong><\/td><td>\u00a0<\/td><td>\u00a0<\/td><td>\u00a0<\/td><\/tr><tr><td><a href=\"http:\/\/www.fjordhest.no\/artikkel.asp?ID=469\"><img src=\"http:\/\/www.fjordhest.no\/images\/fh0113.png\" alt=\"\" width=\"106\" height=\"150\" border=\"1\" \/><\/a><\/td><td><a href=\"http:\/\/www.fjordhest.no\/artikkel.asp?ID=470\"><img src=\"http:\/\/www.fjordhest.no\/images\/fh0213.png\" alt=\"\" height=\"150\" border=\"1\" \/><\/a><\/td><td><a href=\"http:\/\/www.fjordhest.no\/artikkel.asp?ID=471\"><img src=\"http:\/\/www.fjordhest.no\/images\/fh0313.png\" alt=\"\" height=\"150\" border=\"1\" \/><\/a><\/td><td><a href=\"http:\/\/www.fjordhest.no\/artikkel.asp?ID=478\"><img src=\"http:\/\/www.fjordhest.no\/images\/fh0413.png\" alt=\"\" height=\"150\" border=\"1\" \/><\/a><\/td><\/tr><tr><td><strong>2012:<\/strong><\/td><td>\u00a0<\/td><td>\u00a0<\/td><td>\u00a0<\/td><\/tr><tr><td><a href=\"http:\/\/www.fjordhest.no\/artikkel.asp?ID=422\"><img src=\"http:\/\/www.fjordhest.no\/images\/fh0112.jpg\" alt=\"\" width=\"106\" height=\"150\" border=\"1\" \/><\/a><\/td><td><a href=\"http:\/\/www.fjordhest.no\/artikkel.asp?ID=429\"><img src=\"http:\/\/www.fjordhest.no\/images\/fh0212.jpg\" alt=\"\" height=\"150\" border=\"1\" \/><\/a><\/td><td><a href=\"http:\/\/www.fjordhest.no\/artikkel.asp?ID=437\"><img src=\"http:\/\/www.fjordhest.no\/images\/fh0312.jpg\" alt=\"\" height=\"150\" border=\"1\" \/><\/a><\/td><td><a href=\"http:\/\/www.fjordhest.no\/artikkel.asp?ID=446\"><img src=\"http:\/\/www.fjordhest.no\/images\/fh0412.jpg\" alt=\"\" height=\"150\" border=\"1\" \/><\/a><\/td><\/tr><tr><td><strong>2011:<\/strong><\/td><td>\u00a0<\/td><td>\u00a0<\/td><td>\u00a0<\/td><\/tr><tr><td><a href=\"http:\/\/www.fjordhest.no\/artikkel.asp?ID=395\"><img src=\"http:\/\/www.fjordhest.no\/images\/fh0111.jpg\" alt=\"\" width=\"106\" height=\"150\" border=\"1\" \/><\/a><\/td><td><a href=\"http:\/\/www.fjordhest.no\/artikkel.asp?ID=405\"><img src=\"http:\/\/www.fjordhest.no\/images\/fh0211.jpg\" alt=\"\" width=\"106\" height=\"150\" border=\"1\" \/><\/a><\/td><td><a href=\"http:\/\/www.fjordhest.no\/artikkel.asp?ID=416\"><img src=\"http:\/\/www.fjordhest.no\/images\/fh0311.jpg\" alt=\"\" width=\"106\" height=\"150\" border=\"1\" \/><\/a><\/td><td><a href=\"http:\/\/www.fjordhest.no\/artikkel.asp?ID=417\"><img src=\"http:\/\/www.fjordhest.no\/images\/fh0411.jpg\" alt=\"\" width=\"106\" height=\"150\" border=\"1\" \/><\/a><\/td><\/tr><tr><td><strong>2010:<\/strong><\/td><td>\u00a0<\/td><td>\u00a0<\/td><td>\u00a0<\/td><\/tr><tr><td><a href=\"http:\/\/www.fjordhest.no\/artikkel.asp?ID=356\"><img src=\"http:\/\/www.fjordhest.no\/images\/fh0110.jpg\" alt=\"\" height=\"152\" border=\"0\" \/><\/a><\/td><td><a href=\"http:\/\/www.fjordhest.no\/artikkel.asp?ID=369\"><img src=\"http:\/\/www.fjordhest.no\/images\/fh0210.jpg\" alt=\"\" width=\"107\" height=\"152\" border=\"0\" \/><\/a><\/td><td><a href=\"http:\/\/www.fjordhest.no\/artikkel.asp?ID=376\"><img src=\"http:\/\/www.fjordhest.no\/images\/fh0310.jpg\" alt=\"\" width=\"109\" height=\"152\" border=\"0\" \/><\/a><\/td><td><a href=\"http:\/\/www.fjordhest.no\/artikkel.asp?ID=387\"><img src=\"http:\/\/www.fjordhest.no\/images\/fh0410.jpg\" alt=\"\" width=\"108\" height=\"152\" border=\"0\" \/><\/a><\/td><\/tr><tr><td><strong>2009:<\/strong><\/td><td>\u00a0<\/td><td>\u00a0<\/td><td>\u00a0<\/td><\/tr><tr><td><a href=\"http:\/\/www.fjordhest.no\/artikkel.asp?ID=331\"><img src=\"http:\/\/www.fjordhest.no\/images\/fh0109.jpg\" alt=\"\" height=\"152\" border=\"0\" \/><\/a><\/td><td><a href=\"http:\/\/www.fjordhest.no\/artikkel.asp?ID=337\"><img src=\"http:\/\/www.fjordhest.no\/images\/fh0209.jpg\" alt=\"\" height=\"152\" border=\"0\" \/><\/a><\/td><td><a href=\"http:\/\/www.fjordhest.no\/artikkel.asp?ID=346\"><img src=\"http:\/\/www.fjordhest.no\/images\/fh0309.jpg\" alt=\"\" height=\"152\" border=\"0\" \/><\/a><\/td><td><a href=\"http:\/\/www.fjordhest.no\/artikkel.asp?ID=347\"><img src=\"http:\/\/www.fjordhest.no\/images\/fh0409.jpg\" alt=\"\" height=\"152\" border=\"0\" \/><\/a><\/td><\/tr><tr><td><strong>2008:<\/strong><\/td><td>\u00a0<\/td><td>\u00a0<\/td><td>\u00a0<\/td><\/tr><tr><td><a href=\"http:\/\/www.fjordhest.no\/artikkel.asp?ID=294\"><img src=\"http:\/\/www.fjordhest.no\/images\/fh0108.jpg\" alt=\"\" height=\"152\" border=\"0\" \/><\/a><\/td><td><a href=\"http:\/\/www.fjordhest.no\/artikkel.asp?ID=309\"><img src=\"http:\/\/www.fjordhest.no\/images\/fh0208.jpg\" alt=\"\" height=\"152\" border=\"0\" \/><\/a><\/td><td><a href=\"http:\/\/www.fjordhest.no\/artikkel.asp?ID=318\"><img src=\"http:\/\/www.fjordhest.no\/images\/fh0308.jpg\" alt=\"\" height=\"152\" border=\"0\" \/><\/a><\/td><td><div align=\"left\"><a href=\"http:\/\/www.fjordhest.no\/artikkel.asp?ID=322\"><img src=\"http:\/\/www.fjordhest.no\/images\/fh0408.jpg\" alt=\"\" height=\"152\" border=\"0\" \/><\/a><\/div><\/td><\/tr><tr><td><strong>2007:<\/strong><\/td><td>\u00a0<\/td><td>\u00a0<\/td><td>\u00a0<\/td><\/tr><tr><td><img src=\"http:\/\/www.fjordhest.no\/images\/fh0107.jpg\" alt=\"\" height=\"152\" border=\"0\" \/><\/td><td><img src=\"http:\/\/www.fjordhest.no\/images\/fh0207.jpg\" alt=\"\" height=\"152\" border=\"0\" \/><\/td><td><img src=\"http:\/\/www.fjordhest.no\/images\/fh0307.jpg\" alt=\"\" height=\"152\" border=\"0\" \/><\/td><td><a href=\"http:\/\/www.fjordhest.no\/artikkel.asp?ID=286\"><img src=\"http:\/\/www.fjordhest.no\/images\/fh0407.jpg\" alt=\"\" height=\"152\" border=\"0\" \/><\/a><\/td><\/tr><tr><td><strong>2006:<\/strong><\/td><td>\u00a0<\/td><td>\u00a0<\/td><td>\u00a0<\/td><\/tr><tr><td><img src=\"http:\/\/www.fjordhest.no\/images\/fh0106.jpg\" alt=\"\" height=\"152\" border=\"0\" \/><\/td><td><img src=\"http:\/\/www.fjordhest.no\/images\/fh0206.jpg\" alt=\"\" height=\"152\" border=\"0\" \/><\/td><td><img src=\"http:\/\/www.fjordhest.no\/images\/fh0306.jpg\" alt=\"\" height=\"152\" border=\"0\" \/><\/td><td><img src=\"http:\/\/www.fjordhest.no\/images\/fh0406.jpg\" alt=\"\" height=\"152\" border=\"0\" \/><\/td><\/tr><tr><td><strong>2005:<\/strong><\/td><td>\u00a0<\/td><td>\u00a0<\/td><td>\u00a0<\/td><\/tr><tr><td><img src=\"http:\/\/www.fjordhest.no\/images\/fh0105.jpg\" alt=\"\" height=\"152\" border=\"0\" \/><\/td><td><img src=\"http:\/\/www.fjordhest.no\/images\/fh0205.jpg\" alt=\"\" height=\"152\" border=\"0\" \/><\/td><td><img src=\"http:\/\/www.fjordhest.no\/images\/fh0305.jpg\" alt=\"\" height=\"152\" border=\"0\" \/><\/td><td><img src=\"http:\/\/www.fjordhest.no\/images\/fh0405.jpg\" alt=\"\" height=\"152\" border=\"0\" \/><\/td><\/tr><tr><td><strong>2004:<\/strong><\/td><td>\u00a0<\/td><td>\u00a0<\/td><td>\u00a0<\/td><\/tr><tr><td><img src=\"http:\/\/www.fjordhest.no\/images\/fh0104.jpg\" alt=\"\" height=\"152\" border=\"0\" \/><\/td><td><img src=\"http:\/\/www.fjordhest.no\/images\/fh0204.jpg\" alt=\"\" height=\"152\" border=\"0\" \/><\/td><td><img src=\"http:\/\/www.fjordhest.no\/images\/fh0304.jpg\" alt=\"\" height=\"152\" border=\"0\" \/><\/td><td><img src=\"http:\/\/www.fjordhest.no\/images\/fh0404.jpg\" alt=\"\" height=\"152\" border=\"0\" \/><\/td><\/tr><tr><td><strong>2003:<\/strong><\/td><td>\u00a0<\/td><td>\u00a0<\/td><td>\u00a0<\/td><\/tr><tr><td><img src=\"http:\/\/www.fjordhest.no\/images\/fh0103.jpg\" alt=\"\" height=\"152\" border=\"0\" \/><\/td><td><img src=\"http:\/\/www.fjordhest.no\/images\/fh0203.jpg\" alt=\"\" height=\"152\" border=\"0\" \/><\/td><td><img src=\"http:\/\/www.fjordhest.no\/images\/fh0303.jpg\" alt=\"\" height=\"152\" border=\"0\" \/><\/td><td><img src=\"http:\/\/www.fjordhest.no\/images\/fh0403.jpg\" alt=\"\" height=\"152\" border=\"0\" \/><\/td><\/tr><tr><td><strong>2002:<\/strong><\/td><td>\u00a0<\/td><td>\u00a0<\/td><td>\u00a0<\/td><\/tr><tr><td><img src=\"http:\/\/www.fjordhest.no\/images\/fh0102.jpg\" alt=\"\" height=\"152\" border=\"0\" \/><\/td><td><img src=\"http:\/\/www.fjordhest.no\/images\/fh0202.jpg\" alt=\"\" height=\"152\" border=\"0\" \/><\/td><td><img src=\"http:\/\/www.fjordhest.no\/images\/fh0302.jpg\" alt=\"\" height=\"152\" border=\"0\" \/><\/td><td><img src=\"http:\/\/www.fjordhest.no\/images\/fh0402.jpg\" alt=\"\" height=\"152\" border=\"0\" \/><\/td><\/tr><tr><td><strong>2001:<\/strong><\/td><td>\u00a0<\/td><td>\u00a0<\/td><td>\u00a0<\/td><\/tr><tr><td><img src=\"http:\/\/www.fjordhest.no\/images\/fh04-0501.jpg\" alt=\"\" height=\"152\" border=\"0\" \/><\/td><td><img src=\"http:\/\/www.fjordhest.no\/images\/fh0301.jpg\" alt=\"\" height=\"152\" border=\"0\" \/><\/td><td>\u00a0<\/td><td>\u00a0<\/td><\/tr><\/tbody><\/table>","_et_gb_content_width":"","_exactmetrics_skip_tracking":false,"_exactmetrics_sitenote_active":false,"_exactmetrics_sitenote_note":"","_exactmetrics_sitenote_category":0,"footnotes":""},"class_list":["post-178","page","type-page","status-publish","hentry"],"_links":{"self":[{"href":"https:\/\/fjordhest.net\/blogg\/wp-json\/wp\/v2\/pages\/178","targetHints":{"allow":["GET"]}}],"collection":[{"href":"https:\/\/fjordhest.net\/blogg\/wp-json\/wp\/v2\/pages"}],"about":[{"href":"https:\/\/fjordhest.net\/blogg\/wp-json\/wp\/v2\/types\/page"}],"author":[{"embeddable":true,"href":"https:\/\/fjordhest.net\/blogg\/wp-json\/wp\/v2\/users\/1"}],"replies":[{"embeddable":true,"href":"https:\/\/fjordhest.net\/blogg\/wp-json\/wp\/v2\/comments?post=178"}],"version-history":[{"count":14,"href":"https:\/\/fjordhest.net\/blogg\/wp-json\/wp\/v2\/pages\/178\/revisions"}],"predecessor-version":[{"id":10814,"href":"https:\/\/fjordhest.net\/blogg\/wp-json\/wp\/v2\/pages\/178\/revisions\/10814"}],"up":[{"embeddable":true,"href":"https:\/\/fjordhest.net\/blogg\/wp-json\/wp\/v2\/pages\/151"}],"wp:attachment":[{"href":"https:\/\/fjordhest.net\/blogg\/wp-json\/wp\/v2\/media?parent=178"}],"curies":[{"name":"wp","href":"https:\/\/api.w.org\/{rel}","templated":true}]}}