{"id":1798,"date":"2016-05-30T14:52:32","date_gmt":"2016-05-30T12:52:32","guid":{"rendered":"http:\/\/fjordhest.net\/blogg\/?page_id=1798"},"modified":"2026-03-20T10:47:54","modified_gmt":"2026-03-20T09:47:54","slug":"hingster","status":"publish","type":"page","link":"https:\/\/fjordhest.net\/blogg\/hingster\/","title":{"rendered":"Hingster"},"content":{"rendered":"<p>[et_pb_section fb_built=&raquo;1&#8243; admin_label=&raquo;section&raquo; _builder_version=&raquo;4.16&#8243; global_colors_info=&raquo;{}&raquo;][et_pb_row admin_label=&raquo;row&raquo; _builder_version=&raquo;4.16&#8243; background_size=&raquo;initial&raquo; background_position=&raquo;top_left&raquo; background_repeat=&raquo;repeat&raquo; global_colors_info=&raquo;{}&raquo;][et_pb_column type=&raquo;4_4&#8243; _builder_version=&raquo;4.16&#8243; custom_padding=&raquo;|||&raquo; global_colors_info=&raquo;{}&raquo; custom_padding__hover=&raquo;|||&raquo;][et_pb_number_counter title=&raquo;Antall hingster registrert i katalogen&raquo; number=&raquo;49&#8243; percent_sign=&raquo;off&raquo; admin_label=&raquo;Nummerteller&raquo; _builder_version=&raquo;4.27.0&#8243; background_size=&raquo;initial&raquo; background_position=&raquo;top_left&raquo; background_repeat=&raquo;repeat&raquo; hover_enabled=&raquo;0&#8243; use_border_color=&raquo;off&raquo; global_colors_info=&raquo;{}&raquo; sticky_enabled=&raquo;0&#8243;]<\/p>\n<p>\n&nbsp;<\/p>\n<p>[\/et_pb_number_counter][et_pb_text _builder_version=&raquo;4.21.0&#8243; _module_preset=&raquo;default&raquo; global_colors_info=&raquo;{}&raquo;]<\/p>\n<p style=\"text-align: center;\">P\u00e5 denne siden finner du hingster som er avlsgodkjent og stasjonert i Norge. Enkelte hingster kan v\u00e6re midlertidig utenlands, dette st\u00e5r det da informert om.<\/p>\n<p style=\"text-align: center;\">Inne p\u00e5 hver hingst finner du informasjon om premiegrad, genkode for farge, link til hingstens side i stamboken, hvilke (tidligere) k\u00e5rede s\u00f8nner hingsten eventuelt er far til, samt kontaktperson til hingste-eier\/hingsteholder.<br \/>Fra og med hingstek\u00e5ringen 2020 blir alle nyk\u00e5rede hingster gentestet for fargegenkombinasjon. De yngste hingstene i katalogen vil derfor v\u00e6re oppgitt med genkode for farge. Enkelte eldre hingster kan v\u00e6re testet p\u00e5 eiers initiativ, eller genkode kan v\u00e6re gitt utifra farge og avstamning. Ukjent allel\/genvariant (hingst ikke testet og genkode ikke gitt utifra farge eller avstamning) er oppgitt ved &#8211; (for eksempel vil utestet brunblakk hingst ha genkode A-E-crcr)<\/p>\n<p style=\"text-align: center;\"><strong>Fargegenkoder:<\/strong><br \/><strong>AA<\/strong> \u2013 er ikke gr\u00e5, b\u00e6rer ikke gr\u00e5tt; <strong>Aa<\/strong> \u2013 er ikke gr\u00e5, b\u00e6rer gr\u00e5tt, <strong>aa<\/strong> \u2013 er gr\u00e5, om ikke er r\u00f8d (ee)<br \/><strong>EE<\/strong> \u2013 er ikke r\u00f8d, b\u00e6rer ikke r\u00f8dt, <strong>Ee<\/strong> \u2013 er ikke r\u00f8d, b\u00e6rer r\u00f8dt, <strong>ee<\/strong> \u2013 er r\u00f8d.<br \/><strong>crcr<\/strong> \u2013 er ikke ulsblakk\/gulblakk, <strong>CRcr<\/strong> \u2013 er ulsblakk, gulblakk eller gr\u00e5 med gulgen.<\/p>\n<p style=\"text-align: center;\"><strong>Kontaktperson for Hingstekatalogen er Ingrid \u00d8yhus: ingridoyh@hotmail.com <\/strong><\/p>\n<p>[\/et_pb_text][et_pb_filterable_portfolio fullwidth=&raquo;off&raquo; posts_number=&raquo;100&#8243; include_categories=&raquo;190,191,192,58,66,122,189,125,129,123,145,193,68,69,195,199,198,202,201,203,200,204&#8243; show_pagination=&raquo;off&raquo; zoom_icon_color=&raquo;#000000&#8243; _builder_version=&raquo;4.21.0&#8243; background_size=&raquo;initial&raquo; background_position=&raquo;top_left&raquo; background_repeat=&raquo;repeat&raquo; use_border_color=&raquo;off&raquo; global_colors_info=&raquo;{}&raquo;]<\/p>\n<p>\n&nbsp;<\/p>\n<p>[\/et_pb_filterable_portfolio][\/et_pb_column][\/et_pb_row][\/et_pb_section]<\/p>\n","protected":false},"excerpt":{"rendered":"<p>&nbsp; P\u00e5 denne siden finner du hingster som er avlsgodkjent og stasjonert i Norge. Enkelte hingster kan v\u00e6re midlertidig utenlands, dette st\u00e5r det da informert om. Inne p\u00e5 hver hingst finner du informasjon om premiegrad, genkode for farge, link til hingstens side i stamboken, hvilke (tidligere) k\u00e5rede s\u00f8nner hingsten eventuelt er far til, samt kontaktperson [&hellip;]<\/p>\n","protected":false},"author":1,"featured_media":0,"parent":0,"menu_order":0,"comment_status":"closed","ping_status":"closed","template":"","meta":{"_et_pb_use_builder":"on","_et_pb_old_content":"","_et_gb_content_width":"","_exactmetrics_skip_tracking":false,"_exactmetrics_sitenote_active":false,"_exactmetrics_sitenote_note":"","_exactmetrics_sitenote_category":0,"footnotes":""},"class_list":["post-1798","page","type-page","status-publish","hentry"],"_links":{"self":[{"href":"https:\/\/fjordhest.net\/blogg\/wp-json\/wp\/v2\/pages\/1798","targetHints":{"allow":["GET"]}}],"collection":[{"href":"https:\/\/fjordhest.net\/blogg\/wp-json\/wp\/v2\/pages"}],"about":[{"href":"https:\/\/fjordhest.net\/blogg\/wp-json\/wp\/v2\/types\/page"}],"author":[{"embeddable":true,"href":"https:\/\/fjordhest.net\/blogg\/wp-json\/wp\/v2\/users\/1"}],"replies":[{"embeddable":true,"href":"https:\/\/fjordhest.net\/blogg\/wp-json\/wp\/v2\/comments?post=1798"}],"version-history":[{"count":49,"href":"https:\/\/fjordhest.net\/blogg\/wp-json\/wp\/v2\/pages\/1798\/revisions"}],"predecessor-version":[{"id":11970,"href":"https:\/\/fjordhest.net\/blogg\/wp-json\/wp\/v2\/pages\/1798\/revisions\/11970"}],"wp:attachment":[{"href":"https:\/\/fjordhest.net\/blogg\/wp-json\/wp\/v2\/media?parent=1798"}],"curies":[{"name":"wp","href":"https:\/\/api.w.org\/{rel}","templated":true}]}}