{"id":2257,"date":"2016-10-21T18:41:21","date_gmt":"2016-10-21T16:41:21","guid":{"rendered":"http:\/\/fjordhest.net\/blogg\/?page_id=2257"},"modified":"2020-11-05T09:08:01","modified_gmt":"2020-11-05T08:08:01","slug":"verktoykassa-for-lokallag","status":"publish","type":"page","link":"https:\/\/fjordhest.net\/blogg\/norges-fjordhestlag\/lokallag\/verktoykassa-for-lokallag\/","title":{"rendered":"Verkt\u00f8ykassa for lokallag"},"content":{"rendered":"<p>[et_pb_section fb_built=&raquo;1&#8243; specialty=&raquo;on&raquo; admin_label=&raquo;Seksjon&raquo; _builder_version=&raquo;3.22&#8243;][et_pb_column type=&raquo;3_4&#8243; specialty_columns=&raquo;3&#8243; _builder_version=&raquo;3.25&#8243; custom_padding=&raquo;|||&raquo; custom_padding__hover=&raquo;|||&raquo;][et_pb_row_inner admin_label=&raquo;Rad&raquo; _builder_version=&raquo;3.25&#8243;][et_pb_column_inner saved_specialty_column_type=&raquo;3_4&#8243; _builder_version=&raquo;3.25&#8243; custom_padding=&raquo;|||&raquo; custom_padding__hover=&raquo;|||&raquo;][et_pb_post_title _builder_version=&raquo;4.6.5&#8243; _module_preset=&raquo;default&raquo; meta=&raquo;off&raquo; hover_enabled=&raquo;0&#8243; sticky_enabled=&raquo;0&#8243;][\/et_pb_post_title][et_pb_text admin_label=&raquo;Tekst&raquo; _builder_version=&raquo;3.27.4&#8243; background_size=&raquo;initial&raquo; background_position=&raquo;top_left&raquo; background_repeat=&raquo;repeat&raquo; use_border_color=&raquo;off&raquo; border_color=&raquo;#ffffff&raquo; border_style=&raquo;solid&raquo;]<strong>Verkt\u00f8ykassa\u00a0\u201cFokus p\u00e5 lokallaga\u201d<\/strong><\/p>\n<p><strong>Bakgrunn:<\/strong><\/p>\n<p>I 2006-2007 arbeidde ei gruppe med eit hefte kalla \u201cFokus p\u00e5 lokallaga\u201d. Gruppa var samansett av Jorunn Alme fr\u00e5 Oster\u00f8y Fjordhestlag, Hedda Smukkestad fr\u00e5 Telemark Fjordhestlag og Oddvar Vassli\u00e5s fr\u00e5 Dalsfjorden\/Ytre Sogn Fjordhestlag. Gruppa fekk i mandat \u00e5 kartlegge kva aktivitet dei ulike laga dreiv med, kva aktivitet dei \u00f8nskte \u00e5 driva med i framtida, kva dei ulike laga meinte Norges Fjordhestlag kunne gjere for \u00e5 stimulera til aktivtet og \u00e5 kartlegge om dei ulike laga har medlemskontigent.<\/p>\n<p>Styret er klare p\u00e5 at lokallaga er grunnsteinen og sj\u00f8lve motoren i organisasjonen. Norges Fjordhestlag er avhengig av aktive og sterke lokallag som gjer verdifullt arbeid for \u00e5 fremje fjordhesten lokalt. Styret meiner at tida er moden for igjen \u00e5 setje fokuset p\u00e5 lokallaga.<br \/>\nEtter \u00e5rsm\u00f8tet i mai 2016 hadde vi eit medlemsm\u00f8te der deltakarane kom med mange gode forslag til aktivitetar og tiltak. P\u00e5 bakgrunn av dette har styret sett saman ei samling av ulike tema som kan vere til hjelp for lokallaga. Tips til aktivitetar er inspirert av kva andre lokallag driv med. Tanken er at laga kan hjelpe og inspirere kvarandre.<br \/>\nVerkt\u00f8ykassa du no held i hendene er ein start p\u00e5 noko som kan vere til inspirasjon og nytte. Verkt\u00f8ykassa skal vere til hjelp for oppstart av nye lag. Ho skal ogs\u00e5 vere ein id\u00e9bank b\u00e5de for aktive lag og for lag med mindre aktivitet.<br \/>\nDette er starten. Verkt\u00f8ykassa skal utviklast vidare. Kom gjerne med forslag til nye tips og verdifulle id\u00e9ar vi kan inkludere, som kan vere til nytte for fleire.<\/p>\n<p>Styret ynskjer aktive, sunne lokallag i alle distrikt. Fjordhesten treng oss!<\/p>\n<p><a href=\"http:\/\/fjordhest.net\/blogg\/wp-content\/uploads\/2016\/10\/Kapittel-1.pdf\" target=\"_blank\" rel=\"noopener noreferrer\">Kapittel 1 -Organisering av lokallaget er fundamentet for utvikling<\/a><\/p>\n<p><a href=\"http:\/\/fjordhest.net\/blogg\/wp-content\/uploads\/2016\/10\/Kapittel-2.pdf\">Kapittel 2 -D\u00f8me p\u00e5 aktivitetar og arrangement som laget kan arrangere<\/a><\/p>\n<p><a href=\"http:\/\/fjordhest.net\/blogg\/wp-content\/uploads\/2016\/10\/Kapittel-3.pdf\">Kapittel 3 &#8211; Ulike st\u00f8tteordningar for frivillige lag og organisasjonar<\/a><\/p>\n<p><a href=\"http:\/\/fjordhest.net\/blogg\/wp-content\/uploads\/2016\/10\/Kapittel-4.pdf\">Kapittel 4 &#8211; NM for Fjordhest<\/a><\/p>\n<p><a href=\"http:\/\/fjordhest.net\/blogg\/wp-content\/uploads\/2016\/10\/Kapittel-5.pdf\">Kapittel 5 &#8211; Skeid &#8211; informasjon og retningsliner<\/a><\/p>\n<p><a href=\"http:\/\/fjordhest.net\/blogg\/wp-content\/uploads\/2016\/10\/Kapittel-6.pdf\">Kapittel 6 &#8211; Barnas Fjordhestlag<\/a><\/p>\n<p><a href=\"http:\/\/fjordhest.net\/blogg\/wp-content\/uploads\/2016\/10\/Mal-\u00c5rsmelding.pdf\">Mal: for \u00e5rsmelding<\/a><\/p>\n<p><a href=\"http:\/\/fjordhest.net\/blogg\/wp-content\/uploads\/2016\/10\/Mal-Referat-fr\u00e5-styrem\u00f8te.pdf\">Mal: Referat fr\u00e5 styrem\u00f8te<\/a><\/p>\n<p><a href=\"http:\/\/fjordhest.net\/blogg\/wp-content\/uploads\/2016\/10\/Normalvedtekter.pdf\">Normalvedtekter for lokallag<\/a><\/p>\n<p><a href=\"http:\/\/fjordhest.net\/blogg\/wp-content\/uploads\/2016\/10\/Mal-Innkalling-til-styrem\u00f8te.pdf\">Mal: Innkalling til styrem\u00f8te<\/a><br \/>\n[\/et_pb_text][\/et_pb_column_inner][\/et_pb_row_inner][\/et_pb_column][et_pb_column type=&raquo;1_4&#8243; _builder_version=&raquo;3.25&#8243; custom_padding=&raquo;|||&raquo; custom_padding__hover=&raquo;|||&raquo;][et_pb_sidebar orientation=&raquo;right&raquo; area=&raquo;sidebar-1&#8243; admin_label=&raquo;Sidekolonne&raquo; _builder_version=&raquo;3.0.74&#8243; remove_border=&raquo;off&raquo;][\/et_pb_sidebar][\/et_pb_column][\/et_pb_section]<\/p>\n","protected":false},"excerpt":{"rendered":"<p>Verkt\u00f8ykassa\u00a0\u201cFokus p\u00e5 lokallaga\u201d Bakgrunn: I 2006-2007 arbeidde ei gruppe med eit hefte kalla \u201cFokus p\u00e5 lokallaga\u201d. Gruppa var samansett av Jorunn Alme fr\u00e5 Oster\u00f8y Fjordhestlag, Hedda Smukkestad fr\u00e5 Telemark Fjordhestlag og Oddvar Vassli\u00e5s fr\u00e5 Dalsfjorden\/Ytre Sogn Fjordhestlag. Gruppa fekk i mandat \u00e5 kartlegge kva aktivitet dei ulike laga dreiv med, kva aktivitet dei \u00f8nskte \u00e5 [&hellip;]<\/p>\n","protected":false},"author":1,"featured_media":0,"parent":370,"menu_order":0,"comment_status":"closed","ping_status":"closed","template":"","meta":{"_et_pb_use_builder":"on","_et_pb_old_content":"","_et_gb_content_width":"","_exactmetrics_skip_tracking":false,"_exactmetrics_sitenote_active":false,"_exactmetrics_sitenote_note":"","_exactmetrics_sitenote_category":0,"footnotes":""},"class_list":["post-2257","page","type-page","status-publish","hentry"],"_links":{"self":[{"href":"https:\/\/fjordhest.net\/blogg\/wp-json\/wp\/v2\/pages\/2257","targetHints":{"allow":["GET"]}}],"collection":[{"href":"https:\/\/fjordhest.net\/blogg\/wp-json\/wp\/v2\/pages"}],"about":[{"href":"https:\/\/fjordhest.net\/blogg\/wp-json\/wp\/v2\/types\/page"}],"author":[{"embeddable":true,"href":"https:\/\/fjordhest.net\/blogg\/wp-json\/wp\/v2\/users\/1"}],"replies":[{"embeddable":true,"href":"https:\/\/fjordhest.net\/blogg\/wp-json\/wp\/v2\/comments?post=2257"}],"version-history":[{"count":17,"href":"https:\/\/fjordhest.net\/blogg\/wp-json\/wp\/v2\/pages\/2257\/revisions"}],"predecessor-version":[{"id":7807,"href":"https:\/\/fjordhest.net\/blogg\/wp-json\/wp\/v2\/pages\/2257\/revisions\/7807"}],"up":[{"embeddable":true,"href":"https:\/\/fjordhest.net\/blogg\/wp-json\/wp\/v2\/pages\/370"}],"wp:attachment":[{"href":"https:\/\/fjordhest.net\/blogg\/wp-json\/wp\/v2\/media?parent=2257"}],"curies":[{"name":"wp","href":"https:\/\/api.w.org\/{rel}","templated":true}]}}