{"id":2307,"date":"2016-10-24T11:14:54","date_gmt":"2016-10-24T09:14:54","guid":{"rendered":"http:\/\/fjordhest.net\/blogg\/?page_id=2307"},"modified":"2025-02-12T17:21:08","modified_gmt":"2025-02-12T16:21:08","slug":"barnas-fjordhestlag","status":"publish","type":"page","link":"https:\/\/fjordhest.net\/blogg\/norges-fjordhestlag\/barnas-fjordhestlag\/","title":{"rendered":"Barnas Fjordhestlag"},"content":{"rendered":"<p>[et_pb_section fb_built=&raquo;1&#8243; specialty=&raquo;on&raquo; _builder_version=&raquo;4.16&#8243; global_colors_info=&raquo;{}&raquo;][et_pb_column type=&raquo;3_4&#8243; specialty_columns=&raquo;3&#8243; _builder_version=&raquo;4.16&#8243; custom_padding=&raquo;|||&raquo; global_colors_info=&raquo;{}&raquo; custom_padding__hover=&raquo;|||&raquo;][et_pb_row_inner admin_label=&raquo;Rad&raquo; _builder_version=&raquo;4.16&#8243; global_colors_info=&raquo;{}&raquo;][et_pb_column_inner saved_specialty_column_type=&raquo;3_4&#8243; _builder_version=&raquo;4.16&#8243; custom_padding=&raquo;|||&raquo; global_colors_info=&raquo;{}&raquo; custom_padding__hover=&raquo;|||&raquo;][et_pb_text admin_label=&raquo;tekst&raquo; _builder_version=&raquo;4.27.0&#8243; background_size=&raquo;initial&raquo; background_position=&raquo;top_left&raquo; background_repeat=&raquo;repeat&raquo; hover_enabled=&raquo;0&#8243; use_border_color=&raquo;off&raquo; global_colors_info=&raquo;{}&raquo; sticky_enabled=&raquo;0&#8243;]<\/p>\n<p><strong><img loading=\"lazy\" decoding=\"async\" class=\"aligncenter wp-image-2350\" src=\"..\/..\/wp-content\/uploads\/2016\/10\/BFL-logo-500x431.jpg\" alt=\"bfl-logo\" width=\"200\" height=\"173\" srcset=\"https:\/\/fjordhest.net\/blogg\/wp-content\/uploads\/2016\/10\/BFL-logo-500x431.jpg 500w, https:\/\/fjordhest.net\/blogg\/wp-content\/uploads\/2016\/10\/BFL-logo.jpg 575w\" sizes=\"auto, (max-width: 200px) 100vw, 200px\" \/><\/strong><br \/>Barnas Fjordhestlag er eit samarbeid mellom Norges Fjordhestlag, Langedrag Naturpark og Norsk Fjordhestsenter, og er eit tilbod til fjordhestinteresserte under 15 \u00e5r. Form\u00e5let med Barnas Fjordhestlag er \u00e5 la barn og unge m\u00f8te fjordhesten i trygge omgjevnader. Vi \u00f8nskjer \u00e5 bygge gode relasjonar og la barn og unge f\u00e5 gode minne \u00e5 ta med seg vidare i livet.<\/p>\n<p><img loading=\"lazy\" decoding=\"async\" class=\"alignright wp-image-2325\" src=\"..\/..\/wp-content\/uploads\/2016\/10\/f\u00f8ll-og-barn_red-500x750.jpg\" alt=\"foll-og-barn\" width=\"275\" height=\"413\" srcset=\"https:\/\/fjordhest.net\/blogg\/wp-content\/uploads\/2016\/10\/f\u00f8ll-og-barn_red-500x750.jpg 500w, https:\/\/fjordhest.net\/blogg\/wp-content\/uploads\/2016\/10\/f\u00f8ll-og-barn_red-750x1125.jpg 750w, https:\/\/fjordhest.net\/blogg\/wp-content\/uploads\/2016\/10\/f\u00f8ll-og-barn_red-610x915.jpg 610w, https:\/\/fjordhest.net\/blogg\/wp-content\/uploads\/2016\/10\/f\u00f8ll-og-barn_red.jpg 1080w\" sizes=\"auto, (max-width: 275px) 100vw, 275px\" \/>Gjennom Barnas Fjordhestlag vil det bli arrangert aktivitetar p\u00e5 Langedrag, ved Norsk Fjordhestsenter og etter kvart gjennom lokallag over heile landet. Dette er eit l\u00e5gterskeltilbod der alle barn og unge som er interesserte i fjordhesten og har teikna medlemsskap i Barnas Fjordhestlag kan delta.<\/p>\n<p>Det er gjennom fleire studiar vist at \u00e5 drive med hest har positiv effekt for barn og unge. Aktivitetar med hest f\u00f8rer til betre fysisk og psykisk helse, og \u00e5 l\u00e6re \u00e5 ha ansvar for dyr gjer at ein vert flinkare til \u00e5 ta ansvar p\u00e5 andre omr\u00e5de. \u00c5 l\u00e6re seg \u00e5 samarbeide med hesten gir barna meistringskjensle og sj\u00f8lvtillit.\u00a0Gjennom Barnas Fjordhestlag \u00f8nskjer vi \u00e5 legge til rette for at barn og unge kan f\u00e5 ta opplevingar med fjordhesten med seg som byggesteinar for resten av livet.<\/p>\n<p>Alle Barnas Fjordhestlag-medlemmar f\u00e5r tilsendt Norges Fjordhestlag sitt medlemsblad &laquo;Fjordhesten&raquo; fire gongar i \u00e5ret. Her er det eigne sider for born, som inneheld til d\u00f8mes forteljing, reportasjer fr\u00e5 BFL-aktivitetar, fakta om fjordhest, bilete, rebus eller quiz. Som medlem f\u00e5r ein ogs\u00e5 h\u00f8ve til \u00e5 delta p\u00e5 kjekke aktivitetar med og rundt fjordhesten. Det kostar 150 kroner i \u00e5ret \u00e5 vere med i Barnas Fjordhestlag.<\/p>\n<p>For \u00e5 melde deg inn, g\u00e5 til <span style=\"text-decoration: underline;\"><a href=\"..\/bli-medlem\/\">innmeldingsskjemaet v\u00e5rt<\/a><\/span>.<\/p>\n<p>&nbsp;<\/p>\n<p><strong>Kontaktpersoner for Barnas fjordhestlag:<\/strong><\/p>\n<p>Marie Thorson \u00d8stby Natten &#8211; <em><a href=\"mailto:marie@langedrag.no\">marie@langedrag.no<\/a><\/em><\/p>\n<p><em>Lisbeth Strandum<\/em><\/p>\n<p>[\/et_pb_text][\/et_pb_column_inner][\/et_pb_row_inner][\/et_pb_column][et_pb_column type=&raquo;1_4&#8243; _builder_version=&raquo;4.16&#8243; custom_padding=&raquo;|||&raquo; global_colors_info=&raquo;{}&raquo; custom_padding__hover=&raquo;|||&raquo;][et_pb_sidebar orientation=&raquo;right&raquo; area=&raquo;sidebar-1&#8243; _builder_version=&raquo;4.16&#8243; remove_border=&raquo;off&raquo; global_colors_info=&raquo;{}&raquo;]<br \/>\n[\/et_pb_sidebar][\/et_pb_column][\/et_pb_section]<\/p>\n","protected":false},"excerpt":{"rendered":"<p>Barnas Fjordhestlag er eit samarbeid mellom Norges Fjordhestlag, Langedrag Naturpark og Norsk Fjordhestsenter, og er eit tilbod til fjordhestinteresserte under 15 \u00e5r. Form\u00e5let med Barnas Fjordhestlag er \u00e5 la barn og unge m\u00f8te fjordhesten i trygge omgjevnader. Vi \u00f8nskjer \u00e5 bygge gode relasjonar og la barn og unge f\u00e5 gode minne \u00e5 ta med seg [&hellip;]<\/p>\n","protected":false},"author":1,"featured_media":0,"parent":151,"menu_order":5,"comment_status":"closed","ping_status":"closed","template":"","meta":{"_et_pb_use_builder":"on","_et_pb_old_content":"","_et_gb_content_width":"","_exactmetrics_skip_tracking":false,"_exactmetrics_sitenote_active":false,"_exactmetrics_sitenote_note":"","_exactmetrics_sitenote_category":0,"footnotes":""},"class_list":["post-2307","page","type-page","status-publish","hentry"],"_links":{"self":[{"href":"https:\/\/fjordhest.net\/blogg\/wp-json\/wp\/v2\/pages\/2307","targetHints":{"allow":["GET"]}}],"collection":[{"href":"https:\/\/fjordhest.net\/blogg\/wp-json\/wp\/v2\/pages"}],"about":[{"href":"https:\/\/fjordhest.net\/blogg\/wp-json\/wp\/v2\/types\/page"}],"author":[{"embeddable":true,"href":"https:\/\/fjordhest.net\/blogg\/wp-json\/wp\/v2\/users\/1"}],"replies":[{"embeddable":true,"href":"https:\/\/fjordhest.net\/blogg\/wp-json\/wp\/v2\/comments?post=2307"}],"version-history":[{"count":26,"href":"https:\/\/fjordhest.net\/blogg\/wp-json\/wp\/v2\/pages\/2307\/revisions"}],"predecessor-version":[{"id":11419,"href":"https:\/\/fjordhest.net\/blogg\/wp-json\/wp\/v2\/pages\/2307\/revisions\/11419"}],"up":[{"embeddable":true,"href":"https:\/\/fjordhest.net\/blogg\/wp-json\/wp\/v2\/pages\/151"}],"wp:attachment":[{"href":"https:\/\/fjordhest.net\/blogg\/wp-json\/wp\/v2\/media?parent=2307"}],"curies":[{"name":"wp","href":"https:\/\/api.w.org\/{rel}","templated":true}]}}