{"id":274,"date":"2014-08-08T12:12:36","date_gmt":"2014-08-08T10:12:36","guid":{"rendered":"http:\/\/fjordhest.net\/blogg\/?page_id=274"},"modified":"2016-05-08T20:51:46","modified_gmt":"2016-05-08T18:51:46","slug":"norsk-fjordhestsenter","status":"publish","type":"page","link":"https:\/\/fjordhest.net\/blogg\/norsk-fjordhestsenter\/","title":{"rendered":"Norsk Fjordhestsenter"},"content":{"rendered":"<p>[et_pb_section admin_label=&raquo;section&raquo; fullwidth=&raquo;on&raquo; specialty=&raquo;off&raquo; transparent_background=&raquo;off&raquo; background_color=&raquo;#60ade0&#8243; inner_shadow=&raquo;off&raquo; parallax=&raquo;off&raquo; parallax_method=&raquo;off&raquo;][et_pb_fullwidth_header admin_label=&raquo;Fullwidth Header&raquo; title=&raquo;Norsk Fjordhestsenter&raquo; background_layout=&raquo;dark&raquo; text_orientation=&raquo;center&raquo; subhead=&raquo;Nasjonalt kompetansesenter for fjordhest&raquo; header_fullscreen=&raquo;off&raquo; header_scroll_down=&raquo;off&raquo; parallax=&raquo;off&raquo; parallax_method=&raquo;off&raquo; content_orientation=&raquo;center&raquo; image_orientation=&raquo;center&raquo; custom_button_one=&raquo;off&raquo; button_one_letter_spacing=&raquo;0&#8243; button_one_use_icon=&raquo;default&raquo; button_one_icon_placement=&raquo;right&raquo; button_one_on_hover=&raquo;on&raquo; button_one_letter_spacing_hover=&raquo;0&#8243; custom_button_two=&raquo;off&raquo; button_two_letter_spacing=&raquo;0&#8243; button_two_use_icon=&raquo;default&raquo; button_two_icon_placement=&raquo;right&raquo; button_two_on_hover=&raquo;on&raquo; button_two_letter_spacing_hover=&raquo;0&#8243;] [\/et_pb_fullwidth_header][et_pb_fullwidth_menu admin_label=&raquo;Fullwidth Menu&raquo; menu_id=&raquo;21&#8243; background_color=&raquo;#ffffff&raquo; background_layout=&raquo;light&raquo; text_orientation=&raquo;center&raquo; submenu_direction=&raquo;downwards&raquo; fullwidth_menu=&raquo;off&raquo; dropdown_menu_animation=&raquo;fade&raquo;] [\/et_pb_fullwidth_menu][\/et_pb_section][et_pb_section admin_label=&raquo;section&raquo;][et_pb_row admin_label=&raquo;row&raquo;][et_pb_column type=&raquo;2_3&#8243;][et_pb_text admin_label=&raquo;Text&raquo; background_layout=&raquo;light&raquo; text_orientation=&raquo;left&raquo;]<\/p>\n<p><b style=\"color: #000000;\">AS Norsk Fjordhestsenter<\/b><span style=\"color: #000000;\">\u00a0er det nasjonale senteret for Norges nasjonalsymbol \u2013 Fjordhesten &#8211; og det er ikkje tilfeldig at det er lagt til Nordfjordeid.\u00a0<\/span><br style=\"color: #000000;\" \/><br style=\"color: #000000;\" \/><span style=\"color: #000000;\">Nordfjordeid blir kalla fjordhestens Mekka. \u00c5rsaken er historisk, med dei lange og gode hestetradisjonane som bygda er kjent for. Det har vore arrangert hingsteutstilling her sidan 1886, Norges Fjordhestlag si jubileumsutstilling i 1999 samla tilreisande fr\u00e5 elleve land og tre kontinent! Det er i dette tradisjonsrike hestemilj\u00f8et at Norsk Fjordhestsenter er plassert.\u00a0<\/span><br style=\"color: #000000;\" \/><br style=\"color: #000000;\" \/><span style=\"color: #000000;\">Norsk Fjordhestsenter er eit ressurssenter for fjordhesten, med informasjons- og r\u00e5dgivingsteneste for alle forhold rundt denne heilnorske hesten. Ei av hovudoppg\u00e5vene er \u00e5 fremje avl og bruk av fjordingen. Det er ogs\u00e5 stor kursaktivitet ved senteret \u00e5ret gjennom.\u00a0<\/span><br style=\"color: #000000;\" \/><br style=\"color: #000000;\" \/><b style=\"color: #000000;\">Eigarar \/ organisasjon<\/b><span style=\"color: #000000;\">\u00a0<\/span><br style=\"color: #000000;\" \/><span style=\"color: #000000;\">AS Norsk Fjordhestsenter vart oppretta i 1989 ved at Eid kommune, Sogn og Fjordane fylkeskommune og Norges Fjordhestlag overtok eit privat anlegg. Mykje av ansvaret for marknadsf\u00f8ring og bruksutvikling er lagt til senteret. Norsk Hestesenter og Landbruksdepartementet er derfor viktige medspelarar. Vi har ogs\u00e5 eit n\u00e6rt samarbeide med Fjord Horse International (FHI), som har formidling (sal) og promotering av fjordhesten utanlands som prim\u00e6roppg\u00e5ve. FHI har kontor ved Norsk Fjordhestsenter.\u00a0<\/span><br style=\"color: #000000;\" \/><br style=\"color: #000000;\" \/><b style=\"color: #000000;\">Tilsette:\u00a0<\/b><\/p>\n<table border=\"0\" cellpadding=\"3\">\n<tbody>\n<tr>\n<td><b>Magni Hjertenes Flyum<\/b><\/td>\n<td>100 %\u00a0stilling<\/td>\n<td>dagleg leiar<\/td>\n<\/tr>\n<tr>\n<td><b>Asle Espe<\/b><\/td>\n<td>100 % stilling<\/td>\n<td>stallansvarleg, organisasjonssekret\u00e6r i NFL<\/td>\n<\/tr>\n<tr>\n<td><b>Anne-Karin Telvik<\/b><\/td>\n<td>60% stilling<\/td>\n<td>kontor<\/td>\n<\/tr>\n<tr>\n<td><b>\u00d8ystein H\u00f8vig<\/b><\/td>\n<td>100 %\u00a0stilling,<\/td>\n<td>vaktmeister<\/td>\n<\/tr>\n<tr>\n<td><\/td>\n<td><\/td>\n<td><\/td>\n<\/tr>\n<\/tbody>\n<\/table>\n<p>[\/et_pb_text][et_pb_divider admin_label=&raquo;Divider&raquo; color=&raquo;#60ade0&#8243; show_divider=&raquo;on&raquo; height=&raquo;10&#8243;] [\/et_pb_divider][et_pb_blog admin_label=&raquo;Blog&raquo; fullwidth=&raquo;off&raquo; posts_number=&raquo;6&#8243; include_categories=&raquo;14&#8243; meta_date=&raquo;M j, Y&raquo; show_thumbnail=&raquo;on&raquo; show_content=&raquo;off&raquo; show_more=&raquo;off&raquo; show_author=&raquo;on&raquo; show_date=&raquo;on&raquo; show_categories=&raquo;on&raquo; show_pagination=&raquo;on&raquo; background_layout=&raquo;light&raquo;] [\/et_pb_blog][\/et_pb_column][et_pb_column type=&raquo;1_3&#8243;][et_pb_text admin_label=&raquo;Text&raquo; background_layout=&raquo;light&raquo; text_orientation=&raquo;left&raquo;]<\/p>\n<h4><strong>Siste nytt fra Norsk fjordhestsenter:<\/strong><\/h4>\n<p>[\/et_pb_text][et_pb_sidebar admin_label=&raquo;Sidebar&raquo; orientation=&raquo;left&raquo; area=&raquo;et_pb_widget_area_7&#8243; background_layout=&raquo;light&raquo;] [\/et_pb_sidebar][\/et_pb_column][\/et_pb_row][\/et_pb_section]<\/p>\n","protected":false},"excerpt":{"rendered":"<p>AS Norsk Fjordhestsenter\u00a0er det nasjonale senteret for Norges nasjonalsymbol \u2013 Fjordhesten &#8211; og det er ikkje tilfeldig at det er lagt til Nordfjordeid.\u00a0Nordfjordeid blir kalla fjordhestens Mekka. \u00c5rsaken er historisk, med dei lange og gode hestetradisjonane som bygda er kjent for. Det har vore arrangert hingsteutstilling her sidan 1886, Norges Fjordhestlag si jubileumsutstilling i 1999 [&hellip;]<\/p>\n","protected":false},"author":1,"featured_media":0,"parent":0,"menu_order":0,"comment_status":"open","ping_status":"open","template":"","meta":{"_et_pb_use_builder":"on","_et_pb_old_content":"","_et_gb_content_width":"","_exactmetrics_skip_tracking":false,"_exactmetrics_sitenote_active":false,"_exactmetrics_sitenote_note":"","_exactmetrics_sitenote_category":0,"footnotes":""},"class_list":["post-274","page","type-page","status-publish","hentry"],"_links":{"self":[{"href":"https:\/\/fjordhest.net\/blogg\/wp-json\/wp\/v2\/pages\/274","targetHints":{"allow":["GET"]}}],"collection":[{"href":"https:\/\/fjordhest.net\/blogg\/wp-json\/wp\/v2\/pages"}],"about":[{"href":"https:\/\/fjordhest.net\/blogg\/wp-json\/wp\/v2\/types\/page"}],"author":[{"embeddable":true,"href":"https:\/\/fjordhest.net\/blogg\/wp-json\/wp\/v2\/users\/1"}],"replies":[{"embeddable":true,"href":"https:\/\/fjordhest.net\/blogg\/wp-json\/wp\/v2\/comments?post=274"}],"version-history":[{"count":16,"href":"https:\/\/fjordhest.net\/blogg\/wp-json\/wp\/v2\/pages\/274\/revisions"}],"predecessor-version":[{"id":1648,"href":"https:\/\/fjordhest.net\/blogg\/wp-json\/wp\/v2\/pages\/274\/revisions\/1648"}],"wp:attachment":[{"href":"https:\/\/fjordhest.net\/blogg\/wp-json\/wp\/v2\/media?parent=274"}],"curies":[{"name":"wp","href":"https:\/\/api.w.org\/{rel}","templated":true}]}}