{"id":3511,"date":"2017-06-05T02:11:21","date_gmt":"2017-06-05T00:11:21","guid":{"rendered":"http:\/\/fjordhest.net\/blogg\/?page_id=3511"},"modified":"2021-12-17T12:36:22","modified_gmt":"2021-12-17T11:36:22","slug":"nordiske-mestere","status":"publish","type":"page","link":"https:\/\/fjordhest.net\/blogg\/aktuelle-meisterskap\/nordiske-mestere\/","title":{"rendered":"Nordiske mestere"},"content":{"rendered":"<p>[et_pb_section fb_built=&raquo;1&#8243; admin_label=&raquo;section&raquo; _builder_version=&raquo;3.22&#8243; global_colors_info=&raquo;{}&raquo;][et_pb_row admin_label=&raquo;Rekke&raquo; _builder_version=&raquo;3.25&#8243; background_size=&raquo;initial&raquo; background_position=&raquo;top_left&raquo; background_repeat=&raquo;repeat&raquo; max_width=&raquo;1200px&raquo; global_colors_info=&raquo;{}&raquo; column_structure=&raquo;2_3,1_3&#8243;][et_pb_column type=&raquo;2_3&#8243; _builder_version=&raquo;3.25&#8243; custom_padding=&raquo;|||&raquo; global_colors_info=&raquo;{}&raquo; custom_padding__hover=&raquo;|||&raquo;][et_pb_text _builder_version=&raquo;3.27.4&#8243; background_size=&raquo;initial&raquo; background_position=&raquo;top_left&raquo; background_repeat=&raquo;repeat&raquo; global_colors_info=&raquo;{}&raquo;]<\/p>\n<h3 style=\"text-align: center;\">Nordiske meistrar for fjordhest<\/h3>\n<h3 style=\"background-color: #ffffff; font-size: 14px; text-align: center;\"><strong style=\"font-size: 14px;\">\u00a0<\/strong><\/h3>\n<p style=\"background-color: #ffffff; font-size: 14px;\"><strong style=\"font-size: 14px;\"><strong>2017<\/strong><\/strong><strong style=\"font-size: 14px;\"><strong>\u00a0\u00d8stfold Fjordhestlag &amp; Borge Rideklubb, Fredrikstad i Norge<br \/><\/strong><\/strong>Nordisk mester dressurridning senior: Lisa Therkildsen\/Glibings Jura, Danmark<br \/>Nordisk mester dressurridning junior: Ida Marie Veilis\/H\u00f8jgaards Fronar, Danmark<br \/>Nordisk mester sprangridning senior: Zenia J\u00f8rgensen\/Apollo, Danmark<br \/>Nordisk mester sprangridning junior: Anna Mathilde Westgaard\/Silje (II), Norge<br \/>Nordisk mester enspann senior: Karina Blaabjerg\/Bounty, Danmark<br \/>Nordisk mester allround senior: Annike Josefine Mikkelsen\/Bl\u00e5topps Aron, Norge<br \/>Nordisk mester allround lag: Gull Danmark<\/p>\n<p style=\"background-color: #ffffff; font-size: 14px;\"><strong style=\"font-size: 14px;\">2015 Svenska Fjordh\u00e4stforeningen,\u00a0Vaggeryd i Sverige<br \/><\/strong>Nordisk mester dressurridning senior: Anne-Mette Eskildsen\/M\u00f8rkg\u00e5rds Sultan, Danmark<br \/>Nordisk mester dressurridning junior: Natasha Becker-Bertelsen\/H\u00e5kon, Danmark<br \/>Nordisk mester sprangridning senior: Malene Bach\/Jason Lundg\u00e5rd, Danmark<br \/>Nordisk mester sprangridning junior: Rikke Rytter Andersen\/Birkens Rubin, Danmark<br \/>Nordisk mester enspann: Heidi Sinda\/Gnist Varde, Finland<br \/>Nordisk mester allround: Karina Blaabjerg\/Pryd Skov\u00e5, Danmark<br \/>Nordisk mester allround lag: Gull Danmark<\/p>\n<p style=\"background-color: #ffffff; font-size: 14px;\"><strong style=\"font-size: 14px;\">2013 Fjordhesten Danmark, Birken\u00a0i\u00a0Danmark<br \/><\/strong>Nordisk mester dressurridning senior: Helle Prinsholm\/Laust Halsn\u00e6s, Danmark<br \/>Nordisk mester dressurridning junior: Sara Dahl Grimb\u00fchler\/Trollfin, Danmark<br \/>Nordisk mester sprangridning: Nina Bang\/Karina, Danmark<br \/>Nordisk mester enspann: Mogens Rughoff\/Birkens Felix, Danmark<br \/>Nordisk mester allround: Karina Blaabjerg\/Bounty, Danmark<br \/>Nordisk mester allround lag: Gull Danmark<\/p>\n<p style=\"background-color: #ffffff; font-size: 14px;\"><strong style=\"font-size: 14px;\">2011\u00a0Oslo &amp; Akershus Fjordhestlag, Starum i Norge<br \/><\/strong>Nordisk mester dressurridning: Liv Jorunn Nyhagen\/Pokemann, Norge<br \/>Nordisk mester sprangridning: Silje Renate Ruud\/L\u00f8kkas Brage, Norge<br \/>Nordisk mester allround: Inger Vendelstrand\/Torps Alex, Sverige<\/p>\n<p style=\"background-color: #ffffff; font-size: 14px;\"><strong style=\"font-size: 14px;\">2009 Svenska Fjordh\u00e4stforeningen,\u00a0Vaggeryd i Sverige<br \/><\/strong>Nordisk mester dressurridning: Annette S. Kristensen\/Athos, Danmark<br \/>Nordisk mester sprangridning: Madeleine Malmgren\/Vicktof, Sverige<br \/>Nordisk mester presisjonskj\u00f8ring: Allan Sten Steffensen\/Lyngholms Granat, Danmark<br \/>Nordisk mester allround: Liv Jorunn Nyhagen\/Pokemann, Norge<br \/>Nordisk mester allround lag: Gull Danmark<\/p>\n<p style=\"background-color: #ffffff; font-size: 14px;\"><strong style=\"font-size: 14px;\">2007 Danmarks Fjordhesteforening,\u00a0\u00c5gerup Ridecenter i Danmark<\/strong><br \/>Nordisk mester dressurridning: Annette S. Kristensen\/Athos, Danmark<br \/>Nordisk mester sprangridning: Michala Amanda Christensen\/Ingeg\u00e5rds Axo, Danmark<br \/>Nordisk mester presisjonskj\u00f8ring: Bjarne Visler\/Kastanielystens Annabella, Danmark<br \/>Nordisk mester allround: Ingrid Lennartson\/Lisa Lennartson\/Daler, Sverige<br \/>Nordisk mester allround lag: Gull Danmark<\/p>\n<p style=\"background-color: #ffffff; font-size: 14px;\"><strong style=\"font-size: 14px;\">2005 Oslo og Akershus Fjordhestlag\/Ekeberg Rideklubb,\u00a0Oslo\u00a0i Norge<\/strong><br \/>Nordisk mester dressurridning: Annette S. Kristensen\/Athos, Danmark<br \/>Nordisk mester sprangridning: Niina Paananen\/Ikarus, Finland<br \/>Nordisk mester presisjonskj\u00f8ring: Jon Lund\/Hedda Gabler, Norge<br \/>Nordisk mester allround: Tonje M\u00f8llerud\/Rappen, Norge<br \/>Nordisk mester allround lag: Gull Norge<\/p>\n<p style=\"background-color: #ffffff; font-size: 14px;\"><strong style=\"font-size: 14px;\">2003 Bohusl\u00e4n\/Dals Fjordh\u00e4stf\u00f6rening, Br\u00e5landa i Sverige<\/strong><br \/>Nordisk mester dressurridning: Annette S. Kristensen\/Athos, Danmark<br \/>Nordisk mester sprangridning: Karen Molnes\/Felix, Norge<br \/>Nordisk mester presisjonskj\u00f8ring: Karin Bondesson\/Priffe, Sverige<br \/>Nordisk mester allround lag: Gull Norge<\/p>\n<p style=\"background-color: #ffffff; font-size: 14px;\"><strong style=\"font-size: 14px;\">2001 Danmarks Fjordhesteforening, Syd-Jylland i Danmark<\/strong><br \/>Nordisk mester allround: Ingelo Eriksson\/Elvis, Sverige<\/p>\n<p style=\"background-color: #ffffff; font-size: 14px;\"><strong style=\"font-size: 14px;\">2000 Oslo og Akershus Fjordhestlag og\u00a0Ekeberg Rideklubb, Oslo i Norge<\/strong><br \/>Nordisk mester junior: Lucrezia Koestler\/Alm Jarl, Norge<br \/>Nordisk mester senior: Wenche Johannessen\/Njustar, Norge<\/p>\n<p style=\"padding-bottom: 1em; background-color: #ffffff; font-size: 14px;\"><strong style=\"font-size: 14px;\">1999 (Pr\u00f8ve-Nordisk) Nedre Buskerud Fjordhestlag, Drammen i Norge<\/strong><br \/>Nordisk mester junior: Kristine Lundsrud\/Njustar, Norge<br \/>Nordisk mester senior: Wenche Johannessen\/Njustar, Norge<\/p>\n<p>[\/et_pb_text][\/et_pb_column][et_pb_column type=&raquo;1_3&#8243; _builder_version=&raquo;3.25&#8243; custom_padding=&raquo;|||&raquo; global_colors_info=&raquo;{}&raquo; custom_padding__hover=&raquo;|||&raquo;][et_pb_image src=&raquo;https:\/\/fjordhest.net\/blogg\/wp-content\/uploads\/2017\/07\/IMG_9515.jpg&raquo; _builder_version=&raquo;4.14.3&#8243; _module_preset=&raquo;default&raquo; title_text=&raquo;IMG_9515&#8243; hover_enabled=&raquo;0&#8243; sticky_enabled=&raquo;0&#8243;][\/et_pb_image][\/et_pb_column][\/et_pb_row][\/et_pb_section]<\/p>\n","protected":false},"excerpt":{"rendered":"<p>Nordiske meistrar for fjordhest \u00a0 2017\u00a0\u00d8stfold Fjordhestlag &amp; Borge Rideklubb, Fredrikstad i NorgeNordisk mester dressurridning senior: Lisa Therkildsen\/Glibings Jura, DanmarkNordisk mester dressurridning junior: Ida Marie Veilis\/H\u00f8jgaards Fronar, DanmarkNordisk mester sprangridning senior: Zenia J\u00f8rgensen\/Apollo, DanmarkNordisk mester sprangridning junior: Anna Mathilde Westgaard\/Silje (II), NorgeNordisk mester enspann senior: Karina Blaabjerg\/Bounty, DanmarkNordisk mester allround senior: Annike Josefine Mikkelsen\/Bl\u00e5topps Aron, [&hellip;]<\/p>\n","protected":false},"author":10,"featured_media":0,"parent":531,"menu_order":0,"comment_status":"closed","ping_status":"closed","template":"","meta":{"_et_pb_use_builder":"on","_et_pb_old_content":"<p><strong>2015 Svenska Fjordh\u00e4stforeningen,\u00a0Vaggeryd i Sverige<br \/> <\/strong>Nordisk mester dressurridning senior: Anne-Mette Eskildsen\/M\u00f8rkg\u00e5rds Sultan, Danmark<br \/> Nordisk mester dressurridning junior: Natasha Becker-Bertelsen\/H\u00e5kon, Danmark<br \/> Nordisk mester sprangridning senior: Malene Bach\/Jason Lundg\u00e5rd, Danmark<br \/> Nordisk mester sprangridning junior: Rikke Rytter Andersen\/Birkens Rubin, Danmark<br \/> Nordisk mester enspann: Heidi Sinda\/Gnist Varde, Finland<br \/> Nordisk mester allround: Karina Bl\u00e5bjerg\/Pryd Skov\u00e5, Danmark<br \/> Nordisk mester allround lag: Gull Danmark<\/p><p><strong>2013 Fjordhesten Danmark, Birken\u00a0i\u00a0Danmark<br \/> <\/strong>Nordisk mester dressurridning senior: Helle Prinsholm\/Laust Halsn\u00e6s, Danmark<br \/> Nordisk mester dressurridning junior: Sara Dahl Grimb\u00fchler\/Trollfin, Danmark<br \/> Nordisk mester sprangridning: Nina Bang\/Karina, Danmark<br \/> Nordisk mester enspann: Mogens Rughoff\/Birkens Felix, Danmark<br \/> Nordisk mester allround: Karina Bl\u00e5bjerg\/Bounty, Danmark<br \/> Nordisk mester allround lag: Gull Danmark<\/p><p><strong>2011\u00a0Oslo & Akershus Fjordhestlag, Starum i Norge<br \/> <\/strong>Nordisk mester dressurridning: Liv Jorunn Nyhagen\/Pokemann, Norge<br \/> Nordisk mester sprangridning: Silje Renate Ruud\/L\u00f8kkas Brage, Norge<br \/> Nordisk mester allround: Inger Vendelstrand\/Torps Alex, Sverige<\/p><p><strong>2009 Svenska Fjordh\u00e4stforeningen,\u00a0Vaggeryd i Sverige<br \/> <\/strong>Nordisk mester dressurridning: Annette S. Kristensen\/Athos, Danmark<br \/> Nordisk mester sprangridning: Madeleine Malmgren\/Vicktof, Sverige<br \/> Nordisk mester presisjonskj\u00f8ring: Allan Sten Steffensen\/Lyngholms Granat, Danmark<br \/> Nordisk mester allround: Liv Jorunn Nyhagen\/Pokemann, Norge<br \/> Nordisk mester allround lag: Gull Danmark<\/p><p><strong>2007 Danmarks Fjordhesteforening,\u00a0\u00c5gerup Ridecenter i Danmark<\/strong><br \/> Nordisk mester dressurridning: Annette S. Kristensen\/Athos, Danmark<br \/> Nordisk mester sprangridning: Michala Amanda Christensen\/Ingeg\u00e5rds Axo, Danmark<br \/> Nordisk mester presisjonskj\u00f8ring: Bjarne Visler\/Kastanielystens Annabella, Danmark<br \/> Nordisk mester allround: Ingrid Lennartson\/Lisa Lennartson\/Daler, Sverige<br \/> Nordisk mester allround lag: Gull Danmark<\/p><p><strong>2005 Oslo og Akershus Fjordhestlag\/Ekeberg Rideklubb,\u00a0Oslo\u00a0i Norge<\/strong><br \/> Nordisk mester dressurridning: Annette S. Kristensen\/Athos, Danmark<br \/> Nordisk mester sprangridning: Niina Paananen\/Ikarus, Finland<br \/> Nordisk mester presisjonskj\u00f8ring: Jon Lund\/Hedda Gabler, Norge<br \/> Nordisk mester allround: Tonje M\u00f8llerud\/Rappen, Norge<br \/> Nordisk mester allround lag:Gull Norge<\/p><p><strong>2003 Bohusl\u00e4n Dals Fjordh\u00e4stf\u00f6rening, Br\u00e5landa i Sverige<\/strong><br \/> Nordisk mester dressurridning: Annette S. Kristensen\/Athos, Danmark<br \/> Nordisk mester sprangridning: Karen Molnes\/Felix, Norge<br \/> Nordisk mester presisjonskj\u00f8ring: Karin Bondesson\/Priffe, Sverige<br \/> Nordisk mester allround lag: Gull Norge<\/p><p><strong>2001 Danmarks Fjordhesteforening, Syd-Jylland i Danmark<\/strong><br \/> Nordisk mester allround: Ingelo Eriksson\/Elvis, Sverige<\/p><p><strong>2000 Oslo og Akershus Fjordhestlag og\u00a0Ekeberg Rideklubb, Oslo i Norge<\/strong><br \/> Nordisk mester junior: Lucrezia Koestler\/Alm Jarl, Norge<br \/> Nordisk mester senior: Wenche Johannessen\/Njustar, Norge<\/p><p><strong>1999 (Pr\u00f8ve-Nordisk) Nedre Buskerud Fjordhestlag, Drammen i Norge<\/strong><br \/> Nordisk mester junior: Kristine Lundsrud\/Njustar, Norge<br \/> Nordisk mester senior: Wenche Johannessen\/Njustar, Norge<\/p><p>\u00a0<\/p>","_et_gb_content_width":"","_exactmetrics_skip_tracking":false,"_exactmetrics_sitenote_active":false,"_exactmetrics_sitenote_note":"","_exactmetrics_sitenote_category":0,"footnotes":""},"class_list":["post-3511","page","type-page","status-publish","hentry"],"_links":{"self":[{"href":"https:\/\/fjordhest.net\/blogg\/wp-json\/wp\/v2\/pages\/3511","targetHints":{"allow":["GET"]}}],"collection":[{"href":"https:\/\/fjordhest.net\/blogg\/wp-json\/wp\/v2\/pages"}],"about":[{"href":"https:\/\/fjordhest.net\/blogg\/wp-json\/wp\/v2\/types\/page"}],"author":[{"embeddable":true,"href":"https:\/\/fjordhest.net\/blogg\/wp-json\/wp\/v2\/users\/10"}],"replies":[{"embeddable":true,"href":"https:\/\/fjordhest.net\/blogg\/wp-json\/wp\/v2\/comments?post=3511"}],"version-history":[{"count":14,"href":"https:\/\/fjordhest.net\/blogg\/wp-json\/wp\/v2\/pages\/3511\/revisions"}],"predecessor-version":[{"id":9195,"href":"https:\/\/fjordhest.net\/blogg\/wp-json\/wp\/v2\/pages\/3511\/revisions\/9195"}],"up":[{"embeddable":true,"href":"https:\/\/fjordhest.net\/blogg\/wp-json\/wp\/v2\/pages\/531"}],"wp:attachment":[{"href":"https:\/\/fjordhest.net\/blogg\/wp-json\/wp\/v2\/media?parent=3511"}],"curies":[{"name":"wp","href":"https:\/\/api.w.org\/{rel}","templated":true}]}}