{"id":3568,"date":"2017-06-15T01:59:50","date_gmt":"2017-06-14T23:59:50","guid":{"rendered":"http:\/\/fjordhest.net\/blogg\/?page_id=3568"},"modified":"2021-12-17T10:40:50","modified_gmt":"2021-12-17T09:40:50","slug":"nm-og-nordisk-2017","status":"publish","type":"page","link":"https:\/\/fjordhest.net\/blogg\/aktuelle-meisterskap\/nm-og-nordisk-2017\/","title":{"rendered":"NM og Nordisk 2017"},"content":{"rendered":"<p>[et_pb_section fb_built=&raquo;1&#8243; background_color=&raquo;#a96fe2&#8243; fullwidth=&raquo;on&raquo; admin_label=&raquo;section&raquo;][et_pb_fullwidth_header title=&raquo;Mesterskap for fjordhest&raquo; subhead=&raquo;Informasjonsside for Norsk, Nordisk og Europeisk Mesterskap for fjordhest&raquo; background_layout=&raquo;dark&raquo; text_orientation=&raquo;center&raquo; admin_label=&raquo;Fullwidth Header&raquo;][\/et_pb_fullwidth_header][et_pb_fullwidth_menu menu_id=&raquo;24&#8243; text_orientation=&raquo;center&raquo; submenu_direction=&raquo;downwards&raquo; fullwidth_menu=&raquo;off&raquo; admin_label=&raquo;Fullbreddemeny&raquo;][\/et_pb_fullwidth_menu][\/et_pb_section][et_pb_section fb_built=&raquo;1&#8243; admin_label=&raquo;section&raquo;][et_pb_row admin_label=&raquo;Rekke&raquo;][et_pb_column type=&raquo;2_3&#8243; parallax=&raquo;off&raquo; parallax_method=&raquo;on&raquo;][et_pb_text admin_label=&raquo;Tekst&raquo;]<\/p>\n<h3 style=\"text-align: center;\">NM og Nordisk 2017<\/h3>\n<p>&nbsp;<\/p>\n<p class=\"\">Overordnet informasjon om \u00e5rets mesterskap finner du her. Husk at oppdaterte nyheter publiseres\u00a0fortl\u00f8pende p\u00e5 arrang\u00f8renes facebooksider, s\u00e5 f\u00f8lg med der. Linker til arrang\u00f8rene, proposisjon med p\u00e5melding og andre relevante sider\u00a0ligger i menyen til h\u00f8yre.<\/p>\n<p class=\"\"><strong>NM<\/strong><\/p>\n<p class=\"\">NM Fjordhest arrangeres av Askim Rideklubb 31. juli til 06. august i Askim i \u00d8stfold. Det er f\u00f8rste gang de er arrang\u00f8rer, men de er drevne p\u00e5 \u00f8vrige stevner. Askim hestesportsenter er\u00a0et relativt nybygget anlegg p\u00e5 Trippestadbanen. Her er\u00a0ridehall, flere utebaner, travspor og faste stallplasser til 39 hester. \u00c5pningsseremoni er mandag 31. juli, klassene starter tirsdag. Rytter-\/kuskefest holdes torsdag og avslutningsseremoni med k\u00e5ring\u00a0av mestere l\u00f8rdag 05. august. I tillegg til NRYF-klassene er det ogs\u00e5 uoffisiell utstilling.<\/p>\n<p class=\"\"><em>Forel\u00f8pig program<\/em><\/p>\n<p class=\"\">Mandag 31.07 &#8211;\u00a0Veterin\u00e6rsjekk og \u00e5pningsseremoni<\/p>\n<p style=\"text-align: left;\">Tirsdag 01.08 &#8211;\u00a0Dressurridning<\/p>\n<p style=\"text-align: left;\">Onsdag 02.08 &#8211;\u00a0Dressurridning, dressurkj\u00f8ring og uoffisiell utstilling<\/p>\n<p style=\"text-align: left;\">Torsdag 03.08 &#8211;\u00a0Maratonkj\u00f8ring, kn\u00f8ttecup og rytterfest<\/p>\n<p style=\"text-align: left;\">Fredag 04.08 &#8211;\u00a0Presisjonskj\u00f8ring og sprangridning<\/p>\n<p style=\"text-align: left;\">L\u00f8rdag 05.08 &#8211;\u00a0Sprangridning og avslutningsseremoni<\/p>\n<p>&nbsp;<\/p>\n<p class=\"\"><strong>Nordisk<\/strong><\/p>\n<p class=\"\">Nordisk mesterskap arrangeres 27. til 30. juli av Borge Rideklubb og \u00d8stfold Fjordhestlag. I likhet med NM-arrang\u00f8ren er det f\u00f8rste gang de avholder dette stevnet, men de er drevne stevnearrang\u00f8rer. Stevneplassen er Fredriksborg Hestesportsenter. \u00c5pningsseremonien er onsdag 26.07, rytter-\/kuskefesten l\u00f8rdag og avslutningsseremoni med k\u00e5ring av mestere s\u00f8ndag 30. juli<\/p>\n<p class=\"\"><em>Forel\u00f8pig program<\/em><\/p>\n<p style=\"text-align: left;\">Onsdag 26.07 &#8211; Veterin\u00e6rkontroll og \u00e5pningsseremoni<\/p>\n<p class=\"\" style=\"text-align: left;\">Torsdag 27.07 &#8211; Dressurridning og dressurkj\u00f8ring<\/p>\n<p class=\"\" style=\"text-align: left;\">Fredag 28.07 &#8211; Sprang<\/p>\n<p class=\"\" style=\"text-align: left;\">L\u00f8rdag 29.07 &#8211; Maratonkj\u00f8ring, \u00a0dressurridning og rytter-\/kuskefest<\/p>\n<p class=\"\" style=\"text-align: left;\">S\u00f8ndag 30.07 &#8211; Presisjon, sprang og avslutningsseremoni<\/p>\n<p>[\/et_pb_text][\/et_pb_column][et_pb_column type=&raquo;1_3&#8243; parallax=&raquo;off&raquo; parallax_method=&raquo;on&raquo;][et_pb_sidebar area=&raquo;et_pb_widget_area_15&#8243; admin_label=&raquo;Sidekolonne&raquo;][\/et_pb_sidebar][et_pb_image src=&raquo;http:\/\/fjordhest.net\/blogg\/wp-content\/uploads\/2015\/04\/nordisk-logo-e1493375708716.jpg&raquo; title_text=&raquo;Nordisk for fjordhest 2017&#8243; url=&raquo;https:\/\/www.facebook.com\/Nordisk2017\/?fref=ts&raquo; animation=&raquo;fade_in&raquo; admin_label=&raquo;Bilde&raquo;][\/et_pb_image][et_pb_countdown_timer title=&raquo;Nordisk for fjordhest 2017&#8243; date_time=&raquo;07\/27\/2017 00:00&#8243; background_layout=&raquo;light&raquo; use_background_color=&raquo;off&raquo; admin_label=&raquo;Nedtelling&raquo;][\/et_pb_countdown_timer][et_pb_text admin_label=&raquo;Tekst&raquo;]<\/p>\n<p style=\"text-align: center;\"><strong style=\"background-color: #ffffff; font-size: 14px;\"><a style=\"font-size: 14px;\" href=\"https:\/\/www.facebook.com\/Nordisk2017\/?fref=ts\">Facebookside<\/a>\u00a0og\u00a0<a style=\"font-size: 14px;\" href=\"http:\/\/www.borgerideklubb.no\/kjoslashring-fjordhest.html\">hjemmeside<\/a>\u00a0for Nordisk<\/strong><\/p>\n<p>[\/et_pb_text][et_pb_image src=&raquo;http:\/\/fjordhest.net\/blogg\/wp-content\/uploads\/2015\/04\/forsidebilde-1.jpg&raquo; title_text=&raquo;Fjordhest NM 2017&#8243; url=&raquo;http:\/\/fjordhestnm.no&raquo; animation=&raquo;fade_in&raquo; admin_label=&raquo;Bilde&raquo;][\/et_pb_image][et_pb_countdown_timer title=&raquo;NM Fjordhest 2017&#8243; date_time=&raquo;07\/31\/2017 00:00&#8243; background_layout=&raquo;light&raquo; use_background_color=&raquo;off&raquo; admin_label=&raquo;Nedtelling&raquo;][\/et_pb_countdown_timer][et_pb_text admin_label=&raquo;Tekst&raquo;]<\/p>\n<p style=\"text-align: center;\"><strong style=\"background-color: #ffffff; font-size: 14px;\"><a style=\"font-size: 14px;\" href=\"https:\/\/www.facebook.com\/Fjordhest-NM-2017-703255756488517\/?fref=ts\">Facebookside<\/a>\u00a0og\u00a0<a style=\"font-size: 14px;\" href=\"http:\/\/fjordhestnm.no\/\">hjemmeside<\/a>\u00a0for NM<\/strong><\/p>\n<p>[\/et_pb_text][\/et_pb_column][\/et_pb_row][\/et_pb_section]<\/p>\n","protected":false},"excerpt":{"rendered":"<p>NM og Nordisk 2017 &nbsp; Overordnet informasjon om \u00e5rets mesterskap finner du her. Husk at oppdaterte nyheter publiseres\u00a0fortl\u00f8pende p\u00e5 arrang\u00f8renes facebooksider, s\u00e5 f\u00f8lg med der. Linker til arrang\u00f8rene, proposisjon med p\u00e5melding og andre relevante sider\u00a0ligger i menyen til h\u00f8yre. NM NM Fjordhest arrangeres av Askim Rideklubb 31. juli til 06. august i Askim i \u00d8stfold. [&hellip;]<\/p>\n","protected":false},"author":10,"featured_media":0,"parent":531,"menu_order":0,"comment_status":"closed","ping_status":"closed","template":"","meta":{"_et_pb_use_builder":"on","_et_pb_old_content":"","_et_gb_content_width":"","_exactmetrics_skip_tracking":false,"_exactmetrics_sitenote_active":false,"_exactmetrics_sitenote_note":"","_exactmetrics_sitenote_category":0,"footnotes":""},"class_list":["post-3568","page","type-page","status-publish","hentry"],"_links":{"self":[{"href":"https:\/\/fjordhest.net\/blogg\/wp-json\/wp\/v2\/pages\/3568","targetHints":{"allow":["GET"]}}],"collection":[{"href":"https:\/\/fjordhest.net\/blogg\/wp-json\/wp\/v2\/pages"}],"about":[{"href":"https:\/\/fjordhest.net\/blogg\/wp-json\/wp\/v2\/types\/page"}],"author":[{"embeddable":true,"href":"https:\/\/fjordhest.net\/blogg\/wp-json\/wp\/v2\/users\/10"}],"replies":[{"embeddable":true,"href":"https:\/\/fjordhest.net\/blogg\/wp-json\/wp\/v2\/comments?post=3568"}],"version-history":[{"count":6,"href":"https:\/\/fjordhest.net\/blogg\/wp-json\/wp\/v2\/pages\/3568\/revisions"}],"predecessor-version":[{"id":5026,"href":"https:\/\/fjordhest.net\/blogg\/wp-json\/wp\/v2\/pages\/3568\/revisions\/5026"}],"up":[{"embeddable":true,"href":"https:\/\/fjordhest.net\/blogg\/wp-json\/wp\/v2\/pages\/531"}],"wp:attachment":[{"href":"https:\/\/fjordhest.net\/blogg\/wp-json\/wp\/v2\/media?parent=3568"}],"curies":[{"name":"wp","href":"https:\/\/api.w.org\/{rel}","templated":true}]}}