{"id":370,"date":"2014-12-19T13:42:29","date_gmt":"2014-12-19T12:42:29","guid":{"rendered":"http:\/\/fjordhest.net\/blogg\/?page_id=370"},"modified":"2024-12-19T21:13:20","modified_gmt":"2024-12-19T20:13:20","slug":"lokallag","status":"publish","type":"page","link":"https:\/\/fjordhest.net\/blogg\/norges-fjordhestlag\/lokallag\/","title":{"rendered":"Lokallag"},"content":{"rendered":"<p>[et_pb_section fb_built=&raquo;1&#8243; fullwidth=&raquo;on&raquo; admin_label=&raquo;section&raquo; _builder_version=&raquo;4.16&#8243; background_color=&raquo;#ddc8a6&#8243; global_colors_info=&raquo;{}&raquo;][et_pb_fullwidth_menu menu_id=&raquo;11&#8243; admin_label=&raquo;Norges fjordhestlag meny&raquo; _builder_version=&raquo;4.16&#8243; text_orientation=&raquo;center&raquo; global_colors_info=&raquo;{}&raquo;]<\/p>\n<p>[\/et_pb_fullwidth_menu][\/et_pb_section][et_pb_section fb_built=&raquo;1&#8243; admin_label=&raquo;section&raquo; _builder_version=&raquo;4.27.0&#8243; hover_enabled=&raquo;0&#8243; global_colors_info=&raquo;{}&raquo; sticky_enabled=&raquo;0&#8243;][et_pb_row admin_label=&raquo;row&raquo; _builder_version=&raquo;4.27.0&#8243; background_size=&raquo;initial&raquo; background_position=&raquo;top_left&raquo; background_repeat=&raquo;repeat&raquo; max_width=&raquo;1200px&raquo; hover_enabled=&raquo;0&#8243; global_colors_info=&raquo;{}&raquo; sticky_enabled=&raquo;0&#8243;][et_pb_column type=&raquo;4_4&#8243; _builder_version=&raquo;4.16&#8243; custom_padding=&raquo;|||&raquo; global_colors_info=&raquo;{}&raquo; custom_padding__hover=&raquo;|||&raquo;][et_pb_text admin_label=&raquo;Lokallag tekst&raquo; _builder_version=&raquo;4.27.0&#8243; background_size=&raquo;initial&raquo; background_position=&raquo;top_left&raquo; background_repeat=&raquo;repeat&raquo; hover_enabled=&raquo;0&#8243; z_index_tablet=&raquo;500&#8243; global_colors_info=&raquo;{}&raquo; sticky_enabled=&raquo;0&#8243;]<\/p>\n<h3 style=\"text-align: center;\"><strong>Lokallag i Norges Fjordhestlag<\/strong><\/h3>\n<p><strong><\/strong><\/p>\n<h3><strong>AGDER<\/strong><\/h3>\n<p><strong>Aust-Agder fjordhestlag (fylkes-\/distriktslag)<\/strong><br \/>Maryann Gjerde, Gamlevei 40, 4885 GRIMSTAD<br \/>41625098, <a href=\"mailto:maryann_gjerde@hotmail.com\">maryann_gjerde@hotmail.com<\/a><\/p>\n<p>&nbsp;<\/p>\n<h3><strong>BUSKERUD<\/strong><\/h3>\n<p><strong><br \/><\/strong><strong>Nedre Buskerud fjordhestlag (lokallag)<br \/><\/strong>Odd Eriksen, Sankt Hallvardsvei 18, 3414 Lierstranda<br \/>415 17 114\u00a0<em><a href=\"mailto:info@nbfl.no\">info@nbfl.no\u00a0<\/a><\/em><em><a href=\"http:\/\/www.nbfl.no\/\">www.nbfl.no<\/a>\u00a0<\/em><\/p>\n<p><strong>\u00d8vre Buskerud fjordhestlag (lokallag)<br \/><\/strong>Marie Thorson Natten, Tunhovdveien 589, 3630 R\u00f8dberg<br \/>Tlf.: 415 55 379, <a href=\"mailto:marienatten@gmail.com\">marienatten@gmail.com<\/a><\/p>\n<p>&nbsp;<\/p>\n<h3><strong>INNLANDET<\/strong><\/h3>\n<p><strong><br \/>Hedmark fjordhestlag (fylkes-\/distriktslag)<\/strong><br \/>Nina Bekkevold, Spangenvegen 230, 2340 L\u00f8ten<br \/>99 24\u00a0 22 23, <a href=\"mailto:hedmarkfjordhestlag@gmail.com\">hedmarkfjordhestlag@gmail.com<\/a><\/p>\n<p><strong>Gudbrandsdal fjordhestlag (lokallag)<\/strong><br \/>Kristine F. Romslo, Torgeirs Gamlesveg, <br \/>2685 Garmo. Tlf.: 996 96 066<br \/>kristine_romslo@hotmail.com<\/p>\n<p><strong>Vestoppland fjordhestlag (lokallag)<\/strong><br \/>Berit Bergset, Stenslivegen 105, 2817 GJ\u00d8VIK<br \/>901 05 595, berit.bergset@nordsida.no<\/p>\n<p>&nbsp;<\/p>\n<h3><strong>M\u00d8RE OG ROMSDAL<\/strong><\/h3>\n<p><strong><br \/>M\u00f8re og Romsdal fjordhestlag (fylkes-\/distriktslag)<br \/><\/strong>Svein Ove Gardshol, Hareidvegen 162, <br \/>6060 Hareid. Tlf.: 482 85 054<\/p>\n<p><strong>Indre Nordm\u00f8re fjordhestlag (lokallag)<br \/><\/strong>Anne- Marit L\u00f8faldli, Liagrendvegen 266, 6658 Rindalsskogen<br \/>95 78 20 95 \/ infjordhest@gmail.com<\/p>\n<p><strong>Nordre Sunnm\u00f8re fjordhestlag (lokallag)<br \/><\/strong>Astrid Ellinor God\u00f8, Leitebakken 41, 6055 God\u00f8ya<br \/>Tlf.: 400 08 362 astrid.god@gmail.com<\/p>\n<p><strong>Sykkylven fjordhestlag (lokallag)<br \/><\/strong>Jan Ove Skogvold, Brunstadvegen 97, <br \/>6220 Straumgjerde. <br \/>Tlf.: 952 98 748 jan.ove.skogvold@outlook.com<\/p>\n<p><strong>S\u00f8re Romsdal fjordhestlag (lokallag<br \/><\/strong>Karine Mathilde Kristiansen, Bruasetvegen 225, 6386 M\u00e5ndalen<br \/>952 57 097\u00a0<em><a href=\"mailto:karinemathilde@gmail.com\">karinemathilde@gmail.com<\/a><\/em><\/p>\n<p><strong>\u00d8rsta og Volda fjordhestlag (lokallag)<br \/><\/strong>Torill-Kristin Wollmann, Ytrest\u00f8ylen 74, 6105 Volda, <br \/>Tlf.: 908 45 628 <a href=\"mailto:orstavoldafjordhestlag@gmail.com\">orstavoldafjordhestlag@gmail.com<\/a><\/p>\n<p>&nbsp;<\/p>\n<h3><strong>NORDLAND<\/strong><\/h3>\n<p><strong><br \/><\/strong><strong>Salten fjordhestlag (lokallag)<br \/><\/strong>Line Torrissen Carlsen, Naurstadveien 506, 8050 Tverlandet<br \/>988 78 422\u00a0<em><a href=\"mailto:linetcarlsen@gmail.com\">linetcarlsen@gmail.com<\/a><\/em><\/p>\n<p><strong>Helgeland fjordhestlag (lokallag)<br \/><\/strong>Ingunn Larsen, Sims\u00f8veien 77, 8890 Leirfjord, <br \/>Tlf.: 452 17 735 ingunnlarsen@live.no<\/p>\n<p><strong>S\u00f8mna og Br\u00f8nn\u00f8y fjordhestlag (lokallag)<br \/><\/strong>Hilda W\u00e5gan, Enge, 8920 S\u00f8mna<\/p>\n<p>&nbsp;<\/p>\n<h3><strong>OSLO\/AKERSHUS<\/strong><\/h3>\n<p><strong>Oslo og Akershus fjordhestlag (fylkes-\/distriktslag)<\/strong><br \/>Kari Reitan, Heiasvingen 43, 1900 Fet. <br \/>Tlf.: 958 46 310 <a href=\"mailto:post.oafl@gmail.com\">post.oafl@gmail.com<\/a><\/p>\n<p>&nbsp;<\/p>\n<h3><strong>ROGALAND<\/strong><\/h3>\n<p><strong><br \/>Rogaland fjordhestlag (fylkes-\/distriktslag)<br \/><\/strong>\u00c5se Ravndal, \u00c5lg\u00e5rdsveien 244, 4308 Sandnes<br \/>475 10 156, <em><a href=\"mailto:aaseravn@hotmail.com\">aaseravn@hotmail.com<\/a><\/em><\/p>\n<p><strong>Dalane fjordhestlag (lokallag)<br \/><\/strong>Jostein \u00d8strem, \u00d8stremveien 4, 4462 Hovsherad<br \/>95 22 74 48<\/p>\n<p><strong>J\u00e6ren fjordhestlag (lokallag)<br \/><\/strong>Veronica Hogstad Sveinsvoll, Indreb\u00f8vegen 4, 4365 N\u00e6rb\u00f8<br \/>959 08 483, veronicah.sveinsvoll@hotmail.no<\/p>\n<p><strong>Nj\u00e5rd fjordhestlag (lokallag)<br \/><\/strong>Jan Are, Areveien 366, 5561 Bokn<br \/>90 69 11 38,\u00a0<em><a href=\"mailto:janare@arebrygge.no\">janare@arebrygge.no<\/a><\/em><\/p>\n<p><strong>Ryfylke fjordhestlag (lokallag)<br \/><\/strong>Hanne Eikemo Imsland, Kval\u00f8yvegen 81, 5583 Vikedal<br \/>41427520, hanne.eikemo86@gmail.com<strong><br \/><\/strong><\/p>\n<p>&nbsp;<\/p>\n<h3><strong>TELEMARK<\/strong><\/h3>\n<p><strong>Telemark fjordhestlag (fylkes-\/distriktslag)<br \/><\/strong>Bengt Bratt, Husetvegen 42, 3825 Lunde<br \/><a href=\"mailto:styret@telemarkfjordhestlag.no\">styret@telemarkfjordhestlag.no<\/a><\/p>\n<p>&nbsp;<\/p>\n<h3><strong>TR\u00d8NDELAG<\/strong><\/h3>\n<p><strong>Tr\u00f8ndelag fjordhestlag (fylkes-\/distriktslag)<br \/><\/strong>Mimi Oust, Grytevegen 174B, 7640 Skogn<br \/><a href=\"mailto:mimi.oust@gmail.com\">mimi.oust@gmail.com<\/a><\/p>\n<p>&nbsp;<\/p>\n<h3><strong>VEST-AGDER<\/strong><\/h3>\n<p><strong>Vest-Agder fjordhestlag (fylkes-\/distriktslag)<\/strong><br \/>Sara Tonette L\u00f8land Kr\u00e5sveien 670, 4580 Lyngdal. <br \/>Tlf.: 481 70 403 <a href=\"mailto:sara.tonette@hotmail.com\">sara.tonette@hotmail.com<\/a><\/p>\n<p>&nbsp;<\/p>\n<h3><strong>VESTFOLD<\/strong><\/h3>\n<p><strong>Vestfold fjordhestlag (fylkes-\/distriktslag)<\/strong><br \/>June Cecilie Horntvedt, Elverh\u00f8iveien 1 B, 3113 T\u00f8nsberg<br \/><em><a href=\"mailto:june@vestfoldfjordhestlag.no\"><\/a><\/em><em><a href=\"mailto:june@vestfoldfjordhestlag.no\"><\/a><\/em><em><a href=\"mailto:june@vestfoldfjordhestlag.no\">june@vestfoldfjordhestlag.no<\/a><\/em><\/p>\n<p><strong><\/strong><\/p>\n<h3><strong>VESTLAND<\/strong><\/h3>\n<p><strong><br \/>Hordaland fjordhestlag (fylkes-\/distriktslag)<br \/><\/strong>Hanne Kl\u00f8vstad Hesjedal, Nesvegen 60, 5470 Rosendal<br \/>91 10 86 52, hanneklovstad@gmail.com<\/p>\n<p><strong>Kvinnherad fjordhestlag (lokallag)<br \/><\/strong>Hanne Kl\u00f8vstad Hesjedal, Nesvegen 60, 5470 Rosendal<br \/>91 10 86 52, hanneklovstad@gmail.com<\/p>\n<p><strong>Midthordland fjordhestlag (lokallag)<br \/><\/strong>Tone Helen Bache, Unnelandsvegen 118, 5268 Haukeland<br \/>906 11 709, tone@tbdyreterapi.no<\/p>\n<p><strong>Oster\u00f8y fjordhestlag (lokallag)<br \/><\/strong>Janne Seilen, Vevlevegen 182 5281 Valestrandsfossen<strong><br \/><\/strong>920 94 232<\/p>\n<p><strong>Sunnhordland fjordhestlag (lokallag)<br \/><\/strong>Christine Bakkane, P.b. 39, 5694 Uggdal<br \/>954 04 937, christine_bakkane@hotmail.com<\/p>\n<p><strong>Ullensvang og Kinsarvik fjordhestlag (lokallag)<br \/><\/strong>Ivar S. B\u00f8rve, 5773 Hovland<\/p>\n<p><strong>Voss fjordhestlag (lokallag)<br \/><\/strong>Britt Lilly Hylland, Raundalsvegen 141, 5706 Voss<br \/>993 14 756, <a href=\"mailto:britt.hylland@gmail.com\">britt.hylland@gmail.com<\/a><\/p>\n<p><strong><\/strong><strong>Sunnfjord og Sogn fjordhestlag (fylkes-\/distriktslag)<br \/><\/strong>Hanne Thue, 6800 F\u00f8rdeTlf.: 971 56 419 <br \/>sunnfjord.fjordhestlag@hotmail.com<\/p>\n<p><strong>Nordfjord fjordhestlag (fylkes-\/distriktslag)<\/strong><br \/>Tone Sm\u00f8rdal, L\u00f8kjastranda 59, 6773 Nordfjordeid. <br \/>Tlf.: 951 95 142 toneks2@gmail.com<\/p>\n<p><strong>Dalsfjorden og Ytre Sogn fjordhestlag (lokallag)<br \/><\/strong>Oddvar Vassli\u00e5s, 6968 Flekke<br \/>907 60 263\u00a0<em><a href=\"mailto:oddvv@online.no\">oddvv@online.no<\/a><\/em><\/p>\n<p><strong>Eid fjordhestlag (lokallag)<br \/><\/strong>Linda Beate Svoren, \u00c5r\u00f8yane, 6770 Nordfjordeid<br \/>419 29 279, linda_svoren@hotmail.com<strong><br \/><\/strong><\/p>\n<p><strong>F\u00f8rde fjordhestlag (lokallag)<\/strong><br \/>Gunnar Bruland, Sundsdalen 197, 6819 F\u00f8rde <br \/>Tlf.: 970 28 672 gunnarbrulandfnas@gmail.com<\/p>\n<p><strong>Gulen og Brekke fjordhestlag (lokallag)<br \/><\/strong>Trond Helge Norddal, 5960 Dals\u00f8yra<br \/>57 78 32 26<\/p>\n<p><strong>Indre Nordfjord fjordhestlag (lokallag)<br \/><\/strong>Helene Rosenblad, 6783 Stryn<br \/>helrose81@gmail.com<\/p>\n<p><strong>Indre Sogn fjordhestlag (lokallag)<br \/><\/strong>Osvald Hildeskor, Gjesthaugen, 6856 Sogndal<br \/>977 72 787<\/p>\n<p><strong>J\u00f8lster fjordhestlag (lokallag)<br \/><\/strong>Torill \u00d8vreb\u00f8, \u00c5lhusvegen 160, 6847 Vassenden<br \/><em>48125530, <a href=\"mailto:torilone@hotmail.com\">torilone@hotmail.com<\/a><\/em><\/p>\n<p><strong>Midtre Nordfjord fjordhestlag (lokallag)<br \/><\/strong>Else L\u00f8kke, 6826 Byrkjelo<br \/>57 86 88 36\/907 07 858, else@viegarden.com<\/p>\n<p><strong>Naustdal og Vevring fjordhestlag (lokallag)<br \/><\/strong>Monica Areklett, Bunest\u00f8lvegen 190, 6817 Naustdal <br \/>Tlf.: 901 60 953 naustdal.vevring.fjordhestlag@gmail.com<\/p>\n<p><em><\/em><\/p>\n<h3><strong>\u00d8STFOLD<\/strong><\/h3>\n<p><strong><\/strong><\/p>\n<p><strong>\u00d8stfold fjordhestlag (fylkes\/distriktslag)<br \/><\/strong>Annike Mikkelsen, Kjenneveien 44, 1621 Gressvik<br \/>977 90 858\u00a0<em><a href=\"mailto:blaatopp@live.no\">blaatopp@live.no<\/a><\/em><\/p>\n<p>&nbsp;<\/p>\n<p>&nbsp;<\/p>\n<p>&nbsp;<\/p>\n<p>&nbsp;<\/p>\n<p>[\/et_pb_text][\/et_pb_column][\/et_pb_row][et_pb_row column_structure=&raquo;1_4,1_4,1_4,1_4&#8243; admin_label=&raquo;row&raquo; _builder_version=&raquo;4.16&#8243; background_size=&raquo;initial&raquo; background_position=&raquo;top_left&raquo; background_repeat=&raquo;repeat&raquo; max_width=&raquo;1200px&raquo; global_colors_info=&raquo;{}&raquo;][et_pb_column type=&raquo;1_4&#8243; _builder_version=&raquo;4.16&#8243; custom_padding=&raquo;|||&raquo; global_colors_info=&raquo;{}&raquo; custom_padding__hover=&raquo;|||&raquo;][\/et_pb_column][et_pb_column type=&raquo;1_4&#8243; _builder_version=&raquo;4.16&#8243; custom_padding=&raquo;|||&raquo; global_colors_info=&raquo;{}&raquo; custom_padding__hover=&raquo;|||&raquo;][\/et_pb_column][et_pb_column type=&raquo;1_4&#8243; _builder_version=&raquo;4.16&#8243; custom_padding=&raquo;|||&raquo; global_colors_info=&raquo;{}&raquo; custom_padding__hover=&raquo;|||&raquo;][\/et_pb_column][et_pb_column type=&raquo;1_4&#8243; _builder_version=&raquo;4.16&#8243; custom_padding=&raquo;|||&raquo; global_colors_info=&raquo;{}&raquo; custom_padding__hover=&raquo;|||&raquo;][\/et_pb_column][\/et_pb_row][\/et_pb_section][et_pb_section fb_built=&raquo;1&#8243; fullwidth=&raquo;on&raquo; admin_label=&raquo;section&raquo; _builder_version=&raquo;4.16&#8243; background_color=&raquo;#ddb67c&raquo; global_colors_info=&raquo;{}&raquo;][\/et_pb_section]<\/p>\n","protected":false},"excerpt":{"rendered":"<p>Lokallag i Norges Fjordhestlag AGDER Aust-Agder fjordhestlag (fylkes-\/distriktslag)Maryann Gjerde, Gamlevei 40, 4885 GRIMSTAD41625098, maryann_gjerde@hotmail.com &nbsp; BUSKERUD Nedre Buskerud fjordhestlag (lokallag)Odd Eriksen, Sankt Hallvardsvei 18, 3414 Lierstranda415 17 114\u00a0info@nbfl.no\u00a0www.nbfl.no\u00a0 \u00d8vre Buskerud fjordhestlag (lokallag)Marie Thorson Natten, Tunhovdveien 589, 3630 R\u00f8dbergTlf.: 415 55 379, marienatten@gmail.com &nbsp; INNLANDET Hedmark fjordhestlag (fylkes-\/distriktslag)Nina Bekkevold, Spangenvegen 230, 2340 L\u00f8ten99 24\u00a0 22 23, [&hellip;]<\/p>\n","protected":false},"author":1,"featured_media":0,"parent":151,"menu_order":0,"comment_status":"open","ping_status":"open","template":"","meta":{"_et_pb_use_builder":"on","_et_pb_old_content":"","_et_gb_content_width":"","_exactmetrics_skip_tracking":false,"_exactmetrics_sitenote_active":false,"_exactmetrics_sitenote_note":"","_exactmetrics_sitenote_category":0,"footnotes":""},"class_list":["post-370","page","type-page","status-publish","hentry"],"_links":{"self":[{"href":"https:\/\/fjordhest.net\/blogg\/wp-json\/wp\/v2\/pages\/370","targetHints":{"allow":["GET"]}}],"collection":[{"href":"https:\/\/fjordhest.net\/blogg\/wp-json\/wp\/v2\/pages"}],"about":[{"href":"https:\/\/fjordhest.net\/blogg\/wp-json\/wp\/v2\/types\/page"}],"author":[{"embeddable":true,"href":"https:\/\/fjordhest.net\/blogg\/wp-json\/wp\/v2\/users\/1"}],"replies":[{"embeddable":true,"href":"https:\/\/fjordhest.net\/blogg\/wp-json\/wp\/v2\/comments?post=370"}],"version-history":[{"count":27,"href":"https:\/\/fjordhest.net\/blogg\/wp-json\/wp\/v2\/pages\/370\/revisions"}],"predecessor-version":[{"id":11404,"href":"https:\/\/fjordhest.net\/blogg\/wp-json\/wp\/v2\/pages\/370\/revisions\/11404"}],"up":[{"embeddable":true,"href":"https:\/\/fjordhest.net\/blogg\/wp-json\/wp\/v2\/pages\/151"}],"wp:attachment":[{"href":"https:\/\/fjordhest.net\/blogg\/wp-json\/wp\/v2\/media?parent=370"}],"curies":[{"name":"wp","href":"https:\/\/api.w.org\/{rel}","templated":true}]}}