{"id":3818,"date":"2017-07-26T15:45:16","date_gmt":"2017-07-26T13:45:16","guid":{"rendered":"http:\/\/fjordhest.net\/blogg\/?page_id=3818"},"modified":"2020-10-08T22:00:04","modified_gmt":"2020-10-08T20:00:04","slug":"faqwiki","status":"publish","type":"page","link":"https:\/\/fjordhest.net\/blogg\/norges-fjordhestlag\/styret\/aktivitetsutvalget\/faqwiki\/","title":{"rendered":"Oppgaver og arbeidsmetodikk"},"content":{"rendered":"<p>[et_pb_section fb_built=&raquo;1&#8243; fullwidth=&raquo;on&raquo; admin_label=&raquo;section&raquo; _builder_version=&raquo;3.22.3&#8243; background_color=&raquo;#a96fe2&#8243;][et_pb_fullwidth_header title=&raquo;Mesterskap for fjordhest&raquo; subhead=&raquo;Informasjonsside for Norsk, Nordisk og Europeisk Mesterskap for fjordhest&raquo; text_orientation=&raquo;center&raquo; content_max_width=&raquo;none&raquo; admin_label=&raquo;Fullwidth Header&raquo; _builder_version=&raquo;3.16&#8243; background_color=&raquo;rgba(255, 255, 255, 0)&raquo; button_one_text_size__hover_enabled=&raquo;off&raquo; button_two_text_size__hover_enabled=&raquo;off&raquo; button_one_text_color__hover_enabled=&raquo;off&raquo; button_two_text_color__hover_enabled=&raquo;off&raquo; button_one_border_width__hover_enabled=&raquo;off&raquo; button_two_border_width__hover_enabled=&raquo;off&raquo; button_one_border_color__hover_enabled=&raquo;off&raquo; button_two_border_color__hover_enabled=&raquo;off&raquo; button_one_border_radius__hover_enabled=&raquo;off&raquo; button_two_border_radius__hover_enabled=&raquo;off&raquo; button_one_letter_spacing__hover_enabled=&raquo;off&raquo; button_two_letter_spacing__hover_enabled=&raquo;off&raquo; button_one_bg_color__hover_enabled=&raquo;off&raquo; button_two_bg_color__hover_enabled=&raquo;off&raquo;][\/et_pb_fullwidth_header][et_pb_fullwidth_menu menu_id=&raquo;11&#8243; submenu_direction=&raquo;downwards&raquo; fullwidth_menu=&raquo;off&raquo; admin_label=&raquo;Fullbreddemeny&raquo; _builder_version=&raquo;3.0.51&#8243;][\/et_pb_fullwidth_menu][\/et_pb_section][et_pb_section fb_built=&raquo;1&#8243; admin_label=&raquo;section&raquo; _builder_version=&raquo;3.22.3&#8243;][et_pb_row column_structure=&raquo;2_3,1_3&#8243; admin_label=&raquo;Rekke&raquo; _builder_version=&raquo;3.25&#8243; background_size=&raquo;initial&raquo; background_position=&raquo;top_left&raquo; background_repeat=&raquo;repeat&raquo;][et_pb_column type=&raquo;2_3&#8243; _builder_version=&raquo;3.25&#8243; custom_padding=&raquo;|||&raquo; custom_padding__hover=&raquo;|||&raquo;][et_pb_text admin_label=&raquo;Tekst&raquo; _builder_version=&raquo;4.5.5&#8243; background_size=&raquo;initial&raquo; background_position=&raquo;top_left&raquo; background_repeat=&raquo;repeat&raquo; min_height=&raquo;866px&raquo; custom_padding=&raquo;0px||5px|||&raquo; hover_enabled=&raquo;0&#8243;]Styret i Norges Fjordhestlag har ikke kapasitet til \u00e5 h\u00e5ndtere alle saker innenfor fjordhestens brede felt,\u00a0 enkelte oppgaver delegeres til utvalg. Alt som ang\u00e5r sport, aktivitet og bruk behandles av Aktivitetsutvalget\/AU.<br \/>\n<span style=\"font-size: 14px;\"><\/span><\/p>\n<p class=\"\">Utvalgets medlemmer er spredt geografisk, derfor gj\u00f8res m\u00f8ter og arbeid hovedsakelig via Skype og chat. Fysiske m\u00f8ter fors\u00f8kes gjennomf\u00f8rt\u00a0der alle uansett er tilstede, f.eks mesterskap, h\u00f8stm\u00f8te og utstilling.<\/p>\n<p>Utvalget har per idag f\u00f8lgende hovedoppgaver:<\/p>\n<h4>Mesterskap for fjordhest<\/h4>\n<ul>\n<li>Lyse ut, saksbehandle og gi anbefaling til styre p\u00e5 arrang\u00f8r for alle fjordhestmesterskap som avholdes i Norge<\/li>\n<li>Revidere statutter for NM Fjordhest og s\u00f8rge for \u00e5 f\u00e5 de godkjent hos NRYF<\/li>\n<li>Initiere statuttarbeid for Nordisk mesterskap sammen med de \u00f8vrige landene<\/li>\n<li>Bidra inn mot Fjordhorse International i statuttarbeid for Europeisk mesterskap<\/li>\n<li>Anskaffe medaljer, pokaler og dekken p\u00e5 vegne av NFL for mesterskap som avholdes i Norge<\/li>\n<li>Se over invitasjoner til mesterskap, p\u00e5se at statutter og regelverk er fulgt p\u00e5 en god m\u00e5te<\/li>\n<li>S\u00f8rge for at det under Norgesmesterskapet arrangeres kuske-\/rytterm\u00f8te med arrang\u00f8r<\/li>\n<li>Sette kvalifiseringskrav til norske ekvipasjer i internasjonale fjordhestmesterskap<\/li>\n<li>Gi anbefaling til styret for laguttak til internasjonale fjordhestmesterskap<\/li>\n<li>V\u00e6re norsk kontaktledd for mesterskapsarrang\u00f8rer i inn- og utland<\/li>\n<li>V\u00e6re tilgjengelig for sp\u00f8rsm\u00e5l og tilbakemeldinger fra norske ekvipasjer<\/li>\n<li>Kontakt og kommunikasjon med NRYF, herunder innspill til \u00e5rlig TK-samling<\/li>\n<\/ul>\n<h4>Fjordhestaktivitet p\u00e5 st\u00f8rre tilstelninger<\/h4>\n<p class=\"\">Identifisere arenaer hvor fjordhesten kan og b\u00f8r vise sine gode egenskaper og enten selv lage et innslag eller peke ut og f\u00f8lge opp noen som er ansvarlig for det. Eksempler p\u00e5 tilstelninger er Oslo Horse Show, Norwegian Horse Festival, Dyrskun, Stavsmartn osv. Dette er sammenfallende med Markedsf\u00f8ringsutvalgets oppgaver, og l\u00f8ses av begge disse utvalgene i samarbeid.<\/p>\n<h4>Skeid<\/h4>\n<p class=\"\">Det er en egen arbeidsgruppe med representanter fra NHS og de s\u00e6rnorske rasene som jobber med Skeid, men siden dette er en definert signaturaktivitet for rasen bidrar utvalget med det som m\u00e5tte v\u00e6re \u00f8nskelig.<\/p>\n<h4>H\u00f8stm\u00f8te og \u00e5rsm\u00f8te<\/h4>\n<p class=\"\">Utvalget har vanligvis en egen infobolk under H\u00f8stm\u00f8tet, og fremlegger sin \u00e5rsmelding under \u00e5rsm\u00f8tet.<\/p>\n<h4>Tildelte saker og sp\u00f8rsm\u00e5l<\/h4>\n<p class=\"\">Utvalget f\u00e5r tildelt saker fra styret som ang\u00e5r feltet bruk, sport og aktivitet, og besvarer sp\u00f8rsm\u00e5l som kommer inn til postboksen <a href=\"mailto:aktivitet@fjordhest.no\">aktivitet@fjordhest.no<\/a>.<\/p>\n<p>&nbsp;<\/p>\n<p>&nbsp;<\/p>\n<p>&nbsp;[\/et_pb_text][\/et_pb_column][et_pb_column type=&raquo;1_3&#8243; _builder_version=&raquo;3.25&#8243; custom_padding=&raquo;|||&raquo; custom_padding__hover=&raquo;|||&raquo;][et_pb_sidebar area=&raquo;et_pb_widget_area_13&#8243; admin_label=&raquo;Sidekolonne&raquo; _builder_version=&raquo;3.0.74&#8243;][\/et_pb_sidebar][et_pb_sidebar area=&raquo;et_pb_widget_area_3&#8243; admin_label=&raquo;Sidekolonne&raquo; _builder_version=&raquo;3.0.74&#8243;][\/et_pb_sidebar][\/et_pb_column][\/et_pb_row][\/et_pb_section]<\/p>\n","protected":false},"excerpt":{"rendered":"<p>Styret i Norges Fjordhestlag har ikke kapasitet til \u00e5 h\u00e5ndtere alle saker innenfor fjordhestens brede felt,\u00a0 enkelte oppgaver delegeres til utvalg. Alt som ang\u00e5r sport, aktivitet og bruk behandles av Aktivitetsutvalget\/AU. Utvalgets medlemmer er spredt geografisk, derfor gj\u00f8res m\u00f8ter og arbeid hovedsakelig via Skype og chat. Fysiske m\u00f8ter fors\u00f8kes gjennomf\u00f8rt\u00a0der alle uansett er tilstede, f.eks [&hellip;]<\/p>\n","protected":false},"author":10,"featured_media":0,"parent":480,"menu_order":0,"comment_status":"closed","ping_status":"closed","template":"","meta":{"_et_pb_use_builder":"on","_et_pb_old_content":"","_et_gb_content_width":"","_exactmetrics_skip_tracking":false,"_exactmetrics_sitenote_active":false,"_exactmetrics_sitenote_note":"","_exactmetrics_sitenote_category":0,"footnotes":""},"class_list":["post-3818","page","type-page","status-publish","hentry"],"_links":{"self":[{"href":"https:\/\/fjordhest.net\/blogg\/wp-json\/wp\/v2\/pages\/3818","targetHints":{"allow":["GET"]}}],"collection":[{"href":"https:\/\/fjordhest.net\/blogg\/wp-json\/wp\/v2\/pages"}],"about":[{"href":"https:\/\/fjordhest.net\/blogg\/wp-json\/wp\/v2\/types\/page"}],"author":[{"embeddable":true,"href":"https:\/\/fjordhest.net\/blogg\/wp-json\/wp\/v2\/users\/10"}],"replies":[{"embeddable":true,"href":"https:\/\/fjordhest.net\/blogg\/wp-json\/wp\/v2\/comments?post=3818"}],"version-history":[{"count":22,"href":"https:\/\/fjordhest.net\/blogg\/wp-json\/wp\/v2\/pages\/3818\/revisions"}],"predecessor-version":[{"id":7563,"href":"https:\/\/fjordhest.net\/blogg\/wp-json\/wp\/v2\/pages\/3818\/revisions\/7563"}],"up":[{"embeddable":true,"href":"https:\/\/fjordhest.net\/blogg\/wp-json\/wp\/v2\/pages\/480"}],"wp:attachment":[{"href":"https:\/\/fjordhest.net\/blogg\/wp-json\/wp\/v2\/media?parent=3818"}],"curies":[{"name":"wp","href":"https:\/\/api.w.org\/{rel}","templated":true}]}}