{"id":3881,"date":"2021-12-17T11:56:32","date_gmt":"2021-12-17T10:56:32","guid":{"rendered":"http:\/\/fjordhest.net\/blogg\/?page_id=3881"},"modified":"2024-12-19T16:35:25","modified_gmt":"2024-12-19T15:35:25","slug":"nm-vinnarar","status":"publish","type":"page","link":"https:\/\/fjordhest.net\/blogg\/aktuelle-meisterskap\/nm-fjordhest\/nm-vinnarar\/","title":{"rendered":"Noregsmeistrar for fjordhest"},"content":{"rendered":"<p>[et_pb_section fb_built=&raquo;1&#8243; admin_label=&raquo;section&raquo; _builder_version=&raquo;4.16&#8243; global_colors_info=&raquo;{}&raquo;][et_pb_row column_structure=&raquo;2_3,1_3&#8243; admin_label=&raquo;Rekke&raquo; _builder_version=&raquo;4.16&#8243; background_size=&raquo;initial&raquo; background_position=&raquo;top_left&raquo; background_repeat=&raquo;repeat&raquo; global_colors_info=&raquo;{}&raquo;][et_pb_column type=&raquo;2_3&#8243; _builder_version=&raquo;4.16&#8243; custom_padding=&raquo;|||&raquo; global_colors_info=&raquo;{}&raquo; custom_padding__hover=&raquo;|||&raquo;][et_pb_text _builder_version=&raquo;4.16&#8243; background_size=&raquo;initial&raquo; background_position=&raquo;top_left&raquo; background_repeat=&raquo;repeat&raquo; border_style=&raquo;solid&raquo; global_colors_info=&raquo;{}&raquo;][\/et_pb_text][et_pb_post_title meta=&raquo;off&raquo; featured_image=&raquo;off&raquo; _builder_version=&raquo;4.16&#8243; _module_preset=&raquo;default&raquo; text_orientation=&raquo;center&raquo; global_colors_info=&raquo;{}&raquo;][\/et_pb_post_title][et_pb_text _builder_version=&raquo;4.27.0&#8243; _module_preset=&raquo;default&raquo; global_colors_info=&raquo;{}&raquo;]<\/p>\n<p><strong>2024, Stord<br \/><\/strong>Senior: Liv Jorunn Nyhagen og Soltuns Trym (Volda Rideklubb)<br \/>Junior: Mia-Sofie Ter\u00f8y-Valberg og Stald Kiels Kur (Flora Hestesportslag)<br \/>Lag: R\u00e5de og Ons\u00f8y Rideklubb (Annike Josefine Mikkelsen og Bl\u00e5topps Aron, H\u00e5kon Johannes Gudjonsson og Nattens Dumle, Aina Benedicte Huseby og Bl\u00e5topps Aria)<\/p>\n<p><strong>2023, \u00d8ysand<br \/><\/strong>Senior: Liv Jorunn Nyhagen og Soltuns Trym<br \/>Junior: <span>Anne Karoline Almli og Dalseters Bendik<\/span><\/p>\n<p><strong>2022, F\u00f8rde<br \/><\/strong>Senior: <span>Kristin Vinsrygg og Solsidens Alar (Haugesund Rideklubb)<br \/>Ung Rytter: <\/span>Sarah Da Silva Grotle og Marino (Sunnfjord Hestesportslag)<br \/><span>Junior: Line Kandal Ramslien og B\u00f8 Lerkvinn (Sunnfjord Hestesportlag)<br \/><\/span>Lag: <span>Sunnfjord Hestesportlag (Line Kandal Ramslien og B\u00f8 Lerkvinn, Sarah Da Silva Grotle og Marino, Karoline Thingnes og Hodne Frikken)<\/span><\/p>\n<p><strong>2021, Drammen<\/strong><br \/>Senior: Lise Irene Kosmo Gylseth og Blikra Admiral Doffen (Okstindan Rideklubb)<br \/>Junior: Line Kandal Ramslien og B\u00f8 Lerkvinn (Gloppen ride- og K\u00f8yreklubb)<\/p>\n<p><strong>2019, Drammen<\/strong><br \/>Senior: Emma Nyl\u00f8y og Sofin (F\u00f8rde k\u00f8yre- og rideklubb)<br \/>Junior: Silje Indreb\u00f8 og R\u00e5ds Gr\u00e5a (F\u00f8rde k\u00f8yre- og rideklubb)<br \/>Lag: F\u00f8rde K\u00f8yre- og Rideklubb (Silje Indreb\u00f8 og R\u00e5ds Gr\u00e5a, Emma Nyl\u00f8y og Sofin, Dorthea Solheim og Haukfell)<\/p>\n<p><strong>2018, Stord<\/strong><br \/>Senior: Liv Jorunn Nyhagen og Pokemann (Volda Rideklubb)<br \/>Junior: Sofie Dahl Kristiansen og Jason Lundg\u00e5rd (Oslo og Akershus Fjordhestlag)<br \/>Lag: F\u00f8rde K\u00f8yre- og Rideklubb (Silje Indreb\u00f8 og R\u00e5ds Gr\u00e5a, Emma Nyl\u00f8y og Sofin, Maren Vevatne og Nesviks Liana)<\/p>\n<p dir=\"ltr\"><strong>2017, Askim<br \/><\/strong><span>Senior: Cassandre Bach-Gansmo og Flemming (Oslo og Akershus Fjordhestlag)<br \/><\/span><span>Junior: Silje Indreb\u00f8 og R\u00e5ds Gr\u00e5a (F\u00f8rde k\u00f8yre- og rideklubb)<br \/><\/span><span>Lag: Oslo og Akershus Fjordhestlag<\/span><\/p>\n<p dir=\"ltr\"><strong>2016, F\u00f8rde<br \/><\/strong><span>Senior: Isabell \u00d8ye og Brautar<br \/><\/span><span>Junior: Grete Elise Sefland og Vesleljosen<br \/><\/span><span>Lag: F\u00f8rde k\u00f8yre og rideklubb (Emma Nyl\u00f8y og Sofin, Harald L\u00f8tuft og Finslands Norgrima, Trine Lillest\u00f8l Paulsen og Fannemels Argon)<\/span><\/p>\n<p dir=\"ltr\"><span data-olk-copy-source=\"MessageBody\"><strong>2015, Stav<\/strong><br \/><\/span><span>Senior: Sylvia Kallekleiv og Freddi<br \/><\/span><span>Junior: Linn Smesdmo og Hermanto<br \/><\/span><span>Lag: Borge Rideklubb (Synne Torp Halvorsen og Torp Kaia, Annike Josefine Mikkelsen og Bl\u00e5topps Aron, Aina Benedicte Huseby og Sylvar)<\/span><\/p>\n<p dir=\"ltr\"><span data-olk-copy-source=\"MessageBody\"><strong>2014, Lier<\/strong><br \/><\/span><span>Senior: Cassandre Bach-Gansmo og Flemming<br \/><\/span><span>Junior: Idunn H\u00f8yland Espeli og Gorm Joblakken<br \/><\/span><span>Lag: F\u00f8rde k\u00f8yre og rideklubb &#8211; Emma Nyl\u00f8y\/Sylvine, Ingjerd Vetti\/Sofin og Trine Paulsen\/ Finslands Norgrima.<\/span><\/p>\n<p dir=\"ltr\"><span data-olk-copy-source=\"MessageBody\"><strong>2013, Nordfjordeid<\/strong><br \/><\/span><span>Senior: Signe Hoff Johannesen og M\u00e6hlums Argus<br \/><\/span><span>Junior: Charlotte Lefdal og Festervikens Snorre<br \/><\/span><span>Lag: F\u00f8rde k\u00f8yre og rideklubb (Ingvild Natvik, Trine Lillest\u00f8l Paulsen og Aud Jorunn Fr\u00f8ysadal)<\/span><\/p>\n<p dir=\"ltr\"><span data-olk-copy-source=\"MessageBody\"><strong>2012, Voss<\/strong><br \/><\/span><span>Senior: Liv Jorunn Nyhagen &#8211; Pokemann<br \/><\/span><span>Junior: Andreas Gjerstad &#8211; Borgegutten<br \/><\/span><span>Lag: Oslo og Akershus Fjordhestlag<\/span><\/p>\n<p dir=\"ltr\"><span data-olk-copy-source=\"MessageBody\"><strong>2011, Starum<\/strong><br \/><\/span><span>Senior: Isabell \u00d8ye og Brautar<br \/><\/span><span>Junior: Signe Hoff Johannessen og M\u00e6hlums Argus<br \/><\/span><span>Lag: Oslo og Akershus Fjordhestlag<\/span><\/p>\n<p dir=\"ltr\"><span data-olk-copy-source=\"MessageBody\"><strong>2010, \u00d8rsta<\/strong><br \/><\/span><span>Senior: Annike Josefine Mikkelsen og Myrstads Amadea<br \/><\/span><span>Junior: Audhild Yoon Grov og Knapstaprinsen<br \/><\/span><span>Lag: F\u00f8rde k\u00f8yre- og rideklubb (Audhild Yoon Grov og Knapstaprinsen, Harald L\u00f8tuft og Finslands Norgrima, Inga Marie Kj\u00e6rsdalen og Hadley)<\/span><\/p>\n<p dir=\"ltr\"><span data-olk-copy-source=\"MessageBody\"><strong>2009, F\u00f8rde<\/strong><br \/><\/span><span>Senior: Annifrid Ueland og Faun Prins<br \/><\/span><span>Junior: Ida-Elin Sunde og Hagesilja<br \/><\/span><span>Lag: F\u00f8rde k\u00f8yre- og rideklubb<\/span><\/p>\n<p dir=\"ltr\"><span data-olk-copy-source=\"MessageBody\"><strong>2008, F\u00f8rde<\/strong><br \/><\/span><span>Senior: Liv Jorunn Nyhagen og Pokemann<br \/><\/span><span>Junior: Anna Regine Sve og Rakne Frikk<br \/><\/span><span>Lag: Oslo og Akershus Fjordhestlag<\/span><\/p>\n<p dir=\"ltr\"><span data-olk-copy-source=\"MessageBody\"><strong>2007, Porsgrunn<\/strong><br \/><\/span><span>Senior: Heidi Bergsund og Alm Jarl<br \/><\/span><span>Junior: Sina Thu Randulff og Vikkels\u00f8e&#8217;s H\u00f8vding<br \/><\/span><span>Lag: Oslo og Akershus Fjordhestlag (Cassandre Bach-Gansmo og Kneist, Heidi Bergsund og Alm Jarl, Kari Ringi og Helgfin)<\/span><\/p>\n<p dir=\"ltr\"><span data-olk-copy-source=\"MessageBody\"><strong>2006, Nordfjordeid<\/strong><br \/><\/span><span>Senior: Stine Lien Magnussen og Rakne Frikk<br \/><\/span><span>Junior: Kari Elisabeth Ringi &#8211; Helgfin<br \/><\/span><span>Lag: F\u00f8rde k\u00f8yre- og rideklubb (Ina Mari Gjerland og Kneist, Aud Jorunn Fr\u00f8ysadal og Vitjar, Maria Langhelle og Monikus)<\/span><\/p>\n<p dir=\"ltr\"><span data-olk-copy-source=\"MessageBody\"><strong>2005<\/strong><br \/><\/span><span>Senior: Malin S\u00e6thre og Rakne Frikk<br \/><\/span><span>Junior: Tonje M\u00f8llerud og Rappen<br \/><\/span><span>Lag: Hedemarken Rideklubb (Nina Bekkevold og Rokki, Ingunn Finstad og R\u00e5nnar, Benedicte Svanes og Eik Tina)<\/span><\/p>\n<p><strong>2004<\/strong><br \/>Senior: Anna-Liisa B. Evensen og Rodiko (Eid)<br \/>Junior: Marie Hesjedal og Vilmi (Lysefjorden)<\/p>\n<p><strong>2003<br \/><\/strong>Senior: Linn Kristin Gundersen og Almar (Gloppen)<br \/>Junior: Tonje M\u00f8llerud og Rappen (Ekeberg)<\/p>\n<p><strong>2002<br \/><\/strong>Senior: Linn Kristin Gundersen og Almar (Gloppen)<br \/>Junior: Malin S\u00e6thre og Rakne Frikk (Gloppen)<\/p>\n<p><strong>2001<br \/><\/strong>Senior: Wenche Johannesen og Njustar (Ekeberg)<br \/>Junior: Hilde Norheim og Tanja (Oslo og Akershus)<\/p>\n<p><strong>2000<br \/><\/strong>Senior: Wenche Johannesen og Njustar (Ekeberg)<br \/>Junior: Lucrezia Koestler og Alm Jarl (Oslo og Akershus)<\/p>\n<p><strong>1999<br \/><\/strong>Senior: Wenche Johannesen og Njustar (Ekeberg)<br \/>Junior: Kristine Lundsrud og Njustar (Ekeberg)<\/p>\n<p><strong>1998<br \/><\/strong>Senior: Kristin Vinsrygg og Aser (Haugaland)<br \/>Junior: Irene Fl\u00f8lo og Rullen (Gloppen)<\/p>\n<p><strong>1997<br \/><\/strong>Senior: Wenche Johannesen og Njustar (Ekeberg)<br \/>Junior: Irene Fl\u00f8lo og Rullen (Gloppen)<\/p>\n<p><strong>1996<br \/><\/strong>Senior: Helen Indreb\u00f8 og Sylvia (Oslo og Akershus)<br \/>Junior: Irene Fl\u00f8lo og Rullen (Gloppen)<\/p>\n<p><strong>1995<br \/><\/strong>Senior: Wenche Johannesen og Njustar (Ekeberg)<br \/>Junior: Irene Fl\u00f8lo og Rullen (Gloppen)<\/p>\n<p><strong>1994<br \/><\/strong>Senior: Kristin Vinsrygg og Aser (Eid)<br \/>Junior: Margit Farestveit og Odin (Sogndal)<\/p>\n<p><strong>1993<br \/><\/strong>Senior: Rune M\u00e6le og Solkongen (Sandnes og J\u00e6ren)<br \/>Junior: Margit Farestveit og Odin (Sogndal)<\/p>\n<p><strong>1992<br \/><\/strong>Senior: Louise Strand og R\u00e5dar (Gloppen)<br \/>Junior: Mariann Hundeide og Fr\u00f8yo (Eid)<\/p>\n<p><strong>1991<br \/><\/strong>Senior: Torbj\u00f8rn Kverneland og Myrhaugen (Vestfold)<br \/>Junior: Dagny H. Magnussen og Nikken (Eid)<\/p>\n<p><strong>1990<br \/><\/strong>Senior: Inger Helsing Hansen og Camilla (Nedre Buskerud)<\/p>\n<p><strong>1989<br \/><\/strong>Senior: Michelle Svae og Gilde (Oslo og Akershus)<\/p>\n<p><strong>1988<br \/><\/strong>Senior: Kristin Sindre Bj\u00f8rkelo og Bj\u00f8rka (Midtre Nordfjord)<\/p>\n<p><strong>1987<br \/><\/strong>Senior: Trude Ullaland og Kvikka (Naustdal)<\/p>\n<p><strong>1986<br \/><\/strong>Senior: Trude Ullaland og Kvikka (Naustdal)<\/p>\n<p>[\/et_pb_text][\/et_pb_column][et_pb_column type=&raquo;1_3&#8243; _builder_version=&raquo;4.16&#8243; custom_padding=&raquo;|||&raquo; global_colors_info=&raquo;{}&raquo; custom_padding__hover=&raquo;|||&raquo;][et_pb_image src=&raquo;https:\/\/fjordhest.net\/blogg\/wp-content\/uploads\/2023\/07\/senior_alle.jpg&raquo; title_text=&raquo;senior_alle&raquo; _builder_version=&raquo;4.27.0&#8243; _module_preset=&raquo;default&raquo; global_colors_info=&raquo;{}&raquo;][\/et_pb_image][et_pb_image src=&raquo;https:\/\/fjordhest.net\/blogg\/wp-content\/uploads\/2022\/07\/IMG_2395-1-scaled.jpg&raquo; title_text=&raquo;IMG_2395-1&#8243; _builder_version=&raquo;4.27.0&#8243; _module_preset=&raquo;default&raquo; global_colors_info=&raquo;{}&raquo;][\/et_pb_image][et_pb_image src=&raquo;https:\/\/fjordhest.net\/blogg\/wp-content\/uploads\/2019\/07\/IMG_1700web.jpg&raquo; title_text=&raquo;IMG_1700web&raquo; _builder_version=&raquo;4.16&#8243; _module_preset=&raquo;default&raquo; global_colors_info=&raquo;{}&raquo;][\/et_pb_image][et_pb_image src=&raquo;https:\/\/fjordhest.net\/blogg\/wp-content\/uploads\/2018\/07\/IMG_5465web.jpg&raquo; title_text=&raquo;IMG_5465web&raquo; _builder_version=&raquo;4.16&#8243; _module_preset=&raquo;default&raquo; global_colors_info=&raquo;{}&raquo;][\/et_pb_image][et_pb_image src=&raquo;https:\/\/fjordhest.net\/blogg\/wp-content\/uploads\/2016\/07\/IMG_5009-A-Junior-og-senior.jpg&raquo; title_text=&raquo;Foto: Inger Gr\u00f8nntun&raquo; _builder_version=&raquo;4.16&#8243; _module_preset=&raquo;default&raquo; global_colors_info=&raquo;{}&raquo;][\/et_pb_image][et_pb_image src=&raquo;https:\/\/fjordhest.net\/blogg\/wp-content\/uploads\/2021\/07\/IMG_1646-1web-scaled.jpg&raquo; title_text=&raquo;IMG_1646-1web&raquo; _builder_version=&raquo;4.27.0&#8243; _module_preset=&raquo;default&raquo; global_colors_info=&raquo;{}&raquo;][\/et_pb_image][et_pb_image src=&raquo;https:\/\/fjordhest.net\/blogg\/wp-content\/uploads\/2019\/07\/IMG_1631web-1.jpg&raquo; title_text=&raquo;IMG_1631web&raquo; _builder_version=&raquo;4.27.0&#8243; _module_preset=&raquo;default&raquo; global_colors_info=&raquo;{}&raquo;][\/et_pb_image][\/et_pb_column][\/et_pb_row][\/et_pb_section][et_pb_section fb_built=&raquo;1&#8243; _builder_version=&raquo;4.16&#8243; _module_preset=&raquo;default&raquo; global_colors_info=&raquo;{}&raquo;][\/et_pb_section]<\/p>\n","protected":false},"excerpt":{"rendered":"<p>2024, StordSenior: Liv Jorunn Nyhagen og Soltuns Trym (Volda Rideklubb)Junior: Mia-Sofie Ter\u00f8y-Valberg og Stald Kiels Kur (Flora Hestesportslag)Lag: R\u00e5de og Ons\u00f8y Rideklubb (Annike Josefine Mikkelsen og Bl\u00e5topps Aron, H\u00e5kon Johannes Gudjonsson og Nattens Dumle, Aina Benedicte Huseby og Bl\u00e5topps Aria) 2023, \u00d8ysandSenior: Liv Jorunn Nyhagen og Soltuns TrymJunior: Anne Karoline Almli og Dalseters Bendik 2022, [&hellip;]<\/p>\n","protected":false},"author":10,"featured_media":0,"parent":3406,"menu_order":0,"comment_status":"closed","ping_status":"closed","template":"","meta":{"_et_pb_use_builder":"on","_et_pb_old_content":"<p>[et_pb_section bb_built=\"1\" admin_label=\"section\" background_color=\"#a96fe2\" fullwidth=\"on\"][et_pb_fullwidth_header admin_label=\"Fullwidth Header\" title=\"Mesterskap for fjordhest\" subhead=\"Informasjonsside for Norsk, Nordisk og Europeisk Mesterskap for fjordhest\" background_layout=\"dark\" text_orientation=\"center\" \/][et_pb_fullwidth_menu admin_label=\"Fullbreddemeny\" menu_id=\"24\" text_orientation=\"center\" submenu_direction=\"downwards\" fullwidth_menu=\"off\" \/][\/et_pb_section][et_pb_section bb_built=\"1\" admin_label=\"section\"][et_pb_row admin_label=\"Rekke\"][et_pb_column type=\"2_3\"][et_pb_text admin_label=\"Tekst\"]<\/p><h3 style=\"text-align: center;\">Nordisk for fjordhest<\/h3><p>\u00a0<\/p><p class=\"\"><span style=\"font-size: 14px; background-color: #ffffff;\">Nordisk Mesterskap for fjordhest skal fremme allsidig og s\u00e6rskilt bruk av fjordhest i Norden, samtidig som det s\u00f8ker \u00e5 skape kontakt og fellesskap mellom de nordiske lands fjordhestmilj\u00f8er.<\/span><\/p><p class=\"\"><span style=\"font-size: 14px; background-color: #ffffff;\">Konkurransen best\u00e5r av forskjellige ride-\/kj\u00f8re\u00f8velser tilpasset fjordhestens egenart. Deltagende land er Norge, Sverige, Danmark og Finland. Stevnet avholdes annethvert \u00e5r og g\u00e5r p\u00e5 rundgang i Norden. Det er via enighet mellom de deltagende land\u00a0etablert egne statutter for stevnet.<\/span><\/p><p>\u00a0<\/p><p class=\"\"><span style=\"font-size: 14px; background-color: #ffffff;\">Nordisk ble for f\u00f8rste gang arrangert som et pr\u00f8vemesterskap i Drammen i 1999, f\u00f8rste offisielle mesterskap ble avholdt i Oslo i 2000, etterfulgt av Danmark i 2001. Etter dette fikk stevnet fotfeste og har\u00a0blitt arrangert annethvert \u00e5r. Stevneformen og mesterskapene har endret seg noe underveis. Fra \u00e5 starte\u00a0med \u00e5 k\u00e5re allround junior\/senior er det idag seks mesterskap (lag, allround, dressur, sprang og kj\u00f8ring enbet\/tospann). Flere av disse kan deles i junior\/senior ved nok deltagelse.<\/span><\/p><p>\u00a0<\/p><p>[\/et_pb_text][\/et_pb_column][et_pb_column type=\"1_3\"][et_pb_sidebar admin_label=\"Sidekolonne\" _builder_version=\"3.0.51\" area=\"et_pb_widget_area_3\" orientation=\"left\" background_layout=\"light\" \/][\/et_pb_column][\/et_pb_row][\/et_pb_section]<\/p>","_et_gb_content_width":"","_exactmetrics_skip_tracking":false,"_exactmetrics_sitenote_active":false,"_exactmetrics_sitenote_note":"","_exactmetrics_sitenote_category":0,"footnotes":""},"class_list":["post-3881","page","type-page","status-publish","hentry"],"_links":{"self":[{"href":"https:\/\/fjordhest.net\/blogg\/wp-json\/wp\/v2\/pages\/3881","targetHints":{"allow":["GET"]}}],"collection":[{"href":"https:\/\/fjordhest.net\/blogg\/wp-json\/wp\/v2\/pages"}],"about":[{"href":"https:\/\/fjordhest.net\/blogg\/wp-json\/wp\/v2\/types\/page"}],"author":[{"embeddable":true,"href":"https:\/\/fjordhest.net\/blogg\/wp-json\/wp\/v2\/users\/10"}],"replies":[{"embeddable":true,"href":"https:\/\/fjordhest.net\/blogg\/wp-json\/wp\/v2\/comments?post=3881"}],"version-history":[{"count":21,"href":"https:\/\/fjordhest.net\/blogg\/wp-json\/wp\/v2\/pages\/3881\/revisions"}],"predecessor-version":[{"id":11381,"href":"https:\/\/fjordhest.net\/blogg\/wp-json\/wp\/v2\/pages\/3881\/revisions\/11381"}],"up":[{"embeddable":true,"href":"https:\/\/fjordhest.net\/blogg\/wp-json\/wp\/v2\/pages\/3406"}],"wp:attachment":[{"href":"https:\/\/fjordhest.net\/blogg\/wp-json\/wp\/v2\/media?parent=3881"}],"curies":[{"name":"wp","href":"https:\/\/api.w.org\/{rel}","templated":true}]}}