{"id":3895,"date":"2017-07-27T03:02:30","date_gmt":"2017-07-27T01:02:30","guid":{"rendered":"http:\/\/fjordhest.net\/blogg\/?page_id=3895"},"modified":"2020-10-08T21:13:33","modified_gmt":"2020-10-08T19:13:33","slug":"3895-2","status":"publish","type":"page","link":"https:\/\/fjordhest.net\/blogg\/norges-fjordhestlag\/styret\/aktivitetsutvalget\/faqwiki\/3895-2\/","title":{"rendered":"Hvordan peke ut lag til internasjonale mesterskap"},"content":{"rendered":"<p>[et_pb_section fb_built=&raquo;1&#8243; fullwidth=&raquo;on&raquo; admin_label=&raquo;section&raquo; _builder_version=&raquo;3.22&#8243; background_color=&raquo;#ddc8a6&#8243;][et_pb_fullwidth_header title=&raquo;Norges fjordhestlag&raquo; subhead=&raquo;- stiftet i 1949, og arbeider for avl og bruk av fjordhest. &raquo; text_orientation=&raquo;center&raquo; content_max_width=&raquo;none&raquo; admin_label=&raquo;Fullwidth Header&raquo; _builder_version=&raquo;3.16&#8243; background_color=&raquo;rgba(255, 255, 255, 0)&raquo; button_one_text_size__hover_enabled=&raquo;off&raquo; button_two_text_size__hover_enabled=&raquo;off&raquo; button_one_text_color__hover_enabled=&raquo;off&raquo; button_two_text_color__hover_enabled=&raquo;off&raquo; button_one_border_width__hover_enabled=&raquo;off&raquo; button_two_border_width__hover_enabled=&raquo;off&raquo; button_one_border_color__hover_enabled=&raquo;off&raquo; button_two_border_color__hover_enabled=&raquo;off&raquo; button_one_border_radius__hover_enabled=&raquo;off&raquo; button_two_border_radius__hover_enabled=&raquo;off&raquo; button_one_letter_spacing__hover_enabled=&raquo;off&raquo; button_two_letter_spacing__hover_enabled=&raquo;off&raquo; button_one_bg_color__hover_enabled=&raquo;off&raquo; button_two_bg_color__hover_enabled=&raquo;off&raquo;][\/et_pb_fullwidth_header][et_pb_fullwidth_menu menu_id=&raquo;11&#8243; admin_label=&raquo;Norges fjordhestlag meny&raquo; _builder_version=&raquo;3.0.47&#8243; text_orientation=&raquo;center&raquo;][\/et_pb_fullwidth_menu][\/et_pb_section][et_pb_section fb_built=&raquo;1&#8243; admin_label=&raquo;section&raquo; _builder_version=&raquo;3.22&#8243;][et_pb_row column_structure=&raquo;3_4,1_4&#8243; admin_label=&raquo;row&raquo; _builder_version=&raquo;3.25&#8243; background_size=&raquo;initial&raquo; background_position=&raquo;top_left&raquo; background_repeat=&raquo;repeat&raquo;][et_pb_column type=&raquo;3_4&#8243; _builder_version=&raquo;3.25&#8243; custom_padding=&raquo;|||&raquo; custom_padding__hover=&raquo;|||&raquo;][et_pb_post_title author=&raquo;off&raquo; date=&raquo;off&raquo; comments=&raquo;off&raquo; featured_image=&raquo;off&raquo; admin_label=&raquo;Innleggstittel&raquo; _builder_version=&raquo;3.0.74&#8243;][\/et_pb_post_title][et_pb_text admin_label=&raquo;Text&raquo; _builder_version=&raquo;4.5.5&#8243; background_size=&raquo;initial&raquo; background_position=&raquo;top_left&raquo; background_repeat=&raquo;repeat&raquo; hover_enabled=&raquo;0&#8243;]<\/p>\n<p>Ved laguttak er det mange faktorer som sees p\u00e5. Her er en liste over noe av det utvalget benytter i vurderingene:<\/p>\n<p><strong>1. Stevneresultater<\/strong><\/p>\n<p>\u2981 M\u00e5 v\u00e6re relevant niv\u00e5 og klasse. Resultater p\u00e5 h\u00f8yere niv\u00e5 er positivt, men innen dressur er programmene ulike og dermed er ikke alle relevante. Mange sterke plasseringer p\u00e5 ett niv\u00e5 lavere kan ogs\u00e5 tas med i helheten, men vektes lavt.<\/p>\n<p>\u2981 Nyeste resultater teller mest, jo eldre jo mindre tyngde. Mer enn 3 \u00e5r er ikke relevant.<\/p>\n<p>\u2981 Sterke resultater teller mer enn middels\/d\u00e5rlige. P\u00e5 h\u00f8yere vanskelighetsgrad blir det gjerne vanskeligere \u00e5 f\u00e5 gode plasseringer. Det kan derfor v\u00e6re lurt \u00e5 bruke rett niv\u00e5 som kvalifisering.<\/p>\n<p>\u2981 Premiering i store klasser er et pluss fremfor sm\u00e5 klasser med f\u00e5 deltagere. Har man bare sm\u00e5 stevner rundt seg er det lurt med en treningsplan som inneb\u00e6rer \u00e5 reise til store stevner, om man har ambisjoner i mesterskap.<\/p>\n<p>\u2981 Elite-\/FEI- og landsstevner vil normalt veie tyngre enn klubb- og distriktsstevner.<\/p>\n<p><strong>2. Mesterskapserfaring<\/strong><\/p>\n<p>\u2981 Gode plasseringer i ferske mesterskap gis mye tyngde, s\u00e6rlig medaljer.<\/p>\n<p>\u2981 Hovedsakelig \u00e5rets\/fjor\u00e5rets nasjonale mesterskap og eventuelt kretsmesterskap som sees p\u00e5.<\/p>\n<p>\u2981 Siste Fjordhest-NM\/Nordisk for fjordhest\/EM for fjordhest brukes alltid som faktor.<\/p>\n<p><strong>3. \u00d8vrige faktorer<\/strong><\/p>\n<p>Det benyttes ogs\u00e5 noen faktorer som inneholder en viss grad av skj\u00f8nn. Aktivitetsutvalget er dog veldig bevisst p\u00e5 \u00e5 v\u00e6re forsiktig med valg og vurderinger som kan oppleves som inhabile eller urettferdige. S\u00e6rlig fordi medlemmene i AU gjerne selv er aktive i sporten, og kjenner de som er aktuelle for lag. Disse \u00f8vrige faktorene vil normalt bare v\u00e6re vippeparametre p\u00e5 likestilte ekvipasjer. Punkt 1 og 2 er de store, tunge faktorene.<\/p>\n<p>Eksempler p\u00e5 \u00f8vrige faktorer<\/p>\n<ul>\n<li>formkurve (sv\u00e6rt sterke nylige resultater oppunder laguttak)<\/li>\n<li>mesterskapserfaring (p\u00e5virker hvordan b\u00e5de hest og rytter man reagerer p\u00e5 store stevner og ukjente omgivelser)<\/li>\n<li>vinnervilje\/seiersteft (innenfor idrett er begrepet &laquo;vinnerskalle mye brukt), kjent iboende kvalitet hos ekvipasjen. Kanskje til tross for lite starter eller svake resultater.<\/li>\n<\/ul>\n<p><strong>Generelt om laguttak<\/strong><\/p>\n<ul>\n<li>En ekvipasje kun kan starte en gang p\u00e5 lag. Dersom en ekvipasje er sterk i flere grener, m\u00e5 man velge det som er mest kritisk for lagstrukturen, f.eks der vi har f\u00e6rrest deltagere. Vi har alltid en ambisjon om \u00e5 stille med minst tre norske lag i internasjonale mesterskap. Dermed kan det skje at en ekvipasje som er sv\u00e6rt sterk i en gren, likevel brukes i en annen gren vi har lavt antall deltagere.<\/li>\n<li>Innstilling til laguttak lages av Aktivitetsutvalget. Det sendes til styret i Norges Fjordhestlag som tar endelig vedtak p\u00e5 lag. I forhold til inhabilitet s\u00f8ker Norges Fjordhestlag \u00e5 f\u00f8lge forvaltningsloven og etiske retningslinjer for statstjenesten p\u00e5 hvem som bidrar til \u00e5 definere norske lag.<\/li>\n<li>Vi forst\u00e5r at deltagerne \u00f8nsker \u00e5 vite tidlig om de er med p\u00e5 lag eller ikke, men det er ogs\u00e5 viktig for lagenes kvalitet \u00e5 f\u00e5 med mest mulig ferske resultater i uttaksprosessen. Lagene vil dermed tas ut s\u00e5 tett som mulig opptil arrang\u00f8rens innmeldingsfrist for lag.<\/li>\n<\/ul>\n<p>[\/et_pb_text][\/et_pb_column][et_pb_column type=&raquo;1_4&#8243; _builder_version=&raquo;3.25&#8243; custom_padding=&raquo;|||&raquo; custom_padding__hover=&raquo;|||&raquo;][et_pb_sidebar orientation=&raquo;right&raquo; area=&raquo;et_pb_widget_area_13&#8243; admin_label=&raquo;Sidekolonne&raquo; _builder_version=&raquo;3.0.74&#8243;][\/et_pb_sidebar][et_pb_sidebar orientation=&raquo;right&raquo; area=&raquo;et_pb_widget_area_3&#8243; admin_label=&raquo;Sidebar&raquo; _builder_version=&raquo;3.0.74&#8243;][\/et_pb_sidebar][\/et_pb_column][\/et_pb_row][\/et_pb_section]<\/p>\n","protected":false},"excerpt":{"rendered":"<p>Ved laguttak er det mange faktorer som sees p\u00e5. Her er en liste over noe av det utvalget benytter i vurderingene: 1. Stevneresultater \u2981 M\u00e5 v\u00e6re relevant niv\u00e5 og klasse. Resultater p\u00e5 h\u00f8yere niv\u00e5 er positivt, men innen dressur er programmene ulike og dermed er ikke alle relevante. Mange sterke plasseringer p\u00e5 ett niv\u00e5 lavere [&hellip;]<\/p>\n","protected":false},"author":10,"featured_media":0,"parent":3818,"menu_order":0,"comment_status":"closed","ping_status":"closed","template":"","meta":{"_et_pb_use_builder":"on","_et_pb_old_content":"","_et_gb_content_width":"","_exactmetrics_skip_tracking":false,"_exactmetrics_sitenote_active":false,"_exactmetrics_sitenote_note":"","_exactmetrics_sitenote_category":0,"footnotes":""},"class_list":["post-3895","page","type-page","status-publish","hentry"],"_links":{"self":[{"href":"https:\/\/fjordhest.net\/blogg\/wp-json\/wp\/v2\/pages\/3895","targetHints":{"allow":["GET"]}}],"collection":[{"href":"https:\/\/fjordhest.net\/blogg\/wp-json\/wp\/v2\/pages"}],"about":[{"href":"https:\/\/fjordhest.net\/blogg\/wp-json\/wp\/v2\/types\/page"}],"author":[{"embeddable":true,"href":"https:\/\/fjordhest.net\/blogg\/wp-json\/wp\/v2\/users\/10"}],"replies":[{"embeddable":true,"href":"https:\/\/fjordhest.net\/blogg\/wp-json\/wp\/v2\/comments?post=3895"}],"version-history":[{"count":7,"href":"https:\/\/fjordhest.net\/blogg\/wp-json\/wp\/v2\/pages\/3895\/revisions"}],"predecessor-version":[{"id":7557,"href":"https:\/\/fjordhest.net\/blogg\/wp-json\/wp\/v2\/pages\/3895\/revisions\/7557"}],"up":[{"embeddable":true,"href":"https:\/\/fjordhest.net\/blogg\/wp-json\/wp\/v2\/pages\/3818"}],"wp:attachment":[{"href":"https:\/\/fjordhest.net\/blogg\/wp-json\/wp\/v2\/media?parent=3895"}],"curies":[{"name":"wp","href":"https:\/\/api.w.org\/{rel}","templated":true}]}}