{"id":438,"date":"2015-01-22T13:25:20","date_gmt":"2015-01-22T12:25:20","guid":{"rendered":"http:\/\/fjordhest.net\/blogg\/?page_id=438"},"modified":"2020-12-10T07:44:29","modified_gmt":"2020-12-10T06:44:29","slug":"fjordhesten","status":"publish","type":"page","link":"https:\/\/fjordhest.net\/blogg\/fjordhesten\/fjordhesten\/","title":{"rendered":"Fjordhesten"},"content":{"rendered":"<p>[et_pb_section fb_built=&raquo;1&#8243; admin_label=&raquo;section&raquo; _builder_version=&raquo;4.7.4&#8243;][et_pb_row column_structure=&raquo;2_3,1_3&#8243; admin_label=&raquo;Rad&raquo; _builder_version=&raquo;3.25&#8243; background_size=&raquo;initial&raquo; background_position=&raquo;top_left&raquo; background_repeat=&raquo;repeat&raquo;][et_pb_column type=&raquo;2_3&#8243; _builder_version=&raquo;3.25&#8243; custom_padding=&raquo;|||&raquo; custom_padding__hover=&raquo;|||&raquo;][et_pb_post_title _builder_version=&raquo;4.7.5&#8243; _module_preset=&raquo;default&raquo; text_orientation=&raquo;center&raquo; hover_enabled=&raquo;0&#8243; sticky_enabled=&raquo;0&#8243; meta=&raquo;off&raquo; custom_margin=&raquo;29px|||||&raquo;][\/et_pb_post_title][et_pb_text admin_label=&raquo;Text&raquo; _builder_version=&raquo;4.7.5&#8243; background_size=&raquo;initial&raquo; background_position=&raquo;top_left&raquo; background_repeat=&raquo;repeat&raquo; custom_margin=&raquo;||-4px|||&raquo; hover_enabled=&raquo;0&#8243; use_border_color=&raquo;off&raquo; border_color=&raquo;#ffffff&raquo; border_style=&raquo;solid&raquo; sticky_enabled=&raquo;0&#8243;]<\/p>\n<p><span>Fjordhesten er ein av Noregs tre nasjonale hesterasar. Den har sitt opphav p\u00e5 vestlandet, og det er framleis her han er mest utbreidd. Med st\u00e5man og den karakteristiske, blakke fargen, er fjordhesten lett \u00e5 kjenne att. <\/span><\/p>\n<p><span>Fjordhesten er ein allsidig brukshest, som egnar seg godt som sportshest, arbeidshest, familiehest og i rideskule og terapiriding. Kvart \u00e5r arrangerast det Fjordhest-NM, som samlar over hundre ekvipasjar til konkurransar i sprang, dressur og k\u00f8yring. <\/span><\/p>\n<p><span>Den \u00e5rvisse hingsteutstillinga p\u00e5 Nordfjordeid i mai samlar fjordhestfolk fr\u00e5 heile verda, og er det viktigaste avlstiltaket for fjordhesten. Her vert dei beste hingstane plukka ut for avl. Det arrangerast ogs\u00e5 utstillingar for hopper, vallakar og unghestar over heile landet.<\/span><\/p>\n<p><span>I dag finns det om lag 5000 fjordhestar i Noreg, og rundt 80\u00a0000 p\u00e5 verdsbasis. Fjordhesten er ein popul\u00e6r hest i Sverige, Danmark, Tyskland, Nederland og Belgia, samt i USA og Canada.<\/span><\/p>\n<p><span><\/span><\/p>\n<p style=\"text-align: center;\"><em>\u00abFjordhesten har alltid betydd noko for nokon. I eldre tid var han ein trufast\u00a0<br \/>arbeidskamerat og <\/em><em>ein viktig del av gardsarbeidet. Han var med p\u00e5 \u00e5 legge <br \/>livsgrunnlaget for folk rundt om i Noreg, b\u00e5de som arbeidshest, skysshest og kl\u00f8vhest.<\/em><\/p>\n<p style=\"text-align: center;\"><em>Mykje har endra seg sidan den tid. Hesten har ein heilt annan plass i samfunnet <br \/>no enn han hadde f\u00f8r, og me er ikkje lengre avhengige av hesten til praktiske oppg\u00e5ver. <br \/>Men kj\u00e6rleiken til fjordhesten har ikkje endra seg. Fjordhesten betyr framleis mykje for mange.\u00bb<\/em><\/p>\n<p><span>\u00a0<\/span><\/p>\n<p>[\/et_pb_text][et_pb_image src=&raquo;http:\/\/fjordhest.net\/blogg\/wp-content\/uploads\/2015\/01\/MG_9738lite.jpg&raquo; _builder_version=&raquo;3.24&#8243; custom_margin=&raquo;||43px|||&raquo;][\/et_pb_image][\/et_pb_column][et_pb_column type=&raquo;1_3&#8243; _builder_version=&raquo;3.25&#8243; custom_padding=&raquo;|||&raquo; custom_padding__hover=&raquo;|||&raquo;][et_pb_image src=&raquo;http:\/\/fjordhest.net\/blogg\/wp-content\/uploads\/2019\/04\/agria.png&raquo; url=&raquo;http:\/\/www.agria.no&raquo; align=&raquo;center&raquo; _builder_version=&raquo;3.24&#8243; custom_padding=&raquo;|||0px||&raquo;][\/et_pb_image][et_pb_image src=&raquo;http:\/\/fjordhest.net\/blogg\/wp-content\/uploads\/2019\/04\/St_Hippolyt_Logo_Green-1.png&raquo; url=&raquo;http:\/\/www.agria.no&raquo; align=&raquo;center&raquo; _builder_version=&raquo;3.24&#8243; custom_padding=&raquo;|||0px||&raquo;][\/et_pb_image][\/et_pb_column][\/et_pb_row][\/et_pb_section]<\/p>\n","protected":false},"excerpt":{"rendered":"<p>Fjordhesten er ein av Noregs tre nasjonale hesterasar. Den har sitt opphav p\u00e5 vestlandet, og det er framleis her han er mest utbreidd. Med st\u00e5man og den karakteristiske, blakke fargen, er fjordhesten lett \u00e5 kjenne att. Fjordhesten er ein allsidig brukshest, som egnar seg godt som sportshest, arbeidshest, familiehest og i rideskule og terapiriding. Kvart [&hellip;]<\/p>\n","protected":false},"author":1,"featured_media":0,"parent":427,"menu_order":0,"comment_status":"open","ping_status":"open","template":"","meta":{"_et_pb_use_builder":"on","_et_pb_old_content":"","_et_gb_content_width":"","_exactmetrics_skip_tracking":false,"_exactmetrics_sitenote_active":false,"_exactmetrics_sitenote_note":"","_exactmetrics_sitenote_category":0,"footnotes":""},"class_list":["post-438","page","type-page","status-publish","hentry"],"_links":{"self":[{"href":"https:\/\/fjordhest.net\/blogg\/wp-json\/wp\/v2\/pages\/438","targetHints":{"allow":["GET"]}}],"collection":[{"href":"https:\/\/fjordhest.net\/blogg\/wp-json\/wp\/v2\/pages"}],"about":[{"href":"https:\/\/fjordhest.net\/blogg\/wp-json\/wp\/v2\/types\/page"}],"author":[{"embeddable":true,"href":"https:\/\/fjordhest.net\/blogg\/wp-json\/wp\/v2\/users\/1"}],"replies":[{"embeddable":true,"href":"https:\/\/fjordhest.net\/blogg\/wp-json\/wp\/v2\/comments?post=438"}],"version-history":[{"count":15,"href":"https:\/\/fjordhest.net\/blogg\/wp-json\/wp\/v2\/pages\/438\/revisions"}],"predecessor-version":[{"id":7880,"href":"https:\/\/fjordhest.net\/blogg\/wp-json\/wp\/v2\/pages\/438\/revisions\/7880"}],"up":[{"embeddable":true,"href":"https:\/\/fjordhest.net\/blogg\/wp-json\/wp\/v2\/pages\/427"}],"wp:attachment":[{"href":"https:\/\/fjordhest.net\/blogg\/wp-json\/wp\/v2\/media?parent=438"}],"curies":[{"name":"wp","href":"https:\/\/api.w.org\/{rel}","templated":true}]}}