{"id":4540,"date":"2017-12-01T14:49:49","date_gmt":"2017-12-01T13:49:49","guid":{"rendered":"http:\/\/fjordhest.net\/blogg\/?page_id=4540"},"modified":"2021-12-17T14:34:12","modified_gmt":"2021-12-17T13:34:12","slug":"skeid-1","status":"publish","type":"page","link":"https:\/\/fjordhest.net\/blogg\/header\/skeid-1\/","title":{"rendered":"Skeid"},"content":{"rendered":"<p>[et_pb_section fb_built=&raquo;1&#8243; _builder_version=&raquo;3.22&#8243; global_colors_info=&raquo;{}&raquo;][et_pb_row column_structure=&raquo;3_5,2_5&#8243; _builder_version=&raquo;3.25&#8243; background_size=&raquo;initial&raquo; background_position=&raquo;top_left&raquo; background_repeat=&raquo;repeat&raquo; global_colors_info=&raquo;{}&raquo;][et_pb_column type=&raquo;3_5&#8243; _builder_version=&raquo;3.25&#8243; custom_padding=&raquo;|||&raquo; global_colors_info=&raquo;{}&raquo; custom_padding__hover=&raquo;|||&raquo;][et_pb_post_title meta=&raquo;off&raquo; featured_image=&raquo;off&raquo; _builder_version=&raquo;4.14.2&#8243; _module_preset=&raquo;default&raquo; text_orientation=&raquo;center&raquo; global_colors_info=&raquo;{}&raquo;][\/et_pb_post_title][et_pb_text _builder_version=&raquo;3.27.4&#8243; global_colors_info=&raquo;{}&raquo;]<strong>Kva er Skeid?<\/strong><\/p>\n<p>Skeid er signaturaktiviteten til dei tre nasjonale hesterasane fjordhest, d\u00f8lahest og nordlandshest\/lyngshest. Ein har tatt utgangspunkt i dei gode eigenskapane me ser i desse rasene, og p\u00e5 den m\u00e5ten skreddarsydd ein aktivitet tilpassa brukseigenskapane deira.<\/p>\n<p>Namnet Skeid har lange r\u00f8ter i Noreg. Det vart tidlegare nytta om bygdestemner med hestekampar og kappritt, og skikken vart ogs\u00e5 ofte omtala i islandske sagaer. I Noreg var dette tradisjon fram til 1800-talet, s\u00e6rleg i omr\u00e5da Telemark og Setesdal. P\u00e5 norr\u00f8nt tyder skeid ei slette eller mo der ein hadde ferdigheitspr\u00f8ver til hest. Ein har vald \u00e5 nytte dette namnet p\u00e5 signaturaktiviteten til dei nasjonale hesterasane for \u00e5 spele p\u00e5 den lange tradisjonen me har for \u00e5 bruke desse hestane i Noreg.<\/p>\n<p>Ei Skeidbane best\u00e5r av ulike moment som hestane m\u00e5 igjennom. Det finns fleire vanskelegheitsgradar p\u00e5 ei Skeid-bane, og dette gjer det mogleg for alle \u00e5 delta, uansett alder og utdanningsniv\u00e5. For \u00e5 gjere det godt i ei Skeidkonkurranse treng hesten mot, arbeidsvilje, st\u00f8digheit, hurtigheit og handterbarheit \u2013 nettopp dei eigenskapane vi set s\u00e5 stor pris p\u00e5 at dei nasjonale hesterasane har.<\/p>\n<p>Skeid er ein aktivitet der hest og eigar opplever meistring saman. Gjennom \u00e5 delta p\u00e5 Skeid vil du f\u00e5 st\u00f8rre innsyn i kor mange gode eigenskapar hesten din har, og du vil oppdage nye m\u00e5tar \u00e5 nytte desse p\u00e5.<\/p>\n<p><strong>Kva kan vi nytte Skeid til i avlsarbeidet?<\/strong><\/p>\n<p>Skeid er ein glimrande m\u00e5te \u00e5 hente inn fleire opplysningar om brukseigenskapane til dei nasjonale hesterasane. Ved \u00e5 nytte eit konkurransesystem som Skeid vil ein f\u00e5 verdifull informasjon om enkeltdyr sine bruksprestasjonar. Skeid vil kunne supplere brukspr\u00f8vene p\u00e5 utstillinga.<\/p>\n<p>Sidan Skeid kan tilretteleggast for alle aldrar og niv\u00e5, kan ein ogs\u00e5 nytte det for \u00e5 samle inn informasjon om brukseigenskapane til unghestar. N\u00e5r ein samlar inn bruksprestasjonar allereie fr\u00e5 ung alder, vil ein f\u00e5 mindre milj\u00f8p\u00e5verknad og s\u00e5leis kunne seie meir om den ibuande kapasiteten hestane har.<\/p>\n<p>Ynskjer ditt lokallag \u00e5 arrangere Skeid? Sj\u00e5 <a href=\"http:\/\/fjordhest.net\/blogg\/header\/skeid-2\/\">infosidene v\u00e5re for arrang\u00f8rar<\/a>.<\/p>\n<p><strong>Video fr\u00e5 Skeid under NM for fjordhest p\u00e5 Voss i 2012:<\/strong><\/p>\n<p><iframe loading=\"lazy\" title=\"FjordKraft 2\" src=\"https:\/\/player.vimeo.com\/video\/55738773?h=a58746f5db&amp;dnt=1&amp;app_id=122963\" width=\"640\" height=\"360\" frameborder=\"0\" allow=\"autoplay; fullscreen; picture-in-picture\" allowfullscreen><\/iframe><\/p>\n<div id=\"attachment_4782\" style=\"width: 410px\" class=\"wp-caption aligncenter\"><img loading=\"lazy\" decoding=\"async\" aria-describedby=\"caption-attachment-4782\" class=\"wp-image-4782\" src=\"http:\/\/fjordhest.net\/blogg\/wp-content\/uploads\/2018\/02\/foto71580.jpg\" alt=\"\" width=\"400\" height=\"600\" srcset=\"https:\/\/fjordhest.net\/blogg\/wp-content\/uploads\/2018\/02\/foto71580.jpg 533w, https:\/\/fjordhest.net\/blogg\/wp-content\/uploads\/2018\/02\/foto71580-500x750.jpg 500w\" sizes=\"auto, (max-width: 400px) 100vw, 400px\" \/><p id=\"caption-attachment-4782\" class=\"wp-caption-text\">Foto: S. Ulvund<\/p><\/div>\n<div id=\"attachment_4784\" style=\"width: 610px\" class=\"wp-caption aligncenter\"><img loading=\"lazy\" decoding=\"async\" aria-describedby=\"caption-attachment-4784\" class=\"wp-image-4784\" src=\"http:\/\/fjordhest.net\/blogg\/wp-content\/uploads\/2018\/02\/Helgelandsskeid-6.jpg\" alt=\"\" width=\"600\" height=\"399\" srcset=\"https:\/\/fjordhest.net\/blogg\/wp-content\/uploads\/2018\/02\/Helgelandsskeid-6.jpg 700w, https:\/\/fjordhest.net\/blogg\/wp-content\/uploads\/2018\/02\/Helgelandsskeid-6-500x332.jpg 500w, https:\/\/fjordhest.net\/blogg\/wp-content\/uploads\/2018\/02\/Helgelandsskeid-6-610x405.jpg 610w\" sizes=\"auto, (max-width: 600px) 100vw, 600px\" \/><p id=\"caption-attachment-4784\" class=\"wp-caption-text\">Foto: Unni Saus<\/p><\/div>\n<div id=\"attachment_4785\" style=\"width: 610px\" class=\"wp-caption aligncenter\"><img loading=\"lazy\" decoding=\"async\" aria-describedby=\"caption-attachment-4785\" class=\"wp-image-4785\" src=\"http:\/\/fjordhest.net\/blogg\/wp-content\/uploads\/2018\/02\/Helgelandsskeid-7.jpg\" alt=\"\" width=\"600\" height=\"399\" srcset=\"https:\/\/fjordhest.net\/blogg\/wp-content\/uploads\/2018\/02\/Helgelandsskeid-7.jpg 700w, https:\/\/fjordhest.net\/blogg\/wp-content\/uploads\/2018\/02\/Helgelandsskeid-7-500x332.jpg 500w, https:\/\/fjordhest.net\/blogg\/wp-content\/uploads\/2018\/02\/Helgelandsskeid-7-610x405.jpg 610w\" sizes=\"auto, (max-width: 600px) 100vw, 600px\" \/><p id=\"caption-attachment-4785\" class=\"wp-caption-text\">Foto: Unni Saus<\/p><\/div>\n<div id=\"attachment_4786\" style=\"width: 610px\" class=\"wp-caption aligncenter\"><img loading=\"lazy\" decoding=\"async\" aria-describedby=\"caption-attachment-4786\" class=\"wp-image-4786\" src=\"http:\/\/fjordhest.net\/blogg\/wp-content\/uploads\/2018\/02\/Helgelandsskeid-8.jpg\" alt=\"\" width=\"600\" height=\"399\" srcset=\"https:\/\/fjordhest.net\/blogg\/wp-content\/uploads\/2018\/02\/Helgelandsskeid-8.jpg 700w, https:\/\/fjordhest.net\/blogg\/wp-content\/uploads\/2018\/02\/Helgelandsskeid-8-500x332.jpg 500w, https:\/\/fjordhest.net\/blogg\/wp-content\/uploads\/2018\/02\/Helgelandsskeid-8-610x405.jpg 610w\" sizes=\"auto, (max-width: 600px) 100vw, 600px\" \/><p id=\"caption-attachment-4786\" class=\"wp-caption-text\">Foto: Unni Saus<\/p><\/div>\n<div id=\"attachment_4793\" style=\"width: 610px\" class=\"wp-caption aligncenter\"><img loading=\"lazy\" decoding=\"async\" aria-describedby=\"caption-attachment-4793\" class=\"wp-image-4793\" src=\"http:\/\/fjordhest.net\/blogg\/wp-content\/uploads\/2018\/02\/foto71566.jpg\" alt=\"\" width=\"600\" height=\"400\" srcset=\"https:\/\/fjordhest.net\/blogg\/wp-content\/uploads\/2018\/02\/foto71566.jpg 900w, https:\/\/fjordhest.net\/blogg\/wp-content\/uploads\/2018\/02\/foto71566-500x333.jpg 500w, https:\/\/fjordhest.net\/blogg\/wp-content\/uploads\/2018\/02\/foto71566-750x500.jpg 750w, https:\/\/fjordhest.net\/blogg\/wp-content\/uploads\/2018\/02\/foto71566-610x407.jpg 610w\" sizes=\"auto, (max-width: 600px) 100vw, 600px\" \/><p id=\"caption-attachment-4793\" class=\"wp-caption-text\">Foto: S. Ulvund<\/p><\/div>\n<p>&nbsp;<br \/>\n[\/et_pb_text][\/et_pb_column][et_pb_column type=&raquo;2_5&#8243; _builder_version=&raquo;3.25&#8243; custom_padding=&raquo;|||&raquo; global_colors_info=&raquo;{}&raquo; custom_padding__hover=&raquo;|||&raquo;][et_pb_text _builder_version=&raquo;4.14.2&#8243; global_colors_info=&raquo;{}&raquo;]<\/p>\n<p><strong>Meir informasjon om Skeid:<\/strong><\/p>\n<p><a href=\"http:\/\/hesteskeid.no\/\">Nettsidene for Skeid<\/a><br \/><em>(Her finn du reglement og d\u00f8mmeskjema)<\/em><\/p>\n<p><a href=\"http:\/\/fjordhest.net\/blogg\/header\/skeid-2\/\">Infoside for arrang\u00f8rar<\/a><\/p>\n<p><a href=\"http:\/\/fjordhest.net\/blogg\/2018\/02\/09\/skeid-ein-sport-skreddarsydd-for-dei-nasjonale-hesterasane\/\">Skeid &#8211; ein sport skreddarsydd for dei nasjonale hesterasane<\/a><br \/><em>Artikkel p\u00e5 Fjordhestportalen<\/em><\/p>\n<p><a href=\"http:\/\/fjordhest.net\/blogg\/2018\/02\/11\/vellukka-skeid-pa-eid\/\">Vellukka &laquo;Skeid p\u00e5 Eid&raquo;<\/a><br \/><em>Artikkel p\u00e5 Fjordhestportalen<\/em><\/p>\n<p>[\/et_pb_text][et_pb_post_slider include_categories=&raquo;186&#8243; _builder_version=&raquo;4.14.2&#8243; _module_preset=&raquo;default&raquo; global_colors_info=&raquo;{}&raquo;][\/et_pb_post_slider][et_pb_blog include_categories=&raquo;186&#8243; excerpt_length=&raquo;150&#8243; _builder_version=&raquo;4.14.3&#8243; _module_preset=&raquo;default&raquo; global_colors_info=&raquo;{}&raquo;][\/et_pb_blog][\/et_pb_column][\/et_pb_row][\/et_pb_section]<\/p>\n","protected":false},"excerpt":{"rendered":"<p>Kva er Skeid? Skeid er signaturaktiviteten til dei tre nasjonale hesterasane fjordhest, d\u00f8lahest og nordlandshest\/lyngshest. Ein har tatt utgangspunkt i dei gode eigenskapane me ser i desse rasene, og p\u00e5 den m\u00e5ten skreddarsydd ein aktivitet tilpassa brukseigenskapane deira. Namnet Skeid har lange r\u00f8ter i Noreg. Det vart tidlegare nytta om bygdestemner med hestekampar og kappritt, [&hellip;]<\/p>\n","protected":false},"author":1,"featured_media":0,"parent":32,"menu_order":0,"comment_status":"closed","ping_status":"closed","template":"","meta":{"_et_pb_use_builder":"on","_et_pb_old_content":"","_et_gb_content_width":"","_exactmetrics_skip_tracking":false,"_exactmetrics_sitenote_active":false,"_exactmetrics_sitenote_note":"","_exactmetrics_sitenote_category":0,"footnotes":""},"class_list":["post-4540","page","type-page","status-publish","hentry"],"_links":{"self":[{"href":"https:\/\/fjordhest.net\/blogg\/wp-json\/wp\/v2\/pages\/4540","targetHints":{"allow":["GET"]}}],"collection":[{"href":"https:\/\/fjordhest.net\/blogg\/wp-json\/wp\/v2\/pages"}],"about":[{"href":"https:\/\/fjordhest.net\/blogg\/wp-json\/wp\/v2\/types\/page"}],"author":[{"embeddable":true,"href":"https:\/\/fjordhest.net\/blogg\/wp-json\/wp\/v2\/users\/1"}],"replies":[{"embeddable":true,"href":"https:\/\/fjordhest.net\/blogg\/wp-json\/wp\/v2\/comments?post=4540"}],"version-history":[{"count":26,"href":"https:\/\/fjordhest.net\/blogg\/wp-json\/wp\/v2\/pages\/4540\/revisions"}],"predecessor-version":[{"id":9237,"href":"https:\/\/fjordhest.net\/blogg\/wp-json\/wp\/v2\/pages\/4540\/revisions\/9237"}],"up":[{"embeddable":true,"href":"https:\/\/fjordhest.net\/blogg\/wp-json\/wp\/v2\/pages\/32"}],"wp:attachment":[{"href":"https:\/\/fjordhest.net\/blogg\/wp-json\/wp\/v2\/media?parent=4540"}],"curies":[{"name":"wp","href":"https:\/\/api.w.org\/{rel}","templated":true}]}}