{"id":4566,"date":"2017-12-08T12:36:53","date_gmt":"2017-12-08T11:36:53","guid":{"rendered":"http:\/\/fjordhest.net\/blogg\/?page_id=4566"},"modified":"2018-03-15T17:17:45","modified_gmt":"2018-03-15T16:17:45","slug":"presentsajon-pk","status":"publish","type":"page","link":"https:\/\/fjordhest.net\/blogg\/header\/presentsajon-pk\/","title":{"rendered":"Presentasjon av unghestar"},"content":{"rendered":"<p>[et_pb_section bb_built=&raquo;1&#8243;][et_pb_row][et_pb_column type=&raquo;3_4&#8243;][et_pb_text _builder_version=&raquo;3.0.105&#8243; background_layout=&raquo;light&raquo;]<\/p>\n<p><strong>P\u00e5 Norsk Fjordhestsenter vert det i vinter gjennomf\u00f8rt eit forprosjekt til eit utdanningsprosjekt for unghestar, i regi av landslaga for dei nasjonale hesterasane. S\u00f8ndag 18. mars vil hestane visast fram p\u00e5 ein salsdag p\u00e5 Norsk Fjordhestsenter.\u00a0<\/strong><\/p>\n<p><strong>Fjordhestar:<\/strong><\/p>\n<p><img loading=\"lazy\" decoding=\"async\" class=\"wp-image-4863 alignnone\" src=\"http:\/\/fjordhest.net\/blogg\/wp-content\/uploads\/2018\/03\/IMG_1165.jpg\" alt=\"\" width=\"600\" height=\"400\" srcset=\"https:\/\/fjordhest.net\/blogg\/wp-content\/uploads\/2018\/03\/IMG_1165.jpg 5184w, https:\/\/fjordhest.net\/blogg\/wp-content\/uploads\/2018\/03\/IMG_1165-500x333.jpg 500w, https:\/\/fjordhest.net\/blogg\/wp-content\/uploads\/2018\/03\/IMG_1165-750x500.jpg 750w, https:\/\/fjordhest.net\/blogg\/wp-content\/uploads\/2018\/03\/IMG_1165-1080x720.jpg 1080w\" sizes=\"auto, (max-width: 600px) 100vw, 600px\" \/><\/p>\n<p><strong>B\u00f8 Emina<\/strong><br \/>\nFjordhest, hoppe f. 2014<br \/>\ne. Fjelltor u. B\u00f8 Emilie<\/p>\n<p><a href=\"http:\/\/fjordhest.net\/blogg\/wp-content\/uploads\/2018\/03\/Presentasjonsdokument-B\u00f8-Emina.pdf\">Presentasjonsdokument B\u00f8 Emina<\/a><\/p>\n<p><img loading=\"lazy\" decoding=\"async\" class=\"alignnone wp-image-4865\" src=\"http:\/\/fjordhest.net\/blogg\/wp-content\/uploads\/2018\/03\/IMG_1327.jpg\" alt=\"\" width=\"600\" height=\"400\" srcset=\"https:\/\/fjordhest.net\/blogg\/wp-content\/uploads\/2018\/03\/IMG_1327.jpg 5184w, https:\/\/fjordhest.net\/blogg\/wp-content\/uploads\/2018\/03\/IMG_1327-500x333.jpg 500w, https:\/\/fjordhest.net\/blogg\/wp-content\/uploads\/2018\/03\/IMG_1327-750x500.jpg 750w, https:\/\/fjordhest.net\/blogg\/wp-content\/uploads\/2018\/03\/IMG_1327-1080x720.jpg 1080w\" sizes=\"auto, (max-width: 600px) 100vw, 600px\" \/><\/p>\n<p><strong>Kaspar<\/strong><br \/>\nFjordhest, vallak f. 2014<br \/>\ne. Nesviks Sebastian u. Vira<\/p>\n<p><a href=\"http:\/\/fjordhest.net\/blogg\/wp-content\/uploads\/2018\/03\/Presentasjonsdokument-Kaspar.pdf\">Presentasjonsdokument Kaspar<\/a><\/p>\n<p><img loading=\"lazy\" decoding=\"async\" class=\"alignnone wp-image-4868\" src=\"http:\/\/fjordhest.net\/blogg\/wp-content\/uploads\/2018\/03\/IMG_1381.jpg\" alt=\"\" width=\"600\" height=\"400\" srcset=\"https:\/\/fjordhest.net\/blogg\/wp-content\/uploads\/2018\/03\/IMG_1381.jpg 5184w, https:\/\/fjordhest.net\/blogg\/wp-content\/uploads\/2018\/03\/IMG_1381-500x333.jpg 500w, https:\/\/fjordhest.net\/blogg\/wp-content\/uploads\/2018\/03\/IMG_1381-750x500.jpg 750w, https:\/\/fjordhest.net\/blogg\/wp-content\/uploads\/2018\/03\/IMG_1381-1080x720.jpg 1080w\" sizes=\"auto, (max-width: 600px) 100vw, 600px\" \/><\/p>\n<p><strong>Virilla<br \/>\n<\/strong>Fjordhest, hoppe f. 2016<br \/>\ne. Terne Prins u. Virild<\/p>\n<p><a href=\"http:\/\/fjordhest.net\/blogg\/wp-content\/uploads\/2018\/03\/Presentasjonsdokument-Virilla.pdf\">Presentasjonsdokument Virilla<\/a><\/p>\n<p><img loading=\"lazy\" decoding=\"async\" class=\"wp-image-4864 alignnone\" src=\"http:\/\/fjordhest.net\/blogg\/wp-content\/uploads\/2018\/03\/IMG_1553.jpg\" alt=\"\" width=\"600\" height=\"400\" srcset=\"https:\/\/fjordhest.net\/blogg\/wp-content\/uploads\/2018\/03\/IMG_1553.jpg 5184w, https:\/\/fjordhest.net\/blogg\/wp-content\/uploads\/2018\/03\/IMG_1553-500x333.jpg 500w, https:\/\/fjordhest.net\/blogg\/wp-content\/uploads\/2018\/03\/IMG_1553-750x500.jpg 750w, https:\/\/fjordhest.net\/blogg\/wp-content\/uploads\/2018\/03\/IMG_1553-1080x720.jpg 1080w\" sizes=\"auto, (max-width: 600px) 100vw, 600px\" \/><\/p>\n<p><strong>Brosvik Florian<\/strong><br \/>\nNordlandshest\/lyngshest, vallak f. 2015<br \/>\ne. Skimt u. Vatne Miranda<\/p>\n<p><a href=\"http:\/\/fjordhest.net\/blogg\/wp-content\/uploads\/2018\/03\/Presentasjonsdokument-Brosvik-Florian.pdf\">Presentasjonsdokument Brosvik Florian<\/a><\/p>\n<p><img loading=\"lazy\" decoding=\"async\" class=\"alignnone wp-image-4862\" src=\"http:\/\/fjordhest.net\/blogg\/wp-content\/uploads\/2018\/03\/IMG_1521.jpg\" alt=\"\" width=\"600\" height=\"400\" srcset=\"https:\/\/fjordhest.net\/blogg\/wp-content\/uploads\/2018\/03\/IMG_1521.jpg 5184w, https:\/\/fjordhest.net\/blogg\/wp-content\/uploads\/2018\/03\/IMG_1521-500x333.jpg 500w, https:\/\/fjordhest.net\/blogg\/wp-content\/uploads\/2018\/03\/IMG_1521-750x500.jpg 750w, https:\/\/fjordhest.net\/blogg\/wp-content\/uploads\/2018\/03\/IMG_1521-1080x720.jpg 1080w\" sizes=\"auto, (max-width: 600px) 100vw, 600px\" \/><\/p>\n<p><strong>Forbrigds Brage<\/strong><br \/>\nNordlandshest\/lyngshest, vallak f. 2013<br \/>\ne. Icora Giron u. Bolstadstjerna<\/p>\n<p><a href=\"http:\/\/fjordhest.net\/blogg\/wp-content\/uploads\/2018\/03\/Presentasjonsdokument-Forbrigds-Brage.pdf\">Presentasjonsdokument Forbrigds Brage<\/a><\/p>\n<p><img loading=\"lazy\" decoding=\"async\" class=\"wp-image-4867 alignnone\" src=\"http:\/\/fjordhest.net\/blogg\/wp-content\/uploads\/2018\/03\/IMG_1445.jpg\" alt=\"\" width=\"600\" height=\"400\" srcset=\"https:\/\/fjordhest.net\/blogg\/wp-content\/uploads\/2018\/03\/IMG_1445.jpg 5184w, https:\/\/fjordhest.net\/blogg\/wp-content\/uploads\/2018\/03\/IMG_1445-500x333.jpg 500w, https:\/\/fjordhest.net\/blogg\/wp-content\/uploads\/2018\/03\/IMG_1445-750x500.jpg 750w, https:\/\/fjordhest.net\/blogg\/wp-content\/uploads\/2018\/03\/IMG_1445-1080x720.jpg 1080w\" sizes=\"auto, (max-width: 600px) 100vw, 600px\" \/><\/p>\n<p><strong>Forbrigds Tivar<\/strong><br \/>\nNordlandshest\/lyngshest, vallak f. 2012<br \/>\ne. Icora Giron u. Forbrigds Tirana<\/p>\n<p><a href=\"http:\/\/fjordhest.net\/blogg\/wp-content\/uploads\/2018\/03\/Presentasjonsdokument-Forbrigds-TIvar.pdf\">Presentasjonsdokument Forbrigds Tivar<\/a><\/p>\n<p><img loading=\"lazy\" decoding=\"async\" class=\"alignnone wp-image-4866\" src=\"http:\/\/fjordhest.net\/blogg\/wp-content\/uploads\/2018\/03\/IMG_1226.jpg\" alt=\"\" width=\"600\" height=\"400\" srcset=\"https:\/\/fjordhest.net\/blogg\/wp-content\/uploads\/2018\/03\/IMG_1226.jpg 5184w, https:\/\/fjordhest.net\/blogg\/wp-content\/uploads\/2018\/03\/IMG_1226-500x333.jpg 500w, https:\/\/fjordhest.net\/blogg\/wp-content\/uploads\/2018\/03\/IMG_1226-750x500.jpg 750w, https:\/\/fjordhest.net\/blogg\/wp-content\/uploads\/2018\/03\/IMG_1226-1080x720.jpg 1080w\" sizes=\"auto, (max-width: 600px) 100vw, 600px\" \/><\/p>\n<p><strong>Nyhaugs Myrtel<\/strong><br \/>\nNordlandshest\/lyngshest, hoppe f. 2015<br \/>\ne. Forbrigds Tyr u. Stella Star<\/p>\n<p><a href=\"http:\/\/fjordhest.net\/blogg\/wp-content\/uploads\/2018\/03\/Presentasjonsdokument-Nyhaugs-Myrtel-2.pdf\">Presentasjonsdokument Nyhaugs Myrtel<\/a><\/p>\n<p>Desse hestane har ogs\u00e5 delteke i utdanningsprosjektet, men er ikkje til sals:<\/p>\n<p><strong>Brovoldens Storm<\/strong><br \/>\nFjordhest, vallak f. 2012<br \/>\ne. S\u00f8r Samiro u. Sagitta<\/p>\n<p><strong>Nyg\u00e5rds Brijola<\/strong><br \/>\nFjordhest, hoppe f. 2016<br \/>\ne. Brijol u. Ulla Gr\u00e5<\/p>\n<p><strong>Maulands Oda<\/strong><br \/>\nD\u00f8lahest, hoppe f. 2015<br \/>\ne. Ramsvik Prins u. \u00d8iv\u00e5r<\/p>\n<p>[\/et_pb_text][\/et_pb_column][et_pb_column type=&raquo;1_4&#8243;][et_pb_text _builder_version=&raquo;3.0.90&#8243; background_layout=&raquo;light&raquo;]<\/p>\n<p>Her finn du meir informasjon om Prosjekt Kvalitetshest:<\/p>\n<p><a href=\"http:\/\/fjordhest.net\/blogg\/2017\/11\/15\/prosjekt-kvalitetshest-invitasjon-til-utdanning-av-unghest\/\">Invitasjon til utdanning av unghest<\/a><\/p>\n<p><a href=\"http:\/\/fjordhest.net\/blogg\/2017\/12\/02\/prosjekt-kvalitetshest-forprosjektet-er-i-gong-pa-norsk-fjordhestsenter\/\">Forprosjektet er i gong p\u00e5 Norsk Fjordhestsenter<\/a><\/p>\n<p><a href=\"https:\/\/www.facebook.com\/events\/1748039115492012\/\">Visnings- og salsdag 16. desember<\/a><\/p>\n<p>[\/et_pb_text][\/et_pb_column][\/et_pb_row][\/et_pb_section]<\/p>\n","protected":false},"excerpt":{"rendered":"<p><div class=\"et_pb_row et_pb_row_0 et_pb_row_empty\">\n\t\t\t\t\n\t\t\t\t\n\t\t\t\t\n\t\t\t\t\n\t\t\t\t\n\t\t\t<\/div> P\u00e5 Norsk Fjordhestsenter vert det i vinter gjennomf\u00f8rt eit forprosjekt til eit utdanningsprosjekt for unghestar, i regi av landslaga for dei nasjonale hesterasane. S\u00f8ndag 18. mars vil hestane visast fram p\u00e5 ein salsdag p\u00e5 Norsk Fjordhestsenter.\u00a0 Fjordhestar: B\u00f8 Emina Fjordhest, hoppe f. 2014 e. Fjelltor u. B\u00f8 Emilie Presentasjonsdokument B\u00f8 Emina Kaspar Fjordhest, vallak [&hellip;]<\/p>\n","protected":false},"author":1,"featured_media":0,"parent":32,"menu_order":0,"comment_status":"closed","ping_status":"closed","template":"","meta":{"_et_pb_use_builder":"on","_et_pb_old_content":"","_et_gb_content_width":"","_exactmetrics_skip_tracking":false,"_exactmetrics_sitenote_active":false,"_exactmetrics_sitenote_note":"","_exactmetrics_sitenote_category":0,"footnotes":""},"class_list":["post-4566","page","type-page","status-publish","hentry"],"_links":{"self":[{"href":"https:\/\/fjordhest.net\/blogg\/wp-json\/wp\/v2\/pages\/4566","targetHints":{"allow":["GET"]}}],"collection":[{"href":"https:\/\/fjordhest.net\/blogg\/wp-json\/wp\/v2\/pages"}],"about":[{"href":"https:\/\/fjordhest.net\/blogg\/wp-json\/wp\/v2\/types\/page"}],"author":[{"embeddable":true,"href":"https:\/\/fjordhest.net\/blogg\/wp-json\/wp\/v2\/users\/1"}],"replies":[{"embeddable":true,"href":"https:\/\/fjordhest.net\/blogg\/wp-json\/wp\/v2\/comments?post=4566"}],"version-history":[{"count":21,"href":"https:\/\/fjordhest.net\/blogg\/wp-json\/wp\/v2\/pages\/4566\/revisions"}],"predecessor-version":[{"id":4885,"href":"https:\/\/fjordhest.net\/blogg\/wp-json\/wp\/v2\/pages\/4566\/revisions\/4885"}],"up":[{"embeddable":true,"href":"https:\/\/fjordhest.net\/blogg\/wp-json\/wp\/v2\/pages\/32"}],"wp:attachment":[{"href":"https:\/\/fjordhest.net\/blogg\/wp-json\/wp\/v2\/media?parent=4566"}],"curies":[{"name":"wp","href":"https:\/\/api.w.org\/{rel}","templated":true}]}}