{"id":478,"date":"2015-03-19T15:52:13","date_gmt":"2015-03-19T14:52:13","guid":{"rendered":"http:\/\/fjordhest.net\/blogg\/?page_id=478"},"modified":"2025-06-17T15:55:08","modified_gmt":"2025-06-17T13:55:08","slug":"avlsutvalget","status":"publish","type":"page","link":"https:\/\/fjordhest.net\/blogg\/norges-fjordhestlag\/styret\/avlsutvalget\/","title":{"rendered":"Avlsutvalget"},"content":{"rendered":"<p>[et_pb_section fb_built=&raquo;1&#8243; admin_label=&raquo;section&raquo; _builder_version=&raquo;4.16&#8243; global_colors_info=&raquo;{}&raquo;][et_pb_row column_structure=&raquo;3_4,1_4&#8243; admin_label=&raquo;row&raquo; _builder_version=&raquo;4.16&#8243; background_size=&raquo;initial&raquo; background_position=&raquo;top_left&raquo; background_repeat=&raquo;repeat&raquo; global_colors_info=&raquo;{}&raquo;][et_pb_column type=&raquo;3_4&#8243; _builder_version=&raquo;4.16&#8243; custom_padding=&raquo;|||&raquo; global_colors_info=&raquo;{}&raquo; custom_padding__hover=&raquo;|||&raquo;][et_pb_post_title meta=&raquo;off&raquo; featured_image=&raquo;off&raquo; _builder_version=&raquo;4.16&#8243; _module_preset=&raquo;default&raquo; global_colors_info=&raquo;{}&raquo;][\/et_pb_post_title][et_pb_text admin_label=&raquo;Text&raquo; _builder_version=&raquo;4.24.0&#8243; background_size=&raquo;initial&raquo; background_position=&raquo;top_left&raquo; background_repeat=&raquo;repeat&raquo; border_style=&raquo;solid&raquo; global_colors_info=&raquo;{}&raquo;]<\/p>\n<p>Avlsutvalet er styret sitt r\u00e5dgjevande organ innan utstilling og avl. To av utvalet sine medlemmar og ein varamedlem blir valde av \u00e5rsm\u00f8tet, i tillegg vel styret eit medlem og utpeikar leiar av utvalet.<\/p>\n<p>Avlsutvalet har fleire faste fysiske m\u00f8ter gjennom \u00e5ret rundt utstilling og haustm\u00f8te, men m\u00f8te p\u00e5 Skype eller telefon er og ofte nytta.<em> Les meir om avlsutvalet sitt arbeid under lista over utvalsmedlemmer.<\/em><\/p>\n<p><strong>Leiar:<\/strong><br \/>Vidar Heggheim<br \/>6817 Naustdal<br \/>Tlf: 971 51 649<br \/>vidar_heggheim@hotmail.no<\/p>\n<p><strong>Medlem:<br \/><\/strong>Stine Samsonstuen<br \/>Gr\u00f8teveien 1<br \/>1708 Sarpsborg<br \/><a href=\"mailto:stine.samsonstuen@gmail.com\" target=\"_blank\" rel=\"noopener noreferrer\" data-auth=\"NotApplicable\" data-linkindex=\"0\">47 06 01 95<br \/>stine.samsonstuen@gmail.com<\/a><\/p>\n<p><strong>Medlem:<\/strong><br \/><span>Ingrid \u00d8yhus<br \/>Briskebyvegen 104<br \/>2930 Bagn<br \/>90632199<br \/>ingridoyh@hotmail.com<\/span><\/p>\n<p><strong>Vara:<\/strong><br \/>Knut Skubberud<br \/>917 15 678<\/p>\n<p>&nbsp;<\/p>\n<p><strong>Avlsutvalets arbeidsform og hovudoppg\u00e5ver<\/strong><\/p>\n<p>Avlsutvalet har en viktig r\u00e5dgivande funksjon for styret i Norges Fjordhestlag i saker som ang\u00e5r avl og utstilling. Utvalet kan sj\u00f8lv fordele oppg\u00e5ver og ansvarsoppg\u00e5ver til sine medlemmer. Faglege r\u00e5d og dialog med Norsk Hestesenter og Norsk Fjordhestsenter i saker som ligg innan avlsutvalets omr\u00e5de skjer direkte utan \u00e5 g\u00e5 via styret s\u00e5 lenge det er \u00a0i tr\u00e5d med f\u00f8ringar vedtatt av styret.<\/p>\n<p><em>Avlsplanen for Fjordhest<\/em> er eit sv\u00e6rt viktig dokument for oppdrettarar, utstillarar, dommarar og tillitsvalde. Avlsutvalet har ei viktig rolle ved revideringa som skjer kvart 4. \u00e5r, endringar som blir gjorde og ettersj\u00e5 korleis avlsplanen blir nytta i praksis i avl og utstilling.<\/p>\n<p><em>Hingsteutstillinga <\/em>er ei av dei viktigaste oppg\u00e5vene gjennom \u00e5ret med hjelp til planlegging, og gjennomf\u00f8ring av utstillinga. Utvalet vel en person som r\u00e5dgir arrang\u00f8r og k\u00e5ringsnemnd ved behov.<\/p>\n<p><em>Utstillingar <\/em>er arrangerte over heile landet og avlsutvalet er tilgjengeleg med informasjon og r\u00e5dgjeving til arrang\u00f8rar, utstillarar og dommarar. Landsfinalen for unghest er eit viktig tiltak som avlsutvalet er engasjert i.<\/p>\n<p><em>Oppdrettar og utstillingsoppgjer <\/em>med utdeling av pokalar til beste oppdrettar og utstillar kvart \u00e5r. Ein i avlsutvalet har hatt ansvaret for dette i lag med styret.<\/p>\n<p><em>Brukspr\u00f8ver<\/em>&#8211; avlsutvalet har en viktig rolle i \u00e5 vurdere om brukspr\u00f8vene tener det tenkte m\u00e5let for seleksjon og avl, og r\u00e5dgir styret ved evalueringer av reglementet.<\/p>\n<p><em>Haustm\u00f8te og \u00e5rsm\u00f8tet <\/em>er ein arena som avlsutvalet presenterer sitt arbeid og har informasjon om avlsrelaterte tema.<\/p>\n<p><em>Dommarsamlingar <\/em>har vore arrangert \u00e5rleg p\u00e5 Norsk fjordhestsenter, og avlsutvalet har delteke og hatt innspel om tema og gjennomf\u00f8ring.<\/p>\n<p><em>R\u00e5dgjeving <\/em>til avlarar og utstillarar er ei sv\u00e6rt viktig oppg\u00e5ve for avlsutvalet, og ein \u00f8nskjer \u00e5 svare p\u00e5 dei sp\u00f8rsm\u00e5l medlemar i organisasjonen har.<\/p>\n<p><em>Avlsfremjande tiltak og tilskotsordningar <\/em>er viktige stimuli til avl av Fjordhest, og avlsutvalet bidrar med r\u00e5dgjeving og innstilling til styret p\u00e5 dei ulike ordningane.\u00a0 <em>\u00a0<\/em><\/p>\n<p><em>Fagkurs og oppdrettarseminar <\/em>er viktig for avlsutvalet \u00e5 st\u00f8tte opp om med innspel p\u00e5 tema og deltaking.<\/p>\n<p><em>Internasjonalt avlsarbeid <\/em>\u00a0er ei viktig oppg\u00e5ve for avlsutvalet og NFL, og styrkar rolla Norge har som <span style=\"text-decoration: line-through;\">bidrar til at<\/span> <span style=\"text-decoration: line-through;\">Norge aukar statusen som<\/span> moderland.<\/p>\n<p><em>EvA p\u00e5 nett<\/em> &#8211; avlsutvalet kjem med anbefaling om \u00f8vre grense for slektskap i populasjonen, i dag er denne p\u00e5 12,5%.<\/p>\n<p><em>Tildeling av hoppekvotar<\/em> \u2013 alsutvalet vurderer behovet for \u00e5 tildelekvoter til k\u00e5ra og premierte hingstar.<\/p>\n<p><em>Vurdere individ sitt bidrag i avlen.<\/em><\/p>\n<p><em>Avlsfaglege prosjekter <\/em>\u2013 Avlsutvalet tar del i og initierer n\u00f8dvendige avlsfaglege prosjekter, slik som hoppe- og hingste-linjeprosjekt, betre drektigheit, genbank m.m.<\/p>\n<p>&nbsp;<\/p>\n<p>&nbsp;<\/p>\n<p>&nbsp;<\/p>\n<p>&nbsp;<\/p>\n<p><strong>\u00a0<\/strong><\/p>\n<p>[\/et_pb_text][\/et_pb_column][et_pb_column type=&raquo;1_4&#8243; _builder_version=&raquo;4.16&#8243; custom_padding=&raquo;|||&raquo; global_colors_info=&raquo;{}&raquo; custom_padding__hover=&raquo;|||&raquo;][\/et_pb_column][\/et_pb_row][\/et_pb_section][et_pb_section fb_built=&raquo;1&#8243; fullwidth=&raquo;on&raquo; admin_label=&raquo;section&raquo; _builder_version=&raquo;4.16&#8243; background_color=&raquo;#ddb67c&raquo; global_colors_info=&raquo;{}&raquo;][\/et_pb_section]<\/p>\n","protected":false},"excerpt":{"rendered":"<p>Avlsutvalet er styret sitt r\u00e5dgjevande organ innan utstilling og avl. To av utvalet sine medlemmar og ein varamedlem blir valde av \u00e5rsm\u00f8tet, i tillegg vel styret eit medlem og utpeikar leiar av utvalet. Avlsutvalet har fleire faste fysiske m\u00f8ter gjennom \u00e5ret rundt utstilling og haustm\u00f8te, men m\u00f8te p\u00e5 Skype eller telefon er og ofte nytta. [&hellip;]<\/p>\n","protected":false},"author":1,"featured_media":0,"parent":186,"menu_order":0,"comment_status":"open","ping_status":"open","template":"","meta":{"_et_pb_use_builder":"on","_et_pb_old_content":"","_et_gb_content_width":"","_exactmetrics_skip_tracking":false,"_exactmetrics_sitenote_active":false,"_exactmetrics_sitenote_note":"","_exactmetrics_sitenote_category":0,"footnotes":""},"class_list":["post-478","page","type-page","status-publish","hentry"],"_links":{"self":[{"href":"https:\/\/fjordhest.net\/blogg\/wp-json\/wp\/v2\/pages\/478","targetHints":{"allow":["GET"]}}],"collection":[{"href":"https:\/\/fjordhest.net\/blogg\/wp-json\/wp\/v2\/pages"}],"about":[{"href":"https:\/\/fjordhest.net\/blogg\/wp-json\/wp\/v2\/types\/page"}],"author":[{"embeddable":true,"href":"https:\/\/fjordhest.net\/blogg\/wp-json\/wp\/v2\/users\/1"}],"replies":[{"embeddable":true,"href":"https:\/\/fjordhest.net\/blogg\/wp-json\/wp\/v2\/comments?post=478"}],"version-history":[{"count":25,"href":"https:\/\/fjordhest.net\/blogg\/wp-json\/wp\/v2\/pages\/478\/revisions"}],"predecessor-version":[{"id":11803,"href":"https:\/\/fjordhest.net\/blogg\/wp-json\/wp\/v2\/pages\/478\/revisions\/11803"}],"up":[{"embeddable":true,"href":"https:\/\/fjordhest.net\/blogg\/wp-json\/wp\/v2\/pages\/186"}],"wp:attachment":[{"href":"https:\/\/fjordhest.net\/blogg\/wp-json\/wp\/v2\/media?parent=478"}],"curies":[{"name":"wp","href":"https:\/\/api.w.org\/{rel}","templated":true}]}}