{"id":480,"date":"2015-03-19T15:52:53","date_gmt":"2015-03-19T14:52:53","guid":{"rendered":"http:\/\/fjordhest.net\/blogg\/?page_id=480"},"modified":"2025-06-17T15:42:20","modified_gmt":"2025-06-17T13:42:20","slug":"aktivitetsutvalget","status":"publish","type":"page","link":"https:\/\/fjordhest.net\/blogg\/norges-fjordhestlag\/styret\/aktivitetsutvalget\/","title":{"rendered":"Aktivitetsutvalget"},"content":{"rendered":"<p>[et_pb_section fb_built=&raquo;1&#8243; admin_label=&raquo;section&raquo; _builder_version=&raquo;4.16&#8243; global_colors_info=&raquo;{}&raquo;][et_pb_row column_structure=&raquo;3_4,1_4&#8243; admin_label=&raquo;row&raquo; _builder_version=&raquo;4.16&#8243; background_size=&raquo;initial&raquo; background_position=&raquo;top_left&raquo; background_repeat=&raquo;repeat&raquo; global_colors_info=&raquo;{}&raquo;][et_pb_column type=&raquo;3_4&#8243; _builder_version=&raquo;4.16&#8243; custom_padding=&raquo;|||&raquo; global_colors_info=&raquo;{}&raquo; custom_padding__hover=&raquo;|||&raquo;][et_pb_post_title meta=&raquo;off&raquo; featured_image=&raquo;off&raquo; _builder_version=&raquo;4.16&#8243; _module_preset=&raquo;default&raquo; global_colors_info=&raquo;{}&raquo;][\/et_pb_post_title][et_pb_text admin_label=&raquo;Text&raquo; _builder_version=&raquo;4.16&#8243; background_size=&raquo;initial&raquo; background_position=&raquo;top_left&raquo; background_repeat=&raquo;repeat&raquo; custom_margin=&raquo;-3px||-3px|||&raquo; custom_padding=&raquo;0px|||||&raquo; global_colors_info=&raquo;{}&raquo;]<\/p>\n<p class=\"ecxMsoNormal\"><span lang=\"NO-NYN\">Aktivitetsutvalget er styret sitt r\u00e5dgjevande organ innan aktivitet, bruk og sport. To medlemmar og ein vara vert vald av \u00e5rsm\u00f8tet, og eitt medlem vert peika ut av styret. Utvalet vel sj\u00f8lv leiar. Utvalet kan ikkje gjere sj\u00f8lvstendige vedtak, men kjem med r\u00e5d og tilr\u00e5dingar til styret i aktuelle saker.\u00a0<\/span><\/p>\n<p class=\"ecxMsoNormal\"><strong>Har du sp\u00f8rsm\u00e5l eller informasjon til Aktivitetsutvalget, ta kontakt p\u00e5 e-post <a href=\"mailto:aktivitet@fjordhest.no\">aktivitet@fjordhest.no<\/a>.<\/strong><\/p>\n<p class=\"ecxMsoNormal\"><em><\/em><\/p>\n<p>[\/et_pb_text][et_pb_team_member name=&raquo;Vibekke Midstue&raquo; position=&raquo;Leiar&raquo; image_url=&raquo;https:\/\/fjordhest.net\/blogg\/wp-content\/uploads\/2022\/05\/IMG_20220515_085207_Bokeh__02.jpg&raquo; _builder_version=&raquo;4.17.4&#8243; _module_preset=&raquo;default&raquo; global_colors_info=&raquo;{}&raquo;]<\/p>\n<div dir=\"auto\">H\u00f8rteveien 10<\/div>\n<div dir=\"auto\">4886 Grimstad<\/div>\n<div dir=\"auto\">vibekkehaugebo@gmail.com<\/div>\n<div dir=\"auto\">Tlf.: 90971020<\/div>\n<p>&nbsp;<\/p>\n<p>[\/et_pb_team_member][et_pb_team_member name=&raquo;Jon Ole Botnevik&raquo; position=&raquo;Styret sin representant i utvalet&raquo; image_url=&raquo;https:\/\/fjordhest.net\/blogg\/wp-content\/uploads\/2023\/05\/jonolebotnevik-e1684566658341.jpg&raquo; _builder_version=&raquo;4.27.0&#8243; _module_preset=&raquo;default&raquo; hover_enabled=&raquo;0&#8243; global_colors_info=&raquo;{}&raquo; sticky_enabled=&raquo;0&#8243; title_text=&raquo;jonolebotnevik&raquo;]<\/p>\n<p>Strandveien 83I<br \/>1545 Hvitsten<\/p>\n<p>znax@hotmail.no<br \/>Tlf.:\u00a0976 49 843<\/p>\n<p>[\/et_pb_team_member][et_pb_team_member name=&raquo;Liv Jorunn Nyhagen&raquo; position=&raquo;Utvalsmedlem&raquo; image_url=&raquo;https:\/\/fjordhest.net\/blogg\/wp-content\/uploads\/2022\/05\/IMG_2914web.jpg&raquo; _builder_version=&raquo;4.17.1&#8243; _module_preset=&raquo;default&raquo; global_colors_info=&raquo;{}&raquo;]<\/p>\n<p><span>Vikebygdvegen 253<br \/>6104 Volda<br \/><a href=\"mailto:livjorunn83@mail.com\">livjorunn83@gmail.com<\/a><br \/><\/span><span>Tlf.:47646541<\/span><\/p>\n<p>[\/et_pb_team_member][et_pb_team_member name=&raquo;Lise Irene Kosmo Gylseth&raquo; position=&raquo;Varamedlem&raquo; _builder_version=&raquo;4.27.0&#8243; _module_preset=&raquo;default&raquo; global_colors_info=&raquo;{}&raquo;]<\/p>\n<p class=\"text-base font-normal font-sans-serif text-secondary-600\">S\u00f8rfjellveien 73<br \/>8646 Korgen<br \/>Tlf.: 400 92 451<\/p>\n<p>[\/et_pb_team_member][et_pb_text _builder_version=&raquo;4.17.1&#8243; _module_preset=&raquo;default&raquo; global_colors_info=&raquo;{}&raquo;][\/et_pb_text][\/et_pb_column][et_pb_column type=&raquo;1_4&#8243; _builder_version=&raquo;4.16&#8243; custom_padding=&raquo;|||&raquo; global_colors_info=&raquo;{}&raquo; custom_padding__hover=&raquo;|||&raquo;][et_pb_sidebar _builder_version=&raquo;4.16&#8243; _module_preset=&raquo;default&raquo; global_colors_info=&raquo;{}&raquo;][\/et_pb_sidebar][et_pb_sidebar orientation=&raquo;right&raquo; area=&raquo;et_pb_widget_area_13&#8243; _builder_version=&raquo;4.16&#8243; global_colors_info=&raquo;{}&raquo;][\/et_pb_sidebar][\/et_pb_column][\/et_pb_row][\/et_pb_section][et_pb_section fb_built=&raquo;1&#8243; fullwidth=&raquo;on&raquo; admin_label=&raquo;section&raquo; _builder_version=&raquo;4.16&#8243; background_color=&raquo;#ddb67c&raquo; global_colors_info=&raquo;{}&raquo;][\/et_pb_section]<\/p>\n","protected":false},"excerpt":{"rendered":"<p>Aktivitetsutvalget er styret sitt r\u00e5dgjevande organ innan aktivitet, bruk og sport. To medlemmar og ein vara vert vald av \u00e5rsm\u00f8tet, og eitt medlem vert peika ut av styret. Utvalet vel sj\u00f8lv leiar. Utvalet kan ikkje gjere sj\u00f8lvstendige vedtak, men kjem med r\u00e5d og tilr\u00e5dingar til styret i aktuelle saker.\u00a0 Har du sp\u00f8rsm\u00e5l eller informasjon til [&hellip;]<\/p>\n","protected":false},"author":1,"featured_media":0,"parent":186,"menu_order":0,"comment_status":"open","ping_status":"open","template":"","meta":{"_et_pb_use_builder":"on","_et_pb_old_content":"","_et_gb_content_width":"","_exactmetrics_skip_tracking":false,"_exactmetrics_sitenote_active":false,"_exactmetrics_sitenote_note":"","_exactmetrics_sitenote_category":0,"footnotes":""},"class_list":["post-480","page","type-page","status-publish","hentry"],"_links":{"self":[{"href":"https:\/\/fjordhest.net\/blogg\/wp-json\/wp\/v2\/pages\/480","targetHints":{"allow":["GET"]}}],"collection":[{"href":"https:\/\/fjordhest.net\/blogg\/wp-json\/wp\/v2\/pages"}],"about":[{"href":"https:\/\/fjordhest.net\/blogg\/wp-json\/wp\/v2\/types\/page"}],"author":[{"embeddable":true,"href":"https:\/\/fjordhest.net\/blogg\/wp-json\/wp\/v2\/users\/1"}],"replies":[{"embeddable":true,"href":"https:\/\/fjordhest.net\/blogg\/wp-json\/wp\/v2\/comments?post=480"}],"version-history":[{"count":47,"href":"https:\/\/fjordhest.net\/blogg\/wp-json\/wp\/v2\/pages\/480\/revisions"}],"predecessor-version":[{"id":11797,"href":"https:\/\/fjordhest.net\/blogg\/wp-json\/wp\/v2\/pages\/480\/revisions\/11797"}],"up":[{"embeddable":true,"href":"https:\/\/fjordhest.net\/blogg\/wp-json\/wp\/v2\/pages\/186"}],"wp:attachment":[{"href":"https:\/\/fjordhest.net\/blogg\/wp-json\/wp\/v2\/media?parent=480"}],"curies":[{"name":"wp","href":"https:\/\/api.w.org\/{rel}","templated":true}]}}