{"id":482,"date":"2015-03-19T15:53:26","date_gmt":"2015-03-19T14:53:26","guid":{"rendered":"http:\/\/fjordhest.net\/blogg\/?page_id=482"},"modified":"2025-06-17T15:49:48","modified_gmt":"2025-06-17T13:49:48","slug":"marknadsforingsutvalet","status":"publish","type":"page","link":"https:\/\/fjordhest.net\/blogg\/norges-fjordhestlag\/styret\/marknadsforingsutvalet\/","title":{"rendered":"Marknadsf\u00f8ringsutvalet"},"content":{"rendered":"<p>[et_pb_section fb_built=&raquo;1&#8243; fullwidth=&raquo;on&raquo; admin_label=&raquo;section&raquo; _builder_version=&raquo;4.16&#8243; background_color=&raquo;#ddc8a6&#8243; transparent_background=&raquo;off&raquo; global_colors_info=&raquo;{}&raquo;][et_pb_fullwidth_menu menu_id=&raquo;11&#8243; admin_label=&raquo;Norges fjordhestlag meny&raquo; _builder_version=&raquo;4.16&#8243; text_orientation=&raquo;center&raquo; global_colors_info=&raquo;{}&raquo;][\/et_pb_fullwidth_menu][\/et_pb_section][et_pb_section fb_built=&raquo;1&#8243; admin_label=&raquo;section&raquo; _builder_version=&raquo;4.16&#8243; global_colors_info=&raquo;{}&raquo;][et_pb_row column_structure=&raquo;3_4,1_4&#8243; admin_label=&raquo;row&raquo; _builder_version=&raquo;4.16&#8243; background_size=&raquo;initial&raquo; background_position=&raquo;top_left&raquo; background_repeat=&raquo;repeat&raquo; global_colors_info=&raquo;{}&raquo;][et_pb_column type=&raquo;3_4&#8243; _builder_version=&raquo;4.16&#8243; custom_padding=&raquo;|||&raquo; global_colors_info=&raquo;{}&raquo; custom_padding__hover=&raquo;|||&raquo;][et_pb_post_title meta=&raquo;off&raquo; featured_image=&raquo;off&raquo; _builder_version=&raquo;4.16&#8243; _module_preset=&raquo;default&raquo; global_colors_info=&raquo;{}&raquo;][\/et_pb_post_title][et_pb_text admin_label=&raquo;Text&raquo; _builder_version=&raquo;4.21.0&#8243; background_size=&raquo;initial&raquo; background_position=&raquo;top_left&raquo; background_repeat=&raquo;repeat&raquo; use_border_color=&raquo;off&raquo; global_colors_info=&raquo;{}&raquo;]<\/p>\n<p>Marknadsf\u00f8ringsutvalet er styret sitt r\u00e5dgjevande utval i saker som har med marknadsf\u00f8ring av fjordhesten \u00e5 gjere. Utvalet har ogs\u00e5 ansvar for Norges Fjordhestlag sine sosiale media-kontoar, og for sal av NFL-effekter.\u00a0<strong><\/strong><\/p>\n<p>Ynskjer du \u00e5 kome i kontakt med marknadsf\u00f8ringsutvalet, bruk e-post <a href=\"mailto:marknad@fjordhest.no\">marknad@fjordhest.no<\/a>.\u00a0<\/p>\n<p><strong><\/strong><\/p>\n<p><strong>Leiar:<br \/>Marit Evanger\u00a0<\/strong><br \/>Stormyrveien 27<br \/>2550 Os i \u00d8sterdalen<br \/>Tlf.: 91774247<span><\/span><\/p>\n<p><span><strong>Medlem:<br \/>Ingunn Larsen<\/strong><br \/>Sims\u00f8veien 77<br \/>8890 Leirfjord<br \/>452 17 735<\/span><\/p>\n<p><span><strong>Medlem:<\/strong><br \/><strong>Birte Stabell Bakken<\/strong><br \/>Oser\u00f8dmyra 2<br \/>3138 Skallestad<br \/>997\u00a0 04 667<\/span><\/p>\n<p><strong>Vara:\u00a0<\/strong><br \/><strong>Ina Steiro Herstad<br \/><\/strong>\u00d8vre Grimsethmarka 3<br \/>6817 Naustdal<br \/>95916334<\/p>\n<p><span><\/span><\/p>\n<p><span><\/span><\/p>\n<p><strong>Marknadsf\u00f8ringsutvalets arbeidsform og hovudoppg\u00e5ver:<\/strong><\/p>\n<p><em>Utvalet legg sj\u00f8lv opp ein plan for sitt arbeid og tildeler medlemmane oppg\u00e5ver og ansvarsomr\u00e5der. <\/em>Ved behov kan utvalet ogs\u00e5 oppnemne ressurspersonar utanfor utvalet til \u00e5 hjelpe seg til \u00e5 utf\u00f8re ein del av dei oppg\u00e5vene dei ynskjer \u00e5 gjennomf\u00f8re.<\/p>\n<p><em>Stand<\/em> \u2013 P\u00e5 st\u00f8rre arrangement i regi av NFL eller der fjordhesten deltek, som hingsteutstilling, NM, landsfinala for unghest og Haustm\u00f8tet, skal NFL ha stnad som utvalet har ansvar for. Stand utover dette b\u00f8r utvalet sj\u00f8lv vurdere om dei har ynskje om eller kapasitet til \u00e5 vere til stade p\u00e5.<\/p>\n<p><em>Produktutval<\/em> \u2013 Utvalet skal ha ei utval av produkt med logo og motiv av fjordhesten, som b\u00e5de kan seljast via nett og p\u00e5 stand. Utvalet vel sj\u00f8lv sitt sortiment, men dette b\u00f8r inkludere utstillingsskjorter, slips og vestar, samt genser allereie utvikla for NFL.<\/p>\n<p><em>Sosiale media<\/em> \u2013 Utvalet har ansvar for \u00e5 synleggjere fjordhesten og arrangement p\u00e5 Instagram og Favebook. Utover dette kan utvalet ogs\u00e5 velje \u00e5 gjere tilsvarande arbeid\/promotering p\u00e5 andre digitale plattformar.<\/p>\n<p>Utover desse oppg\u00e5vene er det ynskjeleg at marknadsf\u00f8ringsutvalet samarbeidar med aktivitetsutval og avslutval om kva for synleggjere som er ynskjeleg p\u00e5 ulike arrangement, slik at NFL sine gode samla m\u00e5l for hesten og organisasjonen vert synt fram.<\/p>\n<p><em>Haustm\u00f8tet og \u00e5rsm\u00f8tet er ein arena der marknadsf\u00f8ringsutvalet presenterer sitt arbeid og hentar ynskjer fr\u00e5 medlemmane om produkter og tiltak dei kan arbeide med.<\/em><\/p>\n<p><em>Marknadsf\u00f8ringsutvalet kan velje \u00e5 utarbeide ein strategi for sitt arbeid. Dei skal lage ein \u00e5rleg tiltaksplan som leggast fram for styret i Norges Fjordhestlag i l\u00f8pet av hausten for godkjenning og \u00f8konomisk ramme for neste \u00e5r.<\/em><\/p>\n<p>&nbsp;<\/p>\n<p>&nbsp;<\/p>\n<p>[\/et_pb_text][\/et_pb_column][et_pb_column type=&raquo;1_4&#8243; _builder_version=&raquo;4.16&#8243; custom_padding=&raquo;|||&raquo; global_colors_info=&raquo;{}&raquo; custom_padding__hover=&raquo;|||&raquo;][\/et_pb_column][\/et_pb_row][\/et_pb_section][et_pb_section fb_built=&raquo;1&#8243; fullwidth=&raquo;on&raquo; admin_label=&raquo;section&raquo; _builder_version=&raquo;4.16&#8243; background_color=&raquo;#ddb67c&raquo; global_colors_info=&raquo;{}&raquo;][\/et_pb_section]<\/p>\n","protected":false},"excerpt":{"rendered":"<p>Marknadsf\u00f8ringsutvalet er styret sitt r\u00e5dgjevande utval i saker som har med marknadsf\u00f8ring av fjordhesten \u00e5 gjere. Utvalet har ogs\u00e5 ansvar for Norges Fjordhestlag sine sosiale media-kontoar, og for sal av NFL-effekter.\u00a0 Ynskjer du \u00e5 kome i kontakt med marknadsf\u00f8ringsutvalet, bruk e-post marknad@fjordhest.no.\u00a0 Leiar:Marit Evanger\u00a0Stormyrveien 272550 Os i \u00d8sterdalenTlf.: 91774247 Medlem:Ingunn LarsenSims\u00f8veien 778890 Leirfjord452 17 735 [&hellip;]<\/p>\n","protected":false},"author":1,"featured_media":0,"parent":186,"menu_order":0,"comment_status":"open","ping_status":"open","template":"","meta":{"_et_pb_use_builder":"on","_et_pb_old_content":"","_et_gb_content_width":"","_exactmetrics_skip_tracking":false,"_exactmetrics_sitenote_active":false,"_exactmetrics_sitenote_note":"","_exactmetrics_sitenote_category":0,"footnotes":""},"class_list":["post-482","page","type-page","status-publish","hentry"],"_links":{"self":[{"href":"https:\/\/fjordhest.net\/blogg\/wp-json\/wp\/v2\/pages\/482","targetHints":{"allow":["GET"]}}],"collection":[{"href":"https:\/\/fjordhest.net\/blogg\/wp-json\/wp\/v2\/pages"}],"about":[{"href":"https:\/\/fjordhest.net\/blogg\/wp-json\/wp\/v2\/types\/page"}],"author":[{"embeddable":true,"href":"https:\/\/fjordhest.net\/blogg\/wp-json\/wp\/v2\/users\/1"}],"replies":[{"embeddable":true,"href":"https:\/\/fjordhest.net\/blogg\/wp-json\/wp\/v2\/comments?post=482"}],"version-history":[{"count":40,"href":"https:\/\/fjordhest.net\/blogg\/wp-json\/wp\/v2\/pages\/482\/revisions"}],"predecessor-version":[{"id":11802,"href":"https:\/\/fjordhest.net\/blogg\/wp-json\/wp\/v2\/pages\/482\/revisions\/11802"}],"up":[{"embeddable":true,"href":"https:\/\/fjordhest.net\/blogg\/wp-json\/wp\/v2\/pages\/186"}],"wp:attachment":[{"href":"https:\/\/fjordhest.net\/blogg\/wp-json\/wp\/v2\/media?parent=482"}],"curies":[{"name":"wp","href":"https:\/\/api.w.org\/{rel}","templated":true}]}}