{"id":489,"date":"2015-03-19T15:58:46","date_gmt":"2015-03-19T14:58:46","guid":{"rendered":"http:\/\/fjordhest.net\/blogg\/?page_id=489"},"modified":"2026-01-20T12:42:28","modified_gmt":"2026-01-20T11:42:28","slug":"avlsplan","status":"publish","type":"page","link":"https:\/\/fjordhest.net\/blogg\/fjordhesten\/avlsplan\/","title":{"rendered":"Avlsplan"},"content":{"rendered":"<p>[et_pb_section fb_built=&raquo;1&#8243; admin_label=&raquo;section&raquo; _builder_version=&raquo;4.16&#8243; global_colors_info=&raquo;{}&raquo;][et_pb_row column_structure=&raquo;2_3,1_3&#8243; _builder_version=&raquo;4.16&#8243; background_size=&raquo;initial&raquo; background_position=&raquo;top_left&raquo; background_repeat=&raquo;repeat&raquo; hover_enabled=&raquo;0&#8243; global_colors_info=&raquo;{}&raquo; sticky_enabled=&raquo;0&#8243;][et_pb_column type=&raquo;2_3&#8243; _builder_version=&raquo;4.16&#8243; custom_padding=&raquo;|||&raquo; global_colors_info=&raquo;{}&raquo; custom_padding__hover=&raquo;|||&raquo;][et_pb_post_title meta=&raquo;off&raquo; _builder_version=&raquo;4.16&#8243; title_all_caps=&raquo;off&raquo; background_color=&raquo;rgba(255,255,255,0)&raquo; parallax=&raquo;on&raquo; text_orientation=&raquo;center&raquo; parallax_effect=&raquo;on&raquo; module_bg_color=&raquo;rgba(255,255,255,0)&raquo; use_border_color=&raquo;off&raquo; border_color=&raquo;#ffffff&raquo; border_style=&raquo;solid&raquo; global_colors_info=&raquo;{}&raquo;]&nbsp;<br \/>\n[\/et_pb_post_title][et_pb_text admin_label=&raquo;Text&raquo; _builder_version=&raquo;4.27.0&#8243; background_size=&raquo;initial&raquo; background_position=&raquo;top_left&raquo; background_repeat=&raquo;repeat&raquo; hover_enabled=&raquo;0&#8243; use_border_color=&raquo;off&raquo; global_colors_info=&raquo;{}&raquo; sticky_enabled=&raquo;0&#8243;]<\/p>\n<p>Avlsplanen for fjordhest legg grunnlaget for alt avlsarbeid. Fjordhesten fekk sin f\u00f8rste avlsplan i 1995, og den gjeldande avlsplanen er gjeldande fr\u00e5 2026.<\/p>\n<p>Den overordna avlsm\u00e5lsetjinga for fjordhesten er f\u00f8lgjande: \u00abGjennom reinrasa avl har Norges Fjordhestlag som form\u00e5l \u00e5 ta vare p\u00e5 s\u00e6rpreget og mangfaldet til fjordhesten og vidare avle fram ein sunn og funksjonsdyktig hest. For fjordhesten vil dette seie \u00e5 sikre ein langsiktig avlsframgang for eigenskapane i avlsm\u00e5let. Avlsplanen skal medverke til eit tenleg og planfast arbeid for rasen og brukarane, noko som vil sikre ei langsiktig forvaltning av populasjonen.\u00bb<\/p>\n<p>&nbsp;<\/p>\n<p>Trykk p\u00e5 lenkjene for \u00e5 laste ned avlsplanen i norsk og engelsk versjon:<\/p>\n<p><a href=\"https:\/\/fjordhest.net\/blogg\/wp-content\/uploads\/2026\/01\/Fjordhest-avlsplan-2026.pdf\" rel=\"attachment wp-att-11927\">Avlsplan for fjordhest, 2026<\/a><\/p>\n<p><em>English version coming soon<\/em><\/p>\n<p>&nbsp;<\/p>\n<p><a href=\"https:\/\/fjordhest.net\/blogg\/wp-content\/uploads\/2023\/05\/Fjordhest-avlsplan-2022_rev-mai-2023_uten-merket-endring.pdf\" rel=\"attachment wp-att-10521\"><\/a><a href=\"https:\/\/fjordhest.net\/blogg\/wp-content\/uploads\/2023\/11\/Fjordhest-avlsplan-2022_eng_des2022_rev-mai-2023_uten-merket-endring-1.pdf\" rel=\"attachment wp-att-10713\"><\/a><\/p>\n<p>&nbsp;<\/p>\n<p>&nbsp;<\/p>\n<p>&nbsp;<\/p>\n<p>&nbsp;<\/p>\n<p>&nbsp;<\/p>\n<p>&nbsp;<\/p>\n<p>&nbsp;<\/p>\n<p>&nbsp;<\/p>\n<p>&nbsp;<\/p>\n<p>&nbsp;<\/p>\n<p>&nbsp;<\/p>\n<p>&nbsp;<\/p>\n<p>&nbsp;<\/p>\n<p>&nbsp;<\/p>\n<p>&nbsp;<\/p>\n<p>&nbsp;<\/p>\n<p>[\/et_pb_text][\/et_pb_column][et_pb_column type=&raquo;1_3&#8243; _builder_version=&raquo;4.16&#8243; custom_padding=&raquo;|||&raquo; global_colors_info=&raquo;{}&raquo; custom_padding__hover=&raquo;|||&raquo;][\/et_pb_column][\/et_pb_row][\/et_pb_section]<\/p>\n","protected":false},"excerpt":{"rendered":"<p>&nbsp; Avlsplanen for fjordhest legg grunnlaget for alt avlsarbeid. Fjordhesten fekk sin f\u00f8rste avlsplan i 1995, og den gjeldande avlsplanen er gjeldande fr\u00e5 2026. Den overordna avlsm\u00e5lsetjinga for fjordhesten er f\u00f8lgjande: \u00abGjennom reinrasa avl har Norges Fjordhestlag som form\u00e5l \u00e5 ta vare p\u00e5 s\u00e6rpreget og mangfaldet til fjordhesten og vidare avle fram ein sunn og [&hellip;]<\/p>\n","protected":false},"author":1,"featured_media":0,"parent":427,"menu_order":0,"comment_status":"open","ping_status":"open","template":"","meta":{"_et_pb_use_builder":"on","_et_pb_old_content":"","_et_gb_content_width":"","_exactmetrics_skip_tracking":false,"_exactmetrics_sitenote_active":false,"_exactmetrics_sitenote_note":"","_exactmetrics_sitenote_category":0,"footnotes":""},"class_list":["post-489","page","type-page","status-publish","hentry"],"_links":{"self":[{"href":"https:\/\/fjordhest.net\/blogg\/wp-json\/wp\/v2\/pages\/489","targetHints":{"allow":["GET"]}}],"collection":[{"href":"https:\/\/fjordhest.net\/blogg\/wp-json\/wp\/v2\/pages"}],"about":[{"href":"https:\/\/fjordhest.net\/blogg\/wp-json\/wp\/v2\/types\/page"}],"author":[{"embeddable":true,"href":"https:\/\/fjordhest.net\/blogg\/wp-json\/wp\/v2\/users\/1"}],"replies":[{"embeddable":true,"href":"https:\/\/fjordhest.net\/blogg\/wp-json\/wp\/v2\/comments?post=489"}],"version-history":[{"count":30,"href":"https:\/\/fjordhest.net\/blogg\/wp-json\/wp\/v2\/pages\/489\/revisions"}],"predecessor-version":[{"id":11930,"href":"https:\/\/fjordhest.net\/blogg\/wp-json\/wp\/v2\/pages\/489\/revisions\/11930"}],"up":[{"embeddable":true,"href":"https:\/\/fjordhest.net\/blogg\/wp-json\/wp\/v2\/pages\/427"}],"wp:attachment":[{"href":"https:\/\/fjordhest.net\/blogg\/wp-json\/wp\/v2\/media?parent=489"}],"curies":[{"name":"wp","href":"https:\/\/api.w.org\/{rel}","templated":true}]}}