{"id":521,"date":"2015-04-22T12:28:43","date_gmt":"2015-04-22T10:28:43","guid":{"rendered":"http:\/\/fjordhest.net\/blogg\/?page_id=521"},"modified":"2023-07-26T15:25:04","modified_gmt":"2023-07-26T13:25:04","slug":"utstilling","status":"publish","type":"page","link":"https:\/\/fjordhest.net\/blogg\/fjordhesten\/utstilling\/","title":{"rendered":"Utstilling"},"content":{"rendered":"<p>[et_pb_section fb_built=&raquo;1&#8243; admin_label=&raquo;section&raquo; _builder_version=&raquo;4.16&#8243; global_colors_info=&raquo;{}&raquo;][et_pb_row column_structure=&raquo;3_4,1_4&#8243; admin_label=&raquo;Rekke&raquo; _builder_version=&raquo;4.16&#8243; background_size=&raquo;initial&raquo; background_position=&raquo;top_left&raquo; background_repeat=&raquo;repeat&raquo; global_colors_info=&raquo;{}&raquo;][et_pb_column type=&raquo;3_4&#8243; _builder_version=&raquo;4.16&#8243; custom_padding=&raquo;|||&raquo; global_colors_info=&raquo;{}&raquo; custom_padding__hover=&raquo;|||&raquo;][et_pb_post_title meta=&raquo;off&raquo; admin_label=&raquo;Innleggstittel&raquo; _builder_version=&raquo;4.16&#8243; title_all_caps=&raquo;off&raquo; background_color=&raquo;rgba(255,255,255,0)&raquo; parallax=&raquo;on&raquo; parallax_method=&raquo;off&raquo; text_orientation=&raquo;center&raquo; custom_margin=&raquo;13px|||||&raquo; parallax_effect=&raquo;on&raquo; module_bg_color=&raquo;rgba(255,255,255,0)&raquo; use_border_color=&raquo;off&raquo; border_color=&raquo;#ffffff&raquo; border_style=&raquo;solid&raquo; global_colors_info=&raquo;{}&raquo;][\/et_pb_post_title][et_pb_text admin_label=&raquo;Text&raquo; _builder_version=&raquo;4.16&#8243; background_size=&raquo;initial&raquo; background_position=&raquo;top_left&raquo; background_repeat=&raquo;repeat&raquo; use_border_color=&raquo;off&raquo; border_color=&raquo;#ffffff&raquo; border_style=&raquo;solid&raquo; global_colors_info=&raquo;{}&raquo;]<\/p>\n<p style=\"text-align: center;\">Kvart \u00e5r vert det arrangert utstillingar for b\u00e5de hingstar, hopper, vallakar og unghestar. Hingsteutstillinga for fjordhest finn stad p\u00e5 Nordfjordeid i mai kvart \u00e5r, medan andre fjordhestar kan visast p\u00e5 utstillingar landet rundt. Terminlister for utstillingar finn du p\u00e5 <a href=\"http:\/\/www.nhest.no\">nettsidene til Norsk Hestesenter<\/a>.<\/p>\n<p style=\"text-align: center;\"><img loading=\"lazy\" decoding=\"async\" class=\"aligncenter wp-image-637\" src=\"http:\/\/fjordhest.net\/blogg\/wp-content\/uploads\/2015\/09\/MG_0837Linelite-1024x713.jpg\" alt=\"_MG_0837Linelite\" width=\"503\" height=\"350\" srcset=\"https:\/\/fjordhest.net\/blogg\/wp-content\/uploads\/2015\/09\/MG_0837Linelite-1024x713.jpg 1024w, https:\/\/fjordhest.net\/blogg\/wp-content\/uploads\/2015\/09\/MG_0837Linelite-300x209.jpg 300w, https:\/\/fjordhest.net\/blogg\/wp-content\/uploads\/2015\/09\/MG_0837Linelite-1080x752.jpg 1080w, https:\/\/fjordhest.net\/blogg\/wp-content\/uploads\/2015\/09\/MG_0837Linelite.jpg 1200w\" sizes=\"auto, (max-width: 503px) 100vw, 503px\" \/><\/p>\n<h3 style=\"text-align: center;\"><\/h3>\n<h3 style=\"text-align: center;\">Kven kan visast p\u00e5 utstilling?<\/h3>\n<p style=\"text-align: center;\">Hingstar opp til to \u00e5r og hopper opp til tre \u00e5r kan visast p\u00e5 unghestskue. Her er det ikkje krav om brukspr\u00f8ve, det er berre eksteri\u00f8ret p\u00e5 hesten som vert d\u00f8md.<\/p>\n<p style=\"text-align: center;\">Hopper og vallakar kan visast p\u00e5 hoppe- og vallakutstilling fr\u00e5 og med det \u00e5ret dei fyller tre. Dei m\u00e5 gjennomf\u00f8re ei godkjend k\u00f8yrepr\u00f8ve for \u00e5 kunne oppn\u00e5 premiegrad.<\/p>\n<p style=\"text-align: center;\">Hingstar kan visast p\u00e5 hingsteutstilling og oppn\u00e5 k\u00e5ringsgrad fr\u00e5 og med det \u00e5ret dei fyller tre \u00e5r. Ogs\u00e5 hingstane m\u00e5 ha ei godkjend k\u00f8yrepr\u00f8ve for \u00e5 kunne verte k\u00e5ra, og k\u00e5ra hingstar m\u00e5 seinare inn til ei utvida brukspr\u00f8ve for \u00e5 kunne oppn\u00e5 premiegrad.<\/p>\n<h3 style=\"text-align: center;\"><\/h3>\n<h3 style=\"text-align: center;\">Kva skjer p\u00e5 ei utstilling?<\/h3>\n<p style=\"text-align: center;\">P\u00e5 ei utstilling vil hestane verte d\u00f8mde ut i fr\u00e5 m\u00e5la i avlsplanen. Dei vil f\u00e5 karakterar p\u00e5 f\u00f8lgande moment: type og preg, kroppsbygnad og muskulatur, beinstilling og beinkvalitet, r\u00f8rsler og heilheit eksteri\u00f8r. Hestane oppn\u00e5r deretter premiegrad ut i fr\u00e5 kor godt dei fyller m\u00e5la i avlsplanen. Dommarane kan ogs\u00e5 velje \u00e5 sette hestar i kvalitet. Dette vert gjort med dei hestane dommarane meiner har tatt seg ekstra godt ut den dagen, og det er opp til dommarane kor mange hestar som skal st\u00e5 i kvalitet i kvar klasse.<\/p>\n<p style=\"text-align: center;\"><img loading=\"lazy\" decoding=\"async\" class=\"aligncenter wp-image-638\" src=\"http:\/\/fjordhest.net\/blogg\/wp-content\/uploads\/2015\/09\/MG_2997lite-1024x689.jpg\" alt=\"_MG_2997lite\" width=\"500\" height=\"337\" srcset=\"https:\/\/fjordhest.net\/blogg\/wp-content\/uploads\/2015\/09\/MG_2997lite-1024x689.jpg 1024w, https:\/\/fjordhest.net\/blogg\/wp-content\/uploads\/2015\/09\/MG_2997lite-300x202.jpg 300w, https:\/\/fjordhest.net\/blogg\/wp-content\/uploads\/2015\/09\/MG_2997lite-1080x727.jpg 1080w, https:\/\/fjordhest.net\/blogg\/wp-content\/uploads\/2015\/09\/MG_2997lite.jpg 1200w\" sizes=\"auto, (max-width: 500px) 100vw, 500px\" \/><\/p>\n<p style=\"text-align: center;\">Under eksteri\u00f8rbed\u00f8mminga skal ein vise hesten i skritt og trav, samt stille opp hesten for dommarane slik at dei kan sj\u00e5 p\u00e5 eksteri\u00f8ret og beina til hesten. Det er viktig \u00e5 trene p\u00e5 dette f\u00f8r utstillingsdagen, slik at ein f\u00e5r vist hesten fr\u00e5 si beste side.<\/p>\n<p style=\"text-align: center;\">\u00a0<img loading=\"lazy\" decoding=\"async\" class=\"aligncenter wp-image-639\" src=\"http:\/\/fjordhest.net\/blogg\/wp-content\/uploads\/2015\/09\/MG_3994lite-1024x744.jpg\" alt=\"_MG_3994lite\" width=\"500\" height=\"363\" srcset=\"https:\/\/fjordhest.net\/blogg\/wp-content\/uploads\/2015\/09\/MG_3994lite-1024x744.jpg 1024w, https:\/\/fjordhest.net\/blogg\/wp-content\/uploads\/2015\/09\/MG_3994lite-300x218.jpg 300w, https:\/\/fjordhest.net\/blogg\/wp-content\/uploads\/2015\/09\/MG_3994lite-1080x785.jpg 1080w, https:\/\/fjordhest.net\/blogg\/wp-content\/uploads\/2015\/09\/MG_3994lite.jpg 1200w\" sizes=\"auto, (max-width: 500px) 100vw, 500px\" \/><\/p>\n<p style=\"text-align: center;\">Vaksne hestar (fr\u00e5 og med tre \u00e5r) som ikkje har premiegrad fr\u00e5 f\u00f8r, m\u00e5 ogs\u00e5 vise ei k\u00f8yrepr\u00f8ve.\u00a0 Hopper og vallakar kan ogs\u00e5 velje \u00e5 vise ridepr\u00f8ve. Dette er ikkje obligatorisk for premiegrad, men kan gi ein h\u00f8gare karakter p\u00e5 brukseigenskapar.<\/p>\n<p style=\"text-align: left;\">\n<h3>Meir info<\/h3>\n<p style=\"text-align: left;\">Alt du treng \u00e5 vite om utstillingar, inkludert reglement for utstilling og brukspr\u00f8ver, finn du p\u00e5 <a href=\"http:\/\/www.nhest.no\" target=\"_blank\" rel=\"noopener noreferrer\">nettsidene til Norsk Hestesenter<\/a>.<\/p>\n<p><img loading=\"lazy\" decoding=\"async\" class=\"wp-image-641 aligncenter\" src=\"http:\/\/fjordhest.net\/blogg\/wp-content\/uploads\/2015\/09\/MG_0837lite-1024x778.jpg\" alt=\"_MG_0837lite\" width=\"461\" height=\"350\" srcset=\"https:\/\/fjordhest.net\/blogg\/wp-content\/uploads\/2015\/09\/MG_0837lite-1024x778.jpg 1024w, https:\/\/fjordhest.net\/blogg\/wp-content\/uploads\/2015\/09\/MG_0837lite-300x228.jpg 300w, https:\/\/fjordhest.net\/blogg\/wp-content\/uploads\/2015\/09\/MG_0837lite-1080x821.jpg 1080w, https:\/\/fjordhest.net\/blogg\/wp-content\/uploads\/2015\/09\/MG_0837lite.jpg 1200w\" sizes=\"auto, (max-width: 461px) 100vw, 461px\" \/><\/p>\n<p>&nbsp;<\/p>\n<p>[\/et_pb_text][\/et_pb_column][et_pb_column type=&raquo;1_4&#8243; _builder_version=&raquo;4.16&#8243; custom_padding=&raquo;|||&raquo; global_colors_info=&raquo;{}&raquo; custom_padding__hover=&raquo;|||&raquo;][\/et_pb_column][\/et_pb_row][\/et_pb_section]<\/p>\n","protected":false},"excerpt":{"rendered":"<p>Kvart \u00e5r vert det arrangert utstillingar for b\u00e5de hingstar, hopper, vallakar og unghestar. Hingsteutstillinga for fjordhest finn stad p\u00e5 Nordfjordeid i mai kvart \u00e5r, medan andre fjordhestar kan visast p\u00e5 utstillingar landet rundt. Terminlister for utstillingar finn du p\u00e5 nettsidene til Norsk Hestesenter. Kven kan visast p\u00e5 utstilling? Hingstar opp til to \u00e5r og hopper [&hellip;]<\/p>\n","protected":false},"author":1,"featured_media":0,"parent":427,"menu_order":0,"comment_status":"open","ping_status":"open","template":"","meta":{"_et_pb_use_builder":"on","_et_pb_old_content":"","_et_gb_content_width":"","_exactmetrics_skip_tracking":false,"_exactmetrics_sitenote_active":false,"_exactmetrics_sitenote_note":"","_exactmetrics_sitenote_category":0,"footnotes":""},"class_list":["post-521","page","type-page","status-publish","hentry"],"_links":{"self":[{"href":"https:\/\/fjordhest.net\/blogg\/wp-json\/wp\/v2\/pages\/521","targetHints":{"allow":["GET"]}}],"collection":[{"href":"https:\/\/fjordhest.net\/blogg\/wp-json\/wp\/v2\/pages"}],"about":[{"href":"https:\/\/fjordhest.net\/blogg\/wp-json\/wp\/v2\/types\/page"}],"author":[{"embeddable":true,"href":"https:\/\/fjordhest.net\/blogg\/wp-json\/wp\/v2\/users\/1"}],"replies":[{"embeddable":true,"href":"https:\/\/fjordhest.net\/blogg\/wp-json\/wp\/v2\/comments?post=521"}],"version-history":[{"count":30,"href":"https:\/\/fjordhest.net\/blogg\/wp-json\/wp\/v2\/pages\/521\/revisions"}],"predecessor-version":[{"id":10685,"href":"https:\/\/fjordhest.net\/blogg\/wp-json\/wp\/v2\/pages\/521\/revisions\/10685"}],"up":[{"embeddable":true,"href":"https:\/\/fjordhest.net\/blogg\/wp-json\/wp\/v2\/pages\/427"}],"wp:attachment":[{"href":"https:\/\/fjordhest.net\/blogg\/wp-json\/wp\/v2\/media?parent=521"}],"curies":[{"name":"wp","href":"https:\/\/api.w.org\/{rel}","templated":true}]}}