{"id":523,"date":"2015-04-22T12:29:18","date_gmt":"2015-04-22T10:29:18","guid":{"rendered":"http:\/\/fjordhest.net\/blogg\/?page_id=523"},"modified":"2020-12-10T08:01:24","modified_gmt":"2020-12-10T07:01:24","slug":"farger","status":"publish","type":"page","link":"https:\/\/fjordhest.net\/blogg\/fjordhesten\/farger\/","title":{"rendered":"Fjordhesten sine fargar og avteikn"},"content":{"rendered":"<p>[et_pb_section fb_built=&raquo;1&#8243; admin_label=&raquo;section&raquo; _builder_version=&raquo;3.22.3&#8243;][et_pb_row column_structure=&raquo;2_3,1_3&#8243; _builder_version=&raquo;3.25&#8243; background_size=&raquo;initial&raquo; background_position=&raquo;top_left&raquo; background_repeat=&raquo;repeat&raquo;][et_pb_column type=&raquo;2_3&#8243; _builder_version=&raquo;3.25&#8243; custom_padding=&raquo;|||&raquo; custom_padding__hover=&raquo;|||&raquo;][et_pb_post_title meta=&raquo;off&raquo; featured_image=&raquo;off&raquo; _builder_version=&raquo;4.7.4&#8243; _module_preset=&raquo;default&raquo; title_text_align=&raquo;center&raquo; custom_margin=&raquo;20px|||||&raquo;][\/et_pb_post_title][et_pb_image src=&raquo;https:\/\/fjordhest.net\/blogg\/wp-content\/uploads\/2020\/12\/IMG_2697web.jpg&raquo; _builder_version=&raquo;4.7.5&#8243; _module_preset=&raquo;default&raquo; title_text=&raquo;IMG_2697web&raquo; hover_enabled=&raquo;0&#8243; sticky_enabled=&raquo;0&#8243;][\/et_pb_image][et_pb_text admin_label=&raquo;Text&raquo; _builder_version=&raquo;3.27.4&#8243; background_size=&raquo;initial&raquo; background_position=&raquo;top_left&raquo; background_repeat=&raquo;repeat&raquo; custom_margin=&raquo;|-49px||||&raquo; custom_padding=&raquo;|124px||||&raquo; use_border_color=&raquo;off&raquo; border_color=&raquo;#ffffff&raquo; border_style=&raquo;solid&raquo;]<\/p>\n<p><span style=\"font-size: 14px;\">Fjordhesten sitt fremste kjenneteikn er den karakteristiske, blakke fargen. I lang tid har det vorte avla bevisst p\u00e5 blakke fjordhestar, og resultatet av det er at alle fjordhestar i verda i dag ber den flotte, blakke urfargen. Fem variantar av den blakke fargen er tillatt p\u00e5 fjordhest: brunblakk, raudblakk, ulsblakk, gulblakk og gr\u00e5.<\/span><\/p>\n<p style=\"text-align: left;\">Blakke hestar f\u00e5r spesielle avteikn som ikkje andre hestar f\u00e5r. Desse er kalla urteikn, og gjer det lett \u00e5 kjenne att ein blakk hest. \u00c5len, ei m\u00f8rk stripe som g\u00e5r fr\u00e5 haletupp til lugg, er eit slikt urteikn. Den m\u00f8rke stripa i manen vert kalla midtstol, og det m\u00f8rke i halen heiter halefj\u00f8r. \u00a0Andre urteikn er sebrastriper p\u00e5 beina, m\u00f8rke \u00f8yretuppar, grep (m\u00f8rk stripe over manken) og nj\u00e5lsmerke (m\u00f8rk flekk p\u00e5 kinnet).<\/p>\n<p style=\"text-align: left;\">\n<p>[\/et_pb_text][et_pb_image src=&raquo;https:\/\/fjordhest.net\/blogg\/wp-content\/uploads\/2015\/04\/MG_4159lite.jpg&raquo; _builder_version=&raquo;4.7.5&#8243; _module_preset=&raquo;default&raquo; title_text=&raquo;_MG_4159lite&raquo; hover_enabled=&raquo;0&#8243; sticky_enabled=&raquo;0&#8243;][\/et_pb_image][et_pb_text _builder_version=&raquo;4.7.5&#8243; _module_preset=&raquo;default&raquo; hover_enabled=&raquo;0&#8243; sticky_enabled=&raquo;0&#8243;]<\/p>\n<p>Brunblakk er den mest vanlege fargen. Om lag 85% av alle fjordhestar er brunblakke, men fargen kjem \u2013 som dei andre fargane \u2013 i mange ulike nyanser. Brunblakke fjordhestar har gyldenbrunt h\u00e5rlag, brun \u00e5l over ryggen og svart midstol og halefj\u00f8r.<\/p>\n<p>[\/et_pb_text][et_pb_image src=&raquo;https:\/\/fjordhest.net\/blogg\/wp-content\/uploads\/2015\/04\/MG_4595lite.jpg&raquo; _builder_version=&raquo;4.7.5&#8243; _module_preset=&raquo;default&raquo; title_text=&raquo;_MG_4595lite&raquo; hover_enabled=&raquo;0&#8243; sticky_enabled=&raquo;0&#8243;][\/et_pb_image][et_pb_text _builder_version=&raquo;4.7.5&#8243; _module_preset=&raquo;default&raquo; hover_enabled=&raquo;0&#8243; sticky_enabled=&raquo;0&#8243;]<\/p>\n<p>Raudblakke hestar har raudleg h\u00e5rlag, og manglar svart pigment. Midtstol og halefj\u00f8r p\u00e5 raudblakke hestar er raudleg, men kan ogs\u00e5 vere nesten like ljos som resten av man og hale.<\/p>\n<p>[\/et_pb_text][et_pb_image src=&raquo;https:\/\/fjordhest.net\/blogg\/wp-content\/uploads\/2015\/11\/IMG_8125.jpg&raquo; _builder_version=&raquo;4.7.5&#8243; _module_preset=&raquo;default&raquo; title_text=&raquo;IMG_8125&#8243; hover_enabled=&raquo;0&#8243; sticky_enabled=&raquo;0&#8243;][\/et_pb_image][et_pb_text _builder_version=&raquo;4.7.5&#8243; _module_preset=&raquo;default&raquo; hover_enabled=&raquo;0&#8243; sticky_enabled=&raquo;0&#8243;]<\/p>\n<p>Gr\u00e5 hestar er gr\u00e5 i h\u00e5rlaget, og dei har ofte m\u00f8rkegr\u00e5tt muleparti. Midtstol, \u00e5l og halefj\u00f8r er svarte.<\/p>\n<p>[\/et_pb_text][et_pb_image src=&raquo;https:\/\/fjordhest.net\/blogg\/wp-content\/uploads\/2015\/04\/MG_9448.jpg&raquo; _builder_version=&raquo;4.7.5&#8243; _module_preset=&raquo;default&raquo; title_text=&raquo;_MG_9448&#8243; hover_enabled=&raquo;0&#8243; sticky_enabled=&raquo;0&#8243;][\/et_pb_image][et_pb_text _builder_version=&raquo;4.7.5&#8243; _module_preset=&raquo;default&raquo; hover_enabled=&raquo;0&#8243; sticky_enabled=&raquo;0&#8243;]<\/p>\n<p>Ulsblakke hestar har tiln\u00e6rma kvitt h\u00e5rlag, brun \u00e5l og svart midstol og halefj\u00f8r.<\/p>\n<p>[\/et_pb_text][et_pb_image src=&raquo;https:\/\/fjordhest.net\/blogg\/wp-content\/uploads\/2015\/04\/IMG_4366facebook.jpg&raquo; _builder_version=&raquo;4.7.5&#8243; _module_preset=&raquo;default&raquo; title_text=&raquo;IMG_4366facebook&raquo; hover_enabled=&raquo;0&#8243; sticky_enabled=&raquo;0&#8243;][\/et_pb_image][et_pb_text _builder_version=&raquo;4.7.5&#8243; _module_preset=&raquo;default&raquo; hover_enabled=&raquo;0&#8243; sticky_enabled=&raquo;0&#8243;]<\/p>\n<p>Gulblakke hestar har tiln\u00e6rma kvitt h\u00e5rlag og heilt ljos eller svakt raud \u00e5l, midtstol og halefj\u00f8r. Sidan gulblakke hestar ofte er sv\u00e6rt ljose, kan mange av avteikna deira vere utydelege.<\/p>\n<p>[\/et_pb_text][et_pb_image src=&raquo;https:\/\/fjordhest.net\/blogg\/wp-content\/uploads\/2015\/09\/MG_2806lite.jpg&raquo; _builder_version=&raquo;4.7.5&#8243; _module_preset=&raquo;default&raquo; title_text=&raquo;_MG_2806lite&raquo; hover_enabled=&raquo;0&#8243; sticky_enabled=&raquo;0&#8243;][\/et_pb_image][et_pb_text _builder_version=&raquo;4.7.5&#8243; _module_preset=&raquo;default&raquo; hover_enabled=&raquo;0&#8243; sticky_enabled=&raquo;0&#8243;]<\/p>\n<h3>Kort om fargegenetikk<\/h3>\n<p>Mange som ventar f\u00f8l lurer p\u00e5 kva farge f\u00f8let kan f\u00e5. Kva for ein av fargane ein fjordhest f\u00e5r, kjem an p\u00e5 kva gener foreldra dens har, og det er ofte ikkje nok \u00e5 sj\u00e5 p\u00e5 fargen til foreldra.<\/p>\n<p>Gr\u00e5 fjordhestar manglar genet som avgrenser svart pigment til delar av kroppen. Begge foreldra m\u00e5 ha anlegg for gr\u00e5tt for \u00e5 kunne f\u00e5 eit gr\u00e5tt avkom. Dersom forelderen til ein hest er gr\u00e5 eller den tidlegare har gjeve gr\u00e5 avkom sj\u00f8lv, veit ein at denne kan gje gr\u00e5tt.<\/p>\n<p>Raudblakke fjordhestar manglar svart pigment. For at ein hest skal kunne verte raudblakk, m\u00e5 begge foreldra ha anlegg for raudt. Ein veit at ein hest har anlegg for raudt dersom den tidlegare har gjeve raudblakke avkom, eller dersom den har ein forelder som er raud- eller gulblakk.<\/p>\n<p>Genet som gjer ein hest ulsblakk eller gulblakk heiter gulgenet\/cremegenet. Dette genet bleikar raudt pigment, og er difor ikkje synleg p\u00e5 gr\u00e5 fjordhestar. Ein brunblakk hest med gulgen vil verte ulsblakk, og ein raudblakk hest med gulgen vil verte gulblakk. Dette genet kan ikkje hoppe over ein generasjon eller ligge skjult (bortsett fr\u00e5 p\u00e5 gr\u00e5 fjordhestar), s\u00e5 for at ein hest skal verte gulblakk, ulsblakk eller gr\u00e5 med skjult gulgen m\u00e5 ein av foreldra ha dette genet. Ein hest med gulgenet vil statistisk sett nedarve dette til 50% av sine avkom.<\/p>\n<p>[\/et_pb_text][et_pb_image src=&raquo;https:\/\/fjordhest.net\/blogg\/wp-content\/uploads\/2019\/05\/IMG_1902.jpg&raquo; _builder_version=&raquo;4.7.5&#8243; _module_preset=&raquo;default&raquo; title_text=&raquo;IMG_1902&#8243; hover_enabled=&raquo;0&#8243; sticky_enabled=&raquo;0&#8243;][\/et_pb_image][\/et_pb_column][et_pb_column type=&raquo;1_3&#8243; _builder_version=&raquo;3.25&#8243; custom_padding=&raquo;|||&raquo; custom_padding__hover=&raquo;|||&raquo;][et_pb_image src=&raquo;http:\/\/fjordhest.net\/blogg\/wp-content\/uploads\/2019\/03\/IMG_5132red.jpg&raquo; align_tablet=&raquo;center&raquo; align_phone=&raquo;&raquo; align_last_edited=&raquo;on|desktop&raquo; _builder_version=&raquo;3.23&#8243; z_index_tablet=&raquo;500&#8243;][\/et_pb_image][et_pb_button button_url=&raquo;http:\/\/fjordhest.net\/blogg\/2018\/11\/05\/fjordhesten-sine-fargar-korleis-kan-vi-bevare-dei\/&raquo; button_text=&raquo;Presentasjon: Fjordhesten sine fargar&raquo; _builder_version=&raquo;3.22.7&#8243; z_index_tablet=&raquo;500&#8243;][\/et_pb_button][et_pb_image src=&raquo;http:\/\/fjordhest.net\/blogg\/wp-content\/uploads\/2019\/03\/IMG_7288.jpg&raquo; align_tablet=&raquo;center&raquo; align_phone=&raquo;&raquo; align_last_edited=&raquo;on|desktop&raquo; _builder_version=&raquo;3.23&#8243; z_index_tablet=&raquo;500&#8243;][\/et_pb_image][et_pb_button button_url=&raquo;http:\/\/fjordhest.net\/blogg\/2019\/03\/17\/a-bevare-fargane-er-ein-viktig-del-av-fjordhestavlen%EF%BB%BF\/&raquo; button_text=&raquo;Bevaring av fargane&raquo; _builder_version=&raquo;3.22.7&#8243; z_index_tablet=&raquo;500&#8243;][\/et_pb_button][\/et_pb_column][\/et_pb_row][\/et_pb_section]<\/p>\n","protected":false},"excerpt":{"rendered":"<p>Fjordhesten sitt fremste kjenneteikn er den karakteristiske, blakke fargen. I lang tid har det vorte avla bevisst p\u00e5 blakke fjordhestar, og resultatet av det er at alle fjordhestar i verda i dag ber den flotte, blakke urfargen. Fem variantar av den blakke fargen er tillatt p\u00e5 fjordhest: brunblakk, raudblakk, ulsblakk, gulblakk og gr\u00e5. Blakke hestar [&hellip;]<\/p>\n","protected":false},"author":1,"featured_media":0,"parent":427,"menu_order":0,"comment_status":"open","ping_status":"open","template":"","meta":{"_et_pb_use_builder":"on","_et_pb_old_content":"","_et_gb_content_width":"","_exactmetrics_skip_tracking":false,"_exactmetrics_sitenote_active":false,"_exactmetrics_sitenote_note":"","_exactmetrics_sitenote_category":0,"footnotes":""},"class_list":["post-523","page","type-page","status-publish","hentry"],"_links":{"self":[{"href":"https:\/\/fjordhest.net\/blogg\/wp-json\/wp\/v2\/pages\/523","targetHints":{"allow":["GET"]}}],"collection":[{"href":"https:\/\/fjordhest.net\/blogg\/wp-json\/wp\/v2\/pages"}],"about":[{"href":"https:\/\/fjordhest.net\/blogg\/wp-json\/wp\/v2\/types\/page"}],"author":[{"embeddable":true,"href":"https:\/\/fjordhest.net\/blogg\/wp-json\/wp\/v2\/users\/1"}],"replies":[{"embeddable":true,"href":"https:\/\/fjordhest.net\/blogg\/wp-json\/wp\/v2\/comments?post=523"}],"version-history":[{"count":45,"href":"https:\/\/fjordhest.net\/blogg\/wp-json\/wp\/v2\/pages\/523\/revisions"}],"predecessor-version":[{"id":7883,"href":"https:\/\/fjordhest.net\/blogg\/wp-json\/wp\/v2\/pages\/523\/revisions\/7883"}],"up":[{"embeddable":true,"href":"https:\/\/fjordhest.net\/blogg\/wp-json\/wp\/v2\/pages\/427"}],"wp:attachment":[{"href":"https:\/\/fjordhest.net\/blogg\/wp-json\/wp\/v2\/media?parent=523"}],"curies":[{"name":"wp","href":"https:\/\/api.w.org\/{rel}","templated":true}]}}