{"id":531,"date":"2015-04-22T12:50:31","date_gmt":"2015-04-22T10:50:31","guid":{"rendered":"http:\/\/fjordhest.net\/blogg\/?page_id=531"},"modified":"2026-02-19T15:56:53","modified_gmt":"2026-02-19T14:56:53","slug":"aktuelle-meisterskap","status":"publish","type":"page","link":"https:\/\/fjordhest.net\/blogg\/aktuelle-meisterskap\/","title":{"rendered":"Aktuelle meisterskap"},"content":{"rendered":"<p>[et_pb_section fb_built=&raquo;1&#8243; admin_label=&raquo;section&raquo; _builder_version=&raquo;4.16&#8243; global_colors_info=&raquo;{}&raquo;][et_pb_row column_structure=&raquo;2_3,1_3&#8243; admin_label=&raquo;Rekke&raquo; _builder_version=&raquo;4.16&#8243; background_size=&raquo;initial&raquo; background_position=&raquo;top_left&raquo; background_repeat=&raquo;repeat&raquo; global_colors_info=&raquo;{}&raquo;][et_pb_column type=&raquo;2_3&#8243; _builder_version=&raquo;4.16&#8243; custom_padding=&raquo;|||&raquo; global_colors_info=&raquo;{}&raquo; custom_padding__hover=&raquo;|||&raquo;][et_pb_post_title meta=&raquo;off&raquo; featured_image=&raquo;off&raquo; _builder_version=&raquo;4.16&#8243; _module_preset=&raquo;default&raquo; text_orientation=&raquo;center&raquo; global_colors_info=&raquo;{}&raquo;][\/et_pb_post_title][et_pb_divider _builder_version=&raquo;4.16&#8243; _module_preset=&raquo;default&raquo; global_colors_info=&raquo;{}&raquo;][\/et_pb_divider][et_pb_text _builder_version=&raquo;4.27.0&#8243; custom_margin=&raquo;|1px||||&raquo; hover_enabled=&raquo;0&#8243; z_index_tablet=&raquo;500&#8243; global_colors_info=&raquo;{}&raquo; sticky_enabled=&raquo;0&#8243;]<\/p>\n<h3 style=\"text-align: center;\">Fjordhest-NM 2026<\/h3>\n<p style=\"text-align: center;\">I \u00e5r fyller Fjordhest-NM 40 \u00e5r, og meisterskapen i jubileums\u00e5ret blir arrangert av R\u00e5de og Ons\u00f8y rideklubb og \u00d8stfold Fjordhestlag p\u00e5 Frederiksborg Hestesenter 29. juni-4. juli.<\/p>\n<p style=\"text-align: center;\">For meir informasjon, sj\u00e5 <a href=\"http:\/\/www.fjordhest.net\/NM2026\">arrang\u00f8ren sine nettsider.<\/a><\/p>\n<p style=\"text-align: center;\"><img loading=\"lazy\" decoding=\"async\" src=\"https:\/\/fjordhest.net\/blogg\/wp-content\/uploads\/2026\/01\/587952175_122108512101080979_1524511935228695059_n-e1768914643885.jpg\" width=\"2048\" height=\"966\" alt=\"\" class=\"wp-image-11935 aligncenter size-full\" srcset=\"https:\/\/fjordhest.net\/blogg\/wp-content\/uploads\/2026\/01\/587952175_122108512101080979_1524511935228695059_n-e1768914643885.jpg 2048w, https:\/\/fjordhest.net\/blogg\/wp-content\/uploads\/2026\/01\/587952175_122108512101080979_1524511935228695059_n-e1768914643885-1280x720.jpg 1280w, https:\/\/fjordhest.net\/blogg\/wp-content\/uploads\/2026\/01\/587952175_122108512101080979_1524511935228695059_n-e1768914643885-980x551.jpg 980w, https:\/\/fjordhest.net\/blogg\/wp-content\/uploads\/2026\/01\/587952175_122108512101080979_1524511935228695059_n-e1768914643885-480x270.jpg 480w\" sizes=\"auto, (min-width: 0px) and (max-width: 480px) 480px, (min-width: 481px) and (max-width: 980px) 980px, (min-width: 981px) and (max-width: 1280px) 1280px, (min-width: 1281px) 2048px, 100vw\" \/><\/p>\n<p style=\"text-align: center;\">\n<h3 style=\"text-align: center;\"><\/h3>\n<p style=\"text-align: center;\">[\/et_pb_text][et_pb_divider _builder_version=&raquo;4.16&#8243; height=&raquo;0px&raquo; z_index_tablet=&raquo;500&#8243; global_colors_info=&raquo;{}&raquo;][\/et_pb_divider][et_pb_text _builder_version=&raquo;4.27.0&#8243; custom_margin=&raquo;|1px||||&raquo; z_index_tablet=&raquo;500&#8243; global_colors_info=&raquo;{}&raquo;]<\/p>\n<h3 style=\"text-align: center;\">Fjordhest-NM 2027<\/h3>\n<p style=\"text-align: center;\">Norges Fjordhestlag har ikkje tildelt Fjordhest-NM for 2027, men oppmodar lokallag som ynskjer \u00e5 arrangere \u00e5 sende inn s\u00f8knad innan 15. februar 2026.<\/p>\n<p style=\"text-align: center;\">Ta kontakt med Aktivitetsutvalet p\u00e5 <a href=\"mailto:aktivitet@fjordhest.no\">aktivitet@fjordhest.no<\/a> for sp\u00f8rsm\u00e5l, eller send inn s\u00f8knad.<\/p>\n<h3 style=\"text-align: center;\"><\/h3>\n<p style=\"text-align: center;\">\n<p>[\/et_pb_text][et_pb_divider _builder_version=&raquo;4.16&#8243; height=&raquo;0px&raquo; z_index_tablet=&raquo;500&#8243; global_colors_info=&raquo;{}&raquo;][\/et_pb_divider][\/et_pb_column][et_pb_column type=&raquo;1_3&#8243; _builder_version=&raquo;4.16&#8243; custom_padding=&raquo;|||&raquo; global_colors_info=&raquo;{}&raquo; custom_padding__hover=&raquo;|||&raquo;][et_pb_image src=&raquo;http:\/\/fjordhest.net\/blogg\/wp-content\/uploads\/2019\/07\/IMG_1576web.jpg&raquo; align_tablet=&raquo;center&raquo; align_phone=&raquo;&raquo; align_last_edited=&raquo;on|desktop&raquo; _builder_version=&raquo;4.16&#8243; z_index_tablet=&raquo;500&#8243; global_colors_info=&raquo;{}&raquo;][\/et_pb_image][et_pb_countdown_timer title=&raquo;NM og Nordisk for fjordhest 2025&#8243; date_time=&raquo;2026-06-29 00:00&#8243; _builder_version=&raquo;4.27.0&#8243; use_background_color=&raquo;off&raquo; background_size=&raquo;initial&raquo; background_position=&raquo;top_left&raquo; background_repeat=&raquo;repeat&raquo; background_layout=&raquo;light&raquo; hover_enabled=&raquo;0&#8243; z_index_tablet=&raquo;500&#8243; global_colors_info=&raquo;{}&raquo; sticky_enabled=&raquo;0&#8243;]<\/p>\n<p>&nbsp;<\/p>\n<p>[\/et_pb_countdown_timer][et_pb_divider _builder_version=&raquo;4.16&#8243; height=&raquo;0px&raquo; z_index_tablet=&raquo;500&#8243; global_colors_info=&raquo;{}&raquo;][\/et_pb_divider][et_pb_text _builder_version=&raquo;4.16&#8243; z_index_tablet=&raquo;500&#8243; global_colors_info=&raquo;{}&raquo;]<\/p>\n<h5 style=\"text-align: center;\">Artikkelarkiv for meisterskap:<\/h5>\n<p>[\/et_pb_text][et_pb_blog posts_number=&raquo;5&#8243; include_categories=&raquo;126,12&#8243; show_author=&raquo;off&raquo; show_date=&raquo;off&raquo; show_categories=&raquo;off&raquo; show_pagination=&raquo;off&raquo; admin_label=&raquo;Mesterskapsblogg&raquo; _builder_version=&raquo;4.16&#8243; link_option_url_new_window=&raquo;on&raquo; z_index_tablet=&raquo;500&#8243; header_text_shadow_horizontal_length_tablet=&raquo;0px&raquo; header_text_shadow_vertical_length_tablet=&raquo;0px&raquo; header_text_shadow_blur_strength_tablet=&raquo;1px&raquo; body_text_shadow_horizontal_length_tablet=&raquo;0px&raquo; body_text_shadow_vertical_length_tablet=&raquo;0px&raquo; body_text_shadow_blur_strength_tablet=&raquo;1px&raquo; meta_text_shadow_horizontal_length_tablet=&raquo;0px&raquo; meta_text_shadow_vertical_length_tablet=&raquo;0px&raquo; meta_text_shadow_blur_strength_tablet=&raquo;1px&raquo; read_more_text_shadow_horizontal_length_tablet=&raquo;0px&raquo; read_more_text_shadow_vertical_length_tablet=&raquo;0px&raquo; read_more_text_shadow_blur_strength_tablet=&raquo;1px&raquo; pagination_text_shadow_horizontal_length_tablet=&raquo;0px&raquo; pagination_text_shadow_vertical_length_tablet=&raquo;0px&raquo; pagination_text_shadow_blur_strength_tablet=&raquo;1px&raquo; body_link_text_shadow_horizontal_length_tablet=&raquo;0px&raquo; body_link_text_shadow_vertical_length_tablet=&raquo;0px&raquo; body_link_text_shadow_blur_strength_tablet=&raquo;1px&raquo; body_ul_text_shadow_horizontal_length_tablet=&raquo;0px&raquo; body_ul_text_shadow_vertical_length_tablet=&raquo;0px&raquo; body_ul_text_shadow_blur_strength_tablet=&raquo;1px&raquo; body_ol_text_shadow_horizontal_length_tablet=&raquo;0px&raquo; body_ol_text_shadow_vertical_length_tablet=&raquo;0px&raquo; body_ol_text_shadow_blur_strength_tablet=&raquo;1px&raquo; body_quote_text_shadow_horizontal_length_tablet=&raquo;0px&raquo; body_quote_text_shadow_vertical_length_tablet=&raquo;0px&raquo; body_quote_text_shadow_blur_strength_tablet=&raquo;1px&raquo; box_shadow_horizontal_tablet=&raquo;0px&raquo; box_shadow_vertical_tablet=&raquo;0px&raquo; box_shadow_blur_tablet=&raquo;40px&raquo; box_shadow_spread_tablet=&raquo;0px&raquo; box_shadow_horizontal_image_tablet=&raquo;0px&raquo; box_shadow_vertical_image_tablet=&raquo;0px&raquo; box_shadow_blur_image_tablet=&raquo;40px&raquo; box_shadow_spread_image_tablet=&raquo;0px&raquo; text_shadow_horizontal_length_tablet=&raquo;0px&raquo; text_shadow_vertical_length_tablet=&raquo;0px&raquo; text_shadow_blur_strength_tablet=&raquo;1px&raquo; global_colors_info=&raquo;{}&raquo;][\/et_pb_blog][et_pb_divider _builder_version=&raquo;4.16&#8243; height=&raquo;0px&raquo; z_index_tablet=&raquo;500&#8243; global_colors_info=&raquo;{}&raquo;][\/et_pb_divider][\/et_pb_column][\/et_pb_row][\/et_pb_section]<\/p>\n","protected":false},"excerpt":{"rendered":"<p>Fjordhest-NM 2026 I \u00e5r fyller Fjordhest-NM 40 \u00e5r, og meisterskapen i jubileums\u00e5ret blir arrangert av R\u00e5de og Ons\u00f8y rideklubb og \u00d8stfold Fjordhestlag p\u00e5 Frederiksborg Hestesenter 29. juni-4. juli. For meir informasjon, sj\u00e5 arrang\u00f8ren sine nettsider. Fjordhest-NM 2027 Norges Fjordhestlag har ikkje tildelt Fjordhest-NM for 2027, men oppmodar lokallag som ynskjer \u00e5 arrangere \u00e5 sende inn [&hellip;]<\/p>\n","protected":false},"author":1,"featured_media":0,"parent":0,"menu_order":0,"comment_status":"open","ping_status":"closed","template":"","meta":{"_et_pb_use_builder":"on","_et_pb_old_content":"","_et_gb_content_width":"","_exactmetrics_skip_tracking":false,"_exactmetrics_sitenote_active":false,"_exactmetrics_sitenote_note":"","_exactmetrics_sitenote_category":0,"footnotes":""},"class_list":["post-531","page","type-page","status-publish","hentry"],"_links":{"self":[{"href":"https:\/\/fjordhest.net\/blogg\/wp-json\/wp\/v2\/pages\/531","targetHints":{"allow":["GET"]}}],"collection":[{"href":"https:\/\/fjordhest.net\/blogg\/wp-json\/wp\/v2\/pages"}],"about":[{"href":"https:\/\/fjordhest.net\/blogg\/wp-json\/wp\/v2\/types\/page"}],"author":[{"embeddable":true,"href":"https:\/\/fjordhest.net\/blogg\/wp-json\/wp\/v2\/users\/1"}],"replies":[{"embeddable":true,"href":"https:\/\/fjordhest.net\/blogg\/wp-json\/wp\/v2\/comments?post=531"}],"version-history":[{"count":110,"href":"https:\/\/fjordhest.net\/blogg\/wp-json\/wp\/v2\/pages\/531\/revisions"}],"predecessor-version":[{"id":11945,"href":"https:\/\/fjordhest.net\/blogg\/wp-json\/wp\/v2\/pages\/531\/revisions\/11945"}],"wp:attachment":[{"href":"https:\/\/fjordhest.net\/blogg\/wp-json\/wp\/v2\/media?parent=531"}],"curies":[{"name":"wp","href":"https:\/\/api.w.org\/{rel}","templated":true}]}}