{"id":6619,"date":"2020-10-10T11:42:43","date_gmt":"2020-10-10T09:42:43","guid":{"rendered":"http:\/\/fjordhest.net\/blogg\/?page_id=6619"},"modified":"2024-12-19T19:34:51","modified_gmt":"2024-12-19T18:34:51","slug":"buf","status":"publish","type":"page","link":"https:\/\/fjordhest.net\/blogg\/aktuelle-meisterskap\/nm-fjordhest\/buf\/","title":{"rendered":"Beste Unge Fjordhest &#8211; BUF"},"content":{"rendered":"<p>[et_pb_section fb_built=&raquo;1&#8243; admin_label=&raquo;section&raquo; _builder_version=&raquo;4.16&#8243; global_colors_info=&raquo;{}&raquo;][et_pb_row column_structure=&raquo;2_3,1_3&#8243; admin_label=&raquo;Rekke&raquo; _builder_version=&raquo;4.16&#8243; background_size=&raquo;initial&raquo; background_position=&raquo;top_left&raquo; background_repeat=&raquo;repeat&raquo; global_colors_info=&raquo;{}&raquo;][et_pb_column type=&raquo;2_3&#8243; _builder_version=&raquo;4.16&#8243; custom_padding=&raquo;|||&raquo; global_colors_info=&raquo;{}&raquo; custom_padding__hover=&raquo;|||&raquo;][et_pb_post_title meta=&raquo;off&raquo; featured_image=&raquo;off&raquo; _builder_version=&raquo;4.16&#8243; _module_preset=&raquo;default&raquo; text_orientation=&raquo;center&raquo; global_colors_info=&raquo;{}&raquo;][\/et_pb_post_title][et_pb_text _builder_version=&raquo;4.16&#8243; background_size=&raquo;initial&raquo; background_position=&raquo;top_left&raquo; background_repeat=&raquo;repeat&raquo; border_style=&raquo;solid&raquo; global_colors_info=&raquo;{}&raquo;]<\/p>\n<p style=\"text-align: left;\">Beste Unge Fjordhest (BUF) er ein del av Fjordhest-NM, og best\u00e5r av tre stemneklasser for kvar \u00e5rgang av 5-, 6- og 7-\u00e5ringar. Hensikta er \u00e5 stimulere til avl og omsetjing av unghest, riktig trening av hesten og tilstrekkeleg bruk av unge fjordhestar.\u00a0<\/p>\n<p style=\"text-align: left;\">Hestane konkurrerer i bestemte klasser i sprang, dressur og k\u00f8yring, og vert premiert i samandraga BUF 5 \u00e5r, BUF 6 \u00e5r og BUF 7 \u00e5r. BUF har eigne statuttar, som du finn i menyen \u00f8vst p\u00e5 sida.<\/p>\n<p style=\"text-align: left;\"><strong>Utmerkingar<\/strong><\/p>\n<p style=\"text-align: left;\">Norges Fjordhestlag ynskjer \u00e5 premiere hopper og hingstar som avler gode brukshestar, og har eigne utmerkingar til foreldredyr som har avkom som er premierte i BUF.\u00a0<\/p>\n<p style=\"text-align: left;\">Oppdrettar- og avkomspremiane som vert delt ut i samband med BUF er:<\/p>\n<ul>\n<li style=\"text-align: left;\">Utmerking til oppdrettar av beste norskf\u00f8dde 5-, 6- og 7-\u00e5ring\u00a0 (Delast ut i etterkant av NM)\u00a0<\/li>\n<li style=\"text-align: left;\">Hingsteeigar mottek ei utmerking n\u00e5r ein hingst oppn\u00e5r fem plasserte avkom i BUF<\/li>\n<li>Hoppeeigar mottek ei utmerking n\u00e5r ein hingst oppn\u00e5r 2 plasserte avkom i BUF<\/li>\n<\/ul>\n<p>For dei to siste utmerkingane gjeld f\u00f8lgjande presiseringar:\u00a0<\/p>\n<ul>\n<li>Utmerkinga tildelast den som er registrert som eigar av hingst\/hoppe p\u00e5 det tidspunktet hesten oppn\u00e5r nok BUF-premierte avkom<\/li>\n<li>Tal p\u00e5 plasserte avkom teljast ut fr\u00e5 unike individ, eit avkom tl ein gong sj\u00f8lv om det vert plassert i fleire BUF-samandrag\u00a0\u00a0<\/li>\n<\/ul>\n<p>&nbsp;<\/p>\n<p>&nbsp;<\/p>\n<p>&nbsp;<\/p>\n<p>&nbsp;<\/p>\n<p>&nbsp;<\/p>\n<p>[\/et_pb_text][\/et_pb_column][et_pb_column type=&raquo;1_3&#8243; _builder_version=&raquo;4.16&#8243; custom_padding=&raquo;|||&raquo; global_colors_info=&raquo;{}&raquo; custom_padding__hover=&raquo;|||&raquo;][\/et_pb_column][\/et_pb_row][\/et_pb_section]<\/p>\n","protected":false},"excerpt":{"rendered":"<p>Beste Unge Fjordhest (BUF) er ein del av Fjordhest-NM, og best\u00e5r av tre stemneklasser for kvar \u00e5rgang av 5-, 6- og 7-\u00e5ringar. Hensikta er \u00e5 stimulere til avl og omsetjing av unghest, riktig trening av hesten og tilstrekkeleg bruk av unge fjordhestar.\u00a0 Hestane konkurrerer i bestemte klasser i sprang, dressur og k\u00f8yring, og vert premiert [&hellip;]<\/p>\n","protected":false},"author":10,"featured_media":0,"parent":3406,"menu_order":0,"comment_status":"closed","ping_status":"closed","template":"","meta":{"_et_pb_use_builder":"on","_et_pb_old_content":"","_et_gb_content_width":"","_exactmetrics_skip_tracking":false,"_exactmetrics_sitenote_active":false,"_exactmetrics_sitenote_note":"","_exactmetrics_sitenote_category":0,"footnotes":""},"class_list":["post-6619","page","type-page","status-publish","hentry"],"_links":{"self":[{"href":"https:\/\/fjordhest.net\/blogg\/wp-json\/wp\/v2\/pages\/6619","targetHints":{"allow":["GET"]}}],"collection":[{"href":"https:\/\/fjordhest.net\/blogg\/wp-json\/wp\/v2\/pages"}],"about":[{"href":"https:\/\/fjordhest.net\/blogg\/wp-json\/wp\/v2\/types\/page"}],"author":[{"embeddable":true,"href":"https:\/\/fjordhest.net\/blogg\/wp-json\/wp\/v2\/users\/10"}],"replies":[{"embeddable":true,"href":"https:\/\/fjordhest.net\/blogg\/wp-json\/wp\/v2\/comments?post=6619"}],"version-history":[{"count":15,"href":"https:\/\/fjordhest.net\/blogg\/wp-json\/wp\/v2\/pages\/6619\/revisions"}],"predecessor-version":[{"id":11390,"href":"https:\/\/fjordhest.net\/blogg\/wp-json\/wp\/v2\/pages\/6619\/revisions\/11390"}],"up":[{"embeddable":true,"href":"https:\/\/fjordhest.net\/blogg\/wp-json\/wp\/v2\/pages\/3406"}],"wp:attachment":[{"href":"https:\/\/fjordhest.net\/blogg\/wp-json\/wp\/v2\/media?parent=6619"}],"curies":[{"name":"wp","href":"https:\/\/api.w.org\/{rel}","templated":true}]}}