{"id":7698,"date":"2020-10-10T16:19:37","date_gmt":"2020-10-10T14:19:37","guid":{"rendered":"https:\/\/fjordhest.net\/blogg\/?page_id=7698"},"modified":"2024-12-19T16:48:19","modified_gmt":"2024-12-19T15:48:19","slug":"buf-avkomspremie","status":"publish","type":"page","link":"https:\/\/fjordhest.net\/blogg\/buf-avkomspremie\/","title":{"rendered":"Beste Unge Fjordhest &#8211; avkomspremie"},"content":{"rendered":"<p>[et_pb_section fb_built=&raquo;1&#8243; admin_label=&raquo;section&raquo; _builder_version=&raquo;4.16&#8243; global_colors_info=&raquo;{}&raquo;][et_pb_row column_structure=&raquo;2_3,1_3&#8243; admin_label=&raquo;Rekke&raquo; _builder_version=&raquo;4.16&#8243; background_size=&raquo;initial&raquo; background_position=&raquo;top_left&raquo; background_repeat=&raquo;repeat&raquo; global_colors_info=&raquo;{}&raquo;][et_pb_column type=&raquo;2_3&#8243; _builder_version=&raquo;4.16&#8243; custom_padding=&raquo;|||&raquo; global_colors_info=&raquo;{}&raquo; custom_padding__hover=&raquo;|||&raquo;][et_pb_post_title meta=&raquo;off&raquo; featured_image=&raquo;off&raquo; _builder_version=&raquo;4.16&#8243; _module_preset=&raquo;default&raquo; text_orientation=&raquo;center&raquo; global_colors_info=&raquo;{}&raquo;][\/et_pb_post_title][et_pb_text _builder_version=&raquo;4.16&#8243; background_size=&raquo;initial&raquo; background_position=&raquo;top_left&raquo; background_repeat=&raquo;repeat&raquo; border_style=&raquo;solid&raquo; global_colors_info=&raquo;{}&raquo;]<\/p>\n<h3>Solli Gr\u00e5en<\/h3>\n<ul>\n<li>f\u00f8dd 2003, d\u00f8d 2012<\/li>\n<li>e. Lunner Gr\u00e5en u. Veslegr\u00e5a Vidvei ue. Breim Viking Vidvei<\/li>\n<li>Eigar: Gro G. og Trond L\u00f8faldli, Rindalskogen<\/li>\n<li>Oppdrettar: Jonna Rogstad, Hovin i Gauldal<\/li>\n<\/ul>\n<p><em>Premierte avkom i BUF:<\/em><\/p>\n<ul>\n<li>Lyheims Lindy \u2013 Nr. 3 BUF 4 \u00e5r<\/li>\n<li>R\u00e5ds Gr\u00e5a\u00a0 \u2013 Nr. 2 BUF 6 \u00e5r<\/li>\n<li>Solli Rhea \u2013 Nr. 3 BUF 4 \u00e5r<\/li>\n<li>Skogheims Linnea \u2013 Nr 2. BUF 6 \u00e5r<\/li>\n<li>Hauglands Helmik \u2013 Nr 3. BUF 6 \u00e5r<\/li>\n<\/ul>\n<p><em>Om hingsten:<\/em><\/p>\n<p>Stilt til k\u00e5ring i 2006 av Gro og Trond L\u00f8faldli, som kj\u00f8pte han som f\u00f8l. Han oppn\u00e5dde k\u00e5ringsgrad og sto som nr. 2 i kvalitet med den flotte rekka 9-9-8-8-8. Han vart seld til \u00d8rsta og Volda Fjordhestlag etter utstillinga. Han vart stilt igjen i 2007 med ei meget god utvida brukspr\u00f8ve, og oppn\u00e5dde 2. premie og vart stilt som nummer 2 i kvalitet med karakterande 9-9-8-7-8 og 10 p\u00e5 lynne. Han fekk fornya sin 2. premie i 2009.<\/p>\n<p>Solli gr\u00e5en har vore ein sterk p\u00e5evrkar i avlen og har 57 registrerte avkom. Blant dei finn vi to 1. premiehopper, fem 2. premiehopper, ni 3. premiehopper, ein 2. premiehingst og ein 3. premiehingst. Under desse hoppene har det mellom anna kome to 1. premiehopper og ein k\u00e5ra hingst.\u00a0<\/p>\n<p>Gro og Trond L\u00f8faldli kj\u00f8pte han tilbake, og eigde han til han vart skada og seinare avliva etter ei ulukke i 2012. Solli Gr\u00e5en er den einaste hingsten som har f\u00e5tt BUF avkomspremie.\u00a0<\/p>\n<h3><\/h3>\n<h3><\/h3>\n<h3><\/h3>\n<h3><\/h3>\n<h3><\/h3>\n<h3><\/h3>\n<h3><\/h3>\n<h3><\/h3>\n<h3><\/h3>\n<h3><\/h3>\n<h3><\/h3>\n<h3><\/h3>\n<h3>Aarnesblakka<\/h3>\n<ul>\n<li>F\u00f8dd 1992<\/li>\n<li>e. Susar u. Stella e. Norden<\/li>\n<li>Eigar: Asle Espe, Nordfjordeid<\/li>\n<li>Oppdrettar: Sigmund og Nina K. Aarnes, Stryn<\/li>\n<\/ul>\n<p><em>Premierte avkom i BUF:<\/em><\/p>\n<ul>\n<li>Flemming &#8211; Nr 1 BUF 4, 5 og 6 \u00e5r<\/li>\n<li>Espe Helten &#8211; Nr 2 BUF 4 \u00e5r og nr 3 BUF 6 \u00e5r<\/li>\n<\/ul>\n<p><em>Om hoppa:<\/em><\/p>\n<p>Aarnesblakka har vore ei solid avlshoppe, og har f\u00e5tt heile 15 avkom p\u00e5 18 \u00e5r. Blant desse finn vi 3. premiehingsten Flemming, 2. premiehoppa Espe Lilja og 3. premiehoppa Espe Ninni.<\/p>\n<p>&nbsp;<\/p>\n<h3>B\u00f8 Marja<\/h3>\n<ul>\n<li>F\u00f8dd: 1994<\/li>\n<li>e. Heidrapp u. Janka e. Dragmann<\/li>\n<li>Eigar: Nina Erichsen<\/li>\n<li>Oppdrettar: Jonfinn B\u00f8<\/li>\n<\/ul>\n<p><em>Premierte avkom i BUF:<\/em><\/p>\n<ul>\n<li>Bakkens Mali \u2013 Nr 2 BUF 6 \u00e5r<\/li>\n<li>Bakkens Fabius \u2013 Nr 3 BUF 5 \u00e5r<\/li>\n<li>Bakkens Tord \u2013 Nr 3 BUF 5 \u00e5r og Nr 1 BUF 6 \u00e5r<\/li>\n<\/ul>\n<p><em>Om hoppa:<\/em><\/p>\n<p>B\u00f8 Marja er den f\u00f8rste hoppa som oppn\u00e5dde avkomspremie i BUF. I tillegg til \u00e5 avle gode brukshestar har ho og vore ei sterk avlsmerr og har avla godt eksteri\u00f8r og preg. Ho har to f\u00f8rstepremieavkom, hoppa Myklem\u00f8y og hingsten Mykletind. Ho er ogs\u00e5 mor til 2.pr hoppa Bakkens Mali og Bakkens Tord som fekk 2.pr i vallak-klasse.<\/p>\n<p>&nbsp;<\/p>\n<h3>Daysy<\/h3>\n<ul>\n<li>F\u00f8dd: 1990<\/li>\n<li>e. Keisar u. Folly e. Engeseten<\/li>\n<li>Eigar: Jonas Vevle, Valestrandsfossen<\/li>\n<li>Oppdrettar: Hermund Hanisdal, Valestrandsfossen<\/li>\n<\/ul>\n<p><em>Premierte avkom i BUF:<\/em><\/p>\n<ul>\n<li>Erling Rabalder \u2013 Nr. 3 BUF 6 \u00e5r<\/li>\n<li>Greven \u2013 Nr. 3 BUF 4 \u00e5r<\/li>\n<\/ul>\n<p><em>Om hoppa:<\/em><\/p>\n<p>Daysy har p\u00e5verka fjordhestavlen stort med sine mange avkom. Ho har heile fem k\u00e5ra\/premierte hingstar etter seg, i tillegg til tre hopper som har g\u00e5tt i avl. Ho er mor til 1. premiehingsten Ronnjo og 1. premiehoppa Wilma Solberg, 2. premiehingstane Kollistaen og Hermanto og 3. premiehingstane Fiskarguten og Greven.<\/p>\n<p>&nbsp;<\/p>\n<h3>Husvegline<\/h3>\n<ul>\n<li>F\u00f8dd 1999<\/li>\n<li>e. Prydar u. Lona e. St\u00f8ylar<\/li>\n<li>Eigar: Langedrag Naturpark, Tunhovd<\/li>\n<li>Oppdrettar: Sverre Varhaug, Varhaug<\/li>\n<\/ul>\n<p><em>Premierte avkom i BUF:<\/em><\/p>\n<ul>\n<li>F\u00f8nix \u2013 Nr. 3 BUF 5 \u00e5r og Nr. 2 BUF 6 \u00e5r<\/li>\n<li>Nesviks Liana \u2013 Nr. 1 BUF 4 \u00e5r<\/li>\n<\/ul>\n<p><em>Om hoppa:<\/em><\/p>\n<p>Husvegline er ei 1. premiehoppe med 9 avkom, herunder 2. premiehoppa Nesviks Linnea, 3. premiehoppene Nesviks Lenda og Nesviks Liana og Nesviks Sebastian som hadde k\u00e5ringsgrad i 2013.<\/p>\n<h3><\/h3>\n<h3><\/h3>\n<h3>Lana Skov\u00e5<\/h3>\n<ul>\n<li>F\u00f8dd: 2005<\/li>\n<li>e. Florian Skov\u00e5 u. Cille Halsn\u00e6s e. \u00d8rjar<\/li>\n<li>Eigar: Annike Mikkelsen, Gressvik<\/li>\n<li>Oppdretta i Danmark<\/li>\n<\/ul>\n<p><em>Premierte avkom i BUF:<\/em><\/p>\n<ul>\n<li>Nesviks Lano \u2013 Nr. 3 BUF 4 \u00e5r, Nr. 2 BUF 5 og 6 \u00e5r<\/li>\n<li>Bl\u00e5topps Lilja \u2013 Nr. 1 BUF 4 \u00e5r, Nr. 2 BUF 5 \u00e5r<\/li>\n<\/ul>\n<p><em>Om hoppa:<\/em><\/p>\n<p>Lana Skov\u00e5 er ei 2. premiehoppe som har vore aktivt i bruk i b\u00e5de avl og sport. Ho har seks avkom, herunder 3. premiehoppa Bl\u00e5topps Lilja, og Bl\u00e5topps Linus som vart k\u00e5ra i 2020.<\/p>\n<p>&nbsp;<\/p>\n<h3>Selma Ros<\/h3>\n<ul>\n<li>F\u00f8dd 2002<\/li>\n<li>e. Viljar Brim u. Selma Heidi e. Haugjo<\/li>\n<li>Eigar: \u00c5se Helene Ravndal, Sandnes<\/li>\n<li>oppdretter Oddvar Rosland, Orre<\/li>\n<\/ul>\n<p><em>Premierte avkom i BUF:<\/em><\/p>\n<ul>\n<li>Kuling \u2013 Nr. 2 BUF 5 \u00e5r og\u00a0 BUF 6 \u00e5r<\/li>\n<li>Yr \u2013 Nr. 1 BUF 5 \u00e5r<\/li>\n<\/ul>\n<p><em>Om hoppa:<\/em><\/p>\n<p>Selma Ros har f\u00e5tt fem avkom, herunder 2. premiehingsten Kuling og 1. premiehoppa Yr.<\/p>\n<p>&nbsp;<\/p>\n<h3>Siri Hero<\/h3>\n<ul>\n<li>F\u00f8dd 2000<\/li>\n<li>e. Kim Hero u. Mykla Stine e. Tonar<\/li>\n<li>Eigar: Anne Brit Balevik, Balestrand<\/li>\n<li>Oppdrettar: B. Strandenes &amp; Helge Heggheim<\/li>\n<\/ul>\n<p><em>Premierte avkom i BUF:<\/em><\/p>\n<ul>\n<li>Lyheims Lindy \u2013 Nr. 3 BUF 4 \u00e5r<\/li>\n<li>Lyheims Stjerneskudd \u2013 Nr. 3 BUF 5 \u00e5r<\/li>\n<li>Lyheims Faust \u2013 Nr. 2 BUF 4 \u00e5r<\/li>\n<\/ul>\n<p><em>Om hoppa:<\/em><\/p>\n<p>Siri Hero er ei hoppe med god bed\u00f8mming fr\u00e5 unghestskue som har avla fleire gode avkom. Ho er mor til\u00a0 2. premiehoppene Lyheims Lindy og Lyheims Leika, 3. premiehoppene Lyheims Stjerneskudd og Lyheims Linnea. Siri Hero har ogs\u00e5 sj\u00f8vl delteke p\u00e5 stemner i dressur og sprang.\u00a0\u00a0<\/p>\n<p>&nbsp;<\/p>\n<p>&nbsp;<\/p>\n<p>[\/et_pb_text][\/et_pb_column][et_pb_column type=&raquo;1_3&#8243; _builder_version=&raquo;4.16&#8243; custom_padding=&raquo;|||&raquo; global_colors_info=&raquo;{}&raquo; custom_padding__hover=&raquo;|||&raquo;][et_pb_image src=&raquo;https:\/\/fjordhest.net\/blogg\/wp-content\/uploads\/2021\/07\/IMG_7708-1web.jpg&raquo; title_text=&raquo;IMG_7708-1web&raquo; _builder_version=&raquo;4.16&#8243; _module_preset=&raquo;default&raquo; global_colors_info=&raquo;{}&raquo;][\/et_pb_image][\/et_pb_column][\/et_pb_row][\/et_pb_section]<\/p>\n","protected":false},"excerpt":{"rendered":"<p>Solli Gr\u00e5en f\u00f8dd 2003, d\u00f8d 2012 e. Lunner Gr\u00e5en u. Veslegr\u00e5a Vidvei ue. Breim Viking Vidvei Eigar: Gro G. og Trond L\u00f8faldli, Rindalskogen Oppdrettar: Jonna Rogstad, Hovin i Gauldal Premierte avkom i BUF: Lyheims Lindy \u2013 Nr. 3 BUF 4 \u00e5r R\u00e5ds Gr\u00e5a\u00a0 \u2013 Nr. 2 BUF 6 \u00e5r Solli Rhea \u2013 Nr. 3 BUF [&hellip;]<\/p>\n","protected":false},"author":10,"featured_media":0,"parent":0,"menu_order":0,"comment_status":"closed","ping_status":"closed","template":"","meta":{"_et_pb_use_builder":"on","_et_pb_old_content":"","_et_gb_content_width":"","_exactmetrics_skip_tracking":false,"_exactmetrics_sitenote_active":false,"_exactmetrics_sitenote_note":"","_exactmetrics_sitenote_category":0,"footnotes":""},"class_list":["post-7698","page","type-page","status-publish","hentry"],"_links":{"self":[{"href":"https:\/\/fjordhest.net\/blogg\/wp-json\/wp\/v2\/pages\/7698","targetHints":{"allow":["GET"]}}],"collection":[{"href":"https:\/\/fjordhest.net\/blogg\/wp-json\/wp\/v2\/pages"}],"about":[{"href":"https:\/\/fjordhest.net\/blogg\/wp-json\/wp\/v2\/types\/page"}],"author":[{"embeddable":true,"href":"https:\/\/fjordhest.net\/blogg\/wp-json\/wp\/v2\/users\/10"}],"replies":[{"embeddable":true,"href":"https:\/\/fjordhest.net\/blogg\/wp-json\/wp\/v2\/comments?post=7698"}],"version-history":[{"count":7,"href":"https:\/\/fjordhest.net\/blogg\/wp-json\/wp\/v2\/pages\/7698\/revisions"}],"predecessor-version":[{"id":11382,"href":"https:\/\/fjordhest.net\/blogg\/wp-json\/wp\/v2\/pages\/7698\/revisions\/11382"}],"wp:attachment":[{"href":"https:\/\/fjordhest.net\/blogg\/wp-json\/wp\/v2\/media?parent=7698"}],"curies":[{"name":"wp","href":"https:\/\/api.w.org\/{rel}","templated":true}]}}