{"id":7766,"date":"2020-11-05T08:19:16","date_gmt":"2020-11-05T07:19:16","guid":{"rendered":"https:\/\/fjordhest.net\/blogg\/?page_id=7766"},"modified":"2025-06-17T16:05:04","modified_gmt":"2025-06-17T14:05:04","slug":"avlsstimulerande-tilskot","status":"publish","type":"page","link":"https:\/\/fjordhest.net\/blogg\/avlsstimulerande-tilskot\/","title":{"rendered":"Avlsfremjande midlar"},"content":{"rendered":"<p>[et_pb_section fb_built=&raquo;1&#8243; admin_label=&raquo;section&raquo; _builder_version=&raquo;4.16&#8243; global_colors_info=&raquo;{}&raquo;][et_pb_row column_structure=&raquo;3_4,1_4&#8243; admin_label=&raquo;row&raquo; _builder_version=&raquo;4.16&#8243; background_size=&raquo;initial&raquo; background_position=&raquo;top_left&raquo; background_repeat=&raquo;repeat&raquo; global_colors_info=&raquo;{}&raquo;][et_pb_column type=&raquo;3_4&#8243; _builder_version=&raquo;4.16&#8243; custom_padding=&raquo;|||&raquo; global_colors_info=&raquo;{}&raquo; custom_padding__hover=&raquo;|||&raquo;][et_pb_text admin_label=&raquo;Text&raquo; _builder_version=&raquo;4.27.0&#8243; background_size=&raquo;initial&raquo; background_position=&raquo;top_left&raquo; background_repeat=&raquo;repeat&raquo; global_colors_info=&raquo;{}&raquo;]<\/p>\n<h2>\u00a0<\/h2>\n<h2>\u00a0<\/h2>\n<h2>Avlsfremjande midlar fr\u00e5 Norges Fjordhestlag 2025<\/h2>\n<p>&nbsp;<\/p>\n<p>P\u00e5 grunn av ein pressa \u00f8konomisk situasjon hos Norsk Hestesenter, har Norges Fjordhestlag ikkje f\u00e5tt ordin\u00e6re avlsmidlar i 2025. Gjennom prosjektet &laquo;Genetisk variasjon hos fjordhesten&raquo; (<a href=\"https:\/\/fjordhest.net\/blogg\/2025\/03\/07\/fleire-millionar-i-stotte-til-fjordheprosjekt\/\">les meir om prosjektet her<\/a>) har vi h\u00f8ve til \u00e5 stimulere til avl som tek vare p\u00e5 genetisk variasjon, som skissert i prosjektet. Dette er grunnen til at \u00e5rets kriterie for tildeling av avlsmidlar er endra samanlikna med tidlegare \u00e5r.<\/p>\n<p>Dette er tilskota ein vil kunne s\u00f8ke p\u00e5 i 2025:<\/p>\n<p>&nbsp;<\/p>\n<p><strong>Tilskot til jamnare genetisk bidrag<\/strong><\/p>\n<p>Lokallag i Norges Fjordhestlag som kj\u00f8per eller leiger hingst vil i \u00e5r kunne f\u00e5 kr. 20 000 i st\u00f8tte. Lag kan f\u00e5 st\u00f8tte til fleire hingstar. F\u00f8lgjande krav gjeld for \u00e5 kvalifisere til tilskot:<\/p>\n<ul>\n<li>Hingsten kan ikkje ha meir enn 20 norskregistrerte avkom per 01.05.25<\/li>\n<li>Hingsten m\u00e5 bedekke 1-12 hopper<\/li>\n<li>Hingsten m\u00e5 vere tilgjengeleg p\u00e5 slepp eller i stasjon i minst 6 veker<\/li>\n<li>Tilskotet omfattar alle k\u00e5ra og premierte hingstar f. 2020, 2021 og 2022, i tillegg til Odals Viking, L\u00f8kke Safir, Endalen, R\u00e5tassen, Vassli\u00e5s Bruse, Torstuens Eld, Viking Fjord, Myklemo Baronen, Nyg\u00e5rds Gurven, Soltuns Trym, Flemming og Veslefrikk Roman.<\/li>\n<\/ul>\n<p>&nbsp;<\/p>\n<p><strong>Tilskot til bedekking av unge hopper<\/strong><\/p>\n<ul>\n<li>3-\u00e5rshopper med premiegrad eller sl\u00f8yfe vert tildelt kr. 1500 i tilskot<\/li>\n<li>Premierte hopper 4-5 \u00e5r vert tildelt kr. 1500 i tilskot<\/li>\n<li>Hoppa treng ikkje vere premiert p\u00e5 bedekningstidspunktet, men m\u00e5 ha premiegrad innan s\u00f8knadsfristen 1. oktober<\/li>\n<li>Innavlsgraden p\u00e5 avkommet m\u00e5 ikkje overstige 12,5% for \u00e5 kvalifisere til tilskot.<\/li>\n<\/ul>\n<p>&nbsp;<\/p>\n<p><strong>Tilskot til bevaring av genetisk variasjon<\/strong><\/p>\n<ul>\n<li>1500 kr. i tilskot til premierte hopper 6 \u00e5r og eldre som har maks to registrerte f\u00f8l<\/li>\n<li>Innavlsgraden p\u00e5 avkommet m\u00e5 ikkje overstige 12,5% for \u00e5 kvalifisere til tilskot.<\/li>\n<\/ul>\n<p>&nbsp;<\/p>\n<p><strong>Tilskot til bevaring av stamme<\/strong><\/p>\n<ul>\n<li>5000 kr i tilskot til 1. premiehopper som blir bedekt med hingst maks 7 \u00e5r som er k\u00e5ra eller premiert med vekt p\u00e5 stamme<\/li>\n<li>3000 kr i tilskot til 2. premiehopper som blir bedekt med hingst maks 7 \u00e5r som er k\u00e5ra eller premiert med vekt p\u00e5 stamme<\/li>\n<li>Innavlsgraden p\u00e5 avkommet m\u00e5 ikkje overstige 12,5% for \u00e5 kvalifisere til tilskot.<\/li>\n<li>Tilskotet omfattar hingstane Skeidsvolls Torvald, Jakobgardens Luring, Solli Rheo, Endalen og Vassli\u00e5s Bruse.<\/li>\n<\/ul>\n<p>&nbsp;<\/p>\n<p><strong>Tilskot til bevaring av farge<\/strong><\/p>\n<ul>\n<li>5000 kr i tilskot til 1. premiehopper som blir bedekt med raudblakk, gulblakk, gr\u00e5 eller ulsblakk hingst p\u00e5 maks 7 \u00e5r<\/li>\n<li>3000 kr i tilskot til 2. premiehopper som blir bedekt med raudblakk, gulblakk, gr\u00e5 eller ulsblakk hingst p\u00e5 maks 7 \u00e5r<\/li>\n<li>Innavlsgraden p\u00e5 avkommet m\u00e5 ikkje overstige 12,5% for \u00e5 kvalifisere til tilskot.<\/li>\n<li>Det vert ikkje gitt tilskot til kombinasjonar der avkommet kan bli bl\u00e5augd kvit (uls-\/gulblakke hopper til uls-\/gulblakk hingst).<\/li>\n<li>Tilskotet omfattar hingstane Jakobgardens Luring, Zildar van den Bosdries, Almas Oker og Sjangsis Elvin.<\/li>\n<\/ul>\n<p>&nbsp;<\/p>\n<p>Ein m\u00e5 vere medlem i Norges Fjordhestlag for \u00e5 kunne motta tilskot. Alle tilskota har s\u00f8knadsfrist 1. oktober 2025.<\/p>\n<p><strong><a href=\"https:\/\/docs.google.com\/forms\/d\/e\/1FAIpQLSeBhs25r7EeKuk3j_fuQ1h8z2ijlNgcp9uA7m9LqmU9a21LLA\/viewform?usp=header\">G\u00e5 til s\u00f8knadsskjema for avlstilskot for hoppeeigarar.<\/a><\/strong><\/p>\n<p><a href=\"https:\/\/docs.google.com\/forms\/d\/e\/1FAIpQLSfjXfAlkaSvmxBez7lkNi9sr5bC9_EqMopHl7J9E_On3DEu1w\/viewform?usp=header\"><strong>G\u00e5 til s\u00f8knadsskjam for avlstilskot for lokallag.<\/strong><\/a><\/p>\n<p>&nbsp;<\/p>\n<p>&nbsp;<\/p>\n<p>[\/et_pb_text][et_pb_image src=&raquo;https:\/\/fjordhest.net\/blogg\/wp-content\/uploads\/2019\/05\/IMG_1902.jpg&raquo; title_text=&raquo;IMG_1902&#8243; _builder_version=&raquo;4.24.0&#8243; _module_preset=&raquo;default&raquo; global_colors_info=&raquo;{}&raquo;][\/et_pb_image][\/et_pb_column][et_pb_column type=&raquo;1_4&#8243; _builder_version=&raquo;4.16&#8243; custom_padding=&raquo;|||&raquo; global_colors_info=&raquo;{}&raquo; custom_padding__hover=&raquo;|||&raquo;][et_pb_sidebar area=&raquo;sidebar-1&#8243; admin_label=&raquo;Sidebar&raquo; _builder_version=&raquo;4.16&#8243; remove_border=&raquo;off&raquo; global_colors_info=&raquo;{}&raquo;][\/et_pb_sidebar][\/et_pb_column][\/et_pb_row][\/et_pb_section]<\/p>\n","protected":false},"excerpt":{"rendered":"<p>\u00a0 \u00a0 Avlsfremjande midlar fr\u00e5 Norges Fjordhestlag 2025 &nbsp; P\u00e5 grunn av ein pressa \u00f8konomisk situasjon hos Norsk Hestesenter, har Norges Fjordhestlag ikkje f\u00e5tt ordin\u00e6re avlsmidlar i 2025. Gjennom prosjektet &laquo;Genetisk variasjon hos fjordhesten&raquo; (les meir om prosjektet her) har vi h\u00f8ve til \u00e5 stimulere til avl som tek vare p\u00e5 genetisk variasjon, som skissert [&hellip;]<\/p>\n","protected":false},"author":1,"featured_media":0,"parent":0,"menu_order":0,"comment_status":"closed","ping_status":"closed","template":"","meta":{"_et_pb_use_builder":"on","_et_pb_old_content":"<p>Hoppeeigarar og hingstehaldarar kan s\u00f8ke om avlsstimulerande tilskot fr\u00e5 Norges Fjordhestlag.<\/p><p><strong>Avl og aktivitet i lokallag og distriktslag<br \/><\/strong>Kriteriet for \u00e5 oppn\u00e5 tilskotet p\u00e5 kr. 10\u00a0000,- er at laget har kj\u00f8pt lagshingst (3 eller 4 \u00e5r) og arrangerer to Fokus Unghest-kurs gjeldande \u00e5r.<br \/><strong><br \/>Midlar til leige av 3-, 4- og 5-\u00e5rshingst<br \/><\/strong>Norges Fjordhestlag ynskjer \u00e5 auke bruken av 3-, 4- og 5-\u00e5rshingstar for \u00e5 auke variasjonen av genar og korte ned generasjonsintervallet. Lag tilslutta Norges Fjordhestlag og semin ved Norsk Fjordhestsenter vert oppmoda om \u00e5 s\u00f8kje st\u00f8tte til leige av 3-, 4- og 5-\u00e5rshingst. S\u00f8knad vert vurdert ut fr\u00e5 ei geografisk plassering for desentralisert fjordhestavl, avlsmessig breidde og bruk. S\u00f8knaden m\u00e5 vere grunngjeven.<\/p><p><strong>Midlar til 3-, 4- og 5-\u00e5rshopper<br \/><\/strong>Etter s\u00f8knad vert det gjeve tilskot til bedekning av 3, 4 og 5 \u00e5r gamle premierte hopper. Hoppa m\u00e5 vere premiert n\u00e5r s\u00f8knadsfristen g\u00e5r ut, men treng ikkje vere premiert d\u00e5 bedekninga fann stad.<\/p><p><strong>Midlar til hopper med lang avstand til hingst<br \/><\/strong>Det er h\u00f8ve til \u00e5 s\u00f8ke om st\u00f8nad til dekking av utgifter ved sending av s\u00e6d fr\u00e5 Norsk Fjordhestsenter til hopper i Nordland, Troms og Finnmark. Det er og h\u00f8ve \u00e5 s\u00f8kje for hopper med lang avstand til hingst og med over 600 km\u00a0fr\u00e5 seminstasjonen til Norsk Fjordhestsenter.<\/p><p>Der ikkje anna er nemnd, vert bel\u00f8p fastsett ut i fr\u00e5 tilgjengelege midlar det aktuelle \u00e5ret. For \u00e5 kunne s\u00f8ke om midlar til bedekning av hopper m\u00e5\u00a0 eigar vere medlem av Norges Fjordhestlag.<\/p><p>Ved manglande innmelding til Norges Fjordhestlag og Norsk Hestesenter med frist 1. oktober vedkomande bedekning, sal o.l., kan avslfremjande midlar reduserast eller haldast attende.<\/p><p><strong>Alle midlane har s\u00f8knadsfrist 1. oktober kvart \u00e5r. S\u00f8knaden skal sendast til Norges Fjordhestlag p\u00e5 epost: post@fjordhest.no eller til Norges Fjordhestlag, Myroldhaug, 6770 Nordfjordeid.<\/strong><\/p>","_et_gb_content_width":"","_exactmetrics_skip_tracking":false,"_exactmetrics_sitenote_active":false,"_exactmetrics_sitenote_note":"","_exactmetrics_sitenote_category":0,"footnotes":""},"class_list":["post-7766","page","type-page","status-publish","hentry"],"_links":{"self":[{"href":"https:\/\/fjordhest.net\/blogg\/wp-json\/wp\/v2\/pages\/7766","targetHints":{"allow":["GET"]}}],"collection":[{"href":"https:\/\/fjordhest.net\/blogg\/wp-json\/wp\/v2\/pages"}],"about":[{"href":"https:\/\/fjordhest.net\/blogg\/wp-json\/wp\/v2\/types\/page"}],"author":[{"embeddable":true,"href":"https:\/\/fjordhest.net\/blogg\/wp-json\/wp\/v2\/users\/1"}],"replies":[{"embeddable":true,"href":"https:\/\/fjordhest.net\/blogg\/wp-json\/wp\/v2\/comments?post=7766"}],"version-history":[{"count":34,"href":"https:\/\/fjordhest.net\/blogg\/wp-json\/wp\/v2\/pages\/7766\/revisions"}],"predecessor-version":[{"id":11805,"href":"https:\/\/fjordhest.net\/blogg\/wp-json\/wp\/v2\/pages\/7766\/revisions\/11805"}],"wp:attachment":[{"href":"https:\/\/fjordhest.net\/blogg\/wp-json\/wp\/v2\/media?parent=7766"}],"curies":[{"name":"wp","href":"https:\/\/api.w.org\/{rel}","templated":true}]}}