{"id":7997,"date":"2021-02-10T11:39:23","date_gmt":"2021-02-10T10:39:23","guid":{"rendered":"https:\/\/fjordhest.net\/blogg\/?page_id=7997"},"modified":"2021-04-13T10:48:22","modified_gmt":"2021-04-13T08:48:22","slug":"bruksprover","status":"publish","type":"page","link":"https:\/\/fjordhest.net\/blogg\/bruksprover\/","title":{"rendered":"Brukspr\u00f8ver"},"content":{"rendered":"<p>[et_pb_section fb_built=&raquo;1&#8243; admin_label=&raquo;section&raquo; _builder_version=&raquo;3.22.3&#8243;][et_pb_row column_structure=&raquo;3_4,1_4&#8243; _builder_version=&raquo;3.25&#8243; background_size=&raquo;initial&raquo; background_position=&raquo;top_left&raquo; background_repeat=&raquo;repeat&raquo;][et_pb_column type=&raquo;3_4&#8243; _builder_version=&raquo;3.25&#8243; custom_padding=&raquo;|||&raquo; custom_padding__hover=&raquo;|||&raquo;][et_pb_post_title meta=&raquo;off&raquo; _builder_version=&raquo;4.7.4&#8243; title_all_caps=&raquo;off&raquo; background_color=&raquo;rgba(255,255,255,0)&raquo; parallax=&raquo;on&raquo; text_orientation=&raquo;center&raquo; use_border_color=&raquo;off&raquo; border_color=&raquo;#ffffff&raquo; border_style=&raquo;solid&raquo; parallax_effect=&raquo;on&raquo; module_bg_color=&raquo;rgba(255,255,255,0)&raquo;]\u00a0[\/et_pb_post_title][et_pb_text admin_label=&raquo;Text&raquo; _builder_version=&raquo;4.7.5&#8243; background_size=&raquo;initial&raquo; background_position=&raquo;top_left&raquo; background_repeat=&raquo;repeat&raquo; hover_enabled=&raquo;0&#8243; use_border_color=&raquo;off&raquo; sticky_enabled=&raquo;0&#8243;]<\/p>\n<p>For fjordhesten, som de fleste andre raser, er det et krav \u00e5 ha best\u00e5tt en brukspr\u00f8ve for \u00e5 kunne k\u00e5res eller premieres. Resultatet fra brukspr\u00f8vene teller i tillegg 10% p\u00e5 selve premieringen n\u00e5r dommerne vurderer hesten.<\/p>\n<p>Det er viktig at du som utstiller leser brukspr\u00f8vereglement og f\u00f8ringer i avlsplanen slik at du er trygg p\u00e5 hva som skal skje under disse pr\u00f8vene. F\u00f8lg lenkene til\u00a0<a href=\"https:\/\/fjordhest.net\/blogg\/wp-content\/uploads\/2021\/04\/Avlsplan-fjordhest-med-vedlegg.pdf\" rel=\"attachment wp-att-8010\"><span style=\"text-decoration: underline;\">Avlsplan fjordhest<\/span><\/a> med beskrivelsen av Utvida brukspr\u00f8ve i vedlegg 7. <span style=\"text-decoration: underline;\"><a href=\"https:\/\/nhest.custompublish.com\/reglement.480623.no.html\">Det generelle brukspr\u00f8vereglementet<\/a><\/span> finner du hos Norsk Hestesenter.<\/p>\n<p>For \u00e5 gj\u00f8re det enklere \u00e5 forst\u00e5 hva som skjer i en kj\u00f8repr\u00f8ve og p\u00e5 en utvida brukspr\u00f8ve har Norges Fjordhestlag laget to filmer:<\/p>\n<p>En film viser momenter i kj\u00f8repr\u00f8ven<u>,<\/u>\u00a0som avlegges av hingstene ved f\u00f8rstegangsvisning til k\u00e5ring, og av hopper n\u00e5r de for f\u00f8rste gang m\u00f8ter p\u00e5 utstilling som voksne individ.<\/p>\n<p>Som det g\u00e5r fram i brukspr\u00f8vereglementet er hensikten med kj\u00f8repr\u00f8ven \u00e5 vise hestens gangarter under arbeid og vise at hesten er temt, lydig og arbeidsvillig. Ut over bed\u00f8mming av de enkelte momentene gis det karakterer for om hesten er avspent, i tillegg bed\u00f8mmes hestens samarbeidsvilje og fremdrift, og det gis karakter for oppf\u00f8rsel.<\/p>\n<p><iframe loading=\"lazy\" title=\"K\u00f8yrepr\u00f8ve for fjordhest\" width=\"1080\" height=\"608\" src=\"https:\/\/www.youtube.com\/embed\/UxRI9E120qY?feature=oembed\" frameborder=\"0\" allow=\"accelerometer; autoplay; clipboard-write; encrypted-media; gyroscope; picture-in-picture\" allowfullscreen><\/iframe><\/p>\n<p>Den andre filmen viser utvida brukspr\u00f8ve, som de k\u00e5rede hingstene m\u00e5 gjennomf\u00f8re i forbindelse med utstillingen der de stilles for \u00e5 f\u00e5 premiering og godkjenning for videre avl, ett \u00e5r etter f\u00f8rstegangsk\u00e5ring. Som for kj\u00f8repr\u00f8ven de avla ved f\u00f8rstegangsvisning, er hensikten med ride- og kj\u00f8redelen i UB er \u00e5 f\u00e5 vurdert hestens gangarter, framdrift, balanse, takt, villighet og lydighet.<\/p>\n<p><iframe loading=\"lazy\" title=\"Utvida brukspr\u00f8ve hingsteutstilling fjordhest\" width=\"1080\" height=\"608\" src=\"https:\/\/www.youtube.com\/embed\/2XkudQ3XfQk?feature=oembed\" frameborder=\"0\" allow=\"accelerometer; autoplay; clipboard-write; encrypted-media; gyroscope; picture-in-picture\" allowfullscreen><\/iframe><\/p>\n<p><strong>Hva vurderes under pr\u00f8ven:<\/strong><\/p>\n<p><u>Generelt:<\/u><\/p>\n<p>Hesten skal vises i s\u00e5 fri form som mulig b\u00e5de i ride- og kj\u00f8redelen, men likevel med kontakt p\u00e5 t\u00f8ylen\/t\u00f8mmen. Hesten b\u00f8r v\u00e6re rett stilt i forhold til sporet den beveger seg p\u00e5. Under hele pr\u00f8ven blir hestens balanse, b\u00e6ring, framdrift, samarbeidsvilje og hvorvidt den er avspent, vurdert. Bevegelsene blir vurdert i forhold til takt, steglengde, bruk av ledd og hvorvidt de er ledige, aktive, gjennomgripende og naturlige for rasen.<\/p>\n<p><u>Tekniske moment i kj\u00f8repr\u00f8ven:<\/u><\/p>\n<p>Det f\u00f8lgende er beskrivelse av den ideelle m\u00e5ten \u00e5 utf\u00f8re momentene p\u00e5. Hesten blir vurdert ut fra hvor n\u00e6r det ideelle den viser.<\/p>\n<p>Bakkepr\u00f8ve: Foreg\u00e5r i bakke med passende helling der dommeren f\u00e5r se hesten i b\u00e5de mot- og unnabakke. Det er p\u00e5 forh\u00e5nd forklart hvor det skal kj\u00f8res. Hesten g\u00e5r med passe framdrift og gj\u00f8r holdt etter dommerens anvisning, som oftest omtrent midt i bakken. Hesten skal st\u00e5 i ro i omtrent fem sekunder i b\u00e5de mot- og unnabakke. Igangsetting etter holdt skal foreg\u00e5 med den samme takt og ro som hesten hadde f\u00f8r holdt. Det er helt i orden at hesten flytter et bein for \u00e5 finne balansen etter at den har stoppet.<\/p>\n<p>Rygging: Hesten g\u00e5r inn i holdt med passe framdrift og rygger etter dommerens anvisning fire steg med god takt og framdrift.<\/p>\n<p>\u00c5ttetall: Hesten skritter et \u00e5ttetall med fem meters diameter for vognas innvendige hjul i begge sirklene. Hesten skritter taktfast med passe framdrift, krysser bakbeina om det er n\u00f8dvendig og er stilt til innvendig side.<\/p>\n<p><u>Begrepsforklaring:<\/u><\/p>\n<p><strong>Balanse:<\/strong> sees tydelig p\u00e5 b\u00f8yde spor om hesten b\u00e6rer seg med samme takt som p\u00e5 rett spor og om hesten g\u00e5r rettstilt i forhold til det b\u00f8yde sporet.<br \/> <strong>B\u00e6ring:<\/strong> i hvor stor grad bevegelsen kommer bakfra.<br \/> <strong>Framdrift:<\/strong> i hvor stor grad hesten g\u00e5r godt fram i alle gangarter under hele pr\u00f8ven.<br \/> <strong>Samarbeidsvilje:<\/strong> hvor villig hesten utf\u00f8rer de beskjedene den f\u00e5r.<br \/> <strong>Avspent:<\/strong> om hesten g\u00e5r i stabil form og konsentrerer seg om \u00e5 gj\u00f8re arbeidsoppgavene slik at den f\u00e5r mest mulig effekt ut av bevegelsene.<br \/> <strong>Takt:<\/strong> vurderes mest i skritt som skal v\u00e6re klart firtaktig slik at det dannes en tydelig V n\u00e5r samsidige for- og bakbein m\u00f8tes. Uregelmessig takt i trav trekker ned karakteren.<br \/> <strong>Steglengde:<\/strong> &#8211; trenger vel ikke videre forklaring.<br \/> <strong>Ledig:<\/strong> n\u00e5r en hest har god b\u00e6ring, framdrift, steglende og bruk av ledd, blir bevegelsen ledig.<br \/> <strong>Bruk av ledd:<\/strong> alle ledd fra albuer og bakkne og ned skal v\u00e6re med i bevegelsen.<br \/> <strong>Aktiv:<\/strong> energisk og engasjert bevegelse<br \/> <strong>Gjennomgripende:<\/strong> alle ledd samt overlinja er aktive i bevegelsen som kommer godt bakfra.<\/p>\n<p>&nbsp;<\/p>\n<p>[\/et_pb_text][\/et_pb_column][et_pb_column type=&raquo;1_4&#8243; _builder_version=&raquo;3.25&#8243; custom_padding=&raquo;|||&raquo; custom_padding__hover=&raquo;|||&raquo;][et_pb_image src=&raquo;https:\/\/fjordhest.net\/blogg\/wp-content\/uploads\/2017\/05\/IMG_7270-500&#215;632.jpg&raquo; title_text=&raquo;IMG_7270&#8243; _builder_version=&raquo;4.7.5&#8243; _module_preset=&raquo;default&raquo;][\/et_pb_image][et_pb_image src=&raquo;https:\/\/fjordhest.net\/blogg\/wp-content\/uploads\/2018\/05\/IMG_2456-500&#215;451.jpg&raquo; title_text=&raquo;IMG_2456&#8243; _builder_version=&raquo;4.7.5&#8243; _module_preset=&raquo;default&raquo;][\/et_pb_image][et_pb_image src=&raquo;https:\/\/fjordhest.net\/blogg\/wp-content\/uploads\/2018\/05\/IMG_1769-500&#215;444.jpg&raquo; title_text=&raquo;IMG_1769&#8243; _builder_version=&raquo;4.7.5&#8243; _module_preset=&raquo;default&raquo;][\/et_pb_image][et_pb_image src=&raquo;https:\/\/fjordhest.net\/blogg\/wp-content\/uploads\/2017\/05\/IMG_7364-500&#215;680.jpg&raquo; title_text=&raquo;IMG_7364&#8243; _builder_version=&raquo;4.7.5&#8243; _module_preset=&raquo;default&raquo;][\/et_pb_image][et_pb_image src=&raquo;https:\/\/fjordhest.net\/blogg\/wp-content\/uploads\/2019\/05\/IMG_9670web-500&#215;367.jpg&raquo; title_text=&raquo;IMG_9670web&raquo; _builder_version=&raquo;4.7.5&#8243; _module_preset=&raquo;default&raquo;][\/et_pb_image][et_pb_image src=&raquo;https:\/\/fjordhest.net\/blogg\/wp-content\/uploads\/2018\/05\/IMG_1402-500&#215;423.jpg&raquo; title_text=&raquo;Gorm V\u00e5rby&raquo; _builder_version=&raquo;4.7.5&#8243; _module_preset=&raquo;default&raquo;][\/et_pb_image][et_pb_image src=&raquo;https:\/\/fjordhest.net\/blogg\/wp-content\/uploads\/2018\/05\/IMG_1364-500&#215;453.jpg&raquo; title_text=&raquo;H\u00f8jgaards Nicko&raquo; _builder_version=&raquo;4.7.5&#8243; _module_preset=&raquo;default&raquo;][\/et_pb_image][et_pb_image src=&raquo;https:\/\/fjordhest.net\/blogg\/wp-content\/uploads\/2017\/05\/IMG_7301-500&#215;388.jpg&raquo; title_text=&raquo;IMG_7301&#8243; _builder_version=&raquo;4.7.5&#8243; _module_preset=&raquo;default&raquo;][\/et_pb_image][et_pb_image src=&raquo;https:\/\/fjordhest.net\/blogg\/wp-content\/uploads\/2018\/05\/IMG_2475-500&#215;386.jpg&raquo; title_text=&raquo;IMG_2475&#8243; _builder_version=&raquo;4.7.5&#8243; _module_preset=&raquo;default&raquo;][\/et_pb_image][et_pb_image src=&raquo;https:\/\/fjordhest.net\/blogg\/wp-content\/uploads\/2018\/05\/IMG_1725-500&#215;491.jpg&raquo; title_text=&raquo;IMG_1725&#8243; _builder_version=&raquo;4.7.5&#8243; _module_preset=&raquo;default&raquo;][\/et_pb_image][\/et_pb_column][\/et_pb_row][\/et_pb_section]<\/p>\n","protected":false},"excerpt":{"rendered":"<p>\u00a0For fjordhesten, som de fleste andre raser, er det et krav \u00e5 ha best\u00e5tt en brukspr\u00f8ve for \u00e5 kunne k\u00e5res eller premieres. Resultatet fra brukspr\u00f8vene teller i tillegg 10% p\u00e5 selve premieringen n\u00e5r dommerne vurderer hesten. Det er viktig at du som utstiller leser brukspr\u00f8vereglement og f\u00f8ringer i avlsplanen slik at du er trygg p\u00e5 [&hellip;]<\/p>\n","protected":false},"author":2,"featured_media":0,"parent":0,"menu_order":0,"comment_status":"closed","ping_status":"closed","template":"","meta":{"_et_pb_use_builder":"on","_et_pb_old_content":"","_et_gb_content_width":"","_exactmetrics_skip_tracking":false,"_exactmetrics_sitenote_active":false,"_exactmetrics_sitenote_note":"","_exactmetrics_sitenote_category":0,"footnotes":""},"class_list":["post-7997","page","type-page","status-publish","hentry"],"_links":{"self":[{"href":"https:\/\/fjordhest.net\/blogg\/wp-json\/wp\/v2\/pages\/7997","targetHints":{"allow":["GET"]}}],"collection":[{"href":"https:\/\/fjordhest.net\/blogg\/wp-json\/wp\/v2\/pages"}],"about":[{"href":"https:\/\/fjordhest.net\/blogg\/wp-json\/wp\/v2\/types\/page"}],"author":[{"embeddable":true,"href":"https:\/\/fjordhest.net\/blogg\/wp-json\/wp\/v2\/users\/2"}],"replies":[{"embeddable":true,"href":"https:\/\/fjordhest.net\/blogg\/wp-json\/wp\/v2\/comments?post=7997"}],"version-history":[{"count":22,"href":"https:\/\/fjordhest.net\/blogg\/wp-json\/wp\/v2\/pages\/7997\/revisions"}],"predecessor-version":[{"id":8159,"href":"https:\/\/fjordhest.net\/blogg\/wp-json\/wp\/v2\/pages\/7997\/revisions\/8159"}],"wp:attachment":[{"href":"https:\/\/fjordhest.net\/blogg\/wp-json\/wp\/v2\/media?parent=7997"}],"curies":[{"name":"wp","href":"https:\/\/api.w.org\/{rel}","templated":true}]}}