{"id":8190,"date":"2021-04-29T14:03:00","date_gmt":"2021-04-29T12:03:00","guid":{"rendered":"https:\/\/fjordhest.net\/blogg\/?page_id=8190"},"modified":"2021-05-07T21:59:55","modified_gmt":"2021-05-07T19:59:55","slug":"hingsteutstilling2021","status":"publish","type":"page","link":"https:\/\/fjordhest.net\/blogg\/hingsteutstilling2021\/","title":{"rendered":"Hingsteutstilling 2021"},"content":{"rendered":"<p>[et_pb_section fb_built=&raquo;1&#8243; _builder_version=&raquo;4.9.4&#8243; _module_preset=&raquo;default&raquo;][et_pb_row column_structure=&raquo;3_4,1_4&#8243; _builder_version=&raquo;3.25&#8243; background_size=&raquo;initial&raquo; background_position=&raquo;top_left&raquo; background_repeat=&raquo;repeat&raquo; width=&raquo;90.6%&raquo;][et_pb_column type=&raquo;3_4&#8243; _builder_version=&raquo;3.25&#8243; custom_padding=&raquo;|||&raquo; custom_padding__hover=&raquo;|||&raquo;][et_pb_text admin_label=&raquo;Text&raquo; _builder_version=&raquo;4.9.4&#8243; background_size=&raquo;initial&raquo; background_position=&raquo;top_left&raquo; background_repeat=&raquo;repeat&raquo;][\/et_pb_text][et_pb_post_title meta=&raquo;off&raquo; featured_image=&raquo;off&raquo; _builder_version=&raquo;4.9.4&#8243; _module_preset=&raquo;default&raquo;][\/et_pb_post_title][et_pb_text _builder_version=&raquo;4.9.4&#8243; _module_preset=&raquo;default&raquo; custom_padding=&raquo;0px|||||&raquo;]<\/p>\n<p><strong>Hingsteutstillinga 2021 vert arrangert 3.-8. mai. P\u00e5 grunn av pandemien er den stengt for publikum, men alle som vil kan f\u00f8lge hingsteutstillinga over nett p\u00e5 denne sida.<\/strong><\/p>\n<p><strong>Arkiv fr\u00e5 tidlegare dagar\/\u00f8vingar finn du her: <a href=\"https:\/\/fjordhest.net\/blogg\/hingsteutstilling-2021-arkiv\/\">Hingsteutstilling 2021 Arkiv<\/a><\/strong><\/p>\n<p>Katalogen for hingsteutstillinga finn du her: <span style=\"text-decoration: underline;\"><a href=\"https:\/\/fjordhest.net\/blogg\/wp-content\/uploads\/2021\/04\/Komplett-katalog.pdf\" rel=\"attachment wp-att-8175\">Katalog<\/a><\/span><br \/>Tidsskjema for n\u00e5r kvar enkelt hingst skal i elden finn du her: <span style=\"text-decoration: underline;\"><a href=\"https:\/\/fjordhest.net\/blogg\/wp-content\/uploads\/2021\/04\/Tidsskjema-hingsteutstillinga-for-fjordhest-2021.pdf\" rel=\"attachment wp-att-8176\">Tidsskjema<\/a><\/span><\/p>\n<p>[\/et_pb_text][et_pb_text _builder_version=&raquo;4.9.4&#8243; _module_preset=&raquo;default&raquo; min_height=&raquo;1015.2px&raquo; custom_padding=&raquo;18px||31px|||&raquo; hover_enabled=&raquo;0&#8243; sticky_enabled=&raquo;0&#8243;]<\/p>\n<div>\n<p><strong>Her kan du sj\u00e5 premieutdelinga direkte laurdag 8. mai kl 14:<\/strong><\/p>\n<\/div>\n<div>\n<div style=\"padding: 56.25% 0 0 0; position: relative;\"><iframe style=\"position: absolute; top: 0; left: 0; width: 100%; height: 100%;\" src=\"https:\/\/vimeo.com\/event\/943938\/embed\" frameborder=\"0\" allowfullscreen=\"allowfullscreen\"><\/iframe><\/div>\n<p>&nbsp;<\/p>\n<\/div>\n<p>[\/et_pb_text][et_pb_text _builder_version=&raquo;4.9.4&#8243; _module_preset=&raquo;default&raquo;]<\/p>\n<p class=\"x_MsoNormal\" style=\"text-align: center;\"><strong><span lang=\"NO-NYN\">Hingsteutstillinga vert arrangert av Norges Fjordhestlag<br \/>i samarbeid med Norsk Fjordhestsenter, Norsk Hestesenter og Nordfjord Fjordhestlag.\u00a0<\/span><\/strong><\/p>\n<p class=\"x_MsoNormal\" style=\"text-align: center;\"><span lang=\"NO-NYN\">V\u00e5re sponsorar:\u00a0<\/span><\/p>\n<p style=\"text-align: center;\"><span lang=\"NO-NYN\">Stad kommune\u00a0 \u00a0&#8211;\u00a0 \u00a0<\/span><span lang=\"NO-NYN\">Interessengemeinschaft Fjordpferd IGF e.V.\u00a0 \u00a0&#8211;\u00a0 \u00a0<\/span><span lang=\"NO-NYN\">Agria<br \/><\/span><span lang=\"NO-NYN\">Leietau.no\u00a0 \u00a0&#8211;\u00a0 \u00a0<\/span><span lang=\"NO-NYN\">St. Hippolyt\u00a0 \u00a0&#8211;\u00a0 \u00a0<\/span><span lang=\"NO-NYN\">Coop Nordvest\u00a0 \u00a0&#8211;\u00a0 \u00a0Nordfjord Hotell<\/span><\/p>\n<p class=\"x_MsoNormal\" style=\"text-align: center;\"><span lang=\"NO-NYN\">Norges Fjordhestlag takkar:<\/span><\/p>\n<p class=\"x_MsoNormal\" style=\"text-align: center;\"><span lang=\"NO-NYN\">Lokallag i Norges Fjordhestlag\u00a0 \u00a0&#8211;\u00a0 \u00a0<\/span><span lang=\"NO-NYN\">Gode fjordhestvener i inn- og utland\u00a0 \u00a0&#8211;\u00a0 \u00a0<\/span><span lang=\"NO-NYN\">Fjording kremlik\u00f8r\u00a0 \u00a0&#8211;\u00a0 \u00a0<\/span><span lang=\"NO-NYN\">Eid Elektro<\/span><\/p>\n<p class=\"x_MsoNormal\"><span lang=\"NO-NYN\">\u00a0<\/span><\/p>\n<p>[\/et_pb_text][\/et_pb_column][et_pb_column type=&raquo;1_4&#8243; _builder_version=&raquo;3.25&#8243; custom_padding=&raquo;|||&raquo; custom_padding__hover=&raquo;|||&raquo;][\/et_pb_column][\/et_pb_row][et_pb_row _builder_version=&raquo;4.9.4&#8243; _module_preset=&raquo;default&raquo;][et_pb_column type=&raquo;4_4&#8243; _builder_version=&raquo;4.9.4&#8243; _module_preset=&raquo;default&raquo;][\/et_pb_column][\/et_pb_row][\/et_pb_section]<\/p>\n","protected":false},"excerpt":{"rendered":"<p>Hingsteutstillinga 2021 vert arrangert 3.-8. mai. P\u00e5 grunn av pandemien er den stengt for publikum, men alle som vil kan f\u00f8lge hingsteutstillinga over nett p\u00e5 denne sida. Arkiv fr\u00e5 tidlegare dagar\/\u00f8vingar finn du her: Hingsteutstilling 2021 Arkiv Katalogen for hingsteutstillinga finn du her: KatalogTidsskjema for n\u00e5r kvar enkelt hingst skal i elden finn du her: [&hellip;]<\/p>\n","protected":false},"author":2,"featured_media":0,"parent":0,"menu_order":0,"comment_status":"closed","ping_status":"closed","template":"","meta":{"_et_pb_use_builder":"on","_et_pb_old_content":"","_et_gb_content_width":"","_exactmetrics_skip_tracking":false,"_exactmetrics_sitenote_active":false,"_exactmetrics_sitenote_note":"","_exactmetrics_sitenote_category":0,"footnotes":""},"class_list":["post-8190","page","type-page","status-publish","hentry"],"_links":{"self":[{"href":"https:\/\/fjordhest.net\/blogg\/wp-json\/wp\/v2\/pages\/8190","targetHints":{"allow":["GET"]}}],"collection":[{"href":"https:\/\/fjordhest.net\/blogg\/wp-json\/wp\/v2\/pages"}],"about":[{"href":"https:\/\/fjordhest.net\/blogg\/wp-json\/wp\/v2\/types\/page"}],"author":[{"embeddable":true,"href":"https:\/\/fjordhest.net\/blogg\/wp-json\/wp\/v2\/users\/2"}],"replies":[{"embeddable":true,"href":"https:\/\/fjordhest.net\/blogg\/wp-json\/wp\/v2\/comments?post=8190"}],"version-history":[{"count":40,"href":"https:\/\/fjordhest.net\/blogg\/wp-json\/wp\/v2\/pages\/8190\/revisions"}],"predecessor-version":[{"id":8594,"href":"https:\/\/fjordhest.net\/blogg\/wp-json\/wp\/v2\/pages\/8190\/revisions\/8594"}],"wp:attachment":[{"href":"https:\/\/fjordhest.net\/blogg\/wp-json\/wp\/v2\/media?parent=8190"}],"curies":[{"name":"wp","href":"https:\/\/api.w.org\/{rel}","templated":true}]}}