{"id":8390,"date":"2021-05-03T19:47:54","date_gmt":"2021-05-03T17:47:54","guid":{"rendered":"https:\/\/fjordhest.net\/blogg\/?page_id=8390"},"modified":"2021-05-08T20:28:31","modified_gmt":"2021-05-08T18:28:31","slug":"hingsteutstilling-2021-arkiv","status":"publish","type":"page","link":"https:\/\/fjordhest.net\/blogg\/hingsteutstilling-2021-arkiv\/","title":{"rendered":"Hingsteutstilling 2021 &#8211; Arkiv"},"content":{"rendered":"<p>[et_pb_section fb_built=&raquo;1&#8243; _builder_version=&raquo;4.9.4&#8243; _module_preset=&raquo;default&raquo;][et_pb_row column_structure=&raquo;3_4,1_4&#8243; _builder_version=&raquo;3.25&#8243; background_size=&raquo;initial&raquo; background_position=&raquo;top_left&raquo; background_repeat=&raquo;repeat&raquo; width=&raquo;90.6%&raquo;][et_pb_column type=&raquo;3_4&#8243; _builder_version=&raquo;3.25&#8243; custom_padding=&raquo;|||&raquo; custom_padding__hover=&raquo;|||&raquo;][et_pb_text admin_label=&raquo;Text&raquo; _builder_version=&raquo;4.9.4&#8243; background_size=&raquo;initial&raquo; background_position=&raquo;top_left&raquo; background_repeat=&raquo;repeat&raquo;][\/et_pb_text][et_pb_post_title meta=&raquo;off&raquo; featured_image=&raquo;off&raquo; _builder_version=&raquo;4.9.4&#8243; _module_preset=&raquo;default&raquo;][\/et_pb_post_title][et_pb_text _builder_version=&raquo;4.9.4&#8243; _module_preset=&raquo;default&raquo; custom_padding=&raquo;0px|||||&raquo;]<\/p>\n<p><strong>Hingsteutstillinga 2021 vart arrangert 3.-8. mai. Her kan du sj\u00e5 opptak av direktesendingane som vart str\u00f8yma under utstillinga:\u00a0<\/strong><\/p>\n<p>[\/et_pb_text][et_pb_text _builder_version=&raquo;4.9.4&#8243; _module_preset=&raquo;default&raquo; min_height=&raquo;1015.2px&raquo; custom_padding=&raquo;18px||31px|||&raquo; hover_enabled=&raquo;0&#8243; sticky_enabled=&raquo;0&#8243;]<\/p>\n<p><strong>M\u00e5ndag 3. mai, ridepr\u00f8ver:<\/strong><\/p>\n<p><iframe loading=\"lazy\" title=\"mandag\" width=\"1080\" height=\"608\" src=\"https:\/\/www.youtube.com\/embed\/53xFwPdY6XU?feature=oembed\"  allow=\"accelerometer; autoplay; clipboard-write; encrypted-media; gyroscope; picture-in-picture\" allowfullscreen><\/iframe><\/p>\n<div class=\"\">\n<p><strong><strong>M\u00e5ndag 3. mai, m\u00f8nstring:<\/strong><\/strong><\/p>\n<\/div>\n<div class=\"\">\n<p><iframe loading=\"lazy\" title=\"HINGSTEUTSTILLING FJORDHEST - &amp;Oslash;yane 03.05.21 - Del 1\" src=\"https:\/\/player.vimeo.com\/video\/544360359?dnt=1&amp;app_id=122963\" width=\"1080\" height=\"608\" frameborder=\"0\" allow=\"autoplay; fullscreen; picture-in-picture\" allowfullscreen><\/iframe><\/p>\n<p>&nbsp;<\/p>\n<p><strong><strong><\/strong><\/strong><\/p>\n<p><strong>M\u00e5ndag 3. mai, k\u00f8yrepr\u00f8ver:<\/strong><\/p>\n<\/div>\n<div class=\"\"><\/div>\n<div class=\"\">\n<p><iframe loading=\"lazy\" title=\"HINGSTEUTSTILLING FJORDHEST - &amp;Oslash;yane 03.05.21 - Del 2\" src=\"https:\/\/player.vimeo.com\/video\/544512533?dnt=1&amp;app_id=122963\" width=\"1080\" height=\"608\" frameborder=\"0\" allow=\"autoplay; fullscreen; picture-in-picture\" allowfullscreen><\/iframe><\/p>\n<\/div>\n<p><strong>M\u00e5ndag 3. mai, lausm\u00f8nstring:<\/strong><\/p>\n<p><iframe loading=\"lazy\" title=\"senteret mandag ettermiddag\" width=\"1080\" height=\"608\" src=\"https:\/\/www.youtube.com\/embed\/yFE6DtfvGDk?feature=oembed\"  allow=\"accelerometer; autoplay; clipboard-write; encrypted-media; gyroscope; picture-in-picture\" allowfullscreen><\/iframe><\/p>\n<p><strong>Tysdag 4. mai, ridepr\u00f8ver:<\/strong><\/p>\n<p><iframe loading=\"lazy\" title=\"Senteret tirsdag kl 08\" width=\"1080\" height=\"608\" src=\"https:\/\/www.youtube.com\/embed\/J5E1czOopEE?feature=oembed\"  allow=\"accelerometer; autoplay; clipboard-write; encrypted-media; gyroscope; picture-in-picture\" allowfullscreen><\/iframe><\/p>\n<p><strong>Tysdag 4. mai, m\u00f8nstring og k\u00f8yrepr\u00f8ver:<\/strong><\/p>\n<p><iframe loading=\"lazy\" title=\"HINGSTEUTSTILLING FJORDHEST - &amp;Oslash;yane 04.05.21\" src=\"https:\/\/player.vimeo.com\/video\/544580341?dnt=1&amp;app_id=122963\" width=\"1080\" height=\"608\" frameborder=\"0\" allow=\"autoplay; fullscreen; picture-in-picture\" allowfullscreen><\/iframe><\/p>\n<p><strong>Tysdag 4. mai, lausm\u00f8nstring:<\/strong><\/p>\n<p><iframe loading=\"lazy\" title=\"Senteret tirsdag kl 19\" width=\"1080\" height=\"608\" src=\"https:\/\/www.youtube.com\/embed\/kFQ0v2w5m-U?feature=oembed\"  allow=\"accelerometer; autoplay; clipboard-write; encrypted-media; gyroscope; picture-in-picture\" allowfullscreen><\/iframe><\/p>\n<p><strong>Onsdag 5. mai, ridepr\u00f8ver<\/strong><\/p>\n<p><iframe loading=\"lazy\" title=\"Senteret onsdag kl 08\" width=\"1080\" height=\"608\" src=\"https:\/\/www.youtube.com\/embed\/Mmi9P-_ki8c?feature=oembed\"  allow=\"accelerometer; autoplay; clipboard-write; encrypted-media; gyroscope; picture-in-picture\" allowfullscreen><\/iframe><\/p>\n<p><strong>Onsdag 5, mai, m\u00f8nstring og k\u00f8yrepr\u00f8ver:<\/strong><\/p>\n<p><iframe loading=\"lazy\" title=\"05.05.21 HINGSTEUTSTILLING FJORDHEST - &amp;Oslash;yane\" src=\"https:\/\/player.vimeo.com\/video\/545388184?dnt=1&amp;app_id=122963\" width=\"1080\" height=\"608\" frameborder=\"0\" allow=\"autoplay; fullscreen; picture-in-picture\" allowfullscreen><\/iframe><\/p>\n<p><strong>Onsdag 5. mai, lausm\u00f8nstring:<\/strong><\/p>\n<p><iframe loading=\"lazy\" title=\"Senteret onsdag kl 18\" width=\"1080\" height=\"608\" src=\"https:\/\/www.youtube.com\/embed\/XExovt1n9vU?feature=oembed\"  allow=\"accelerometer; autoplay; clipboard-write; encrypted-media; gyroscope; picture-in-picture\" allowfullscreen><\/iframe><\/p>\n<p><strong>Torsdag 6. mai, lausm\u00f8nstring gruppe 1:<\/strong><\/p>\n<p><iframe loading=\"lazy\" title=\"Senteret torsdag kl 08\" width=\"1080\" height=\"608\" src=\"https:\/\/www.youtube.com\/embed\/_EqHJ8EhwbM?feature=oembed\"  allow=\"accelerometer; autoplay; clipboard-write; encrypted-media; gyroscope; picture-in-picture\" allowfullscreen><\/iframe><\/p>\n<p><strong>\u00a0Torsdag 6. mai, lausm\u00f8nstring gruppe 2:<\/strong><\/p>\n<p><iframe loading=\"lazy\" title=\"Senteret torsdag kl 14\" width=\"1080\" height=\"608\" src=\"https:\/\/www.youtube.com\/embed\/L3gs5mlMZME?feature=oembed\"  allow=\"accelerometer; autoplay; clipboard-write; encrypted-media; gyroscope; picture-in-picture\" allowfullscreen><\/iframe><\/p>\n<p><strong>Torsdag 6. mai, m\u00f8nstring gruppe 1:<\/strong><\/p>\n<p><iframe loading=\"lazy\" title=\"06.05.21 Del 1 HINGSTEUTSTILLING FJORDHEST - &amp;Oslash;yane\" src=\"https:\/\/player.vimeo.com\/video\/545520047?dnt=1&amp;app_id=122963\" width=\"1080\" height=\"608\" frameborder=\"0\" allow=\"autoplay; fullscreen; picture-in-picture\" allowfullscreen><\/iframe><\/p>\n<p><strong>Torsdag 6. mai, m\u00f8nstring gruppe 2:<\/strong><\/p>\n<p><iframe loading=\"lazy\" title=\"06.05.21 Del 2 HINGSTEUTSTILLING FJORDHEST - &amp;Oslash;yane\" src=\"https:\/\/player.vimeo.com\/video\/545888925?dnt=1&amp;app_id=122963\" width=\"1080\" height=\"608\" frameborder=\"0\" allow=\"autoplay; fullscreen; picture-in-picture\" allowfullscreen><\/iframe><\/p>\n<p><strong>Fredag 7. mai, lausm\u00f8nstring gruppe 1:<\/strong><\/p>\n<p><iframe loading=\"lazy\" title=\"Senteret fredag kl 08\" width=\"1080\" height=\"608\" src=\"https:\/\/www.youtube.com\/embed\/h7AKhhOTRJI?feature=oembed\"  allow=\"accelerometer; autoplay; clipboard-write; encrypted-media; gyroscope; picture-in-picture\" allowfullscreen><\/iframe><\/p>\n<p><strong>Fredag 7. mai, m\u00f8nstring gruppe 1:<\/strong><\/p>\n<p><iframe loading=\"lazy\" title=\"07.05.21 Del 1 HINGSTEUTSTILLING FJORDHEST - &amp;Oslash;yane\" src=\"https:\/\/player.vimeo.com\/video\/546058065?dnt=1&amp;app_id=122963\" width=\"1080\" height=\"608\" frameborder=\"0\" allow=\"autoplay; fullscreen; picture-in-picture\" allowfullscreen><\/iframe><\/p>\n<p><strong>Fredag 7. mai, lausm\u00f8nstring gruppe 2:\u00a0<\/strong><\/p>\n<p><iframe loading=\"lazy\" title=\"Senteret fredag kl 14\" width=\"1080\" height=\"608\" src=\"https:\/\/www.youtube.com\/embed\/jdtY2JWx7UU?feature=oembed\"  allow=\"accelerometer; autoplay; clipboard-write; encrypted-media; gyroscope; picture-in-picture\" allowfullscreen><\/iframe><\/p>\n<p><strong>Fredag 7. mai, m\u00f8nstring gruppe 2:\u00a0<\/strong><\/p>\n<p><iframe loading=\"lazy\" title=\"07.05 Del 2 HINGSTEUTSTILLING FJORDHEST - &amp;Oslash;yane\" src=\"https:\/\/player.vimeo.com\/video\/546406165?dnt=1&amp;app_id=122963\" width=\"1080\" height=\"608\" frameborder=\"0\" allow=\"autoplay; fullscreen; picture-in-picture\" allowfullscreen><\/iframe><\/p>\n<p>\u00a0<strong>Premieutdeling:<\/strong><\/p>\n<p><iframe loading=\"lazy\" title=\"Hingstutstilling Premieutdeling\" src=\"https:\/\/player.vimeo.com\/video\/546820316?dnt=1&amp;app_id=122963\" width=\"1080\" height=\"608\" frameborder=\"0\" allow=\"autoplay; fullscreen; picture-in-picture\" allowfullscreen><\/iframe><\/p>\n<p>&nbsp;<\/p>\n<p>&nbsp;<\/p>\n<p>[\/et_pb_text][\/et_pb_column][et_pb_column type=&raquo;1_4&#8243; _builder_version=&raquo;3.25&#8243; custom_padding=&raquo;|||&raquo; custom_padding__hover=&raquo;|||&raquo;][\/et_pb_column][\/et_pb_row][et_pb_row _builder_version=&raquo;4.9.4&#8243; _module_preset=&raquo;default&raquo;][et_pb_column type=&raquo;4_4&#8243; _builder_version=&raquo;4.9.4&#8243; _module_preset=&raquo;default&raquo;][\/et_pb_column][\/et_pb_row][\/et_pb_section]<\/p>\n","protected":false},"excerpt":{"rendered":"<p>Hingsteutstillinga 2021 vart arrangert 3.-8. mai. Her kan du sj\u00e5 opptak av direktesendingane som vart str\u00f8yma under utstillinga:\u00a0M\u00e5ndag 3. mai, ridepr\u00f8ver: M\u00e5ndag 3. mai, m\u00f8nstring: &nbsp; M\u00e5ndag 3. mai, k\u00f8yrepr\u00f8ver: M\u00e5ndag 3. mai, lausm\u00f8nstring: Tysdag 4. mai, ridepr\u00f8ver: https:\/\/youtu.be\/J5E1czOopEE Tysdag 4. mai, m\u00f8nstring og k\u00f8yrepr\u00f8ver: Tysdag 4. mai, lausm\u00f8nstring: https:\/\/youtu.be\/kFQ0v2w5m-U Onsdag 5. mai, ridepr\u00f8ver https:\/\/youtu.be\/Mmi9P-_ki8c [&hellip;]<\/p>\n","protected":false},"author":2,"featured_media":0,"parent":0,"menu_order":0,"comment_status":"closed","ping_status":"closed","template":"","meta":{"_et_pb_use_builder":"on","_et_pb_old_content":"","_et_gb_content_width":"","_exactmetrics_skip_tracking":false,"_exactmetrics_sitenote_active":false,"_exactmetrics_sitenote_note":"","_exactmetrics_sitenote_category":0,"footnotes":""},"class_list":["post-8390","page","type-page","status-publish","hentry"],"_links":{"self":[{"href":"https:\/\/fjordhest.net\/blogg\/wp-json\/wp\/v2\/pages\/8390","targetHints":{"allow":["GET"]}}],"collection":[{"href":"https:\/\/fjordhest.net\/blogg\/wp-json\/wp\/v2\/pages"}],"about":[{"href":"https:\/\/fjordhest.net\/blogg\/wp-json\/wp\/v2\/types\/page"}],"author":[{"embeddable":true,"href":"https:\/\/fjordhest.net\/blogg\/wp-json\/wp\/v2\/users\/2"}],"replies":[{"embeddable":true,"href":"https:\/\/fjordhest.net\/blogg\/wp-json\/wp\/v2\/comments?post=8390"}],"version-history":[{"count":30,"href":"https:\/\/fjordhest.net\/blogg\/wp-json\/wp\/v2\/pages\/8390\/revisions"}],"predecessor-version":[{"id":8708,"href":"https:\/\/fjordhest.net\/blogg\/wp-json\/wp\/v2\/pages\/8390\/revisions\/8708"}],"wp:attachment":[{"href":"https:\/\/fjordhest.net\/blogg\/wp-json\/wp\/v2\/media?parent=8390"}],"curies":[{"name":"wp","href":"https:\/\/api.w.org\/{rel}","templated":true}]}}