{"id":9780,"date":"2022-05-02T17:49:29","date_gmt":"2022-05-02T15:49:29","guid":{"rendered":"https:\/\/fjordhest.net\/blogg\/?page_id=9780"},"modified":"2022-05-16T08:22:11","modified_gmt":"2022-05-16T06:22:11","slug":"hingsteutstilling-2022","status":"publish","type":"page","link":"https:\/\/fjordhest.net\/blogg\/hingsteutstilling-2022\/","title":{"rendered":"Hingsteutstilling 2022"},"content":{"rendered":"<p>[et_pb_section fb_built=&raquo;1&#8243; _builder_version=&raquo;4.16&#8243; _module_preset=&raquo;default&raquo; global_colors_info=&raquo;{}&raquo;][et_pb_row column_structure=&raquo;3_4,1_4&#8243; _builder_version=&raquo;4.17.1&#8243; background_size=&raquo;initial&raquo; background_position=&raquo;top_left&raquo; background_repeat=&raquo;repeat&raquo; width=&raquo;90.6%&raquo; global_colors_info=&raquo;{}&raquo;][et_pb_column type=&raquo;3_4&#8243; _builder_version=&raquo;4.16&#8243; custom_padding=&raquo;|||&raquo; global_colors_info=&raquo;{}&raquo; custom_padding__hover=&raquo;|||&raquo;][et_pb_text admin_label=&raquo;Text&raquo; _builder_version=&raquo;4.16&#8243; background_size=&raquo;initial&raquo; background_position=&raquo;top_left&raquo; background_repeat=&raquo;repeat&raquo; global_colors_info=&raquo;{}&raquo;][\/et_pb_text][et_pb_post_title meta=&raquo;off&raquo; featured_image=&raquo;off&raquo; _builder_version=&raquo;4.16&#8243; _module_preset=&raquo;default&raquo; global_colors_info=&raquo;{}&raquo;][\/et_pb_post_title][et_pb_text _builder_version=&raquo;4.17.1&#8243; _module_preset=&raquo;default&raquo; min_height=&raquo;196.8px&raquo; custom_margin=&raquo;||-181px|||&raquo; custom_padding=&raquo;0px||112px|||&raquo; global_colors_info=&raquo;{}&raquo;]<\/p>\n<p>Her kan du sj\u00e5 direktesendingar fr\u00e5 \u00e5rets hingsteutstilling. Det er gratis \u00e5 sj\u00e5 sendingane, men gi gjerne eit bidrag til <a href=\"https:\/\/www.spleis.no\/project\/218489?fbclid=IwAR05t8m6Z4w249Kd7vq3tNUDAAQ8SUgYwrE2wL61T6DGEMLMey4jYvbirQs\">v\u00e5r Spleis for \u00e5 dekke kostnadane knytt til str\u00f8yminga<\/a>.<\/p>\n<p><a href=\"https:\/\/vidsynstream.no\/\">Alle sendingar vil str\u00f8ymast p\u00e5 denne kanalen.<\/a><\/p>\n<p><a href=\"https:\/\/vidsynstream.no\/\"><span>Here you can see live broadcasts from this year&#8217;s stallion show.<\/span><\/a><\/p>\n<p>Dette vil bli str\u00f8yma fr\u00e5 utstillinga:<\/p>\n<p><strong>Onsdag 4. mai<br \/><\/strong>10.00: Utvida brukspr\u00f8ve med ridepr\u00f8ve<\/p>\n<p><strong>Torsdag 5. mai<br \/><\/strong>10.00: Utvida brukspr\u00f8ve med k\u00f8yrepr\u00f8ver<br \/>18.00: Lausm\u00f8nstring av alle hingstane<\/p>\n<p><strong>Fredag 6. mai<br \/><\/strong>09.00: Utstillinga tek til p\u00e5 utstillingsplassen i \u00d8yane<br \/><em>\u2013 \u00a0Klassevis m\u00f8nstring<br \/><\/em><em>\u2013 Einskildd\u00f8ming<\/em><em><br \/><\/em>14:30: Uoffisiell showklasse for 2-\u00e5rs hingstar<\/p>\n<p><strong>Laurdag 7. mai<br \/><\/strong>10.00: Klassevis m\u00f8nstring p\u00e5 utstillingsplassen i \u00d8yane<br \/>13.00: Kvalitetsoppstilling og premiering p\u00e5 utstillingsplassen i \u00d8yane<\/p>\n<p>&nbsp;<\/p>\n<p>&nbsp;<\/p>\n<p>&nbsp;<\/p>\n<p>&nbsp;<\/p>\n<p>&nbsp;<\/p>\n<p>&nbsp;<\/p>\n<p>&nbsp;<\/p>\n<p>&nbsp;<\/p>\n<p>&nbsp;<\/p>\n<p>&nbsp;<\/p>\n<p>&nbsp;<\/p>\n<p>&nbsp;<\/p>\n<p>&nbsp;<\/p>\n<p>&nbsp;<\/p>\n<p>&nbsp;<\/p>\n<p>&nbsp;<\/p>\n<p>[\/et_pb_text][\/et_pb_column][et_pb_column type=&raquo;1_4&#8243; _builder_version=&raquo;4.16&#8243; custom_padding=&raquo;|||&raquo; global_colors_info=&raquo;{}&raquo; custom_padding__hover=&raquo;|||&raquo;][et_pb_sidebar _builder_version=&raquo;4.17.1&#8243; _module_preset=&raquo;default&raquo; hover_enabled=&raquo;0&#8243; sticky_enabled=&raquo;0&#8243;][\/et_pb_sidebar][\/et_pb_column][\/et_pb_row][et_pb_row _builder_version=&raquo;4.16&#8243; _module_preset=&raquo;default&raquo; global_colors_info=&raquo;{}&raquo;][et_pb_column type=&raquo;4_4&#8243; _builder_version=&raquo;4.16&#8243; _module_preset=&raquo;default&raquo; global_colors_info=&raquo;{}&raquo;][et_pb_text _builder_version=&raquo;4.17.1&#8243; _module_preset=&raquo;default&raquo; custom_margin=&raquo;||-183px|||&raquo; custom_padding=&raquo;0px||210px|||&raquo; global_colors_info=&raquo;{}&raquo;][\/et_pb_text][\/et_pb_column][\/et_pb_row][\/et_pb_section]<\/p>\n","protected":false},"excerpt":{"rendered":"<p>Her kan du sj\u00e5 direktesendingar fr\u00e5 \u00e5rets hingsteutstilling. Det er gratis \u00e5 sj\u00e5 sendingane, men gi gjerne eit bidrag til v\u00e5r Spleis for \u00e5 dekke kostnadane knytt til str\u00f8yminga. Alle sendingar vil str\u00f8ymast p\u00e5 denne kanalen. Here you can see live broadcasts from this year&#8217;s stallion show. Dette vil bli str\u00f8yma fr\u00e5 utstillinga: Onsdag 4. [&hellip;]<\/p>\n","protected":false},"author":2,"featured_media":0,"parent":0,"menu_order":0,"comment_status":"closed","ping_status":"closed","template":"","meta":{"_et_pb_use_builder":"on","_et_pb_old_content":"","_et_gb_content_width":"","_exactmetrics_skip_tracking":false,"_exactmetrics_sitenote_active":false,"_exactmetrics_sitenote_note":"","_exactmetrics_sitenote_category":0,"footnotes":""},"class_list":["post-9780","page","type-page","status-publish","hentry"],"_links":{"self":[{"href":"https:\/\/fjordhest.net\/blogg\/wp-json\/wp\/v2\/pages\/9780","targetHints":{"allow":["GET"]}}],"collection":[{"href":"https:\/\/fjordhest.net\/blogg\/wp-json\/wp\/v2\/pages"}],"about":[{"href":"https:\/\/fjordhest.net\/blogg\/wp-json\/wp\/v2\/types\/page"}],"author":[{"embeddable":true,"href":"https:\/\/fjordhest.net\/blogg\/wp-json\/wp\/v2\/users\/2"}],"replies":[{"embeddable":true,"href":"https:\/\/fjordhest.net\/blogg\/wp-json\/wp\/v2\/comments?post=9780"}],"version-history":[{"count":9,"href":"https:\/\/fjordhest.net\/blogg\/wp-json\/wp\/v2\/pages\/9780\/revisions"}],"predecessor-version":[{"id":9934,"href":"https:\/\/fjordhest.net\/blogg\/wp-json\/wp\/v2\/pages\/9780\/revisions\/9934"}],"wp:attachment":[{"href":"https:\/\/fjordhest.net\/blogg\/wp-json\/wp\/v2\/media?parent=9780"}],"curies":[{"name":"wp","href":"https:\/\/api.w.org\/{rel}","templated":true}]}}